{"id":1213,"date":"2021-10-14T22:51:33","date_gmt":"2021-10-15T06:51:33","guid":{"rendered":"https:\/\/www.qianyipack.com\/?page_id=1213"},"modified":"2021-10-26T00:50:40","modified_gmt":"2021-10-26T08:50:40","slug":"history","status":"publish","type":"page","link":"https:\/\/www.qianyipack.com\/es\/about\/history","title":{"rendered":"Nuestra historia"},"content":{"rendered":"<div data-elementor-type=\"wp-page\" data-elementor-id=\"1213\" class=\"elementor elementor-1213\">\n\t\t\t\t\t\t<section class=\"elementor-section elementor-top-section elementor-element elementor-element-71840c4 elementor-section-boxed elementor-section-height-default elementor-section-height-default\" data-id=\"71840c4\" data-element_type=\"section\">\n\t\t\t\t\t\t<div class=\"elementor-container elementor-column-gap-wide\">\n\t\t\t\t\t<div class=\"elementor-column elementor-col-25 elementor-top-column elementor-element elementor-element-af8f8be\" data-id=\"af8f8be\" data-element_type=\"column\">\n\t\t\t<div class=\"elementor-widget-wrap elementor-element-populated\">\n\t\t\t\t\t\t<div class=\"elementor-element elementor-element-50f83b5 elementor-widget elementor-widget-wp-widget-nav_menu\" data-id=\"50f83b5\" data-element_type=\"widget\" data-widget_type=\"wp-widget-nav_menu.default\">\n\t\t\t\t<div class=\"elementor-widget-container\">\n\t\t\t\t\t<div class=\"menu-company-profile-container\"><ul id=\"menu-company-profile\" class=\"menu\"><li id=\"menu-item-1852\" class=\"menu-item menu-item-type-post_type menu-item-object-page menu-item-1852\"><a href=\"https:\/\/www.qianyipack.com\/es\/about\">PERFIL DE LA EMPRESA<\/a><\/li>\n<\/ul><\/div>\t\t\t\t<\/div>\n\t\t\t\t<\/div>\n\t\t\t\t\t<\/div>\n\t\t<\/div>\n\t\t\t\t<div class=\"elementor-column elementor-col-25 elementor-top-column elementor-element elementor-element-3f4c9f5\" data-id=\"3f4c9f5\" data-element_type=\"column\">\n\t\t\t<div class=\"elementor-widget-wrap elementor-element-populated\">\n\t\t\t\t\t\t<div class=\"elementor-element elementor-element-5098853 elementor-widget elementor-widget-wp-widget-nav_menu\" data-id=\"5098853\" data-element_type=\"widget\" data-widget_type=\"wp-widget-nav_menu.default\">\n\t\t\t\t<div class=\"elementor-widget-container\">\n\t\t\t\t\t<div class=\"menu-sales-market-container\"><ul id=\"menu-sales-market\" class=\"menu\"><li id=\"menu-item-1860\" class=\"menu-item menu-item-type-post_type menu-item-object-page menu-item-1860\"><a href=\"https:\/\/www.qianyipack.com\/es\/about\/market\">MERCADO DE VENTAS<\/a><\/li>\n<\/ul><\/div>\t\t\t\t<\/div>\n\t\t\t\t<\/div>\n\t\t\t\t\t<\/div>\n\t\t<\/div>\n\t\t\t\t<div class=\"elementor-column elementor-col-25 elementor-top-column elementor-element elementor-element-f62c87f\" data-id=\"f62c87f\" data-element_type=\"column\">\n\t\t\t<div class=\"elementor-widget-wrap elementor-element-populated\">\n\t\t\t\t\t\t<div class=\"elementor-element elementor-element-278fc00 elementor-widget elementor-widget-wp-widget-nav_menu\" data-id=\"278fc00\" data-element_type=\"widget\" data-widget_type=\"wp-widget-nav_menu.default\">\n\t\t\t\t<div class=\"elementor-widget-container\">\n\t\t\t\t\t<div class=\"menu-our-history-container\"><ul id=\"menu-our-history\" class=\"menu\"><li id=\"menu-item-1859\" class=\"menu-item menu-item-type-post_type menu-item-object-page menu-item-1859\"><a href=\"https:\/\/www.qianyipack.com\/es\/about\/history\">NUESTRA HISTORIA<\/a><\/li>\n<\/ul><\/div>\t\t\t\t<\/div>\n\t\t\t\t<\/div>\n\t\t\t\t\t<\/div>\n\t\t<\/div>\n\t\t\t\t<div class=\"elementor-column elementor-col-25 elementor-top-column elementor-element elementor-element-e903553\" data-id=\"e903553\" data-element_type=\"column\">\n\t\t\t<div class=\"elementor-widget-wrap elementor-element-populated\">\n\t\t\t\t\t\t<div class=\"elementor-element elementor-element-429abfc elementor-widget elementor-widget-wp-widget-nav_menu\" data-id=\"429abfc\" data-element_type=\"widget\" data-widget_type=\"wp-widget-nav_menu.default\">\n\t\t\t\t<div class=\"elementor-widget-container\">\n\t\t\t\t\t<div class=\"menu-company-album-container\"><ul id=\"menu-company-album\" class=\"menu\"><li id=\"menu-item-1858\" class=\"menu-item menu-item-type-post_type menu-item-object-page menu-item-1858\"><a href=\"https:\/\/www.qianyipack.com\/es\/about\/album\">\u00c1LBUM DE EMPRESA<\/a><\/li>\n<\/ul><\/div>\t\t\t\t<\/div>\n\t\t\t\t<\/div>\n\t\t\t\t\t<\/div>\n\t\t<\/div>\n\t\t\t\t\t<\/div>\n\t\t<\/section>\n\t\t\t\t<section class=\"elementor-section elementor-top-section elementor-element elementor-element-b688494 elementor-section-boxed elementor-section-height-default elementor-section-height-default\" data-id=\"b688494\" data-element_type=\"section\">\n\t\t\t\t\t\t<div class=\"elementor-container elementor-column-gap-default\">\n\t\t\t\t\t<div class=\"elementor-column elementor-col-100 elementor-top-column elementor-element elementor-element-7e80223\" data-id=\"7e80223\" data-element_type=\"column\" data-settings=\"{&quot;background_background&quot;:&quot;classic&quot;}\">\n\t\t\t<div class=\"elementor-widget-wrap elementor-element-populated\">\n\t\t\t\t\t\t<div class=\"elementor-element elementor-element-383ad66 elementor-widget elementor-widget-text-editor\" data-id=\"383ad66\" data-element_type=\"widget\" data-widget_type=\"text-editor.default\">\n\t\t\t\t<div class=\"elementor-widget-container\">\n\t\t\t\t\t\t\t\t\t<p>Nuestros productos est\u00e1n m\u00e1s preocupados no solo por reducir los da\u00f1os a las mercanc\u00edas, sino tambi\u00e9n por enfatizar la seguridad personal. Estamos interesados en garantizar la seguridad del transporte global y brindar protecci\u00f3n a los transportistas globales. Nuestros productos son diferentes a la mayor\u00eda de los productos del mercado. Por ejemplo, nuestra correa de cord\u00f3n compuesto resuelve el problema de la tensi\u00f3n deficiente de la correa de PP, resuelve el problema de que la correa de acero sea demasiado pesada y dura y resuelve el problema del deslizamiento de la correa de PET. No rayar\u00e1 la carga ni se agrietar\u00e1 f\u00e1cilmente. Tiene una gran fuerza de tracci\u00f3n y resistencia al desgaste. El material de nuestra correa tejida no es nailon, utilizamos poli\u00e9ster, que puede soportar una mayor tensi\u00f3n. Adem\u00e1s del proceso de planchado a alta temperatura, tiene una funci\u00f3n antideslizante.<\/p>\t\t\t\t\t\t\t\t<\/div>\n\t\t\t\t<\/div>\n\t\t\t\t\t<\/div>\n\t\t<\/div>\n\t\t\t\t\t<\/div>\n\t\t<\/section>\n\t\t\t\t<section class=\"elementor-section elementor-top-section elementor-element elementor-element-e9181a7 elementor-section-boxed elementor-section-height-default elementor-section-height-default\" data-id=\"e9181a7\" data-element_type=\"section\">\n\t\t\t\t\t\t<div class=\"elementor-container elementor-column-gap-default\">\n\t\t\t\t\t<div class=\"elementor-column elementor-col-100 elementor-top-column elementor-element elementor-element-3f44c5d\" data-id=\"3f44c5d\" data-element_type=\"column\">\n\t\t\t<div class=\"elementor-widget-wrap elementor-element-populated\">\n\t\t\t\t\t\t<div class=\"elementor-element elementor-element-f53a7a2 elementor-widget elementor-widget-oew-timeline\" data-id=\"f53a7a2\" data-element_type=\"widget\" data-widget_type=\"oew-timeline.default\">\n\t\t\t\t<div class=\"elementor-widget-container\">\n\t\t\t\t\t\n\t\t\t<div class=\"oew-timeline oew-timeline-center\">\n\t\t\t\t<div class=\"oew-timeline-inner\">\n\n\t\t\t\t\t\n\t\t\t\t  \t\t<div class=\"oew-timeline-item oew-timeline-item-left\">\n\t\t\t\t  \t\t\t<div class=\"oew-timeline-item-wrap\">\n\n\t\t\t\t  \t\t\t\t<div class=\"oew-timeline-line\"><span><\/span><\/div>\n\n\t\t\t\t\t  \t\t\t<div class=\"oew-timeline-item-container\">\n\t\t\t\t\t  \t\t\t\t<div class=\"oew-timeline-icon oew-timeline-custom-icon\"><span><i aria-hidden=\"true\" class=\"fas fa-file-alt\"><\/i><\/span><\/div>\n\n\t\t\t\t\t\t  \t\t\t<div class=\"oew-timeline-item-main\">\n\t\t\t\t\t\t  \t\t\t\t<span class=\"oew-timeline-arrow\"><\/span>\n\n\t\t\t\t\t\t  \t\t\t\t\n\t\t\t\t\t\t\t\t  \t\t<div class=\"oew-timeline-desc\">\n\t\t\t\t\t\t\t\t\t\t\t\t\t\t\t\t\t\t\t\t\t\t\t<h4 class=\"oew-timeline-title\">\n\t\t\t\t\t\t\t\t\t\t\t\t\t<a href=\"#\" title=\"Se puso en producci\u00f3n la l\u00ednea de producci\u00f3n de flejes de embalaje de doble torsi\u00f3n de alta resistencia \">Se puso en producci\u00f3n la l\u00ednea de producci\u00f3n de flejes de embalaje de doble torsi\u00f3n de alta resistencia <\/a>\n\t\t\t\t\t\t\t\t\t\t\t\t<\/h4>\n\t\t\t\t\t\t\t\t\t\t\t\t\t\t\t\t\t\t\t\t\t\t\t<ul class=\"oew-timeline-meta oew-timeline-hidden\">\n\t\t\t\t\t\t\t\t\t\t\t\t\t<li>13 de octubre de 2021<\/li>\n\t\t\t\t\t\t\t\t\t\t\t\t<\/ul>\n\t\t\t\t\t\t\t\t\t\t\t\t\t\t\t\t\t\t\t  \t\t<\/div>\n\t\t\t\t\t\t\t\t\t<\/div>\n\t\t\t\t\t\t\t\t<\/div>\n\n\t\t\t\t\t\t\t<\/div>\n\t\t\t\t\t\t<\/div>\n\n\t\t\t\t\t  \t\t\t\t\t\t  \t\t\t\t\t\t  \t\t\t<div class=\"oew-timeline-item\">\n\t\t\t\t\t\t  \t\t<div class=\"oew-timeline-date\"><span>13 de octubre de 2021<\/span><\/div>\n\t\t\t\t\t\t\t<\/div>\n\t\t\t\t\t\t\t\t\t\t\t\t\t<div class=\"oew-timeline-item\">\n\t\t\t\t\t\t  \t\t<div class=\"oew-timeline-date oew-timeline-date-right\"><span>13 de septiembre de 2018<\/span><\/div>\n\t\t\t\t\t\t\t<\/div>\n\t\t\t\t\t\t\n\t\t\t\t  \t\t<div class=\"oew-timeline-item oew-timeline-item-right\">\n\t\t\t\t  \t\t\t<div class=\"oew-timeline-item-wrap\">\n\n\t\t\t\t  \t\t\t\t<div class=\"oew-timeline-line\"><span><\/span><\/div>\n\n\t\t\t\t\t  \t\t\t<div class=\"oew-timeline-item-container\">\n\t\t\t\t\t  \t\t\t\t<div class=\"oew-timeline-icon oew-timeline-custom-icon\"><span><i aria-hidden=\"true\" class=\"fas fa-file-alt\"><\/i><\/span><\/div>\n\n\t\t\t\t\t\t  \t\t\t<div class=\"oew-timeline-item-main\">\n\t\t\t\t\t\t  \t\t\t\t<span class=\"oew-timeline-arrow\"><\/span>\n\n\t\t\t\t\t\t  \t\t\t\t\n\t\t\t\t\t\t\t\t  \t\t<div class=\"oew-timeline-desc\">\n\t\t\t\t\t\t\t\t\t\t\t\t\t\t\t\t\t\t\t\t\t\t\t<h4 class=\"oew-timeline-title\">\n\t\t\t\t\t\t\t\t\t\t\t\t\t<a href=\"#\" title=\"Obtuvo el certificado nacional de empresa de alta tecnolog\u00eda. \">Obtuvo el certificado nacional de empresa de alta tecnolog\u00eda. <\/a>\n\t\t\t\t\t\t\t\t\t\t\t\t<\/h4>\n\t\t\t\t\t\t\t\t\t\t\t\t\t\t\t\t\t\t\t\t\t\t\t<ul class=\"oew-timeline-meta oew-timeline-hidden\">\n\t\t\t\t\t\t\t\t\t\t\t\t\t<li>13 de septiembre de 2018<\/li>\n\t\t\t\t\t\t\t\t\t\t\t\t<\/ul>\n\t\t\t\t\t\t\t\t\t\t\t\t\t\t\t\t\t\t\t  \t\t<\/div>\n\t\t\t\t\t\t\t\t\t<\/div>\n\t\t\t\t\t\t\t\t<\/div>\n\n\t\t\t\t\t\t\t<\/div>\n\t\t\t\t\t\t<\/div>\n\n\t\t\t\t\t  \t\n\t\t\t\t  \t\t<div class=\"oew-timeline-item oew-timeline-item-left\">\n\t\t\t\t  \t\t\t<div class=\"oew-timeline-item-wrap\">\n\n\t\t\t\t  \t\t\t\t<div class=\"oew-timeline-line\"><span><\/span><\/div>\n\n\t\t\t\t\t  \t\t\t<div class=\"oew-timeline-item-container\">\n\t\t\t\t\t  \t\t\t\t<div class=\"oew-timeline-icon oew-timeline-custom-icon\"><span><i aria-hidden=\"true\" class=\"fas fa-file-alt\"><\/i><\/span><\/div>\n\n\t\t\t\t\t\t  \t\t\t<div class=\"oew-timeline-item-main\">\n\t\t\t\t\t\t  \t\t\t\t<span class=\"oew-timeline-arrow\"><\/span>\n\n\t\t\t\t\t\t  \t\t\t\t\n\t\t\t\t\t\t\t\t  \t\t<div class=\"oew-timeline-desc\">\n\t\t\t\t\t\t\t\t\t\t\t\t\t\t\t\t\t\t\t\t\t\t\t<h4 class=\"oew-timeline-title\">\n\t\t\t\t\t\t\t\t\t\t\t\t\t<a href=\"#\" title=\"Establecimiento de un taller de producci\u00f3n de tensores y dispensadores de flejes para bandas de embalaje.\">Establecimiento de un taller de producci\u00f3n de tensores y dispensadores de flejes para bandas de embalaje.<\/a>\n\t\t\t\t\t\t\t\t\t\t\t\t<\/h4>\n\t\t\t\t\t\t\t\t\t\t\t\t\t\t\t\t\t\t\t\t\t\t\t<ul class=\"oew-timeline-meta oew-timeline-hidden\">\n\t\t\t\t\t\t\t\t\t\t\t\t\t<li>13 de octubre de 2017<\/li>\n\t\t\t\t\t\t\t\t\t\t\t\t<\/ul>\n\t\t\t\t\t\t\t\t\t\t\t\t\t\t\t\t\t\t\t  \t\t<\/div>\n\t\t\t\t\t\t\t\t\t<\/div>\n\t\t\t\t\t\t\t\t<\/div>\n\n\t\t\t\t\t\t\t<\/div>\n\t\t\t\t\t\t<\/div>\n\n\t\t\t\t\t  \t\t\t\t\t\t  \t\t\t\t\t\t  \t\t\t<div class=\"oew-timeline-item\">\n\t\t\t\t\t\t  \t\t<div class=\"oew-timeline-date\"><span>13 de octubre de 2017<\/span><\/div>\n\t\t\t\t\t\t\t<\/div>\n\t\t\t\t\t\t\t\t\t\t\t\t\t<div class=\"oew-timeline-item\">\n\t\t\t\t\t\t  \t\t<div class=\"oew-timeline-date oew-timeline-date-right\"><span>13 de octubre de 2012<\/span><\/div>\n\t\t\t\t\t\t\t<\/div>\n\t\t\t\t\t\t\n\t\t\t\t  \t\t<div class=\"oew-timeline-item oew-timeline-item-right\">\n\t\t\t\t  \t\t\t<div class=\"oew-timeline-item-wrap\">\n\n\t\t\t\t  \t\t\t\t<div class=\"oew-timeline-line\"><span><\/span><\/div>\n\n\t\t\t\t\t  \t\t\t<div class=\"oew-timeline-item-container\">\n\t\t\t\t\t  \t\t\t\t<div class=\"oew-timeline-icon oew-timeline-custom-icon\"><span><i aria-hidden=\"true\" class=\"fas fa-file-alt\"><\/i><\/span><\/div>\n\n\t\t\t\t\t\t  \t\t\t<div class=\"oew-timeline-item-main\">\n\t\t\t\t\t\t  \t\t\t\t<span class=\"oew-timeline-arrow\"><\/span>\n\n\t\t\t\t\t\t  \t\t\t\t\n\t\t\t\t\t\t\t\t  \t\t<div class=\"oew-timeline-desc\">\n\t\t\t\t\t\t\t\t\t\t\t\t\t\t\t\t\t\t\t\t\t\t\t<h4 class=\"oew-timeline-title\">\n\t\t\t\t\t\t\t\t\t\t\t\t\t<a href=\"#\" title=\"Establecimiento de un taller de producci\u00f3n de tensores y carros de bobinado para el embalaje de correas Se puso en funcionamiento una l\u00ednea de producci\u00f3n de correas de poli\u00e9ster \">Establecimiento de un taller de producci\u00f3n de tensores y carros de bobinado para el embalaje de correas Se puso en funcionamiento una l\u00ednea de producci\u00f3n de correas de poli\u00e9ster <\/a>\n\t\t\t\t\t\t\t\t\t\t\t\t<\/h4>\n\t\t\t\t\t\t\t\t\t\t\t\t\t\t\t\t\t\t\t\t\t\t\t<ul class=\"oew-timeline-meta oew-timeline-hidden\">\n\t\t\t\t\t\t\t\t\t\t\t\t\t<li>13 de octubre de 2012<\/li>\n\t\t\t\t\t\t\t\t\t\t\t\t<\/ul>\n\t\t\t\t\t\t\t\t\t\t\t\t\t\t\t\t\t\t\t  \t\t<\/div>\n\t\t\t\t\t\t\t\t\t<\/div>\n\t\t\t\t\t\t\t\t<\/div>\n\n\t\t\t\t\t\t\t<\/div>\n\t\t\t\t\t\t<\/div>\n\n\t\t\t\t\t  \t\n\t\t\t\t  \t\t<div class=\"oew-timeline-item oew-timeline-item-left\">\n\t\t\t\t  \t\t\t<div class=\"oew-timeline-item-wrap\">\n\n\t\t\t\t  \t\t\t\t<div class=\"oew-timeline-line\"><span><\/span><\/div>\n\n\t\t\t\t\t  \t\t\t<div class=\"oew-timeline-item-container\">\n\t\t\t\t\t  \t\t\t\t<div class=\"oew-timeline-icon oew-timeline-custom-icon\"><span><i aria-hidden=\"true\" class=\"fas fa-file-alt\"><\/i><\/span><\/div>\n\n\t\t\t\t\t\t  \t\t\t<div class=\"oew-timeline-item-main\">\n\t\t\t\t\t\t  \t\t\t\t<span class=\"oew-timeline-arrow\"><\/span>\n\n\t\t\t\t\t\t  \t\t\t\t\n\t\t\t\t\t\t\t\t  \t\t<div class=\"oew-timeline-desc\">\n\t\t\t\t\t\t\t\t\t\t\t\t\t\t\t\t\t\t\t\t\t\t\t<h4 class=\"oew-timeline-title\">\n\t\t\t\t\t\t\t\t\t\t\t\t\t<a href=\"#\" title=\"Desarroll\u00f3 con \u00e9xito de forma independiente un equipo de producci\u00f3n de hebillas de embalaje especial para correas compuestas \">Desarroll\u00f3 con \u00e9xito de forma independiente un equipo de producci\u00f3n de hebillas de embalaje especial para correas compuestas <\/a>\n\t\t\t\t\t\t\t\t\t\t\t\t<\/h4>\n\t\t\t\t\t\t\t\t\t\t\t\t\t\t\t\t\t\t\t\t\t\t\t<ul class=\"oew-timeline-meta oew-timeline-hidden\">\n\t\t\t\t\t\t\t\t\t\t\t\t\t<li>13 de noviembre de 2011<\/li>\n\t\t\t\t\t\t\t\t\t\t\t\t<\/ul>\n\t\t\t\t\t\t\t\t\t\t\t\t\t\t\t\t\t\t\t  \t\t<\/div>\n\t\t\t\t\t\t\t\t\t<\/div>\n\t\t\t\t\t\t\t\t<\/div>\n\n\t\t\t\t\t\t\t<\/div>\n\t\t\t\t\t\t<\/div>\n\n\t\t\t\t\t  \t\t\t\t\t\t  \t\t\t\t\t\t  \t\t\t<div class=\"oew-timeline-item\">\n\t\t\t\t\t\t  \t\t<div class=\"oew-timeline-date\"><span>13 de noviembre de 2011<\/span><\/div>\n\t\t\t\t\t\t\t<\/div>\n\t\t\t\t\t\t\t\t\t\t\t\t\t<div class=\"oew-timeline-item\">\n\t\t\t\t\t\t  \t\t<div class=\"oew-timeline-date oew-timeline-date-right\"><span>13 de octubre de 2010<\/span><\/div>\n\t\t\t\t\t\t\t<\/div>\n\t\t\t\t\t\t\n\t\t\t\t  \t\t<div class=\"oew-timeline-item oew-timeline-item-right\">\n\t\t\t\t  \t\t\t<div class=\"oew-timeline-item-wrap\">\n\n\t\t\t\t  \t\t\t\t<div class=\"oew-timeline-line\"><span><\/span><\/div>\n\n\t\t\t\t\t  \t\t\t<div class=\"oew-timeline-item-container\">\n\t\t\t\t\t  \t\t\t\t<div class=\"oew-timeline-icon oew-timeline-custom-icon\"><span><i aria-hidden=\"true\" class=\"fas fa-file-alt\"><\/i><\/span><\/div>\n\n\t\t\t\t\t\t  \t\t\t<div class=\"oew-timeline-item-main\">\n\t\t\t\t\t\t  \t\t\t\t<span class=\"oew-timeline-arrow\"><\/span>\n\n\t\t\t\t\t\t  \t\t\t\t\n\t\t\t\t\t\t\t\t  \t\t<div class=\"oew-timeline-desc\">\n\t\t\t\t\t\t\t\t\t\t\t\t\t\t\t\t\t\t\t\t\t\t\t<h4 class=\"oew-timeline-title\">\n\t\t\t\t\t\t\t\t\t\t\t\t\t<a href=\"#\" title=\"Establecida como la segunda f\u00e1brica de fabricaci\u00f3n de correas compuestas de China \">Establecida como la segunda f\u00e1brica de fabricaci\u00f3n de correas compuestas de China <\/a>\n\t\t\t\t\t\t\t\t\t\t\t\t<\/h4>\n\t\t\t\t\t\t\t\t\t\t\t\t\t\t\t\t\t\t\t\t\t\t\t<ul class=\"oew-timeline-meta oew-timeline-hidden\">\n\t\t\t\t\t\t\t\t\t\t\t\t\t<li>13 de octubre de 2010<\/li>\n\t\t\t\t\t\t\t\t\t\t\t\t<\/ul>\n\t\t\t\t\t\t\t\t\t\t\t\t\t\t\t\t\t\t\t  \t\t<\/div>\n\t\t\t\t\t\t\t\t\t<\/div>\n\t\t\t\t\t\t\t\t<\/div>\n\n\t\t\t\t\t\t\t<\/div>\n\t\t\t\t\t\t<\/div>\n\n\t\t\t\t\t  \t\n\t\t\t\t  \t\t<div class=\"oew-timeline-item oew-timeline-item-left\">\n\t\t\t\t  \t\t\t<div class=\"oew-timeline-item-wrap\">\n\n\t\t\t\t  \t\t\t\t<div class=\"oew-timeline-line\"><span><\/span><\/div>\n\n\t\t\t\t\t  \t\t\t<div class=\"oew-timeline-item-container\">\n\t\t\t\t\t  \t\t\t\t<div class=\"oew-timeline-icon oew-timeline-custom-icon\"><span><i aria-hidden=\"true\" class=\"fas fa-file-alt\"><\/i><\/span><\/div>\n\n\t\t\t\t\t\t  \t\t\t<div class=\"oew-timeline-item-main\">\n\t\t\t\t\t\t  \t\t\t\t<span class=\"oew-timeline-arrow\"><\/span>\n\n\t\t\t\t\t\t  \t\t\t\t\n\t\t\t\t\t\t\t\t  \t\t<div class=\"oew-timeline-desc\">\n\t\t\t\t\t\t\t\t\t\t\t\t\t\t\t\t\t\t\t\t\t\t\t<h4 class=\"oew-timeline-title\">\n\t\t\t\t\t\t\t\t\t\t\t\t\t<a href=\"#\" title=\"Equipo de producci\u00f3n desarrollado con \u00e9xito de forma independiente para flejes compuestos \">Equipo de producci\u00f3n desarrollado con \u00e9xito de forma independiente para flejes compuestos <\/a>\n\t\t\t\t\t\t\t\t\t\t\t\t<\/h4>\n\t\t\t\t\t\t\t\t\t\t\t\t\t\t\t\t\t\t\t\t\t\t\t<ul class=\"oew-timeline-meta oew-timeline-hidden\">\n\t\t\t\t\t\t\t\t\t\t\t\t\t<li>13 de octubre de 2010<\/li>\n\t\t\t\t\t\t\t\t\t\t\t\t<\/ul>\n\t\t\t\t\t\t\t\t\t\t\t\t\t\t\t\t\t\t\t  \t\t<\/div>\n\t\t\t\t\t\t\t\t\t<\/div>\n\t\t\t\t\t\t\t\t<\/div>\n\n\t\t\t\t\t\t\t<\/div>\n\t\t\t\t\t\t<\/div>\n\n\t\t\t\t\t  \t\t\t\t\t\t  \t\t\t\t\t\t  \t\t\t<div class=\"oew-timeline-item\">\n\t\t\t\t\t\t  \t\t<div class=\"oew-timeline-date\"><span>13 de octubre de 2010<\/span><\/div>\n\t\t\t\t\t\t\t<\/div>\n\t\t\t\t\t\t\n\t\t\t\t<\/div>\n\t\t\t<\/div>\n\n\t\t\t\t\t\t<\/div>\n\t\t\t\t<\/div>\n\t\t\t\t\t<\/div>\n\t\t<\/div>\n\t\t\t\t\t<\/div>\n\t\t<\/section>\n\t\t\t\t<\/div>","protected":false},"excerpt":{"rendered":"<p>Nuestros productos no s\u00f3lo se preocupan por reducir los da\u00f1os a la mercanc\u00eda, sino que tambi\u00e9n hacen hincapi\u00e9 en la seguridad personal. Nuestros productos son diferentes de la mayor\u00eda de los productos del mercado. Por ejemplo, nuestra correa de cord\u00f3n compuesto resuelve el problema de la escasa tensi\u00f3n [...]<\/p>","protected":false},"author":1,"featured_media":0,"parent":1176,"menu_order":0,"comment_status":"closed","ping_status":"closed","template":"elementor_header_footer","meta":{"ocean_post_layout":"","ocean_both_sidebars_style":"","ocean_both_sidebars_content_width":0,"ocean_both_sidebars_sidebars_width":0,"ocean_sidebar":"0","ocean_second_sidebar":"0","ocean_disable_margins":"enable","ocean_add_body_class":"","ocean_shortcode_before_top_bar":"","ocean_shortcode_after_top_bar":"","ocean_shortcode_before_header":"","ocean_shortcode_after_header":"","ocean_has_shortcode":"","ocean_shortcode_after_title":"","ocean_shortcode_before_footer_widgets":"","ocean_shortcode_after_footer_widgets":"","ocean_shortcode_before_footer_bottom":"","ocean_shortcode_after_footer_bottom":"","ocean_display_top_bar":"default","ocean_display_header":"default","ocean_header_style":"","ocean_center_header_left_menu":"0","ocean_custom_header_template":"0","ocean_custom_logo":0,"ocean_custom_retina_logo":0,"ocean_custom_logo_max_width":0,"ocean_custom_logo_tablet_max_width":0,"ocean_custom_logo_mobile_max_width":0,"ocean_custom_logo_max_height":0,"ocean_custom_logo_tablet_max_height":0,"ocean_custom_logo_mobile_max_height":0,"ocean_header_custom_menu":"0","ocean_menu_typo_font_family":"0","ocean_menu_typo_font_subset":"","ocean_menu_typo_font_size":0,"ocean_menu_typo_font_size_tablet":0,"ocean_menu_typo_font_size_mobile":0,"ocean_menu_typo_font_size_unit":"px","ocean_menu_typo_font_weight":"","ocean_menu_typo_font_weight_tablet":"","ocean_menu_typo_font_weight_mobile":"","ocean_menu_typo_transform":"","ocean_menu_typo_transform_tablet":"","ocean_menu_typo_transform_mobile":"","ocean_menu_typo_line_height":0,"ocean_menu_typo_line_height_tablet":0,"ocean_menu_typo_line_height_mobile":0,"ocean_menu_typo_line_height_unit":"","ocean_menu_typo_spacing":0,"ocean_menu_typo_spacing_tablet":0,"ocean_menu_typo_spacing_mobile":0,"ocean_menu_typo_spacing_unit":"","ocean_menu_link_color":"","ocean_menu_link_color_hover":"","ocean_menu_link_color_active":"","ocean_menu_link_background":"","ocean_menu_link_hover_background":"","ocean_menu_link_active_background":"","ocean_menu_social_links_bg":"","ocean_menu_social_hover_links_bg":"","ocean_menu_social_links_color":"","ocean_menu_social_hover_links_color":"","ocean_disable_title":"default","ocean_disable_heading":"default","ocean_post_title":"","ocean_post_subheading":"","ocean_post_title_style":"","ocean_post_title_background_color":"","ocean_post_title_background":0,"ocean_post_title_bg_image_position":"","ocean_post_title_bg_image_attachment":"","ocean_post_title_bg_image_repeat":"","ocean_post_title_bg_image_size":"","ocean_post_title_height":0,"ocean_post_title_bg_overlay":0.5,"ocean_post_title_bg_overlay_color":"","ocean_disable_breadcrumbs":"default","ocean_breadcrumbs_color":"","ocean_breadcrumbs_separator_color":"","ocean_breadcrumbs_links_color":"","ocean_breadcrumbs_links_hover_color":"","ocean_display_footer_widgets":"default","ocean_display_footer_bottom":"default","ocean_custom_footer_template":"0","osh_disable_topbar_sticky":"default","osh_disable_header_sticky":"default","osh_sticky_header_style":"default","osh_sticky_header_effect":"","osh_custom_sticky_logo":0,"osh_custom_retina_sticky_logo":0,"osh_custom_sticky_logo_height":0,"osh_background_color":"","osh_links_color":"","osh_links_hover_color":"","osh_links_active_color":"","osh_links_bg_color":"","osh_links_hover_bg_color":"","osh_links_active_bg_color":"","osh_menu_social_links_color":"","osh_menu_social_hover_links_color":"","footnotes":""},"class_list":["post-1213","page","type-page","status-publish","hentry","entry","owp-thumbs-layout-horizontal","owp-btn-very-big","owp-tabs-layout-horizontal","has-no-thumbnails"],"_links":{"self":[{"href":"https:\/\/www.qianyipack.com\/es\/wp-json\/wp\/v2\/pages\/1213","targetHints":{"allow":["GET"]}}],"collection":[{"href":"https:\/\/www.qianyipack.com\/es\/wp-json\/wp\/v2\/pages"}],"about":[{"href":"https:\/\/www.qianyipack.com\/es\/wp-json\/wp\/v2\/types\/page"}],"author":[{"embeddable":true,"href":"https:\/\/www.qianyipack.com\/es\/wp-json\/wp\/v2\/users\/1"}],"replies":[{"embeddable":true,"href":"https:\/\/www.qianyipack.com\/es\/wp-json\/wp\/v2\/comments?post=1213"}],"version-history":[{"count":0,"href":"https:\/\/www.qianyipack.com\/es\/wp-json\/wp\/v2\/pages\/1213\/revisions"}],"up":[{"embeddable":true,"href":"https:\/\/www.qianyipack.com\/es\/wp-json\/wp\/v2\/pages\/1176"}],"wp:attachment":[{"href":"https:\/\/www.qianyipack.com\/es\/wp-json\/wp\/v2\/media?parent=1213"}],"curies":[{"name":"wp","href":"https:\/\/api.w.org\/{rel}","templated":true}]}}