{"id":1075,"date":"2021-10-14T16:40:16","date_gmt":"2021-10-15T00:40:16","guid":{"rendered":"https:\/\/www.qianyipack.com\/?post_type=product&#038;p=1075"},"modified":"2021-11-23T01:05:06","modified_gmt":"2021-11-23T09:05:06","slug":"38mm-hotmelt-glue-fiber-flexible-packing-strap","status":"publish","type":"product","link":"https:\/\/www.qianyipack.com\/es\/producto\/38mm-hotmelt-glue-fiber-flexible-packing-strap","title":{"rendered":"Correa de embalaje flexible de fibra Hotmelt de 38 mm"},"content":{"rendered":"<p>Adhesivo de fusi\u00f3n en caliente (fibra) <a href=\"https:\/\/www.qianyipack.com\/en\/product\/\" target=\"_blank\" rel=\"noopener\">flejes flexibles<\/a> se fabrica con hilo de poli\u00e9ster de alta resistencia y adhesivo de alta calidad mediante un proceso especial. Una correa de embalaje flexible de fibra adhesiva de fusi\u00f3n en caliente de excelente calidad no s\u00f3lo representa nuestra rigurosa calidad en la selecci\u00f3n de hilos de poli\u00e9ster de alta resistencia, sino que tambi\u00e9n demuestra nuestra innovaci\u00f3n tecnol\u00f3gica en la formulaci\u00f3n de compuestos adhesivos.<\/p>\n<figure id=\"attachment_1076\" aria-describedby=\"caption-attachment-1076\" style=\"width: 800px\" class=\"wp-caption alignnone\"><img fetchpriority=\"high\" decoding=\"async\" class=\"size-full wp-image-1076\" src=\"https:\/\/www.qianyipack.com\/wp-content\/uploads\/2021\/10\/hotmelt-glue-strap-description.jpg\" alt=\"hotmelt glue strap description\" width=\"800\" height=\"460\" srcset=\"https:\/\/www.qianyipack.com\/wp-content\/uploads\/2021\/10\/hotmelt-glue-strap-description.jpg 800w, https:\/\/www.qianyipack.com\/wp-content\/uploads\/2021\/10\/hotmelt-glue-strap-description-300x173.jpg 300w, https:\/\/www.qianyipack.com\/wp-content\/uploads\/2021\/10\/hotmelt-glue-strap-description-768x442.jpg 768w, https:\/\/www.qianyipack.com\/wp-content\/uploads\/2021\/10\/hotmelt-glue-strap-description-600x345.jpg 600w\" sizes=\"(max-width: 800px) 100vw, 800px\" \/><figcaption id=\"caption-attachment-1076\" class=\"wp-caption-text\">descripci\u00f3n de la correa de pegamento termofusible<\/figcaption><\/figure>\n<h3>Caracter\u00edstica<\/h3>\n<p class=\" translation-block\">Los flejes de fibra adhesiva de fusi\u00f3n en caliente no se estirar\u00e1n como los flejes de PP bajo la misma carga de trabajo. <br>\nLos flejes de fibra adhesiva termofusible no son t\u00f3xicos y no da\u00f1an el medio ambiente, y no se corroen, oxidan ni cambian de color. <br>\nEl entorno de trabajo de la cinta de embalaje de fibra adhesiva termofusible no se ve afectado por la luz solar o el clima. <br>\nEl flejado de fibra adhesiva de fusi\u00f3n en caliente puede reemplazar las tradicionales correas de acero de pl\u00e1stico PET para operaciones de alta carga. <br>\nLa correa de flejado de fibra de alta resistencia con adhesivo termofusible es m\u00e1s resistente que la correa de acero ligero. <br>\nLos flejes de fibra adhesiva de fusi\u00f3n en caliente son m\u00e1s seguros de usar y no rebotan como los flejes de acero. <br>\nLa cinta de embalaje de fibra adhesiva de fusi\u00f3n en caliente tiene una alta capacidad de absorci\u00f3n de impactos durante el transporte. <br>\nEn comparaci\u00f3n con la correa de acero de pl\u00e1stico PET, la correa de flejado de fibra adhesiva de fusi\u00f3n en caliente no tiene bordes afilados. <br>\nLa cinta de embalaje de fibra adhesiva termofusible mantiene su tensi\u00f3n inicial y asegura eficazmente la estabilidad de la bandeja de carga. <br>\nEl costo de empaque de los flejes de fibra adhesiva termofusible es mucho menor que el de los flejes de acero tradicionales, y la cantidad de flejes por rollo es tres veces mayor que la de los flejes de acero.<\/p>\n<h3>Especificaci\u00f3n<\/h3>\n<figure id=\"attachment_1077\" aria-describedby=\"caption-attachment-1077\" style=\"width: 850px\" class=\"wp-caption alignnone\"><img decoding=\"async\" class=\"size-full wp-image-1077\" src=\"https:\/\/www.qianyipack.com\/wp-content\/uploads\/2021\/10\/Hotmelt-strap-specification.jpg\" alt=\"Hotmelt-strap-specification\" width=\"850\" height=\"925\" srcset=\"https:\/\/www.qianyipack.com\/wp-content\/uploads\/2021\/10\/Hotmelt-strap-specification.jpg 850w, https:\/\/www.qianyipack.com\/wp-content\/uploads\/2021\/10\/Hotmelt-strap-specification-800x871.jpg 800w, https:\/\/www.qianyipack.com\/wp-content\/uploads\/2021\/10\/Hotmelt-strap-specification-276x300.jpg 276w, https:\/\/www.qianyipack.com\/wp-content\/uploads\/2021\/10\/Hotmelt-strap-specification-768x836.jpg 768w\" sizes=\"(max-width: 850px) 100vw, 850px\" \/><figcaption id=\"caption-attachment-1077\" class=\"wp-caption-text\">Especificaci\u00f3n de la correa de fusi\u00f3n en caliente<\/figcaption><\/figure>\n<p>El flejado flexible de fibra adhesiva termofusible QIANYI es un producto comercial de empaque y flejado seguro y econ\u00f3mico. Es ampliamente utilizado en muchas industrias como agricultura, jardiner\u00eda, autom\u00f3vil, impresi\u00f3n y empaque, y puede soportar diversas condiciones clim\u00e1ticas y ambientales.<\/p>\n<figure id=\"attachment_1078\" aria-describedby=\"caption-attachment-1078\" style=\"width: 800px\" class=\"wp-caption alignnone\"><img decoding=\"async\" class=\"size-full wp-image-1078\" src=\"https:\/\/www.qianyipack.com\/wp-content\/uploads\/2021\/10\/glue-strap-application.jpg\" alt=\"glue-strap-application\" width=\"800\" height=\"796\" srcset=\"https:\/\/www.qianyipack.com\/wp-content\/uploads\/2021\/10\/glue-strap-application.jpg 800w, https:\/\/www.qianyipack.com\/wp-content\/uploads\/2021\/10\/glue-strap-application-300x300.jpg 300w, https:\/\/www.qianyipack.com\/wp-content\/uploads\/2021\/10\/glue-strap-application-100x100.jpg 100w, https:\/\/www.qianyipack.com\/wp-content\/uploads\/2021\/10\/glue-strap-application-150x150.jpg 150w, https:\/\/www.qianyipack.com\/wp-content\/uploads\/2021\/10\/glue-strap-application-768x764.jpg 768w, https:\/\/www.qianyipack.com\/wp-content\/uploads\/2021\/10\/glue-strap-application-600x597.jpg 600w\" sizes=\"(max-width: 800px) 100vw, 800px\" \/><figcaption id=\"caption-attachment-1078\" class=\"wp-caption-text\">aplicaci\u00f3n de cinta adhesiva<\/figcaption><\/figure>","protected":false},"excerpt":{"rendered":"<p>De acuerdo con los diferentes par\u00e1metros de ancho y rendimiento del producto, la cinta adhesiva de uni\u00f3n en caliente se puede adaptar a diferentes escenarios de trabajo y satisfacer las diferentes necesidades de resistencia de los usuarios. Podemos personalizar la producci\u00f3n de este tipo de producto.<\/p>","protected":false},"featured_media":2095,"template":"","meta":{"ocean_post_layout":"","ocean_both_sidebars_style":"","ocean_both_sidebars_content_width":0,"ocean_both_sidebars_sidebars_width":0,"ocean_sidebar":"0","ocean_second_sidebar":"0","ocean_disable_margins":"enable","ocean_add_body_class":"","ocean_shortcode_before_top_bar":"","ocean_shortcode_after_top_bar":"","ocean_shortcode_before_header":"","ocean_shortcode_after_header":"","ocean_has_shortcode":"","ocean_shortcode_after_title":"","ocean_shortcode_before_footer_widgets":"","ocean_shortcode_after_footer_widgets":"","ocean_shortcode_before_footer_bottom":"","ocean_shortcode_after_footer_bottom":"","ocean_display_top_bar":"default","ocean_display_header":"default","ocean_header_style":"","ocean_center_header_left_menu":"0","ocean_custom_header_template":"0","ocean_custom_logo":0,"ocean_custom_retina_logo":0,"ocean_custom_logo_max_width":0,"ocean_custom_logo_tablet_max_width":0,"ocean_custom_logo_mobile_max_width":0,"ocean_custom_logo_max_height":0,"ocean_custom_logo_tablet_max_height":0,"ocean_custom_logo_mobile_max_height":0,"ocean_header_custom_menu":"0","ocean_menu_typo_font_family":"0","ocean_menu_typo_font_subset":"","ocean_menu_typo_font_size":0,"ocean_menu_typo_font_size_tablet":0,"ocean_menu_typo_font_size_mobile":0,"ocean_menu_typo_font_size_unit":"px","ocean_menu_typo_font_weight":"","ocean_menu_typo_font_weight_tablet":"","ocean_menu_typo_font_weight_mobile":"","ocean_menu_typo_transform":"","ocean_menu_typo_transform_tablet":"","ocean_menu_typo_transform_mobile":"","ocean_menu_typo_line_height":0,"ocean_menu_typo_line_height_tablet":0,"ocean_menu_typo_line_height_mobile":0,"ocean_menu_typo_line_height_unit":"","ocean_menu_typo_spacing":0,"ocean_menu_typo_spacing_tablet":0,"ocean_menu_typo_spacing_mobile":0,"ocean_menu_typo_spacing_unit":"","ocean_menu_link_color":"","ocean_menu_link_color_hover":"","ocean_menu_link_color_active":"","ocean_menu_link_background":"","ocean_menu_link_hover_background":"","ocean_menu_link_active_background":"","ocean_menu_social_links_bg":"","ocean_menu_social_hover_links_bg":"","ocean_menu_social_links_color":"","ocean_menu_social_hover_links_color":"","ocean_disable_title":"default","ocean_disable_heading":"default","ocean_post_title":"","ocean_post_subheading":"","ocean_post_title_style":"","ocean_post_title_background_color":"","ocean_post_title_background":0,"ocean_post_title_bg_image_position":"","ocean_post_title_bg_image_attachment":"","ocean_post_title_bg_image_repeat":"","ocean_post_title_bg_image_size":"","ocean_post_title_height":0,"ocean_post_title_bg_overlay":0.5,"ocean_post_title_bg_overlay_color":"","ocean_disable_breadcrumbs":"default","ocean_breadcrumbs_color":"","ocean_breadcrumbs_separator_color":"","ocean_breadcrumbs_links_color":"","ocean_breadcrumbs_links_hover_color":"","ocean_display_footer_widgets":"default","ocean_display_footer_bottom":"default","ocean_custom_footer_template":"0","osh_disable_topbar_sticky":"default","osh_disable_header_sticky":"default","osh_sticky_header_style":"default","osh_sticky_header_effect":"","osh_custom_sticky_logo":0,"osh_custom_retina_sticky_logo":0,"osh_custom_sticky_logo_height":0,"osh_background_color":"","osh_links_color":"","osh_links_hover_color":"","osh_links_active_color":"","osh_links_bg_color":"","osh_links_hover_bg_color":"","osh_links_active_bg_color":"","osh_menu_social_links_color":"","osh_menu_social_hover_links_color":""},"product_brand":[],"product_cat":[40],"product_tag":[58,59,49],"class_list":{"0":"post-1075","1":"product","2":"type-product","3":"status-publish","4":"has-post-thumbnail","6":"product_cat-hotmelt-cord-strapping","7":"product_tag-fiber-strapping","8":"product_tag-hot-melt-adhesive-strap","9":"product_tag-packaging-strap","11":"entry","12":"has-media","14":"first","15":"instock","16":"shipping-taxable","17":"product-type-external","18":"col","19":"span_1_of_3","20":"owp-content-center","21":"owp-thumbs-layout-horizontal","22":"owp-btn-very-big","23":"owp-tabs-layout-horizontal"},"_links":{"self":[{"href":"https:\/\/www.qianyipack.com\/es\/wp-json\/wp\/v2\/product\/1075","targetHints":{"allow":["GET"]}}],"collection":[{"href":"https:\/\/www.qianyipack.com\/es\/wp-json\/wp\/v2\/product"}],"about":[{"href":"https:\/\/www.qianyipack.com\/es\/wp-json\/wp\/v2\/types\/product"}],"wp:featuredmedia":[{"embeddable":true,"href":"https:\/\/www.qianyipack.com\/es\/wp-json\/wp\/v2\/media\/2095"}],"wp:attachment":[{"href":"https:\/\/www.qianyipack.com\/es\/wp-json\/wp\/v2\/media?parent=1075"}],"wp:term":[{"taxonomy":"product_brand","embeddable":true,"href":"https:\/\/www.qianyipack.com\/es\/wp-json\/wp\/v2\/product_brand?post=1075"},{"taxonomy":"product_cat","embeddable":true,"href":"https:\/\/www.qianyipack.com\/es\/wp-json\/wp\/v2\/product_cat?post=1075"},{"taxonomy":"product_tag","embeddable":true,"href":"https:\/\/www.qianyipack.com\/es\/wp-json\/wp\/v2\/product_tag?post=1075"}],"curies":[{"name":"wp","href":"https:\/\/api.w.org\/{rel}","templated":true}]}}