{"id":1084,"date":"2021-10-14T16:51:35","date_gmt":"2021-10-15T00:51:35","guid":{"rendered":"https:\/\/www.qianyipack.com\/?post_type=product&#038;p=1084"},"modified":"2021-12-03T17:21:49","modified_gmt":"2021-12-04T01:21:49","slug":"high-strength-plastic-pet-strapping-factory-wholesale","status":"publish","type":"product","link":"https:\/\/www.qianyipack.com\/es\/producto\/high-strength-plastic-pet-strapping-factory-wholesale","title":{"rendered":"F\u00e1brica de flejes de pl\u00e1stico PET de alta resistencia al por mayor"},"content":{"rendered":"<p>El fleje de PET es un fleje de protecci\u00f3n ambiental de pl\u00e1stico muy vers\u00e1til. Los flejes de PET se fabrican en China desde hace m\u00e1s de 10 a\u00f1os. Desde 2012, la demanda china de flejes de PET ha crecido a una tasa anual del 500%. Ahora se usa ampliamente en madera, papel, acero, lingotes de aluminio, tubos de acero, perfiles, vidrio, materiales de construcci\u00f3n, cer\u00e1mica, electrodom\u00e9sticos y productos met\u00e1licos. , Tabaco, fibras qu\u00edmicas, algod\u00f3n y otras industrias. La apariencia es transparente (se vuelve opaca despu\u00e9s de agregar el promotor de adhesi\u00f3n) y la superficie es plana o tiene patrones prism\u00e1ticos.<\/p>\n<figure id=\"attachment_2406\" aria-describedby=\"caption-attachment-2406\" style=\"width: 960px\" class=\"wp-caption alignnone\"><img fetchpriority=\"high\" decoding=\"async\" class=\"size-full wp-image-2406\" src=\"https:\/\/www.qianyipack.com\/wp-content\/uploads\/PET-strap-descriptions.jpg\" alt=\"PET strap descriptions\" width=\"960\" height=\"540\" srcset=\"https:\/\/www.qianyipack.com\/wp-content\/uploads\/PET-strap-descriptions.jpg 960w, https:\/\/www.qianyipack.com\/wp-content\/uploads\/PET-strap-descriptions-800x450.jpg 800w, https:\/\/www.qianyipack.com\/wp-content\/uploads\/PET-strap-descriptions-300x169.jpg 300w, https:\/\/www.qianyipack.com\/wp-content\/uploads\/PET-strap-descriptions-768x432.jpg 768w, https:\/\/www.qianyipack.com\/wp-content\/uploads\/PET-strap-descriptions-18x10.jpg 18w\" sizes=\"(max-width: 960px) 100vw, 960px\" \/><figcaption id=\"caption-attachment-2406\" class=\"wp-caption-text\">Descripciones de las correas de PET<\/figcaption><\/figure>\n<h3>Caracter\u00edstica<\/h3>\n<p class=\" translation-block\">El fleje de PET tiene una resistencia a la tracci\u00f3n extremadamente fuerte, que est\u00e1 cerca de la correa de acero de la misma especificaci\u00f3n, el doble que la correa de PP, y tiene la ductilidad para resistir el impacto, lo que puede garantizar la seguridad del producto.\nEl flejado de PET tiene caracter\u00edsticas pl\u00e1sticas y una flexibilidad especial. Puede evitar la dispersi\u00f3n de objetos debido a la rotura de la correa de sujeci\u00f3n causada por golpes durante el transporte y garantizar la seguridad del transporte.\nLa correa de PET no tiene los bordes afilados de la correa de acero y no da\u00f1ar\u00e1 los objetos empaquetados. Al empacar y desempacar, no causar\u00e1 da\u00f1o a los operadores y evitar\u00e1 todos los factores inseguros.\nEl punto de fusi\u00f3n de la tira de PET es 255 \u2103 ~ 260 \u2103, y puede permanecer sin cambios entre -110 \u2103 ~ 120 \u2103 durante mucho tiempo, y tiene una buena estabilidad dimensional. Debido al material y los factores del proceso de producci\u00f3n, la banda de PET puede ser adecuada para diversos cambios clim\u00e1ticos, resistente a altas temperaturas y humedad, a diferencia de las bandas de acero que est\u00e1n h\u00famedas y oxidadas para contaminar el medio ambiente y perder resistencia a la tracci\u00f3n, lo que reduce la resistencia de la paca.\nPorque la correa de PET es liviana y c\u00f3moda de llevar; es de tama\u00f1o peque\u00f1o y ahorra espacio en el almac\u00e9n; la cinta de PET usada es f\u00e1cil de reciclar y cumple con los requisitos de protecci\u00f3n ambiental.\nLa densidad de los flejes de pl\u00e1stico PET es de 1,30 ~ 1,38 g \/ cm3, que es solo 1\/6 de la densidad de la correa de acero (7,8 g \/ cm3), y el precio por unidad de longitud es relativamente bajo.<\/p>\n<h3>Especificaci\u00f3n<\/h3>\n<figure id=\"attachment_2415\" aria-describedby=\"caption-attachment-2415\" style=\"width: 960px\" class=\"wp-caption alignnone\"><img decoding=\"async\" class=\"wp-image-2415 size-full\" src=\"https:\/\/www.qianyipack.com\/wp-content\/uploads\/PET-strap-specificatio.jpg\" alt=\"PET strap specification\" width=\"960\" height=\"530\" srcset=\"https:\/\/www.qianyipack.com\/wp-content\/uploads\/PET-strap-specificatio.jpg 960w, https:\/\/www.qianyipack.com\/wp-content\/uploads\/PET-strap-specificatio-800x442.jpg 800w, https:\/\/www.qianyipack.com\/wp-content\/uploads\/PET-strap-specificatio-300x166.jpg 300w, https:\/\/www.qianyipack.com\/wp-content\/uploads\/PET-strap-specificatio-768x424.jpg 768w, https:\/\/www.qianyipack.com\/wp-content\/uploads\/PET-strap-specificatio-18x10.jpg 18w\" sizes=\"(max-width: 960px) 100vw, 960px\" \/><figcaption id=\"caption-attachment-2415\" class=\"wp-caption-text\">Especificaci\u00f3n de la correa de PET<\/figcaption><\/figure>\n<h3>Aplicaci\u00f3n<\/h3>\n<p>El cintur\u00f3n de flejado de PET, tambi\u00e9n conocido como cintur\u00f3n de acero pl\u00e1stico, es un nuevo tipo de cintur\u00f3n de flejado que reemplaza a los cinturones de acero que es popular en el mundo. Es ampliamente utilizado en acero, aluminio, fibra qu\u00edmica, hilado de algod\u00f3n, tabaco, papel, latas de metal y otras industrias debido a su bajo costo, hermoso y duradero, reciclaje ecol\u00f3gico y alto grado de automatizaci\u00f3n.<\/p>\n<figure id=\"attachment_2405\" aria-describedby=\"caption-attachment-2405\" style=\"width: 960px\" class=\"wp-caption alignnone\"><img decoding=\"async\" class=\"size-full wp-image-2405\" src=\"https:\/\/www.qianyipack.com\/wp-content\/uploads\/PET-strap-applications.jpg\" alt=\"PET strap applications\" width=\"960\" height=\"540\" srcset=\"https:\/\/www.qianyipack.com\/wp-content\/uploads\/PET-strap-applications.jpg 960w, https:\/\/www.qianyipack.com\/wp-content\/uploads\/PET-strap-applications-800x450.jpg 800w, https:\/\/www.qianyipack.com\/wp-content\/uploads\/PET-strap-applications-300x169.jpg 300w, https:\/\/www.qianyipack.com\/wp-content\/uploads\/PET-strap-applications-768x432.jpg 768w, https:\/\/www.qianyipack.com\/wp-content\/uploads\/PET-strap-applications-18x10.jpg 18w\" sizes=\"(max-width: 960px) 100vw, 960px\" \/><figcaption id=\"caption-attachment-2405\" class=\"wp-caption-text\">Aplicaciones de correas de PET<\/figcaption><\/figure>","protected":false},"excerpt":{"rendered":"<p>PET plastic-steel strapping products are suitable for imported large-frame unmanned strapping machines. The production process is special, the thickness tolerance is smaller, the skewness is smaller, the verticality deviation is smaller, the strength is higher, the accuracy is higher, and the operation is smooth.<\/p>","protected":false},"featured_media":1090,"template":"","meta":{"ocean_post_layout":"","ocean_both_sidebars_style":"","ocean_both_sidebars_content_width":0,"ocean_both_sidebars_sidebars_width":0,"ocean_sidebar":"0","ocean_second_sidebar":"0","ocean_disable_margins":"enable","ocean_add_body_class":"","ocean_shortcode_before_top_bar":"","ocean_shortcode_after_top_bar":"","ocean_shortcode_before_header":"","ocean_shortcode_after_header":"","ocean_has_shortcode":"","ocean_shortcode_after_title":"","ocean_shortcode_before_footer_widgets":"","ocean_shortcode_after_footer_widgets":"","ocean_shortcode_before_footer_bottom":"","ocean_shortcode_after_footer_bottom":"","ocean_display_top_bar":"default","ocean_display_header":"default","ocean_header_style":"","ocean_center_header_left_menu":"0","ocean_custom_header_template":"0","ocean_custom_logo":0,"ocean_custom_retina_logo":0,"ocean_custom_logo_max_width":0,"ocean_custom_logo_tablet_max_width":0,"ocean_custom_logo_mobile_max_width":0,"ocean_custom_logo_max_height":0,"ocean_custom_logo_tablet_max_height":0,"ocean_custom_logo_mobile_max_height":0,"ocean_header_custom_menu":"0","ocean_menu_typo_font_family":"0","ocean_menu_typo_font_subset":"","ocean_menu_typo_font_size":0,"ocean_menu_typo_font_size_tablet":0,"ocean_menu_typo_font_size_mobile":0,"ocean_menu_typo_font_size_unit":"px","ocean_menu_typo_font_weight":"","ocean_menu_typo_font_weight_tablet":"","ocean_menu_typo_font_weight_mobile":"","ocean_menu_typo_transform":"","ocean_menu_typo_transform_tablet":"","ocean_menu_typo_transform_mobile":"","ocean_menu_typo_line_height":0,"ocean_menu_typo_line_height_tablet":0,"ocean_menu_typo_line_height_mobile":0,"ocean_menu_typo_line_height_unit":"","ocean_menu_typo_spacing":0,"ocean_menu_typo_spacing_tablet":0,"ocean_menu_typo_spacing_mobile":0,"ocean_menu_typo_spacing_unit":"","ocean_menu_link_color":"","ocean_menu_link_color_hover":"","ocean_menu_link_color_active":"","ocean_menu_link_background":"","ocean_menu_link_hover_background":"","ocean_menu_link_active_background":"","ocean_menu_social_links_bg":"","ocean_menu_social_hover_links_bg":"","ocean_menu_social_links_color":"","ocean_menu_social_hover_links_color":"","ocean_disable_title":"default","ocean_disable_heading":"default","ocean_post_title":"","ocean_post_subheading":"","ocean_post_title_style":"","ocean_post_title_background_color":"","ocean_post_title_background":0,"ocean_post_title_bg_image_position":"","ocean_post_title_bg_image_attachment":"","ocean_post_title_bg_image_repeat":"","ocean_post_title_bg_image_size":"","ocean_post_title_height":0,"ocean_post_title_bg_overlay":0.5,"ocean_post_title_bg_overlay_color":"","ocean_disable_breadcrumbs":"default","ocean_breadcrumbs_color":"","ocean_breadcrumbs_separator_color":"","ocean_breadcrumbs_links_color":"","ocean_breadcrumbs_links_hover_color":"","ocean_display_footer_widgets":"default","ocean_display_footer_bottom":"default","ocean_custom_footer_template":"0","osh_disable_topbar_sticky":"default","osh_disable_header_sticky":"default","osh_sticky_header_style":"default","osh_sticky_header_effect":"","osh_custom_sticky_logo":0,"osh_custom_retina_sticky_logo":0,"osh_custom_sticky_logo_height":0,"osh_background_color":"","osh_links_color":"","osh_links_hover_color":"","osh_links_active_color":"","osh_links_bg_color":"","osh_links_hover_bg_color":"","osh_links_active_bg_color":"","osh_menu_social_links_color":"","osh_menu_social_hover_links_color":""},"product_brand":[],"product_cat":[41],"product_tag":[58,49,60],"class_list":{"0":"post-1084","1":"product","2":"type-product","3":"status-publish","4":"has-post-thumbnail","6":"product_cat-pet-polyester-strap","7":"product_tag-fiber-strapping","8":"product_tag-packaging-strap","9":"product_tag-pet-packaging-strapping","11":"entry","12":"has-media","14":"first","15":"instock","16":"shipping-taxable","17":"product-type-external","18":"col","19":"span_1_of_3","20":"owp-content-center","21":"owp-thumbs-layout-horizontal","22":"owp-btn-very-big","23":"owp-tabs-layout-horizontal"},"_links":{"self":[{"href":"https:\/\/www.qianyipack.com\/es\/wp-json\/wp\/v2\/product\/1084","targetHints":{"allow":["GET"]}}],"collection":[{"href":"https:\/\/www.qianyipack.com\/es\/wp-json\/wp\/v2\/product"}],"about":[{"href":"https:\/\/www.qianyipack.com\/es\/wp-json\/wp\/v2\/types\/product"}],"wp:featuredmedia":[{"embeddable":true,"href":"https:\/\/www.qianyipack.com\/es\/wp-json\/wp\/v2\/media\/1090"}],"wp:attachment":[{"href":"https:\/\/www.qianyipack.com\/es\/wp-json\/wp\/v2\/media?parent=1084"}],"wp:term":[{"taxonomy":"product_brand","embeddable":true,"href":"https:\/\/www.qianyipack.com\/es\/wp-json\/wp\/v2\/product_brand?post=1084"},{"taxonomy":"product_cat","embeddable":true,"href":"https:\/\/www.qianyipack.com\/es\/wp-json\/wp\/v2\/product_cat?post=1084"},{"taxonomy":"product_tag","embeddable":true,"href":"https:\/\/www.qianyipack.com\/es\/wp-json\/wp\/v2\/product_tag?post=1084"}],"curies":[{"name":"wp","href":"https:\/\/api.w.org\/{rel}","templated":true}]}}