{"id":1094,"date":"2021-10-14T17:02:10","date_gmt":"2021-10-15T01:02:10","guid":{"rendered":"https:\/\/www.qianyipack.com\/?post_type=product&#038;p=1094"},"modified":"2021-11-23T17:12:15","modified_gmt":"2021-11-24T01:12:15","slug":"manual-strapping-tensioner-tools-for-packaging-rope","status":"publish","type":"product","link":"https:\/\/www.qianyipack.com\/es\/producto\/manual-strapping-tensioner-tools-for-packaging-rope","title":{"rendered":"Herramientas tensadoras de flejado manual para embalaje"},"content":{"rendered":"<p class=\" translation-block\">El dise\u00f1o de estructura especial de la rueda tensora Qianyi adopta un m\u00e9todo de apriete giratorio, que tiene una gran fuerza de apriete y una correa m\u00e1s larga. Es m\u00e1s adecuado para el embalaje simple de art\u00edculos pesados y voluminosos, simple y f\u00e1cil de operar, y la m\u00e1quina tiene buena durabilidad. El cuerpo principal est\u00e1 hecho de fundici\u00f3n a presi\u00f3n de precisi\u00f3n de aleaci\u00f3n de aluminio de alta calidad, fuerte y ligero, y f\u00e1cil de mover. Todos los dem\u00e1s componentes est\u00e1n hechos de acero de alta calidad, procesamiento de precisi\u00f3n de tecnolog\u00eda avanzada y todos han sido sometidos a un estricto tratamiento t\u00e9rmico con una baja tasa de fallas. <br>\nPasos de uso <br>\n1. Doble un extremo de la correa del lado izquierdo, ins\u00e9rtelo y luego doble la varilla de fijaci\u00f3n izquierda en la correa para apretarla. <br>\n2. Sostenga la correa de empaque con su mano derecha alrededor del paquete, doble el lado derecho de la correa de empaque e ins\u00e9rtelo, y doble la varilla de fijaci\u00f3n derecha en la correa de empaque. <br>\n3. Fije la correa con la mano izquierda y tire de la correa en el extremo derecho con la mano derecha para apretar la correa.<\/p>\n<figure id=\"attachment_1097\" aria-describedby=\"caption-attachment-1097\" style=\"width: 960px\" class=\"wp-caption alignnone\"><img fetchpriority=\"high\" decoding=\"async\" class=\"size-full wp-image-1097\" src=\"https:\/\/www.qianyipack.com\/wp-content\/uploads\/2021\/10\/strapping-tensioner-1.jpg\" alt=\"strapping-tensioner-1\" width=\"960\" height=\"641\" srcset=\"https:\/\/www.qianyipack.com\/wp-content\/uploads\/2021\/10\/strapping-tensioner-1.jpg 960w, https:\/\/www.qianyipack.com\/wp-content\/uploads\/2021\/10\/strapping-tensioner-1-800x534.jpg 800w, https:\/\/www.qianyipack.com\/wp-content\/uploads\/2021\/10\/strapping-tensioner-1-300x200.jpg 300w, https:\/\/www.qianyipack.com\/wp-content\/uploads\/2021\/10\/strapping-tensioner-1-768x513.jpg 768w\" sizes=\"(max-width: 960px) 100vw, 960px\" \/><figcaption id=\"caption-attachment-1097\" class=\"wp-caption-text\">tensor de flejado 1<\/figcaption><\/figure>\n<h3>Especificaci\u00f3n<\/h3>\n<p class=\" translation-block\">1. F\u00e1cil de usar, dise\u00f1o inteligente y f\u00e1cil de mover. <br>\n2. Una gran fuerza de uni\u00f3n y un dise\u00f1o estructural especial pueden realizar f\u00e1cilmente el apriete y el embalaje de materiales de embalaje pesados como el acero y el aluminio. <br>\n3. La m\u00e1quina tiene una gran durabilidad. Todos los cuerpos y estructuras est\u00e1n hechos de materiales de aleaci\u00f3n de metal de alta resistencia, con un dise\u00f1o confiable y tecnolog\u00eda avanzada. <br>\n4. Dise\u00f1o seguro y sin fatiga.<\/p>\n<figure id=\"attachment_1096\" aria-describedby=\"caption-attachment-1096\" style=\"width: 750px\" class=\"wp-caption alignnone\"><img decoding=\"async\" class=\"size-full wp-image-1096\" src=\"https:\/\/www.qianyipack.com\/wp-content\/uploads\/2021\/10\/strapping-tensioner-specification.jpg\" alt=\"strapping-tensioner-specification\" width=\"750\" height=\"866\" srcset=\"https:\/\/www.qianyipack.com\/wp-content\/uploads\/2021\/10\/strapping-tensioner-specification.jpg 750w, https:\/\/www.qianyipack.com\/wp-content\/uploads\/2021\/10\/strapping-tensioner-specification-260x300.jpg 260w, https:\/\/www.qianyipack.com\/wp-content\/uploads\/2021\/10\/strapping-tensioner-specification-600x693.jpg 600w\" sizes=\"(max-width: 750px) 100vw, 750px\" \/><figcaption id=\"caption-attachment-1096\" class=\"wp-caption-text\">especificaci\u00f3n del tensor de flejado<\/figcaption><\/figure>\n<h3>Aplicaci\u00f3n<\/h3>\n<p>Este tensor est\u00e1 hecho de aleaci\u00f3n de acero de alta calidad con tecnolog\u00eda de producci\u00f3n avanzada. La estructura es simple y tiene buena figura, f\u00e1cil operaci\u00f3n y vida duradera. este tensor es aplicable para <a href=\"https:\/\/www.qianyipack.com\/en\/product-category\/pp-plastic-strap\" target=\"_blank\" rel=\"noopener\">PP<\/a>, <a href=\"https:\/\/www.qianyipack.com\/en\/product-category\/pet-polyester-strap\" target=\"_blank\" rel=\"noopener\">PET<\/a>Embalaje con fleje de cord\u00f3n. Es adecuado para el embalaje de cajas de madera, cart\u00f3n, material de piedra, material de madera y etc. Est\u00e1 conectado por la hebilla de acero en forma de M. Cuando el dise\u00f1o es razonable, la conexi\u00f3n no s\u00f3lo es firme, sino que tambi\u00e9n no se cae y se desliza bajo el estado apretado y firme, lo que mejora en gran medida la eficiencia del trabajo en el proceso de uni\u00f3n.<\/p>\n<figure id=\"attachment_1095\" aria-describedby=\"caption-attachment-1095\" style=\"width: 960px\" class=\"wp-caption alignnone\"><img decoding=\"async\" class=\"size-full wp-image-1095\" src=\"https:\/\/www.qianyipack.com\/wp-content\/uploads\/2021\/10\/Heavy-duty-strap-application-1.jpg\" alt=\"strap tensioner application\" width=\"960\" height=\"540\" srcset=\"https:\/\/www.qianyipack.com\/wp-content\/uploads\/2021\/10\/Heavy-duty-strap-application-1.jpg 960w, https:\/\/www.qianyipack.com\/wp-content\/uploads\/2021\/10\/Heavy-duty-strap-application-1-800x450.jpg 800w, https:\/\/www.qianyipack.com\/wp-content\/uploads\/2021\/10\/Heavy-duty-strap-application-1-300x169.jpg 300w, https:\/\/www.qianyipack.com\/wp-content\/uploads\/2021\/10\/Heavy-duty-strap-application-1-768x432.jpg 768w\" sizes=\"(max-width: 960px) 100vw, 960px\" \/><figcaption id=\"caption-attachment-1095\" class=\"wp-caption-text\">aplicaci\u00f3n del tensor de correa<\/figcaption><\/figure>","protected":false},"excerpt":{"rendered":"<p>Es ampliamente utilizado en la industria del papel, industria del aluminio, acero, madera, embalaje de cajas de madera, fibra qu\u00edmica, hilado de algod\u00f3n, industria qu\u00edmica, productos met\u00e1licos y otras industrias. Eficiencia del trabajo La buena continuidad de la operaci\u00f3n, el apriete, el aflojamiento y el corte se completan de manera continua, ahorrando tiempo y esfuerzo, de manera simple y r\u00e1pida.<\/p>","protected":false},"featured_media":1099,"template":"","meta":{"ocean_post_layout":"","ocean_both_sidebars_style":"","ocean_both_sidebars_content_width":0,"ocean_both_sidebars_sidebars_width":0,"ocean_sidebar":"0","ocean_second_sidebar":"0","ocean_disable_margins":"enable","ocean_add_body_class":"","ocean_shortcode_before_top_bar":"","ocean_shortcode_after_top_bar":"","ocean_shortcode_before_header":"","ocean_shortcode_after_header":"","ocean_has_shortcode":"","ocean_shortcode_after_title":"","ocean_shortcode_before_footer_widgets":"","ocean_shortcode_after_footer_widgets":"","ocean_shortcode_before_footer_bottom":"","ocean_shortcode_after_footer_bottom":"","ocean_display_top_bar":"default","ocean_display_header":"default","ocean_header_style":"","ocean_center_header_left_menu":"0","ocean_custom_header_template":"0","ocean_custom_logo":0,"ocean_custom_retina_logo":0,"ocean_custom_logo_max_width":0,"ocean_custom_logo_tablet_max_width":0,"ocean_custom_logo_mobile_max_width":0,"ocean_custom_logo_max_height":0,"ocean_custom_logo_tablet_max_height":0,"ocean_custom_logo_mobile_max_height":0,"ocean_header_custom_menu":"0","ocean_menu_typo_font_family":"0","ocean_menu_typo_font_subset":"","ocean_menu_typo_font_size":0,"ocean_menu_typo_font_size_tablet":0,"ocean_menu_typo_font_size_mobile":0,"ocean_menu_typo_font_size_unit":"px","ocean_menu_typo_font_weight":"","ocean_menu_typo_font_weight_tablet":"","ocean_menu_typo_font_weight_mobile":"","ocean_menu_typo_transform":"","ocean_menu_typo_transform_tablet":"","ocean_menu_typo_transform_mobile":"","ocean_menu_typo_line_height":0,"ocean_menu_typo_line_height_tablet":0,"ocean_menu_typo_line_height_mobile":0,"ocean_menu_typo_line_height_unit":"","ocean_menu_typo_spacing":0,"ocean_menu_typo_spacing_tablet":0,"ocean_menu_typo_spacing_mobile":0,"ocean_menu_typo_spacing_unit":"","ocean_menu_link_color":"","ocean_menu_link_color_hover":"","ocean_menu_link_color_active":"","ocean_menu_link_background":"","ocean_menu_link_hover_background":"","ocean_menu_link_active_background":"","ocean_menu_social_links_bg":"","ocean_menu_social_hover_links_bg":"","ocean_menu_social_links_color":"","ocean_menu_social_hover_links_color":"","ocean_disable_title":"default","ocean_disable_heading":"default","ocean_post_title":"","ocean_post_subheading":"","ocean_post_title_style":"","ocean_post_title_background_color":"","ocean_post_title_background":0,"ocean_post_title_bg_image_position":"","ocean_post_title_bg_image_attachment":"","ocean_post_title_bg_image_repeat":"","ocean_post_title_bg_image_size":"","ocean_post_title_height":0,"ocean_post_title_bg_overlay":0.5,"ocean_post_title_bg_overlay_color":"","ocean_disable_breadcrumbs":"default","ocean_breadcrumbs_color":"","ocean_breadcrumbs_separator_color":"","ocean_breadcrumbs_links_color":"","ocean_breadcrumbs_links_hover_color":"","ocean_display_footer_widgets":"default","ocean_display_footer_bottom":"default","ocean_custom_footer_template":"0","osh_disable_topbar_sticky":"default","osh_disable_header_sticky":"default","osh_sticky_header_style":"default","osh_sticky_header_effect":"","osh_custom_sticky_logo":0,"osh_custom_retina_sticky_logo":0,"osh_custom_sticky_logo_height":0,"osh_background_color":"","osh_links_color":"","osh_links_hover_color":"","osh_links_active_color":"","osh_links_bg_color":"","osh_links_hover_bg_color":"","osh_links_active_bg_color":"","osh_menu_social_links_color":"","osh_menu_social_hover_links_color":""},"product_brand":[],"product_cat":[45],"product_tag":[61,62,63],"class_list":{"0":"post-1094","1":"product","2":"type-product","3":"status-publish","4":"has-post-thumbnail","6":"product_cat-strapping-tensioner","7":"product_tag-packing-tensioner","8":"product_tag-strapping-tensioner","9":"product_tag-strapping-tools","11":"entry","12":"has-media","14":"first","15":"instock","16":"featured","17":"shipping-taxable","18":"product-type-external","19":"col","20":"span_1_of_3","21":"owp-content-center","22":"owp-thumbs-layout-horizontal","23":"owp-btn-very-big","24":"owp-tabs-layout-horizontal"},"_links":{"self":[{"href":"https:\/\/www.qianyipack.com\/es\/wp-json\/wp\/v2\/product\/1094","targetHints":{"allow":["GET"]}}],"collection":[{"href":"https:\/\/www.qianyipack.com\/es\/wp-json\/wp\/v2\/product"}],"about":[{"href":"https:\/\/www.qianyipack.com\/es\/wp-json\/wp\/v2\/types\/product"}],"wp:featuredmedia":[{"embeddable":true,"href":"https:\/\/www.qianyipack.com\/es\/wp-json\/wp\/v2\/media\/1099"}],"wp:attachment":[{"href":"https:\/\/www.qianyipack.com\/es\/wp-json\/wp\/v2\/media?parent=1094"}],"wp:term":[{"taxonomy":"product_brand","embeddable":true,"href":"https:\/\/www.qianyipack.com\/es\/wp-json\/wp\/v2\/product_brand?post=1094"},{"taxonomy":"product_cat","embeddable":true,"href":"https:\/\/www.qianyipack.com\/es\/wp-json\/wp\/v2\/product_cat?post=1094"},{"taxonomy":"product_tag","embeddable":true,"href":"https:\/\/www.qianyipack.com\/es\/wp-json\/wp\/v2\/product_tag?post=1094"}],"curies":[{"name":"wp","href":"https:\/\/api.w.org\/{rel}","templated":true}]}}