{"id":1571,"date":"2021-10-17T19:00:58","date_gmt":"2021-10-18T03:00:58","guid":{"rendered":"https:\/\/www.qianyipack.com\/?post_type=product&#038;p=1571"},"modified":"2021-11-23T00:57:59","modified_gmt":"2021-11-23T08:57:59","slug":"32mm-fiber-heavy-duty-transport-flexible-packing-strap","status":"publish","type":"product","link":"https:\/\/www.qianyipack.com\/es\/producto\/32mm-fiber-heavy-duty-transport-flexible-packing-strap","title":{"rendered":"Correa de embalaje de transporte de alta resistencia de 32 mm"},"content":{"rendered":"<p class=\" translation-block\">1. Resistencia a la tracci\u00f3n de alta resistencia, que reemplaza los m\u00e9todos tradicionales de flejado de acero. <br>\n2. Es el\u00e1stico, maleable y acolchado. Debido a su ductilidad y resistencia despu\u00e9s de la deformaci\u00f3n, los flejes de fibra pueden absorber la energ\u00eda del impacto mejor que los flejes de acero y no se aflojar\u00e1n despu\u00e9s de que la carga se contraiga o expanda. Una vez embalado, puede conservarse durante mucho tiempo sin holguras, garantizando as\u00ed la seguridad de la mercanc\u00eda en el transporte de larga distancia. <br>\n3. Incluso si el fleje flexible de fibra de poli\u00e9ster se corta parcialmente en la direcci\u00f3n transversal, el fleje no se desconectar\u00e1 en su totalidad. <br>\n4. Sin \u00f3xido ni deterioro. Puede soportar cambios en diversas condiciones clim\u00e1ticas y no manchar\u00e1 sus productos. <br>\n5. Es seguro de usar y tiene buena flexibilidad. No rayar\u00e1 los productos empaquetados y no da\u00f1ar\u00e1 sus manos. No se necesitan herramientas especiales al cortar. Incluso si est\u00e1 bien atado, no lastimar\u00e1 a las personas cuando se corte. No hay bordes ni esquinas afilados. No da\u00f1ar\u00e1 los neum\u00e1ticos de la carretilla elevadora durante el almacenamiento. Debido a su textura suave, se puede eliminar f\u00e1cilmente como residuo industrial ordinario. <br>\n6. Puede soportar una fuerza de tracci\u00f3n de 0,5 a 10 toneladas. <br>\n7. La hebilla del empaque de alambre de acero tiene alta resistencia. La caracter\u00edstica especial de nuestra correa de sujeci\u00f3n es la hebilla de acero de conexi\u00f3n, que es un m\u00e9todo de conexi\u00f3n m\u00e1s fuerte y se puede apretar repetidamente. En algunas aplicaciones, la hebilla del fleje se puede reutilizar. <br>\n8. Ahorro de costes. Teniendo en cuenta los costos ocultos de todos los flejes de acero, el flejado flexible de fibra de poli\u00e9ster puede lograr muy buenos resultados con solo una m\u00e1quina flejadora. Esto puede ahorrar costos y tiene poco desgaste y reparaci\u00f3n. Es una buena opci\u00f3n para empresas. . Tambi\u00e9n puede ahorrarles a los clientes el costo adicional causado por los productos.<\/p>\n<h3>Especificaci\u00f3n<\/h3>\n<figure id=\"attachment_1572\" aria-describedby=\"caption-attachment-1572\" style=\"width: 960px\" class=\"wp-caption alignnone\"><img fetchpriority=\"high\" decoding=\"async\" class=\"size-full wp-image-1572\" src=\"https:\/\/www.qianyipack.com\/wp-content\/uploads\/32mm-cord-strap-specification.jpg\" alt=\"32mm-cord-strap-specification\" width=\"960\" height=\"407\" srcset=\"https:\/\/www.qianyipack.com\/wp-content\/uploads\/32mm-cord-strap-specification.jpg 960w, https:\/\/www.qianyipack.com\/wp-content\/uploads\/32mm-cord-strap-specification-800x339.jpg 800w, https:\/\/www.qianyipack.com\/wp-content\/uploads\/32mm-cord-strap-specification-300x127.jpg 300w, https:\/\/www.qianyipack.com\/wp-content\/uploads\/32mm-cord-strap-specification-768x326.jpg 768w, https:\/\/www.qianyipack.com\/wp-content\/uploads\/32mm-cord-strap-specification-18x8.jpg 18w\" sizes=\"(max-width: 960px) 100vw, 960px\" \/><figcaption id=\"caption-attachment-1572\" class=\"wp-caption-text\">Especificaci\u00f3n de la correa del cable de 32 mm<\/figcaption><\/figure>\n<figure id=\"attachment_1573\" aria-describedby=\"caption-attachment-1573\" style=\"width: 800px\" class=\"wp-caption alignnone\"><img decoding=\"async\" class=\"size-full wp-image-1573\" src=\"https:\/\/www.qianyipack.com\/wp-content\/uploads\/32mm-cord-strap-specification2.jpg\" alt=\"32mm cord strap specification2\" width=\"800\" height=\"640\" srcset=\"https:\/\/www.qianyipack.com\/wp-content\/uploads\/32mm-cord-strap-specification2.jpg 800w, https:\/\/www.qianyipack.com\/wp-content\/uploads\/32mm-cord-strap-specification2-300x240.jpg 300w, https:\/\/www.qianyipack.com\/wp-content\/uploads\/32mm-cord-strap-specification2-768x614.jpg 768w, https:\/\/www.qianyipack.com\/wp-content\/uploads\/32mm-cord-strap-specification2-15x12.jpg 15w\" sizes=\"(max-width: 800px) 100vw, 800px\" \/><figcaption id=\"caption-attachment-1573\" class=\"wp-caption-text\">Especificaci\u00f3n de la correa del cable de 32 mm<\/figcaption><\/figure>\n<h3>Aplicaci\u00f3n<\/h3>\n<p>Polyester fiber <a href=\"https:\/\/www.qianyipack.com\/en\/product-tag\/heavy-duty-straps\" target=\"_blank\" rel=\"noopener\">flexible packing strap<\/a> is composed of multiple strands of polymer polyester fiber, which is used to bind and fix scattered goods, making it safer and faster during transportation. We advocate green and environmental protection, and keep up with the development and technical requirements of new materials to meet the needs of high-efficiency commodity inspection and high-efficiency logistics without damaging long-distance transportation. Polyester fiber strapping has been widely used in the steel industry, chemical fiber industry, aluminum ingot industry, paper industry, brick and kiln industry, screw industry, electronics industry, textile industry and wood industry.<\/p>\n<figure id=\"attachment_1577\" aria-describedby=\"caption-attachment-1577\" style=\"width: 800px\" class=\"wp-caption alignnone\"><img decoding=\"async\" class=\"size-full wp-image-1577\" src=\"https:\/\/www.qianyipack.com\/wp-content\/uploads\/32mm-strap-application.jpg\" alt=\"32mm strap application\" width=\"800\" height=\"440\" srcset=\"https:\/\/www.qianyipack.com\/wp-content\/uploads\/32mm-strap-application.jpg 800w, https:\/\/www.qianyipack.com\/wp-content\/uploads\/32mm-strap-application-300x165.jpg 300w, https:\/\/www.qianyipack.com\/wp-content\/uploads\/32mm-strap-application-768x422.jpg 768w, https:\/\/www.qianyipack.com\/wp-content\/uploads\/32mm-strap-application-18x10.jpg 18w\" sizes=\"(max-width: 800px) 100vw, 800px\" \/><figcaption id=\"caption-attachment-1577\" class=\"wp-caption-text\">Aplicaci\u00f3n de correa de 32 mm<\/figcaption><\/figure>","protected":false},"excerpt":{"rendered":"<p>La correa de embalaje flexible de fibra de poli\u00e9ster est\u00e1 hecha de poli\u00e9ster de alta resistencia. Debido a su textura especial y su fuerte rendimiento de amortiguaci\u00f3n, se puede utilizar de forma flexible y amplia en embalajes de seguridad para el transporte. Es conveniente, eficiente y respetuoso con el medio ambiente.<\/p>","protected":false},"featured_media":1567,"template":"","meta":{"ocean_post_layout":"","ocean_both_sidebars_style":"","ocean_both_sidebars_content_width":0,"ocean_both_sidebars_sidebars_width":0,"ocean_sidebar":"0","ocean_second_sidebar":"0","ocean_disable_margins":"enable","ocean_add_body_class":"","ocean_shortcode_before_top_bar":"","ocean_shortcode_after_top_bar":"","ocean_shortcode_before_header":"","ocean_shortcode_after_header":"","ocean_has_shortcode":"","ocean_shortcode_after_title":"","ocean_shortcode_before_footer_widgets":"","ocean_shortcode_after_footer_widgets":"","ocean_shortcode_before_footer_bottom":"","ocean_shortcode_after_footer_bottom":"","ocean_display_top_bar":"default","ocean_display_header":"default","ocean_header_style":"","ocean_center_header_left_menu":"0","ocean_custom_header_template":"0","ocean_custom_logo":0,"ocean_custom_retina_logo":0,"ocean_custom_logo_max_width":0,"ocean_custom_logo_tablet_max_width":0,"ocean_custom_logo_mobile_max_width":0,"ocean_custom_logo_max_height":0,"ocean_custom_logo_tablet_max_height":0,"ocean_custom_logo_mobile_max_height":0,"ocean_header_custom_menu":"0","ocean_menu_typo_font_family":"0","ocean_menu_typo_font_subset":"","ocean_menu_typo_font_size":0,"ocean_menu_typo_font_size_tablet":0,"ocean_menu_typo_font_size_mobile":0,"ocean_menu_typo_font_size_unit":"px","ocean_menu_typo_font_weight":"","ocean_menu_typo_font_weight_tablet":"","ocean_menu_typo_font_weight_mobile":"","ocean_menu_typo_transform":"","ocean_menu_typo_transform_tablet":"","ocean_menu_typo_transform_mobile":"","ocean_menu_typo_line_height":0,"ocean_menu_typo_line_height_tablet":0,"ocean_menu_typo_line_height_mobile":0,"ocean_menu_typo_line_height_unit":"","ocean_menu_typo_spacing":0,"ocean_menu_typo_spacing_tablet":0,"ocean_menu_typo_spacing_mobile":0,"ocean_menu_typo_spacing_unit":"","ocean_menu_link_color":"","ocean_menu_link_color_hover":"","ocean_menu_link_color_active":"","ocean_menu_link_background":"","ocean_menu_link_hover_background":"","ocean_menu_link_active_background":"","ocean_menu_social_links_bg":"","ocean_menu_social_hover_links_bg":"","ocean_menu_social_links_color":"","ocean_menu_social_hover_links_color":"","ocean_disable_title":"default","ocean_disable_heading":"default","ocean_post_title":"","ocean_post_subheading":"","ocean_post_title_style":"","ocean_post_title_background_color":"","ocean_post_title_background":0,"ocean_post_title_bg_image_position":"","ocean_post_title_bg_image_attachment":"","ocean_post_title_bg_image_repeat":"","ocean_post_title_bg_image_size":"","ocean_post_title_height":0,"ocean_post_title_bg_overlay":0.5,"ocean_post_title_bg_overlay_color":"","ocean_disable_breadcrumbs":"default","ocean_breadcrumbs_color":"","ocean_breadcrumbs_separator_color":"","ocean_breadcrumbs_links_color":"","ocean_breadcrumbs_links_hover_color":"","ocean_display_footer_widgets":"default","ocean_display_footer_bottom":"default","ocean_custom_footer_template":"0","osh_disable_topbar_sticky":"default","osh_disable_header_sticky":"default","osh_sticky_header_style":"default","osh_sticky_header_effect":"","osh_custom_sticky_logo":0,"osh_custom_retina_sticky_logo":0,"osh_custom_sticky_logo_height":0,"osh_background_color":"","osh_links_color":"","osh_links_hover_color":"","osh_links_active_color":"","osh_links_bg_color":"","osh_links_hover_bg_color":"","osh_links_active_bg_color":"","osh_menu_social_links_color":"","osh_menu_social_hover_links_color":""},"product_brand":[],"product_cat":[36],"product_tag":[58,68,69],"class_list":{"0":"post-1571","1":"product","2":"type-product","3":"status-publish","4":"has-post-thumbnail","6":"product_cat-composite-cord-strap","7":"product_tag-fiber-strapping","8":"product_tag-heavy-duty-straps","9":"product_tag-transport-packing-belt","11":"entry","12":"has-media","14":"first","15":"instock","16":"shipping-taxable","17":"product-type-external","18":"col","19":"span_1_of_3","20":"owp-content-center","21":"owp-thumbs-layout-horizontal","22":"owp-btn-very-big","23":"owp-tabs-layout-horizontal"},"_links":{"self":[{"href":"https:\/\/www.qianyipack.com\/es\/wp-json\/wp\/v2\/product\/1571","targetHints":{"allow":["GET"]}}],"collection":[{"href":"https:\/\/www.qianyipack.com\/es\/wp-json\/wp\/v2\/product"}],"about":[{"href":"https:\/\/www.qianyipack.com\/es\/wp-json\/wp\/v2\/types\/product"}],"wp:featuredmedia":[{"embeddable":true,"href":"https:\/\/www.qianyipack.com\/es\/wp-json\/wp\/v2\/media\/1567"}],"wp:attachment":[{"href":"https:\/\/www.qianyipack.com\/es\/wp-json\/wp\/v2\/media?parent=1571"}],"wp:term":[{"taxonomy":"product_brand","embeddable":true,"href":"https:\/\/www.qianyipack.com\/es\/wp-json\/wp\/v2\/product_brand?post=1571"},{"taxonomy":"product_cat","embeddable":true,"href":"https:\/\/www.qianyipack.com\/es\/wp-json\/wp\/v2\/product_cat?post=1571"},{"taxonomy":"product_tag","embeddable":true,"href":"https:\/\/www.qianyipack.com\/es\/wp-json\/wp\/v2\/product_tag?post=1571"}],"curies":[{"name":"wp","href":"https:\/\/api.w.org\/{rel}","templated":true}]}}