{"id":1586,"date":"2021-10-17T22:48:09","date_gmt":"2021-10-18T06:48:09","guid":{"rendered":"https:\/\/www.qianyipack.com\/?post_type=product&#038;p=1586"},"modified":"2021-11-23T01:17:58","modified_gmt":"2021-11-23T09:17:58","slug":"32mm-forged-square-metal-buckle-for-woven-strapping","status":"publish","type":"product","link":"https:\/\/www.qianyipack.com\/es\/producto\/32mm-forged-square-metal-buckle-for-woven-strapping","title":{"rendered":"Hebilla de metal cuadrada forjada de 32 mm para flejes tejidos"},"content":{"rendered":"<p class=\" translation-block\">1. Con una alta resistencia a la tracci\u00f3n, puede transportar hasta 5000 kg de objetos pesados y puede proteger eficazmente el producto contra da\u00f1os. <br>\n2. Resistencia al desgaste, buena tenacidad, resistencia a la corrosi\u00f3n, fuerte resistencia a la intemperie, alta seguridad en el transporte con lluvia y nieve. <br>\n3. Tama\u00f1o peque\u00f1o, sin espacio, f\u00e1cil de almacenar, sin \u00f3xido. <br>\n4. Pr\u00e1cticos y respetuosos con el medio ambiente, resistentes a las colisiones, los botones de malla usados se pueden almacenar y reutilizar sin afectar su rendimiento de carga de presi\u00f3n. <br>\n5. Tiene una amplia gama de usos. Se puede utilizar para el embalaje y transporte de contenedores, maquinaria pesada, vidrio, accesorios de tuber\u00eda, bidones de aceite, acero, madera, fabricaci\u00f3n de papel, productos qu\u00edmicos, art\u00edculos de metales preciosos, etc. <br>\n6. Superficie uniforme, apariencia suave, preste atenci\u00f3n al dise\u00f1o del proceso del producto y la experiencia del usuario.<\/p>\n<figure id=\"attachment_1589\" aria-describedby=\"caption-attachment-1589\" style=\"width: 958px\" class=\"wp-caption alignnone\"><img fetchpriority=\"high\" decoding=\"async\" class=\"size-full wp-image-1589\" src=\"https:\/\/www.qianyipack.com\/wp-content\/uploads\/square-buckle-using-steps.jpg\" alt=\"square buckle using steps\" width=\"958\" height=\"539\" srcset=\"https:\/\/www.qianyipack.com\/wp-content\/uploads\/square-buckle-using-steps.jpg 958w, https:\/\/www.qianyipack.com\/wp-content\/uploads\/square-buckle-using-steps-800x450.jpg 800w, https:\/\/www.qianyipack.com\/wp-content\/uploads\/square-buckle-using-steps-300x169.jpg 300w, https:\/\/www.qianyipack.com\/wp-content\/uploads\/square-buckle-using-steps-768x432.jpg 768w, https:\/\/www.qianyipack.com\/wp-content\/uploads\/square-buckle-using-steps-18x10.jpg 18w\" sizes=\"(max-width: 958px) 100vw, 958px\" \/><figcaption id=\"caption-attachment-1589\" class=\"wp-caption-text\">hebilla cuadrada con pasos<\/figcaption><\/figure>\n<h3>Especificaci\u00f3n<\/h3>\n<figure id=\"attachment_1587\" aria-describedby=\"caption-attachment-1587\" style=\"width: 960px\" class=\"wp-caption alignnone\"><img decoding=\"async\" class=\"size-full wp-image-1587\" src=\"https:\/\/www.qianyipack.com\/wp-content\/uploads\/square-buckle-specification.jpg\" alt=\"square-buckle-specification\" width=\"960\" height=\"960\" srcset=\"https:\/\/www.qianyipack.com\/wp-content\/uploads\/square-buckle-specification.jpg 960w, https:\/\/www.qianyipack.com\/wp-content\/uploads\/square-buckle-specification-300x300.jpg 300w, https:\/\/www.qianyipack.com\/wp-content\/uploads\/square-buckle-specification-100x100.jpg 100w, https:\/\/www.qianyipack.com\/wp-content\/uploads\/square-buckle-specification-800x800.jpg 800w, https:\/\/www.qianyipack.com\/wp-content\/uploads\/square-buckle-specification-150x150.jpg 150w, https:\/\/www.qianyipack.com\/wp-content\/uploads\/square-buckle-specification-768x768.jpg 768w, https:\/\/www.qianyipack.com\/wp-content\/uploads\/square-buckle-specification-12x12.jpg 12w\" sizes=\"(max-width: 960px) 100vw, 960px\" \/><figcaption id=\"caption-attachment-1587\" class=\"wp-caption-text\">especificaci\u00f3n de hebilla cuadrada<\/figcaption><\/figure>\n<h3>Aplicaci\u00f3n<\/h3>\n<p>The <a href=\"https:\/\/www.qianyipack.com\/en\/product-tag\/binding-buckle\" target=\"_blank\" rel=\"noopener\">square ring<\/a> and <a href=\"https:\/\/www.qianyipack.com\/en\/product\/\" target=\"_blank\" rel=\"noopener\">hebilla de embalaje cuadrada<\/a> have high tensile strength, convenient and environmental protection, and can be reused. Widely used for packaging and transportation of containers, heavy machinery, glass, pipe fittings, oil drums, steel, wood, paper, chemicals, precious metal items, etc. It has strong pressure-bearing capacity and can effectively protect the product from damage. At the same time, it can also improve the work efficiency of the client company&#8217;s employees and save the client company&#8217;s cost. It is an ideal and practical new packaging material that has been well received by the industry.<\/p>\n<figure id=\"attachment_1588\" aria-describedby=\"caption-attachment-1588\" style=\"width: 960px\" class=\"wp-caption alignnone\"><img decoding=\"async\" class=\"size-full wp-image-1588\" src=\"https:\/\/www.qianyipack.com\/wp-content\/uploads\/square-buckle-application.jpg\" alt=\"square buckle application\" width=\"960\" height=\"540\" srcset=\"https:\/\/www.qianyipack.com\/wp-content\/uploads\/square-buckle-application.jpg 960w, https:\/\/www.qianyipack.com\/wp-content\/uploads\/square-buckle-application-800x450.jpg 800w, https:\/\/www.qianyipack.com\/wp-content\/uploads\/square-buckle-application-300x169.jpg 300w, https:\/\/www.qianyipack.com\/wp-content\/uploads\/square-buckle-application-768x432.jpg 768w, https:\/\/www.qianyipack.com\/wp-content\/uploads\/square-buckle-application-18x10.jpg 18w\" sizes=\"(max-width: 960px) 100vw, 960px\" \/><figcaption id=\"caption-attachment-1588\" class=\"wp-caption-text\">aplicaci\u00f3n de hebilla cuadrada<\/figcaption><\/figure>","protected":false},"excerpt":{"rendered":"<p>La hebilla de embalaje cuadrada es un tipo de hebilla de embalaje de alta resistencia adecuada para la cooperaci\u00f3n profesional y los cinturones trenzados. Est\u00e1 forjado con maquinaria a gran escala y su fuerza de tracci\u00f3n puede alcanzar de 3 a 10 toneladas, lo que evita eficazmente el movimiento de mercanc\u00edas pesadas durante el transporte.<\/p>","protected":false},"featured_media":1590,"template":"","meta":{"ocean_post_layout":"","ocean_both_sidebars_style":"","ocean_both_sidebars_content_width":0,"ocean_both_sidebars_sidebars_width":0,"ocean_sidebar":"0","ocean_second_sidebar":"0","ocean_disable_margins":"enable","ocean_add_body_class":"","ocean_shortcode_before_top_bar":"","ocean_shortcode_after_top_bar":"","ocean_shortcode_before_header":"","ocean_shortcode_after_header":"","ocean_has_shortcode":"","ocean_shortcode_after_title":"","ocean_shortcode_before_footer_widgets":"","ocean_shortcode_after_footer_widgets":"","ocean_shortcode_before_footer_bottom":"","ocean_shortcode_after_footer_bottom":"","ocean_display_top_bar":"default","ocean_display_header":"default","ocean_header_style":"","ocean_center_header_left_menu":"0","ocean_custom_header_template":"0","ocean_custom_logo":0,"ocean_custom_retina_logo":0,"ocean_custom_logo_max_width":0,"ocean_custom_logo_tablet_max_width":0,"ocean_custom_logo_mobile_max_width":0,"ocean_custom_logo_max_height":0,"ocean_custom_logo_tablet_max_height":0,"ocean_custom_logo_mobile_max_height":0,"ocean_header_custom_menu":"0","ocean_menu_typo_font_family":"0","ocean_menu_typo_font_subset":"","ocean_menu_typo_font_size":0,"ocean_menu_typo_font_size_tablet":0,"ocean_menu_typo_font_size_mobile":0,"ocean_menu_typo_font_size_unit":"px","ocean_menu_typo_font_weight":"","ocean_menu_typo_font_weight_tablet":"","ocean_menu_typo_font_weight_mobile":"","ocean_menu_typo_transform":"","ocean_menu_typo_transform_tablet":"","ocean_menu_typo_transform_mobile":"","ocean_menu_typo_line_height":0,"ocean_menu_typo_line_height_tablet":0,"ocean_menu_typo_line_height_mobile":0,"ocean_menu_typo_line_height_unit":"","ocean_menu_typo_spacing":0,"ocean_menu_typo_spacing_tablet":0,"ocean_menu_typo_spacing_mobile":0,"ocean_menu_typo_spacing_unit":"","ocean_menu_link_color":"","ocean_menu_link_color_hover":"","ocean_menu_link_color_active":"","ocean_menu_link_background":"","ocean_menu_link_hover_background":"","ocean_menu_link_active_background":"","ocean_menu_social_links_bg":"","ocean_menu_social_hover_links_bg":"","ocean_menu_social_links_color":"","ocean_menu_social_hover_links_color":"","ocean_disable_title":"default","ocean_disable_heading":"default","ocean_post_title":"","ocean_post_subheading":"","ocean_post_title_style":"","ocean_post_title_background_color":"","ocean_post_title_background":0,"ocean_post_title_bg_image_position":"","ocean_post_title_bg_image_attachment":"","ocean_post_title_bg_image_repeat":"","ocean_post_title_bg_image_size":"","ocean_post_title_height":0,"ocean_post_title_bg_overlay":0.5,"ocean_post_title_bg_overlay_color":"","ocean_disable_breadcrumbs":"default","ocean_breadcrumbs_color":"","ocean_breadcrumbs_separator_color":"","ocean_breadcrumbs_links_color":"","ocean_breadcrumbs_links_hover_color":"","ocean_display_footer_widgets":"default","ocean_display_footer_bottom":"default","ocean_custom_footer_template":"0","osh_disable_topbar_sticky":"default","osh_disable_header_sticky":"default","osh_sticky_header_style":"default","osh_sticky_header_effect":"","osh_custom_sticky_logo":0,"osh_custom_retina_sticky_logo":0,"osh_custom_sticky_logo_height":0,"osh_background_color":"","osh_links_color":"","osh_links_hover_color":"","osh_links_active_color":"","osh_links_bg_color":"","osh_links_hover_bg_color":"","osh_links_active_bg_color":"","osh_menu_social_links_color":"","osh_menu_social_hover_links_color":""},"product_brand":[],"product_cat":[44],"product_tag":[71,72,70],"class_list":{"0":"post-1586","1":"product","2":"type-product","3":"status-publish","4":"has-post-thumbnail","6":"product_cat-square-lashing-buckle","7":"product_tag-binding-buckle","8":"product_tag-metal-packing-buckle","9":"product_tag-packing-buckle","11":"entry","12":"has-media","14":"first","15":"instock","16":"shipping-taxable","17":"product-type-external","18":"col","19":"span_1_of_3","20":"owp-content-center","21":"owp-thumbs-layout-horizontal","22":"owp-btn-very-big","23":"owp-tabs-layout-horizontal"},"_links":{"self":[{"href":"https:\/\/www.qianyipack.com\/es\/wp-json\/wp\/v2\/product\/1586","targetHints":{"allow":["GET"]}}],"collection":[{"href":"https:\/\/www.qianyipack.com\/es\/wp-json\/wp\/v2\/product"}],"about":[{"href":"https:\/\/www.qianyipack.com\/es\/wp-json\/wp\/v2\/types\/product"}],"wp:featuredmedia":[{"embeddable":true,"href":"https:\/\/www.qianyipack.com\/es\/wp-json\/wp\/v2\/media\/1590"}],"wp:attachment":[{"href":"https:\/\/www.qianyipack.com\/es\/wp-json\/wp\/v2\/media?parent=1586"}],"wp:term":[{"taxonomy":"product_brand","embeddable":true,"href":"https:\/\/www.qianyipack.com\/es\/wp-json\/wp\/v2\/product_brand?post=1586"},{"taxonomy":"product_cat","embeddable":true,"href":"https:\/\/www.qianyipack.com\/es\/wp-json\/wp\/v2\/product_cat?post=1586"},{"taxonomy":"product_tag","embeddable":true,"href":"https:\/\/www.qianyipack.com\/es\/wp-json\/wp\/v2\/product_tag?post=1586"}],"curies":[{"name":"wp","href":"https:\/\/api.w.org\/{rel}","templated":true}]}}