{"id":1829,"date":"2021-10-22T00:32:20","date_gmt":"2021-10-22T08:32:20","guid":{"rendered":"https:\/\/www.qianyipack.com\/?post_type=product&#038;p=1829"},"modified":"2021-11-23T00:59:44","modified_gmt":"2021-11-23T08:59:44","slug":"19mm-polyester-flexible-fiber-packaing-binding-strapping","status":"publish","type":"product","link":"https:\/\/www.qianyipack.com\/es\/producto\/19mm-polyester-flexible-fiber-packaing-binding-strapping","title":{"rendered":"Fleje de bandas de embalaje de fibra flexible de poli\u00e9ster de 19 mm"},"content":{"rendered":"<p>Ahora, muchas empresas, con el fin de obtener beneficios, no dudan en utilizar chapuzas para reducir los costes, y utilizan hilo de polipropileno de baja calidad para sustituir la producci\u00f3n de hilo de poli\u00e9ster, y luego fingen ser flejes de poli\u00e9ster. Nuestro <a href=\"https:\/\/www.qianyipack.com\/en\/product-tag\/packaging-strap\" target=\"_blank\" rel=\"noopener\">fleje compuesto<\/a> es un fleje fabricado con hilo de poli\u00e9ster de alta calidad, que tiene las ventajas de una alta resistencia, no es f\u00e1cil de romper, tiene un bajo alargamiento y es resistente a la deformaci\u00f3n.<\/p>\n<figure id=\"attachment_1835\" aria-describedby=\"caption-attachment-1835\" style=\"width: 900px\" class=\"wp-caption alignnone\"><img fetchpriority=\"high\" decoding=\"async\" class=\"size-full wp-image-1835\" src=\"https:\/\/www.qianyipack.com\/wp-content\/uploads\/19mm-cord-strapping-using.jpg\" alt=\"19mm cord strapping using\" width=\"900\" height=\"541\" srcset=\"https:\/\/www.qianyipack.com\/wp-content\/uploads\/19mm-cord-strapping-using.jpg 900w, https:\/\/www.qianyipack.com\/wp-content\/uploads\/19mm-cord-strapping-using-800x481.jpg 800w, https:\/\/www.qianyipack.com\/wp-content\/uploads\/19mm-cord-strapping-using-300x180.jpg 300w, https:\/\/www.qianyipack.com\/wp-content\/uploads\/19mm-cord-strapping-using-768x462.jpg 768w, https:\/\/www.qianyipack.com\/wp-content\/uploads\/19mm-cord-strapping-using-18x12.jpg 18w\" sizes=\"(max-width: 900px) 100vw, 900px\" \/><figcaption id=\"caption-attachment-1835\" class=\"wp-caption-text\">Fleje de cable de 19 mm con<\/figcaption><\/figure>\n<h3>Caracter\u00edstica<\/h3>\n<p>Materias primas de fibra de poli\u00e9ster de alta calidad. Seleccione materias primas de fibra de poli\u00e9ster completamente nuevas, fibra de poli\u00e9ster de alto pol\u00edmero de m\u00faltiples hebras tejida, sin desperdicios, protecci\u00f3n del medio ambiente, seguridad, libre de contaminaci\u00f3n y reciclable.<\/p>\n<p>Buena resistencia a los golpes. <a href=\"https:\/\/www.qianyipack.com\/en\/product-tag\/fiber-strapping\" target=\"_blank\" rel=\"noopener\">Flejes de fibra<\/a> tiene una buena retenci\u00f3n y memoria de la tensi\u00f3n. No se relajar\u00e1 durante mucho tiempo despu\u00e9s de ser embalado. Puede absorber las vibraciones durante el transporte con mayor eficacia que las correas de acero, asegurando as\u00ed la energ\u00eda de impacto generada por las mercanc\u00edas en la larga distancia. En comparaci\u00f3n con las correas de acero, el coste de las correas de embalaje de fibra es menor.<\/p>\n<p>Es suave, no da\u00f1a las manos y es resistente a la corrosi\u00f3n. La correa es liviana y de material suave. No rebotar\u00e1 ni lastimar\u00e1 al operador durante el corte, y puede prevenir eficazmente da\u00f1os en la superficie de la mercanc\u00eda y el embalaje exterior, evitando posibles peligros ocultos debido al exceso de material duro, esquinas afiladas y otras razones.<\/p>\n<p>Mayor rendimiento que los flejes de acero. Los experimentos de investigaci\u00f3n y los datos de las pruebas de impacto muestran que los flejes de fibra de poli\u00e9ster pueden absorber una mayor energ\u00eda de impacto que los flejes de acero tradicionales.<\/p>\n<h3>Especificaci\u00f3n<\/h3>\n<figure id=\"attachment_1035\" aria-describedby=\"caption-attachment-1035\" style=\"width: 960px\" class=\"wp-caption alignnone\"><img decoding=\"async\" class=\"size-full wp-image-1035\" src=\"https:\/\/www.qianyipack.com\/wp-content\/uploads\/2021\/10\/13-19mm-cord-strapping-specification.jpg\" alt=\"13 19mm cord strapping specification\" width=\"960\" height=\"529\" srcset=\"https:\/\/www.qianyipack.com\/wp-content\/uploads\/2021\/10\/13-19mm-cord-strapping-specification.jpg 960w, https:\/\/www.qianyipack.com\/wp-content\/uploads\/2021\/10\/13-19mm-cord-strapping-specification-800x441.jpg 800w, https:\/\/www.qianyipack.com\/wp-content\/uploads\/2021\/10\/13-19mm-cord-strapping-specification-300x165.jpg 300w, https:\/\/www.qianyipack.com\/wp-content\/uploads\/2021\/10\/13-19mm-cord-strapping-specification-768x423.jpg 768w\" sizes=\"(max-width: 960px) 100vw, 960px\" \/><figcaption id=\"caption-attachment-1035\" class=\"wp-caption-text\">13 Especificaci\u00f3n de flejado de cable de 19 mm<\/figcaption><\/figure>\n<h3>Aplicaci\u00f3n<\/h3>\n<p>Es ampliamente utilizado en el embalaje de contenedores, maquinaria grande, transporte militar, vidrio, accesorios de tuber\u00eda, bidones de aceite, acero, madera, fabricaci\u00f3n de papel, industria qu\u00edmica y otras industrias.<\/p>\n<figure id=\"attachment_1834\" aria-describedby=\"caption-attachment-1834\" style=\"width: 900px\" class=\"wp-caption alignnone\"><img decoding=\"async\" class=\"size-full wp-image-1834\" src=\"https:\/\/www.qianyipack.com\/wp-content\/uploads\/19mm-cord-strapping-application.jpg\" alt=\"19mm cord strapping application\" width=\"900\" height=\"690\" srcset=\"https:\/\/www.qianyipack.com\/wp-content\/uploads\/19mm-cord-strapping-application.jpg 900w, https:\/\/www.qianyipack.com\/wp-content\/uploads\/19mm-cord-strapping-application-800x613.jpg 800w, https:\/\/www.qianyipack.com\/wp-content\/uploads\/19mm-cord-strapping-application-300x230.jpg 300w, https:\/\/www.qianyipack.com\/wp-content\/uploads\/19mm-cord-strapping-application-768x589.jpg 768w, https:\/\/www.qianyipack.com\/wp-content\/uploads\/19mm-cord-strapping-application-16x12.jpg 16w\" sizes=\"(max-width: 900px) 100vw, 900px\" \/><figcaption id=\"caption-attachment-1834\" class=\"wp-caption-text\">Aplicaci\u00f3n de flejado de cable de 19 mm<\/figcaption><\/figure>","protected":false},"excerpt":{"rendered":"<p>La correa de embalaje de fibra compuesta est\u00e1 hecha de hilo de poli\u00e9ster de alta resistencia, que tiene una gran fuerza de tracci\u00f3n, resistencia a la flexi\u00f3n y la deformaci\u00f3n, f\u00e1cil de usar y desmontar, alta capacidad de plegado y fuerte impacto. En segundo lugar, tiene bordes lisos, operaci\u00f3n segura, evita da\u00f1os a los objetos de embalaje, evita rayones a los operadores.<\/p>","protected":false},"featured_media":1838,"template":"","meta":{"ocean_post_layout":"","ocean_both_sidebars_style":"","ocean_both_sidebars_content_width":0,"ocean_both_sidebars_sidebars_width":0,"ocean_sidebar":"0","ocean_second_sidebar":"0","ocean_disable_margins":"enable","ocean_add_body_class":"","ocean_shortcode_before_top_bar":"","ocean_shortcode_after_top_bar":"","ocean_shortcode_before_header":"","ocean_shortcode_after_header":"","ocean_has_shortcode":"","ocean_shortcode_after_title":"","ocean_shortcode_before_footer_widgets":"","ocean_shortcode_after_footer_widgets":"","ocean_shortcode_before_footer_bottom":"","ocean_shortcode_after_footer_bottom":"","ocean_display_top_bar":"default","ocean_display_header":"default","ocean_header_style":"","ocean_center_header_left_menu":"0","ocean_custom_header_template":"0","ocean_custom_logo":0,"ocean_custom_retina_logo":0,"ocean_custom_logo_max_width":0,"ocean_custom_logo_tablet_max_width":0,"ocean_custom_logo_mobile_max_width":0,"ocean_custom_logo_max_height":0,"ocean_custom_logo_tablet_max_height":0,"ocean_custom_logo_mobile_max_height":0,"ocean_header_custom_menu":"0","ocean_menu_typo_font_family":"0","ocean_menu_typo_font_subset":"","ocean_menu_typo_font_size":0,"ocean_menu_typo_font_size_tablet":0,"ocean_menu_typo_font_size_mobile":0,"ocean_menu_typo_font_size_unit":"px","ocean_menu_typo_font_weight":"","ocean_menu_typo_font_weight_tablet":"","ocean_menu_typo_font_weight_mobile":"","ocean_menu_typo_transform":"","ocean_menu_typo_transform_tablet":"","ocean_menu_typo_transform_mobile":"","ocean_menu_typo_line_height":0,"ocean_menu_typo_line_height_tablet":0,"ocean_menu_typo_line_height_mobile":0,"ocean_menu_typo_line_height_unit":"","ocean_menu_typo_spacing":0,"ocean_menu_typo_spacing_tablet":0,"ocean_menu_typo_spacing_mobile":0,"ocean_menu_typo_spacing_unit":"","ocean_menu_link_color":"","ocean_menu_link_color_hover":"","ocean_menu_link_color_active":"","ocean_menu_link_background":"","ocean_menu_link_hover_background":"","ocean_menu_link_active_background":"","ocean_menu_social_links_bg":"","ocean_menu_social_hover_links_bg":"","ocean_menu_social_links_color":"","ocean_menu_social_hover_links_color":"","ocean_disable_title":"default","ocean_disable_heading":"default","ocean_post_title":"","ocean_post_subheading":"","ocean_post_title_style":"","ocean_post_title_background_color":"","ocean_post_title_background":0,"ocean_post_title_bg_image_position":"","ocean_post_title_bg_image_attachment":"","ocean_post_title_bg_image_repeat":"","ocean_post_title_bg_image_size":"","ocean_post_title_height":0,"ocean_post_title_bg_overlay":0.5,"ocean_post_title_bg_overlay_color":"","ocean_disable_breadcrumbs":"default","ocean_breadcrumbs_color":"","ocean_breadcrumbs_separator_color":"","ocean_breadcrumbs_links_color":"","ocean_breadcrumbs_links_hover_color":"","ocean_display_footer_widgets":"default","ocean_display_footer_bottom":"default","ocean_custom_footer_template":"0","osh_disable_topbar_sticky":"default","osh_disable_header_sticky":"default","osh_sticky_header_style":"default","osh_sticky_header_effect":"","osh_custom_sticky_logo":0,"osh_custom_retina_sticky_logo":0,"osh_custom_sticky_logo_height":0,"osh_background_color":"","osh_links_color":"","osh_links_hover_color":"","osh_links_active_color":"","osh_links_bg_color":"","osh_links_hover_bg_color":"","osh_links_active_bg_color":"","osh_menu_social_links_color":"","osh_menu_social_hover_links_color":""},"product_brand":[],"product_cat":[36],"product_tag":[58,49,79],"class_list":{"0":"post-1829","1":"product","2":"type-product","3":"status-publish","4":"has-post-thumbnail","6":"product_cat-composite-cord-strap","7":"product_tag-fiber-strapping","8":"product_tag-packaging-strap","9":"product_tag-polyester-strap","11":"entry","12":"has-media","14":"first","15":"instock","16":"shipping-taxable","17":"product-type-external","18":"col","19":"span_1_of_3","20":"owp-content-center","21":"owp-thumbs-layout-horizontal","22":"owp-btn-very-big","23":"owp-tabs-layout-horizontal"},"_links":{"self":[{"href":"https:\/\/www.qianyipack.com\/es\/wp-json\/wp\/v2\/product\/1829","targetHints":{"allow":["GET"]}}],"collection":[{"href":"https:\/\/www.qianyipack.com\/es\/wp-json\/wp\/v2\/product"}],"about":[{"href":"https:\/\/www.qianyipack.com\/es\/wp-json\/wp\/v2\/types\/product"}],"wp:featuredmedia":[{"embeddable":true,"href":"https:\/\/www.qianyipack.com\/es\/wp-json\/wp\/v2\/media\/1838"}],"wp:attachment":[{"href":"https:\/\/www.qianyipack.com\/es\/wp-json\/wp\/v2\/media?parent=1829"}],"wp:term":[{"taxonomy":"product_brand","embeddable":true,"href":"https:\/\/www.qianyipack.com\/es\/wp-json\/wp\/v2\/product_brand?post=1829"},{"taxonomy":"product_cat","embeddable":true,"href":"https:\/\/www.qianyipack.com\/es\/wp-json\/wp\/v2\/product_cat?post=1829"},{"taxonomy":"product_tag","embeddable":true,"href":"https:\/\/www.qianyipack.com\/es\/wp-json\/wp\/v2\/product_tag?post=1829"}],"curies":[{"name":"wp","href":"https:\/\/api.w.org\/{rel}","templated":true}]}}