{"id":1848,"date":"2021-10-25T00:08:04","date_gmt":"2021-10-25T08:08:04","guid":{"rendered":"https:\/\/www.qianyipack.com\/?post_type=product&#038;p=1848"},"modified":"2021-11-23T17:04:01","modified_gmt":"2021-11-24T01:04:01","slug":"iron-strapping-dispenser-reel-cart-for-steel-strapping","status":"publish","type":"product","link":"https:\/\/www.qianyipack.com\/es\/producto\/iron-strapping-dispenser-reel-cart-for-steel-strapping","title":{"rendered":"Carro de carrete dispensador de flejado para flejado de acero"},"content":{"rendered":"<p>El dispensador de flejes es de estilo de dise\u00f1o europeo, f\u00e1cil de desmontar y montar, ligero y firme. El carro del carrete de flejado est\u00e1 equipado con una caja de carga, que puede colocar herramientas de flejado como una empacadora o una hebilla de acero en el interior. Su chasis tiene una funci\u00f3n de freno de rueda, que es conveniente para la operaci\u00f3n m\u00f3vil y evita que la cinta de empaque se esparza y se enrede.<\/p>\n<figure id=\"attachment_1845\" aria-describedby=\"caption-attachment-1845\" style=\"width: 900px\" class=\"wp-caption alignnone\"><img fetchpriority=\"high\" decoding=\"async\" class=\"size-full wp-image-1845\" src=\"https:\/\/www.qianyipack.com\/wp-content\/uploads\/iron-strapping-dispenser-application-1.jpg\" alt=\"iron strapping dispenser application (1)\" width=\"900\" height=\"600\" srcset=\"https:\/\/www.qianyipack.com\/wp-content\/uploads\/iron-strapping-dispenser-application-1.jpg 900w, https:\/\/www.qianyipack.com\/wp-content\/uploads\/iron-strapping-dispenser-application-1-800x533.jpg 800w, https:\/\/www.qianyipack.com\/wp-content\/uploads\/iron-strapping-dispenser-application-1-300x200.jpg 300w, https:\/\/www.qianyipack.com\/wp-content\/uploads\/iron-strapping-dispenser-application-1-768x512.jpg 768w, https:\/\/www.qianyipack.com\/wp-content\/uploads\/iron-strapping-dispenser-application-1-18x12.jpg 18w\" sizes=\"(max-width: 900px) 100vw, 900px\" \/><figcaption id=\"caption-attachment-1845\" class=\"wp-caption-text\">aplicaci\u00f3n dispensadora de flejes de hierro (1)<\/figcaption><\/figure>\n<h3>Caracter\u00edstica<\/h3>\n<p>Dise\u00f1o c\u00f3modo. La altura del <a href=\"https:\/\/www.qianyipack.com\/en\/product-category\/strapping-dispenser\" target=\"_blank\" rel=\"noopener\">dispensador de flejes<\/a> El cuerpo es de 1 metro, lo que coincide con la altura de funcionamiento m\u00e1s c\u00f3moda del cuerpo humano. El cuerpo est\u00e1 inclinado de manera uniforme, y no es f\u00e1cil cansarse cuando se tira de \u00e9l.<\/p>\n<p>Acero forjado fuerte. El material del carrete de flejado es acero forjado fuerte, que es duradero, resistente y resistente al desgaste. Espesar la pared interior para lograr una calidad estable.<\/p>\n<p>Superficie de acero pintado. La superficie del carrete de flejado est\u00e1 tratada con tecnolog\u00eda de pintura para hornear, que no es f\u00e1cil de desprenderse y decolorarse, y es a prueba de herrumbre y resistente a la corrosi\u00f3n.<\/p>\n<p>Dise\u00f1o de cuchara de remolque. El cuerpo principal est\u00e1 equipado con un cubo de arrastre que puede colocar todo tipo de herramientas, y es m\u00e1s conveniente colocar todo tipo de herramientas necesarias para empacar en \u00e9l.<\/p>\n<p>Espesar ruedas. El cuerpo principal est\u00e1 equipado con ruedas industriales, hechas de caucho fuerte resistente al desgaste, y en el interior se utilizan cojinetes de alta calidad para hacer girar las ruedas, lo que es m\u00e1s duradero.<\/p>\n<figure id=\"attachment_1847\" aria-describedby=\"caption-attachment-1847\" style=\"width: 900px\" class=\"wp-caption alignnone\"><img decoding=\"async\" class=\"size-full wp-image-1847\" src=\"https:\/\/www.qianyipack.com\/wp-content\/uploads\/iron-strapping-dispenser-application-3.jpg\" alt=\"iron strapping dispenser application (3)\" width=\"900\" height=\"600\" srcset=\"https:\/\/www.qianyipack.com\/wp-content\/uploads\/iron-strapping-dispenser-application-3.jpg 900w, https:\/\/www.qianyipack.com\/wp-content\/uploads\/iron-strapping-dispenser-application-3-800x533.jpg 800w, https:\/\/www.qianyipack.com\/wp-content\/uploads\/iron-strapping-dispenser-application-3-300x200.jpg 300w, https:\/\/www.qianyipack.com\/wp-content\/uploads\/iron-strapping-dispenser-application-3-768x512.jpg 768w, https:\/\/www.qianyipack.com\/wp-content\/uploads\/iron-strapping-dispenser-application-3-18x12.jpg 18w\" sizes=\"(max-width: 900px) 100vw, 900px\" \/><figcaption id=\"caption-attachment-1847\" class=\"wp-caption-text\">aplicaci\u00f3n dispensadora de flejes de hierro (3)<\/figcaption><\/figure>\n<h3>Especificaci\u00f3n<\/h3>\n<p class=\" translation-block\">Nombre del producto: dispensador de flejes <br>\nProductos aplicables: correa de hierro \/ correa de acero <br>\nModelo de producto: XB39 <br>\nTama\u00f1o del producto: 710 * 310 * 1030 mm <br>\nCantidad de producto: 1 juego \/ caja\nPeso del producto: 15 kg <br>\nEmbalaje del producto: cart\u00f3n <br>\nCapacidad de carga del vag\u00f3n: 120 kg.<\/p>\n<h3>Aplicaci\u00f3n<\/h3>\n<p>Los dispensadores de flejes de hierro aplican flejes de hierro de 13 ~ 32 mm de ancho, flejes de acero, flejes galvanizados, los rodamientos en ambos lados son contra\u00edbles y el ancho de la bandeja se puede ajustar autom\u00e1ticamente seg\u00fan el di\u00e1metro de la correa. La correa de sujeci\u00f3n se fija sin direcci\u00f3n y la correa se puede tirar de abajo hacia arriba, a ambos lados.<\/p>\n<figure id=\"attachment_1846\" aria-describedby=\"caption-attachment-1846\" style=\"width: 900px\" class=\"wp-caption alignnone\"><img decoding=\"async\" class=\"size-full wp-image-1846\" src=\"https:\/\/www.qianyipack.com\/wp-content\/uploads\/iron-strapping-dispenser-application-2.jpg\" alt=\"iron strapping dispenser application (2)\" width=\"900\" height=\"506\" srcset=\"https:\/\/www.qianyipack.com\/wp-content\/uploads\/iron-strapping-dispenser-application-2.jpg 900w, https:\/\/www.qianyipack.com\/wp-content\/uploads\/iron-strapping-dispenser-application-2-800x450.jpg 800w, https:\/\/www.qianyipack.com\/wp-content\/uploads\/iron-strapping-dispenser-application-2-300x169.jpg 300w, https:\/\/www.qianyipack.com\/wp-content\/uploads\/iron-strapping-dispenser-application-2-768x432.jpg 768w, https:\/\/www.qianyipack.com\/wp-content\/uploads\/iron-strapping-dispenser-application-2-18x10.jpg 18w\" sizes=\"(max-width: 900px) 100vw, 900px\" \/><figcaption id=\"caption-attachment-1846\" class=\"wp-caption-text\">aplicaci\u00f3n dispensadora de flejes de hierro (2)<\/figcaption><\/figure>","protected":false},"excerpt":{"rendered":"<p>Los dispensadores de flejes de hierro aplican flejes de hierro de 13 ~ 32 mm de ancho, flejes de acero, flejes galvanizados, los rodamientos en ambos lados son contra\u00edbles y el ancho de la bandeja se puede ajustar autom\u00e1ticamente seg\u00fan el di\u00e1metro de la correa. La correa de sujeci\u00f3n se fija sin direcci\u00f3n y la correa se puede tirar de abajo hacia arriba, a ambos lados.<\/p>","protected":false},"featured_media":1843,"template":"","meta":{"ocean_post_layout":"","ocean_both_sidebars_style":"","ocean_both_sidebars_content_width":0,"ocean_both_sidebars_sidebars_width":0,"ocean_sidebar":"0","ocean_second_sidebar":"0","ocean_disable_margins":"enable","ocean_add_body_class":"","ocean_shortcode_before_top_bar":"","ocean_shortcode_after_top_bar":"","ocean_shortcode_before_header":"","ocean_shortcode_after_header":"","ocean_has_shortcode":"","ocean_shortcode_after_title":"","ocean_shortcode_before_footer_widgets":"","ocean_shortcode_after_footer_widgets":"","ocean_shortcode_before_footer_bottom":"","ocean_shortcode_after_footer_bottom":"","ocean_display_top_bar":"default","ocean_display_header":"default","ocean_header_style":"","ocean_center_header_left_menu":"0","ocean_custom_header_template":"0","ocean_custom_logo":0,"ocean_custom_retina_logo":0,"ocean_custom_logo_max_width":0,"ocean_custom_logo_tablet_max_width":0,"ocean_custom_logo_mobile_max_width":0,"ocean_custom_logo_max_height":0,"ocean_custom_logo_tablet_max_height":0,"ocean_custom_logo_mobile_max_height":0,"ocean_header_custom_menu":"0","ocean_menu_typo_font_family":"0","ocean_menu_typo_font_subset":"","ocean_menu_typo_font_size":0,"ocean_menu_typo_font_size_tablet":0,"ocean_menu_typo_font_size_mobile":0,"ocean_menu_typo_font_size_unit":"px","ocean_menu_typo_font_weight":"","ocean_menu_typo_font_weight_tablet":"","ocean_menu_typo_font_weight_mobile":"","ocean_menu_typo_transform":"","ocean_menu_typo_transform_tablet":"","ocean_menu_typo_transform_mobile":"","ocean_menu_typo_line_height":0,"ocean_menu_typo_line_height_tablet":0,"ocean_menu_typo_line_height_mobile":0,"ocean_menu_typo_line_height_unit":"","ocean_menu_typo_spacing":0,"ocean_menu_typo_spacing_tablet":0,"ocean_menu_typo_spacing_mobile":0,"ocean_menu_typo_spacing_unit":"","ocean_menu_link_color":"","ocean_menu_link_color_hover":"","ocean_menu_link_color_active":"","ocean_menu_link_background":"","ocean_menu_link_hover_background":"","ocean_menu_link_active_background":"","ocean_menu_social_links_bg":"","ocean_menu_social_hover_links_bg":"","ocean_menu_social_links_color":"","ocean_menu_social_hover_links_color":"","ocean_disable_title":"default","ocean_disable_heading":"default","ocean_post_title":"","ocean_post_subheading":"","ocean_post_title_style":"","ocean_post_title_background_color":"","ocean_post_title_background":0,"ocean_post_title_bg_image_position":"","ocean_post_title_bg_image_attachment":"","ocean_post_title_bg_image_repeat":"","ocean_post_title_bg_image_size":"","ocean_post_title_height":0,"ocean_post_title_bg_overlay":0.5,"ocean_post_title_bg_overlay_color":"","ocean_disable_breadcrumbs":"default","ocean_breadcrumbs_color":"","ocean_breadcrumbs_separator_color":"","ocean_breadcrumbs_links_color":"","ocean_breadcrumbs_links_hover_color":"","ocean_display_footer_widgets":"default","ocean_display_footer_bottom":"default","ocean_custom_footer_template":"0","osh_disable_topbar_sticky":"default","osh_disable_header_sticky":"default","osh_sticky_header_style":"default","osh_sticky_header_effect":"","osh_custom_sticky_logo":0,"osh_custom_retina_sticky_logo":0,"osh_custom_sticky_logo_height":0,"osh_background_color":"","osh_links_color":"","osh_links_hover_color":"","osh_links_active_color":"","osh_links_bg_color":"","osh_links_hover_bg_color":"","osh_links_active_bg_color":"","osh_menu_social_links_color":"","osh_menu_social_hover_links_color":""},"product_brand":[],"product_cat":[46],"product_tag":[73,80,75],"class_list":{"0":"post-1848","1":"product","2":"type-product","3":"status-publish","4":"has-post-thumbnail","6":"product_cat-strapping-dispenser","7":"product_tag-strapping-dispenser","8":"product_tag-strapping-reel-cart","9":"product_tag-strapping-tray-trolley","11":"entry","12":"has-media","14":"first","15":"instock","16":"shipping-taxable","17":"product-type-external","18":"col","19":"span_1_of_3","20":"owp-content-center","21":"owp-thumbs-layout-horizontal","22":"owp-btn-very-big","23":"owp-tabs-layout-horizontal"},"_links":{"self":[{"href":"https:\/\/www.qianyipack.com\/es\/wp-json\/wp\/v2\/product\/1848","targetHints":{"allow":["GET"]}}],"collection":[{"href":"https:\/\/www.qianyipack.com\/es\/wp-json\/wp\/v2\/product"}],"about":[{"href":"https:\/\/www.qianyipack.com\/es\/wp-json\/wp\/v2\/types\/product"}],"wp:featuredmedia":[{"embeddable":true,"href":"https:\/\/www.qianyipack.com\/es\/wp-json\/wp\/v2\/media\/1843"}],"wp:attachment":[{"href":"https:\/\/www.qianyipack.com\/es\/wp-json\/wp\/v2\/media?parent=1848"}],"wp:term":[{"taxonomy":"product_brand","embeddable":true,"href":"https:\/\/www.qianyipack.com\/es\/wp-json\/wp\/v2\/product_brand?post=1848"},{"taxonomy":"product_cat","embeddable":true,"href":"https:\/\/www.qianyipack.com\/es\/wp-json\/wp\/v2\/product_cat?post=1848"},{"taxonomy":"product_tag","embeddable":true,"href":"https:\/\/www.qianyipack.com\/es\/wp-json\/wp\/v2\/product_tag?post=1848"}],"curies":[{"name":"wp","href":"https:\/\/api.w.org\/{rel}","templated":true}]}}