{"id":2017,"date":"2021-10-27T00:30:39","date_gmt":"2021-10-27T08:30:39","guid":{"rendered":"https:\/\/www.qianyipack.com\/?post_type=product&#038;p=2017"},"modified":"2021-11-23T17:45:14","modified_gmt":"2021-11-24T01:45:14","slug":"40mm-soft-polyester-woven-heavy-duty-lashing-strap","status":"publish","type":"product","link":"https:\/\/www.qianyipack.com\/es\/producto\/40mm-soft-polyester-woven-heavy-duty-lashing-strap","title":{"rendered":"Correa de amarre resistente tejida de poli\u00e9ster suave de 40 mm"},"content":{"rendered":"<p class=\" translation-block\">Como la correa tejida de alta resistencia es resistente al aceite, la grasa, el \u00e1cido diluido, el \u00e1lcali diluido y la mayor\u00eda de los solventes, es \u00fatil para izar productos de pintura, productos de pl\u00e1stico, izado de m\u00e1quinas herramienta y tratamiento de superficies o tuber\u00edas anticorrosivas e hidratantes y tuber\u00eda. Carga, descarga y fijaci\u00f3n de objetos. <br>\nLas correas de amarre deben desecharse en las siguientes condiciones durante el uso: <br>\nLas correas, incluida la cubierta protectora, est\u00e1n muy desgastadas, perforadas, envejecidas, cortadas y rasgadas. <br>\nLa fibra de la correa de sujeci\u00f3n de carga est\u00e1 envejecida, se ablanda, es menos el\u00e1stica y tiene una resistencia m\u00e1s d\u00e9bil. <br>\nLas costuras est\u00e1n deshilachadas y las costuras deshilachadas. <br>\nLa superficie de la fibra es rugosa y f\u00e1cil de despegar. <br>\nEl cabestrillo tiene un nudo muerto. <br>\nPuntos excesivos de holgura en la superficie de la eslinga, corrosi\u00f3n de \u00e1cidos y \u00e1lcalis y fusi\u00f3n o quemaduras t\u00e9rmicas.<\/p>\n<figure id=\"attachment_2003\" aria-describedby=\"caption-attachment-2003\" style=\"width: 960px\" class=\"wp-caption alignnone\"><img fetchpriority=\"high\" decoding=\"async\" class=\"size-full wp-image-2003\" src=\"https:\/\/www.qianyipack.com\/wp-content\/uploads\/40mm-heavy-duty-strap-5.jpg\" alt=\"40mm heavy-duty strap (5)\" width=\"960\" height=\"540\" srcset=\"https:\/\/www.qianyipack.com\/wp-content\/uploads\/40mm-heavy-duty-strap-5.jpg 960w, https:\/\/www.qianyipack.com\/wp-content\/uploads\/40mm-heavy-duty-strap-5-800x450.jpg 800w, https:\/\/www.qianyipack.com\/wp-content\/uploads\/40mm-heavy-duty-strap-5-300x169.jpg 300w, https:\/\/www.qianyipack.com\/wp-content\/uploads\/40mm-heavy-duty-strap-5-768x432.jpg 768w, https:\/\/www.qianyipack.com\/wp-content\/uploads\/40mm-heavy-duty-strap-5-18x10.jpg 18w\" sizes=\"(max-width: 960px) 100vw, 960px\" \/><figcaption id=\"caption-attachment-2003\" class=\"wp-caption-text\">Correa resistente de 40 mm (5)<\/figcaption><\/figure>\n<h3>Especificaci\u00f3n<\/h3>\n<figure id=\"attachment_2005\" aria-describedby=\"caption-attachment-2005\" style=\"width: 960px\" class=\"wp-caption alignnone\"><img decoding=\"async\" class=\"size-full wp-image-2005\" src=\"https:\/\/www.qianyipack.com\/wp-content\/uploads\/40mm-woven-strapping-specification.jpg\" alt=\"40mm woven strapping specification\" width=\"960\" height=\"645\" srcset=\"https:\/\/www.qianyipack.com\/wp-content\/uploads\/40mm-woven-strapping-specification.jpg 960w, https:\/\/www.qianyipack.com\/wp-content\/uploads\/40mm-woven-strapping-specification-800x538.jpg 800w, https:\/\/www.qianyipack.com\/wp-content\/uploads\/40mm-woven-strapping-specification-300x202.jpg 300w, https:\/\/www.qianyipack.com\/wp-content\/uploads\/40mm-woven-strapping-specification-768x516.jpg 768w, https:\/\/www.qianyipack.com\/wp-content\/uploads\/40mm-woven-strapping-specification-18x12.jpg 18w\" sizes=\"(max-width: 960px) 100vw, 960px\" \/><figcaption id=\"caption-attachment-2005\" class=\"wp-caption-text\">Especificaci\u00f3n de flejado tejido de 40 mm<\/figcaption><\/figure>\n<h3>Caracter\u00edstica<\/h3>\n<p class=\" translation-block\">Es liviano, el 20% del peso de un esparcidor de metal y f\u00e1cil de usar. <br>\nNo da\u00f1a la superficie del objeto suspendido. <br>\nMejora la eficiencia laboral y ahorra costes. <br>\nTiene buena resistencia a la corrosi\u00f3n y al desgaste. <br>\nTiene una amplia gama de usos: utilizado en puertos, productos qu\u00edmicos, acero, maquinaria, petr\u00f3leo, energ\u00eda el\u00e9ctrica, ferrocarriles, miner\u00eda, metalurgia, construcci\u00f3n naval, autom\u00f3viles, aeroespacial, militar, instalaci\u00f3n y otros campos industriales.<\/p>\n<h3>Aviso<\/h3>\n<p class=\" translation-block\">No utilice eslingas da\u00f1adas. <br>\nAl izar, no retuerza ni retuerza la eslinga. <br>\nNo dejes que el cabestrillo se anude. <br>\nEvite romper las juntas de costura o sobrecargar el trabajo. <br>\nAl mover el cabestrillo, no lo arrastre. <br>\nEvite agarrar o sacudir la carga. <br>\nCada arn\u00e9s debe revisarse antes de cada uso.<\/p>\n<figure id=\"attachment_2004\" aria-describedby=\"caption-attachment-2004\" style=\"width: 960px\" class=\"wp-caption alignnone\"><img decoding=\"async\" class=\"size-full wp-image-2004\" src=\"https:\/\/www.qianyipack.com\/wp-content\/uploads\/40mm-heavy-duty-strap-6.jpg\" alt=\"40mm heavy-duty strap (6)\" width=\"960\" height=\"540\" srcset=\"https:\/\/www.qianyipack.com\/wp-content\/uploads\/40mm-heavy-duty-strap-6.jpg 960w, https:\/\/www.qianyipack.com\/wp-content\/uploads\/40mm-heavy-duty-strap-6-800x450.jpg 800w, https:\/\/www.qianyipack.com\/wp-content\/uploads\/40mm-heavy-duty-strap-6-300x169.jpg 300w, https:\/\/www.qianyipack.com\/wp-content\/uploads\/40mm-heavy-duty-strap-6-768x432.jpg 768w, https:\/\/www.qianyipack.com\/wp-content\/uploads\/40mm-heavy-duty-strap-6-18x10.jpg 18w\" sizes=\"(max-width: 960px) 100vw, 960px\" \/><figcaption id=\"caption-attachment-2004\" class=\"wp-caption-text\">Correa de 40 mm para trabajos pesados (6)<\/figcaption><\/figure>","protected":false},"excerpt":{"rendered":"<div id=\"outer-wrap\" class=\"site clr\">\n<div id=\"wrap\" class=\"clr\">\n<div id=\"outer-wrap\" class=\"site clr\">\n<div id=\"wrap\" class=\"clr\">\n<p>El amarre de servicio pesado tiene las caracter\u00edsticas de ser ligero, suave, de alto coeficiente, buena resistencia al plegado, larga vida \u00fatil, sin gas y baja permeabilidad al vapor de agua debido a su \u00e1rea de contacto amplia y plana, no da\u00f1a el objeto suspendido, por lo que sobre. Ampliamente utilizado en diversos campos, reemplazando gradualmente las eslingas de cable de acero.<\/p>\n<\/div>\n<\/div>\n<\/div>\n<\/div>","protected":false},"featured_media":1999,"template":"","meta":{"ocean_post_layout":"","ocean_both_sidebars_style":"","ocean_both_sidebars_content_width":0,"ocean_both_sidebars_sidebars_width":0,"ocean_sidebar":"0","ocean_second_sidebar":"0","ocean_disable_margins":"enable","ocean_add_body_class":"","ocean_shortcode_before_top_bar":"","ocean_shortcode_after_top_bar":"","ocean_shortcode_before_header":"","ocean_shortcode_after_header":"","ocean_has_shortcode":"","ocean_shortcode_after_title":"","ocean_shortcode_before_footer_widgets":"","ocean_shortcode_after_footer_widgets":"","ocean_shortcode_before_footer_bottom":"","ocean_shortcode_after_footer_bottom":"","ocean_display_top_bar":"default","ocean_display_header":"default","ocean_header_style":"","ocean_center_header_left_menu":"0","ocean_custom_header_template":"0","ocean_custom_logo":0,"ocean_custom_retina_logo":0,"ocean_custom_logo_max_width":0,"ocean_custom_logo_tablet_max_width":0,"ocean_custom_logo_mobile_max_width":0,"ocean_custom_logo_max_height":0,"ocean_custom_logo_tablet_max_height":0,"ocean_custom_logo_mobile_max_height":0,"ocean_header_custom_menu":"0","ocean_menu_typo_font_family":"0","ocean_menu_typo_font_subset":"","ocean_menu_typo_font_size":0,"ocean_menu_typo_font_size_tablet":0,"ocean_menu_typo_font_size_mobile":0,"ocean_menu_typo_font_size_unit":"px","ocean_menu_typo_font_weight":"","ocean_menu_typo_font_weight_tablet":"","ocean_menu_typo_font_weight_mobile":"","ocean_menu_typo_transform":"","ocean_menu_typo_transform_tablet":"","ocean_menu_typo_transform_mobile":"","ocean_menu_typo_line_height":0,"ocean_menu_typo_line_height_tablet":0,"ocean_menu_typo_line_height_mobile":0,"ocean_menu_typo_line_height_unit":"","ocean_menu_typo_spacing":0,"ocean_menu_typo_spacing_tablet":0,"ocean_menu_typo_spacing_mobile":0,"ocean_menu_typo_spacing_unit":"","ocean_menu_link_color":"","ocean_menu_link_color_hover":"","ocean_menu_link_color_active":"","ocean_menu_link_background":"","ocean_menu_link_hover_background":"","ocean_menu_link_active_background":"","ocean_menu_social_links_bg":"","ocean_menu_social_hover_links_bg":"","ocean_menu_social_links_color":"","ocean_menu_social_hover_links_color":"","ocean_disable_title":"default","ocean_disable_heading":"default","ocean_post_title":"","ocean_post_subheading":"","ocean_post_title_style":"","ocean_post_title_background_color":"","ocean_post_title_background":0,"ocean_post_title_bg_image_position":"","ocean_post_title_bg_image_attachment":"","ocean_post_title_bg_image_repeat":"","ocean_post_title_bg_image_size":"","ocean_post_title_height":0,"ocean_post_title_bg_overlay":0.5,"ocean_post_title_bg_overlay_color":"","ocean_disable_breadcrumbs":"default","ocean_breadcrumbs_color":"","ocean_breadcrumbs_separator_color":"","ocean_breadcrumbs_links_color":"","ocean_breadcrumbs_links_hover_color":"","ocean_display_footer_widgets":"default","ocean_display_footer_bottom":"default","ocean_custom_footer_template":"0","osh_disable_topbar_sticky":"default","osh_disable_header_sticky":"default","osh_sticky_header_style":"default","osh_sticky_header_effect":"","osh_custom_sticky_logo":0,"osh_custom_retina_sticky_logo":0,"osh_custom_sticky_logo_height":0,"osh_background_color":"","osh_links_color":"","osh_links_hover_color":"","osh_links_active_color":"","osh_links_bg_color":"","osh_links_hover_bg_color":"","osh_links_active_bg_color":"","osh_menu_social_links_color":"","osh_menu_social_hover_links_color":""},"product_brand":[],"product_cat":[38],"product_tag":[89,90,88],"class_list":{"0":"post-2017","1":"product","2":"type-product","3":"status-publish","4":"has-post-thumbnail","6":"product_cat-woven-polyester-strap","7":"product_tag-polyester-cord-strapping","8":"product_tag-woven-polyester-strapping","9":"product_tag-woven-strap","11":"entry","12":"has-media","14":"first","15":"instock","16":"shipping-taxable","17":"product-type-external","18":"col","19":"span_1_of_3","20":"owp-content-center","21":"owp-thumbs-layout-horizontal","22":"owp-btn-very-big","23":"owp-tabs-layout-horizontal"},"_links":{"self":[{"href":"https:\/\/www.qianyipack.com\/es\/wp-json\/wp\/v2\/product\/2017","targetHints":{"allow":["GET"]}}],"collection":[{"href":"https:\/\/www.qianyipack.com\/es\/wp-json\/wp\/v2\/product"}],"about":[{"href":"https:\/\/www.qianyipack.com\/es\/wp-json\/wp\/v2\/types\/product"}],"wp:featuredmedia":[{"embeddable":true,"href":"https:\/\/www.qianyipack.com\/es\/wp-json\/wp\/v2\/media\/1999"}],"wp:attachment":[{"href":"https:\/\/www.qianyipack.com\/es\/wp-json\/wp\/v2\/media?parent=2017"}],"wp:term":[{"taxonomy":"product_brand","embeddable":true,"href":"https:\/\/www.qianyipack.com\/es\/wp-json\/wp\/v2\/product_brand?post=2017"},{"taxonomy":"product_cat","embeddable":true,"href":"https:\/\/www.qianyipack.com\/es\/wp-json\/wp\/v2\/product_cat?post=2017"},{"taxonomy":"product_tag","embeddable":true,"href":"https:\/\/www.qianyipack.com\/es\/wp-json\/wp\/v2\/product_tag?post=2017"}],"curies":[{"name":"wp","href":"https:\/\/api.w.org\/{rel}","templated":true}]}}