{"id":2018,"date":"2021-10-27T00:56:20","date_gmt":"2021-10-27T08:56:20","guid":{"rendered":"https:\/\/www.qianyipack.com\/?post_type=product&#038;p=2018"},"modified":"2021-11-23T17:44:30","modified_gmt":"2021-11-24T01:44:30","slug":"9mm-polyester-woven-strapping-for-fixation-of-goods","status":"publish","type":"product","link":"https:\/\/www.qianyipack.com\/es\/producto\/9mm-polyester-woven-strapping-for-fixation-of-goods","title":{"rendered":"Fleje tejido de poli\u00e9ster de 9 mm para fijaci\u00f3n de mercanc\u00edas"},"content":{"rendered":"<p><a href=\"https:\/\/www.qianyipack.com\/en\/product-tag\/polyester-strapping\" target=\"_blank\" rel=\"noopener\">Fleje tejido de poli\u00e9ster<\/a> tiene las ventajas de un peso ligero, un mantenimiento conveniente y una buena resistencia qu\u00edmica, as\u00ed como excelentes caracter\u00edsticas como un peso ligero, una alta resistencia y no es f\u00e1cil da\u00f1ar la superficie del objeto de elevaci\u00f3n. Cada vez es m\u00e1s popular entre los usuarios y ha ido sustituyendo al cable de acero en muchos aspectos.<\/p>\n<figure id=\"attachment_1996\" aria-describedby=\"caption-attachment-1996\" style=\"width: 960px\" class=\"wp-caption alignnone\"><img fetchpriority=\"high\" decoding=\"async\" class=\"size-full wp-image-1996\" src=\"https:\/\/www.qianyipack.com\/wp-content\/uploads\/9mm-woven-packaging-strap-5.jpg\" alt=\"9mm woven packaging strap (5)\" width=\"960\" height=\"640\" srcset=\"https:\/\/www.qianyipack.com\/wp-content\/uploads\/9mm-woven-packaging-strap-5.jpg 960w, https:\/\/www.qianyipack.com\/wp-content\/uploads\/9mm-woven-packaging-strap-5-800x533.jpg 800w, https:\/\/www.qianyipack.com\/wp-content\/uploads\/9mm-woven-packaging-strap-5-300x200.jpg 300w, https:\/\/www.qianyipack.com\/wp-content\/uploads\/9mm-woven-packaging-strap-5-768x512.jpg 768w, https:\/\/www.qianyipack.com\/wp-content\/uploads\/9mm-woven-packaging-strap-5-18x12.jpg 18w\" sizes=\"(max-width: 960px) 100vw, 960px\" \/><figcaption id=\"caption-attachment-1996\" class=\"wp-caption-text\">Correa de embalaje tejida de 9 mm (5)<\/figcaption><\/figure>\n<h3>Caracter\u00edstica<\/h3>\n<p class=\" translation-block\">Est\u00e1ndares de especificaci\u00f3n. Controle estrictamente los est\u00e1ndares de producci\u00f3n de la correa de flejado, de modo que el error se controle dentro del rango aceptable, la fuerza es uniforme, la dureza es alta, no es f\u00e1cil de deformar, la vida es larga, la resistencia a la corrosi\u00f3n y el desgaste. la resistencia es buena. <br>\nArtesan\u00eda. La superficie del cintur\u00f3n tejido es lisa y sin rebabas, la apariencia es exquisita, la mano de obra es excelente, resistente y duradera, no da\u00f1a la apariencia del objeto que se cuelga y el mantenimiento es fuerte. <br>\nMateriales seleccionados. Estricta selecci\u00f3n de materiales de flejado, selecci\u00f3n de materias primas capa por capa, cada vez que los materiales se seleccionan en el sitio, y se selecciona alambre de poli\u00e9ster suave de alta resistencia y alta calidad, y el producto se elabora cuidadosamente desde la fuente. <Br>\nTejido cient\u00edfico. La correa adopta una textura tejida de alta estanqueidad para hacer que el poli\u00e9ster tenga una forma de tejido inactivo, evitando la tensi\u00f3n insuficiente causada por m\u00faltiples uniones y un alto coeficiente de seguridad. <br>\nF\u00e1cil de usar. La correa es liviana, flexible, resistente a la fluencia, resistencia a la fatiga, resistencia a la fricci\u00f3n, estabilidad y f\u00e1cil de manejar. <br>\nPlanchado a alta temperatura. Despu\u00e9s de que nuestro cintur\u00f3n trenzado est\u00e9 tejido y formado, se debe planchar con pegamento especial a alta temperatura para mejorar la tensi\u00f3n y la resistencia al deslizamiento del cintur\u00f3n trenzado.<\/p>\n<figure id=\"attachment_1998\" aria-describedby=\"caption-attachment-1998\" style=\"width: 960px\" class=\"wp-caption alignnone\"><img decoding=\"async\" class=\"size-full wp-image-1998\" src=\"https:\/\/www.qianyipack.com\/wp-content\/uploads\/9mm-woven-strap-specification.jpg\" alt=\"9mm woven strap specification\" width=\"960\" height=\"506\" srcset=\"https:\/\/www.qianyipack.com\/wp-content\/uploads\/9mm-woven-strap-specification.jpg 960w, https:\/\/www.qianyipack.com\/wp-content\/uploads\/9mm-woven-strap-specification-800x422.jpg 800w, https:\/\/www.qianyipack.com\/wp-content\/uploads\/9mm-woven-strap-specification-300x158.jpg 300w, https:\/\/www.qianyipack.com\/wp-content\/uploads\/9mm-woven-strap-specification-768x405.jpg 768w, https:\/\/www.qianyipack.com\/wp-content\/uploads\/9mm-woven-strap-specification-18x9.jpg 18w\" sizes=\"(max-width: 960px) 100vw, 960px\" \/><figcaption id=\"caption-attachment-1998\" class=\"wp-caption-text\">Especificaci\u00f3n de la correa tejida de 9 mm<\/figcaption><\/figure>\n<h3>Aplicaci\u00f3n<\/h3>\n<p>Se utiliza principalmente para izar gr\u00faas de ingenier\u00eda portuaria, equipos de miner\u00eda metal\u00fargica, precio neto de campos petroleros, equipos de energ\u00eda, acer\u00edas, campos petroleros, puertos, electromec\u00e1nica, transporte y otras industrias.<\/p>\n<figure id=\"attachment_1997\" aria-describedby=\"caption-attachment-1997\" style=\"width: 960px\" class=\"wp-caption alignnone\"><img decoding=\"async\" class=\"size-full wp-image-1997\" src=\"https:\/\/www.qianyipack.com\/wp-content\/uploads\/9mm-woven-packaging-strap-6.jpg\" alt=\"9mm woven packaging strap (6)\" width=\"960\" height=\"540\" srcset=\"https:\/\/www.qianyipack.com\/wp-content\/uploads\/9mm-woven-packaging-strap-6.jpg 960w, https:\/\/www.qianyipack.com\/wp-content\/uploads\/9mm-woven-packaging-strap-6-800x450.jpg 800w, https:\/\/www.qianyipack.com\/wp-content\/uploads\/9mm-woven-packaging-strap-6-300x169.jpg 300w, https:\/\/www.qianyipack.com\/wp-content\/uploads\/9mm-woven-packaging-strap-6-768x432.jpg 768w, https:\/\/www.qianyipack.com\/wp-content\/uploads\/9mm-woven-packaging-strap-6-18x10.jpg 18w\" sizes=\"(max-width: 960px) 100vw, 960px\" \/><figcaption id=\"caption-attachment-1997\" class=\"wp-caption-text\">Correa de embalaje tejida de 9 mm (6)<\/figcaption><\/figure>","protected":false},"excerpt":{"rendered":"<div id=\"outer-wrap\" class=\"site clr\">\n<div id=\"wrap\" class=\"clr\">\n<p>La superficie exterior del flejado est\u00e1 bien y no da\u00f1ar\u00e1 los objetos vulnerables. Adem\u00e1s, existen muchos m\u00e9todos de embalaje y tambi\u00e9n se puede utilizar para arrastrar los objetos suspendidos. Se puede imprimir con etiquetas relevantes, y el color se usa para distinguir el tonelaje de la carga, incluso si la correa est\u00e1 desgastada, es f\u00e1cil de identificar.<\/p>\n<\/div>\n<\/div>","protected":false},"featured_media":1995,"template":"","meta":{"ocean_post_layout":"","ocean_both_sidebars_style":"","ocean_both_sidebars_content_width":0,"ocean_both_sidebars_sidebars_width":0,"ocean_sidebar":"0","ocean_second_sidebar":"0","ocean_disable_margins":"enable","ocean_add_body_class":"","ocean_shortcode_before_top_bar":"","ocean_shortcode_after_top_bar":"","ocean_shortcode_before_header":"","ocean_shortcode_after_header":"","ocean_has_shortcode":"","ocean_shortcode_after_title":"","ocean_shortcode_before_footer_widgets":"","ocean_shortcode_after_footer_widgets":"","ocean_shortcode_before_footer_bottom":"","ocean_shortcode_after_footer_bottom":"","ocean_display_top_bar":"default","ocean_display_header":"default","ocean_header_style":"","ocean_center_header_left_menu":"0","ocean_custom_header_template":"0","ocean_custom_logo":0,"ocean_custom_retina_logo":0,"ocean_custom_logo_max_width":0,"ocean_custom_logo_tablet_max_width":0,"ocean_custom_logo_mobile_max_width":0,"ocean_custom_logo_max_height":0,"ocean_custom_logo_tablet_max_height":0,"ocean_custom_logo_mobile_max_height":0,"ocean_header_custom_menu":"0","ocean_menu_typo_font_family":"0","ocean_menu_typo_font_subset":"","ocean_menu_typo_font_size":0,"ocean_menu_typo_font_size_tablet":0,"ocean_menu_typo_font_size_mobile":0,"ocean_menu_typo_font_size_unit":"px","ocean_menu_typo_font_weight":"","ocean_menu_typo_font_weight_tablet":"","ocean_menu_typo_font_weight_mobile":"","ocean_menu_typo_transform":"","ocean_menu_typo_transform_tablet":"","ocean_menu_typo_transform_mobile":"","ocean_menu_typo_line_height":0,"ocean_menu_typo_line_height_tablet":0,"ocean_menu_typo_line_height_mobile":0,"ocean_menu_typo_line_height_unit":"","ocean_menu_typo_spacing":0,"ocean_menu_typo_spacing_tablet":0,"ocean_menu_typo_spacing_mobile":0,"ocean_menu_typo_spacing_unit":"","ocean_menu_link_color":"","ocean_menu_link_color_hover":"","ocean_menu_link_color_active":"","ocean_menu_link_background":"","ocean_menu_link_hover_background":"","ocean_menu_link_active_background":"","ocean_menu_social_links_bg":"","ocean_menu_social_hover_links_bg":"","ocean_menu_social_links_color":"","ocean_menu_social_hover_links_color":"","ocean_disable_title":"default","ocean_disable_heading":"default","ocean_post_title":"","ocean_post_subheading":"","ocean_post_title_style":"","ocean_post_title_background_color":"","ocean_post_title_background":0,"ocean_post_title_bg_image_position":"","ocean_post_title_bg_image_attachment":"","ocean_post_title_bg_image_repeat":"","ocean_post_title_bg_image_size":"","ocean_post_title_height":0,"ocean_post_title_bg_overlay":0.5,"ocean_post_title_bg_overlay_color":"","ocean_disable_breadcrumbs":"default","ocean_breadcrumbs_color":"","ocean_breadcrumbs_separator_color":"","ocean_breadcrumbs_links_color":"","ocean_breadcrumbs_links_hover_color":"","ocean_display_footer_widgets":"default","ocean_display_footer_bottom":"default","ocean_custom_footer_template":"0","osh_disable_topbar_sticky":"default","osh_disable_header_sticky":"default","osh_sticky_header_style":"default","osh_sticky_header_effect":"","osh_custom_sticky_logo":0,"osh_custom_retina_sticky_logo":0,"osh_custom_sticky_logo_height":0,"osh_background_color":"","osh_links_color":"","osh_links_hover_color":"","osh_links_active_color":"","osh_links_bg_color":"","osh_links_hover_bg_color":"","osh_links_active_bg_color":"","osh_menu_social_links_color":"","osh_menu_social_hover_links_color":""},"product_brand":[],"product_cat":[38],"product_tag":[49,92,52],"class_list":{"0":"post-2018","1":"product","2":"type-product","3":"status-publish","4":"has-post-thumbnail","6":"product_cat-woven-polyester-strap","7":"product_tag-packaging-strap","8":"product_tag-polyester-strapping","9":"product_tag-woven-cord-strap","11":"entry","12":"has-media","14":"first","15":"instock","16":"shipping-taxable","17":"product-type-external","18":"col","19":"span_1_of_3","20":"owp-content-center","21":"owp-thumbs-layout-horizontal","22":"owp-btn-very-big","23":"owp-tabs-layout-horizontal"},"_links":{"self":[{"href":"https:\/\/www.qianyipack.com\/es\/wp-json\/wp\/v2\/product\/2018","targetHints":{"allow":["GET"]}}],"collection":[{"href":"https:\/\/www.qianyipack.com\/es\/wp-json\/wp\/v2\/product"}],"about":[{"href":"https:\/\/www.qianyipack.com\/es\/wp-json\/wp\/v2\/types\/product"}],"wp:featuredmedia":[{"embeddable":true,"href":"https:\/\/www.qianyipack.com\/es\/wp-json\/wp\/v2\/media\/1995"}],"wp:attachment":[{"href":"https:\/\/www.qianyipack.com\/es\/wp-json\/wp\/v2\/media?parent=2018"}],"wp:term":[{"taxonomy":"product_brand","embeddable":true,"href":"https:\/\/www.qianyipack.com\/es\/wp-json\/wp\/v2\/product_brand?post=2018"},{"taxonomy":"product_cat","embeddable":true,"href":"https:\/\/www.qianyipack.com\/es\/wp-json\/wp\/v2\/product_cat?post=2018"},{"taxonomy":"product_tag","embeddable":true,"href":"https:\/\/www.qianyipack.com\/es\/wp-json\/wp\/v2\/product_tag?post=2018"}],"curies":[{"name":"wp","href":"https:\/\/api.w.org\/{rel}","templated":true}]}}