{"id":2019,"date":"2021-10-27T01:13:03","date_gmt":"2021-10-27T09:13:03","guid":{"rendered":"https:\/\/www.qianyipack.com\/?post_type=product&#038;p=2019"},"modified":"2021-11-23T17:10:57","modified_gmt":"2021-11-24T01:10:57","slug":"9-32mm-manual-strapping-tensioner-for-strapping-band","status":"publish","type":"product","link":"https:\/\/www.qianyipack.com\/es\/producto\/9-32mm-manual-strapping-tensioner-for-strapping-band","title":{"rendered":"Tensor de flejado manual de 9-32 mm para flejadora"},"content":{"rendered":"<p>Adem\u00e1s de los tensores manuales, tambi\u00e9n suministramos tensores de correa de acero sin hebilla, tensores de correa de acero manuales, prensadores de correa de acero manuales, prensadores de correa de acero neum\u00e1ticos, prensadores de correa de acero pl\u00e1sticos manuales, prensadores de correa de acero pl\u00e1sticos manuales, correa de acero, carrete de correa de acero pl\u00e1sticos y <a href=\"https:\/\/www.qianyipack.com\/en\/product-tag\/strapping-tools\" target=\"_blank\" rel=\"noopener\">tensor de correa de fibra<\/a>, prensas el\u00e9ctricas de cinta de pl\u00e1stico, prensas el\u00e9ctricas de cinta de acero y otras prensas o tensores.<\/p>\n<figure id=\"attachment_2010\" aria-describedby=\"caption-attachment-2010\" style=\"width: 960px\" class=\"wp-caption alignnone\"><img fetchpriority=\"high\" decoding=\"async\" class=\"size-full wp-image-2010\" src=\"https:\/\/www.qianyipack.com\/wp-content\/uploads\/blue-strapping-tensioner-5.jpg\" alt=\"blue strapping tensioner (5)\" width=\"960\" height=\"640\" srcset=\"https:\/\/www.qianyipack.com\/wp-content\/uploads\/blue-strapping-tensioner-5.jpg 960w, https:\/\/www.qianyipack.com\/wp-content\/uploads\/blue-strapping-tensioner-5-800x533.jpg 800w, https:\/\/www.qianyipack.com\/wp-content\/uploads\/blue-strapping-tensioner-5-300x200.jpg 300w, https:\/\/www.qianyipack.com\/wp-content\/uploads\/blue-strapping-tensioner-5-768x512.jpg 768w, https:\/\/www.qianyipack.com\/wp-content\/uploads\/blue-strapping-tensioner-5-18x12.jpg 18w\" sizes=\"(max-width: 960px) 100vw, 960px\" \/><figcaption id=\"caption-attachment-2010\" class=\"wp-caption-text\">tensor de fleje azul (5)<\/figcaption><\/figure>\n<h3>Especificaci\u00f3n<\/h3>\n<p class=\" translation-block\">Dise\u00f1o ergonomico. El mango del tensor est\u00e1 dise\u00f1ado de acuerdo con la mec\u00e1nica humana, lo que aumenta la comodidad del agarre y previene eficazmente la fatiga y protege las manos. <br>\nDise\u00f1o de cabrestante. El tensor adopta un m\u00e9todo de apriete giratorio, que tiene una gran fuerza de apriete, una correa larga y una operaci\u00f3n conveniente. <br>\nDise\u00f1o de engranaje antideslizante. El tensor tiene un engranaje profundo para sujetarlo firmemente y ahorra tiempo al empaquetar la junta antideslizante. <br>\nGire el puerto de corte. El tensor est\u00e1 equipado con un cortador giratorio resistente al desgaste y un cortador afilado, que es conveniente y ahorra tiempo.<\/p>\n<figure id=\"attachment_1096\" aria-describedby=\"caption-attachment-1096\" style=\"width: 750px\" class=\"wp-caption alignnone\"><img decoding=\"async\" class=\"size-full wp-image-1096\" src=\"https:\/\/www.qianyipack.com\/wp-content\/uploads\/2021\/10\/strapping-tensioner-specification.jpg\" alt=\"strapping-tensioner-specification\" width=\"750\" height=\"866\" srcset=\"https:\/\/www.qianyipack.com\/wp-content\/uploads\/2021\/10\/strapping-tensioner-specification.jpg 750w, https:\/\/www.qianyipack.com\/wp-content\/uploads\/2021\/10\/strapping-tensioner-specification-260x300.jpg 260w, https:\/\/www.qianyipack.com\/wp-content\/uploads\/2021\/10\/strapping-tensioner-specification-600x693.jpg 600w\" sizes=\"(max-width: 750px) 100vw, 750px\" \/><figcaption id=\"caption-attachment-1096\" class=\"wp-caption-text\">especificaci\u00f3n del tensor de flejado<\/figcaption><\/figure>\n<h3>Usando pasos<\/h3>\n<p class=\" translation-block\">\u2460Ponga la correa de empaque a trav\u00e9s del tensor y presi\u00f3nela. <br>\n\u2461 Deslice la correa de empaque en la ranura del cortador y la ranura del cabrestante. <br>\n\u2462 Gire la manija hacia arriba y hacia abajo para apretarla. <br>\n\u2463 Coloque la hebilla del empaque en la correa del empaque. <br>\n\u2464Presione el mango de apriete con la mano y la cinta de empaque se dividir\u00e1. <br>\n\u2465 Siga presionando el asa de apriete y ret\u00edrela del cintur\u00f3n.<\/p>\n<figure id=\"attachment_2011\" aria-describedby=\"caption-attachment-2011\" style=\"width: 960px\" class=\"wp-caption alignnone\"><img decoding=\"async\" class=\"size-full wp-image-2011\" src=\"https:\/\/www.qianyipack.com\/wp-content\/uploads\/blue-strapping-tensioner-6.jpg\" alt=\"blue strapping tensioner (6)\" width=\"960\" height=\"675\" srcset=\"https:\/\/www.qianyipack.com\/wp-content\/uploads\/blue-strapping-tensioner-6.jpg 960w, https:\/\/www.qianyipack.com\/wp-content\/uploads\/blue-strapping-tensioner-6-800x563.jpg 800w, https:\/\/www.qianyipack.com\/wp-content\/uploads\/blue-strapping-tensioner-6-300x211.jpg 300w, https:\/\/www.qianyipack.com\/wp-content\/uploads\/blue-strapping-tensioner-6-768x540.jpg 768w, https:\/\/www.qianyipack.com\/wp-content\/uploads\/blue-strapping-tensioner-6-18x12.jpg 18w\" sizes=\"(max-width: 960px) 100vw, 960px\" \/><figcaption id=\"caption-attachment-2011\" class=\"wp-caption-text\">tensor de fleje azul (6)<\/figcaption><\/figure>\n<h3>Aplicaci\u00f3n<\/h3>\n<p>Haga que el empaque ya no sea una molestia. Es ampliamente utilizado en la industria del papel, industria del aluminio, acero, madera, embalaje de cajas de madera, fibra qu\u00edmica, hilado de algod\u00f3n, industria qu\u00edmica, productos met\u00e1licos y otras industrias.<\/p>\n<figure id=\"attachment_1095\" aria-describedby=\"caption-attachment-1095\" style=\"width: 960px\" class=\"wp-caption alignnone\"><img loading=\"lazy\" decoding=\"async\" class=\"size-full wp-image-1095\" src=\"https:\/\/www.qianyipack.com\/wp-content\/uploads\/2021\/10\/Heavy-duty-strap-application-1.jpg\" alt=\"strap tensioner application\" width=\"960\" height=\"540\" srcset=\"https:\/\/www.qianyipack.com\/wp-content\/uploads\/2021\/10\/Heavy-duty-strap-application-1.jpg 960w, https:\/\/www.qianyipack.com\/wp-content\/uploads\/2021\/10\/Heavy-duty-strap-application-1-800x450.jpg 800w, https:\/\/www.qianyipack.com\/wp-content\/uploads\/2021\/10\/Heavy-duty-strap-application-1-300x169.jpg 300w, https:\/\/www.qianyipack.com\/wp-content\/uploads\/2021\/10\/Heavy-duty-strap-application-1-768x432.jpg 768w\" sizes=\"(max-width: 960px) 100vw, 960px\" \/><figcaption id=\"caption-attachment-1095\" class=\"wp-caption-text\">aplicaci\u00f3n del tensor de correa<\/figcaption><\/figure>","protected":false},"excerpt":{"rendered":"<p>Este tensor de correa manual es adecuado para correas de fibra compuesta y correas tejidas de poli\u00e9ster con un ancho de 9-32 mm. Cuando est\u00e1 en uso, se puede usar con una m\u00e1quina de cierre de hebilla, una hebilla de correa de alambre de hierro (hebilla de retorno) o usar con la hebilla de embalaje cuadrada. Y el tensor viene con un cortador giratorio, que es conveniente de usar.<\/p>","protected":false},"featured_media":2009,"template":"","meta":{"ocean_post_layout":"","ocean_both_sidebars_style":"","ocean_both_sidebars_content_width":0,"ocean_both_sidebars_sidebars_width":0,"ocean_sidebar":"0","ocean_second_sidebar":"0","ocean_disable_margins":"enable","ocean_add_body_class":"","ocean_shortcode_before_top_bar":"","ocean_shortcode_after_top_bar":"","ocean_shortcode_before_header":"","ocean_shortcode_after_header":"","ocean_has_shortcode":"","ocean_shortcode_after_title":"","ocean_shortcode_before_footer_widgets":"","ocean_shortcode_after_footer_widgets":"","ocean_shortcode_before_footer_bottom":"","ocean_shortcode_after_footer_bottom":"","ocean_display_top_bar":"default","ocean_display_header":"default","ocean_header_style":"","ocean_center_header_left_menu":"0","ocean_custom_header_template":"0","ocean_custom_logo":0,"ocean_custom_retina_logo":0,"ocean_custom_logo_max_width":0,"ocean_custom_logo_tablet_max_width":0,"ocean_custom_logo_mobile_max_width":0,"ocean_custom_logo_max_height":0,"ocean_custom_logo_tablet_max_height":0,"ocean_custom_logo_mobile_max_height":0,"ocean_header_custom_menu":"0","ocean_menu_typo_font_family":"0","ocean_menu_typo_font_subset":"","ocean_menu_typo_font_size":0,"ocean_menu_typo_font_size_tablet":0,"ocean_menu_typo_font_size_mobile":0,"ocean_menu_typo_font_size_unit":"px","ocean_menu_typo_font_weight":"","ocean_menu_typo_font_weight_tablet":"","ocean_menu_typo_font_weight_mobile":"","ocean_menu_typo_transform":"","ocean_menu_typo_transform_tablet":"","ocean_menu_typo_transform_mobile":"","ocean_menu_typo_line_height":0,"ocean_menu_typo_line_height_tablet":0,"ocean_menu_typo_line_height_mobile":0,"ocean_menu_typo_line_height_unit":"","ocean_menu_typo_spacing":0,"ocean_menu_typo_spacing_tablet":0,"ocean_menu_typo_spacing_mobile":0,"ocean_menu_typo_spacing_unit":"","ocean_menu_link_color":"","ocean_menu_link_color_hover":"","ocean_menu_link_color_active":"","ocean_menu_link_background":"","ocean_menu_link_hover_background":"","ocean_menu_link_active_background":"","ocean_menu_social_links_bg":"","ocean_menu_social_hover_links_bg":"","ocean_menu_social_links_color":"","ocean_menu_social_hover_links_color":"","ocean_disable_title":"default","ocean_disable_heading":"default","ocean_post_title":"","ocean_post_subheading":"","ocean_post_title_style":"","ocean_post_title_background_color":"","ocean_post_title_background":0,"ocean_post_title_bg_image_position":"","ocean_post_title_bg_image_attachment":"","ocean_post_title_bg_image_repeat":"","ocean_post_title_bg_image_size":"","ocean_post_title_height":0,"ocean_post_title_bg_overlay":0.5,"ocean_post_title_bg_overlay_color":"","ocean_disable_breadcrumbs":"default","ocean_breadcrumbs_color":"","ocean_breadcrumbs_separator_color":"","ocean_breadcrumbs_links_color":"","ocean_breadcrumbs_links_hover_color":"","ocean_display_footer_widgets":"default","ocean_display_footer_bottom":"default","ocean_custom_footer_template":"0","osh_disable_topbar_sticky":"default","osh_disable_header_sticky":"default","osh_sticky_header_style":"default","osh_sticky_header_effect":"","osh_custom_sticky_logo":0,"osh_custom_retina_sticky_logo":0,"osh_custom_sticky_logo_height":0,"osh_background_color":"","osh_links_color":"","osh_links_hover_color":"","osh_links_active_color":"","osh_links_bg_color":"","osh_links_hover_bg_color":"","osh_links_active_bg_color":"","osh_menu_social_links_color":"","osh_menu_social_hover_links_color":""},"product_brand":[],"product_cat":[45],"product_tag":[94,93,63],"class_list":{"0":"post-2019","1":"product","2":"type-product","3":"status-publish","4":"has-post-thumbnail","6":"product_cat-strapping-tensioner","7":"product_tag-pet-strapping-tensioner","8":"product_tag-steel-strapping-tool","9":"product_tag-strapping-tools","11":"entry","12":"has-media","14":"first","15":"instock","16":"shipping-taxable","17":"product-type-external","18":"col","19":"span_1_of_3","20":"owp-content-center","21":"owp-thumbs-layout-horizontal","22":"owp-btn-very-big","23":"owp-tabs-layout-horizontal"},"_links":{"self":[{"href":"https:\/\/www.qianyipack.com\/es\/wp-json\/wp\/v2\/product\/2019","targetHints":{"allow":["GET"]}}],"collection":[{"href":"https:\/\/www.qianyipack.com\/es\/wp-json\/wp\/v2\/product"}],"about":[{"href":"https:\/\/www.qianyipack.com\/es\/wp-json\/wp\/v2\/types\/product"}],"wp:featuredmedia":[{"embeddable":true,"href":"https:\/\/www.qianyipack.com\/es\/wp-json\/wp\/v2\/media\/2009"}],"wp:attachment":[{"href":"https:\/\/www.qianyipack.com\/es\/wp-json\/wp\/v2\/media?parent=2019"}],"wp:term":[{"taxonomy":"product_brand","embeddable":true,"href":"https:\/\/www.qianyipack.com\/es\/wp-json\/wp\/v2\/product_brand?post=2019"},{"taxonomy":"product_cat","embeddable":true,"href":"https:\/\/www.qianyipack.com\/es\/wp-json\/wp\/v2\/product_cat?post=2019"},{"taxonomy":"product_tag","embeddable":true,"href":"https:\/\/www.qianyipack.com\/es\/wp-json\/wp\/v2\/product_tag?post=2019"}],"curies":[{"name":"wp","href":"https:\/\/api.w.org\/{rel}","templated":true}]}}