{"id":2020,"date":"2021-10-27T01:20:08","date_gmt":"2021-10-27T09:20:08","guid":{"rendered":"https:\/\/www.qianyipack.com\/?post_type=product&#038;p=2020"},"modified":"2021-11-23T17:01:33","modified_gmt":"2021-11-24T01:01:33","slug":"pp-pet-woven-packaging-strapping-dispenser-reeling-car","status":"publish","type":"product","link":"https:\/\/www.qianyipack.com\/es\/producto\/pp-pet-woven-packaging-strapping-dispenser-reeling-car","title":{"rendered":"Dispensador de flejes de embalaje de PET Carro de bobinado"},"content":{"rendered":"<p>El dispensador de flejes es una herramienta auxiliar importante cuando se utiliza <a href=\"https:\/\/www.qianyipack.com\/en\/products\" target=\"_blank\" rel=\"noopener\">flejado<\/a> y las m\u00e1quinas de flejado, haciendo que el entorno de embalaje desordenado sea estandarizado y ordenado. Este producto puede dividirse en tipo general y tipo especial seg\u00fan las especificaciones de la cinta de embalaje. Este producto est\u00e1 dise\u00f1ado para ser ligero, conveniente y duradero, con una caja de herramientas en el cuerpo, que puede almacenar el empacador y las ayudas de embalaje.<\/p>\n<figure id=\"attachment_2016\" aria-describedby=\"caption-attachment-2016\" style=\"width: 960px\" class=\"wp-caption alignnone\"><img fetchpriority=\"high\" decoding=\"async\" class=\"size-full wp-image-2016\" src=\"https:\/\/www.qianyipack.com\/wp-content\/uploads\/red-strapping-dispenser-5.jpg\" alt=\"red strapping dispenser (5)\" width=\"960\" height=\"640\" srcset=\"https:\/\/www.qianyipack.com\/wp-content\/uploads\/red-strapping-dispenser-5.jpg 960w, https:\/\/www.qianyipack.com\/wp-content\/uploads\/red-strapping-dispenser-5-800x533.jpg 800w, https:\/\/www.qianyipack.com\/wp-content\/uploads\/red-strapping-dispenser-5-300x200.jpg 300w, https:\/\/www.qianyipack.com\/wp-content\/uploads\/red-strapping-dispenser-5-768x512.jpg 768w, https:\/\/www.qianyipack.com\/wp-content\/uploads\/red-strapping-dispenser-5-18x12.jpg 18w\" sizes=\"(max-width: 960px) 100vw, 960px\" \/><figcaption id=\"caption-attachment-2016\" class=\"wp-caption-text\">dispensador de flejes rojo (5)<\/figcaption><\/figure>\n<h3>Caracter\u00edstica<\/h3>\n<p class=\" translation-block\">Est\u00e1 dise\u00f1ado en estilo europeo, f\u00e1cil de desmontar y montar, ligero y firme. <br>\nEs muy m\u00f3vil, firme, no voluminoso y f\u00e1cil de operar. <br>\nSu dise\u00f1o de caja de herramientas hace que el entorno de embalaje sea m\u00e1s estandarizado y limpio. <br>\nEst\u00e1 equipado con una caja de herramientas humanizada de gran capacidad, y la m\u00e1quina de embalaje del cliente se puede colocar en la caja de herramientas, lo que mejora la eficiencia del embalaje y el alto confort. <br>\nTiene ruedas de goma antideslizantes y resistentes al desgaste y adopta el principio de los rodamientos de rodillos para reemplazar las viejas ruedas de espuma y aumentar la vida \u00fatil. <br>\nTiene un chasis con ruedas, con dispositivo de freno de rueda, alta sensibilidad, se detiene cuando quiere detenerse y controla efectivamente la longitud de la correa.<\/p>\n<figure id=\"attachment_1596\" aria-describedby=\"caption-attachment-1596\" style=\"width: 960px\" class=\"wp-caption alignnone\"><img decoding=\"async\" class=\"size-full wp-image-1596\" src=\"https:\/\/www.qianyipack.com\/wp-content\/uploads\/strapping-dispenser-specification.jpg\" alt=\"strapping-dispenser-specification\" width=\"960\" height=\"960\" srcset=\"https:\/\/www.qianyipack.com\/wp-content\/uploads\/strapping-dispenser-specification.jpg 960w, https:\/\/www.qianyipack.com\/wp-content\/uploads\/strapping-dispenser-specification-300x300.jpg 300w, https:\/\/www.qianyipack.com\/wp-content\/uploads\/strapping-dispenser-specification-100x100.jpg 100w, https:\/\/www.qianyipack.com\/wp-content\/uploads\/strapping-dispenser-specification-800x800.jpg 800w, https:\/\/www.qianyipack.com\/wp-content\/uploads\/strapping-dispenser-specification-150x150.jpg 150w, https:\/\/www.qianyipack.com\/wp-content\/uploads\/strapping-dispenser-specification-768x768.jpg 768w, https:\/\/www.qianyipack.com\/wp-content\/uploads\/strapping-dispenser-specification-12x12.jpg 12w\" sizes=\"(max-width: 960px) 100vw, 960px\" \/><figcaption id=\"caption-attachment-1596\" class=\"wp-caption-text\">especificaci\u00f3n del dispensador de flejes<\/figcaption><\/figure>\n<h3>Aplicaci\u00f3n<\/h3>\n<p class=\" translation-block\">Estrictamente hablando, este dispensador de flejes est\u00e1 dise\u00f1ado principalmente por usuarios de flejes de PP, flejes de PET, flejes de fibra compuesta y flejes tejidos de poli\u00e9ster. Los discos del carro de bobinado son adecuados para embalar flejes con un ancho de banda de 9-50 mm, y adecuados para varias bandas de flejado con un di\u00e1metro interior de cilindros de papel de 200 mm. Las cubiertas superior e inferior se presionan y sujetan. <br>\nA trav\u00e9s del uso regular de nuestro carro de enrollado por parte de los usuarios, alguien lleva este carro para instalar flejes de polipropileno, flejes de poli\u00e9ster, flejes de fibra compuesta, flejes tejidos de poli\u00e9ster, porque siempre que el di\u00e1metro interior de su tubo de papel cumpla con los requisitos de di\u00e1metro del disco del carro de enrollado .<\/p>\n<figure id=\"attachment_1846\" aria-describedby=\"caption-attachment-1846\" style=\"width: 900px\" class=\"wp-caption alignnone\"><img decoding=\"async\" class=\"size-full wp-image-1846\" src=\"https:\/\/www.qianyipack.com\/wp-content\/uploads\/iron-strapping-dispenser-application-2.jpg\" alt=\"iron strapping dispenser application (2)\" width=\"900\" height=\"506\" srcset=\"https:\/\/www.qianyipack.com\/wp-content\/uploads\/iron-strapping-dispenser-application-2.jpg 900w, https:\/\/www.qianyipack.com\/wp-content\/uploads\/iron-strapping-dispenser-application-2-800x450.jpg 800w, https:\/\/www.qianyipack.com\/wp-content\/uploads\/iron-strapping-dispenser-application-2-300x169.jpg 300w, https:\/\/www.qianyipack.com\/wp-content\/uploads\/iron-strapping-dispenser-application-2-768x432.jpg 768w, https:\/\/www.qianyipack.com\/wp-content\/uploads\/iron-strapping-dispenser-application-2-18x10.jpg 18w\" sizes=\"(max-width: 900px) 100vw, 900px\" \/><figcaption id=\"caption-attachment-1846\" class=\"wp-caption-text\">aplicaci\u00f3n dispensadora de flejes de hierro (2)<\/figcaption><\/figure>","protected":false},"excerpt":{"rendered":"<p>Fije la cinta de embalaje en el carro de bobinado para evitar eficazmente que la cinta de embalaje se esparza. Al empacar, use el dispositivo de freno para controlar la longitud requerida de la correa de empaque. El dise\u00f1o de caja de herramientas f\u00e1cil de usar puede gestionar de forma centralizada herramientas de embalaje dispersas.<\/p>","protected":false},"featured_media":2013,"template":"","meta":{"ocean_post_layout":"","ocean_both_sidebars_style":"","ocean_both_sidebars_content_width":0,"ocean_both_sidebars_sidebars_width":0,"ocean_sidebar":"0","ocean_second_sidebar":"0","ocean_disable_margins":"enable","ocean_add_body_class":"","ocean_shortcode_before_top_bar":"","ocean_shortcode_after_top_bar":"","ocean_shortcode_before_header":"","ocean_shortcode_after_header":"","ocean_has_shortcode":"","ocean_shortcode_after_title":"","ocean_shortcode_before_footer_widgets":"","ocean_shortcode_after_footer_widgets":"","ocean_shortcode_before_footer_bottom":"","ocean_shortcode_after_footer_bottom":"","ocean_display_top_bar":"default","ocean_display_header":"default","ocean_header_style":"","ocean_center_header_left_menu":"0","ocean_custom_header_template":"0","ocean_custom_logo":0,"ocean_custom_retina_logo":0,"ocean_custom_logo_max_width":0,"ocean_custom_logo_tablet_max_width":0,"ocean_custom_logo_mobile_max_width":0,"ocean_custom_logo_max_height":0,"ocean_custom_logo_tablet_max_height":0,"ocean_custom_logo_mobile_max_height":0,"ocean_header_custom_menu":"0","ocean_menu_typo_font_family":"0","ocean_menu_typo_font_subset":"","ocean_menu_typo_font_size":0,"ocean_menu_typo_font_size_tablet":0,"ocean_menu_typo_font_size_mobile":0,"ocean_menu_typo_font_size_unit":"px","ocean_menu_typo_font_weight":"","ocean_menu_typo_font_weight_tablet":"","ocean_menu_typo_font_weight_mobile":"","ocean_menu_typo_transform":"","ocean_menu_typo_transform_tablet":"","ocean_menu_typo_transform_mobile":"","ocean_menu_typo_line_height":0,"ocean_menu_typo_line_height_tablet":0,"ocean_menu_typo_line_height_mobile":0,"ocean_menu_typo_line_height_unit":"","ocean_menu_typo_spacing":0,"ocean_menu_typo_spacing_tablet":0,"ocean_menu_typo_spacing_mobile":0,"ocean_menu_typo_spacing_unit":"","ocean_menu_link_color":"","ocean_menu_link_color_hover":"","ocean_menu_link_color_active":"","ocean_menu_link_background":"","ocean_menu_link_hover_background":"","ocean_menu_link_active_background":"","ocean_menu_social_links_bg":"","ocean_menu_social_hover_links_bg":"","ocean_menu_social_links_color":"","ocean_menu_social_hover_links_color":"","ocean_disable_title":"default","ocean_disable_heading":"default","ocean_post_title":"","ocean_post_subheading":"","ocean_post_title_style":"","ocean_post_title_background_color":"","ocean_post_title_background":0,"ocean_post_title_bg_image_position":"","ocean_post_title_bg_image_attachment":"","ocean_post_title_bg_image_repeat":"","ocean_post_title_bg_image_size":"","ocean_post_title_height":0,"ocean_post_title_bg_overlay":0.5,"ocean_post_title_bg_overlay_color":"","ocean_disable_breadcrumbs":"default","ocean_breadcrumbs_color":"","ocean_breadcrumbs_separator_color":"","ocean_breadcrumbs_links_color":"","ocean_breadcrumbs_links_hover_color":"","ocean_display_footer_widgets":"default","ocean_display_footer_bottom":"default","ocean_custom_footer_template":"0","osh_disable_topbar_sticky":"default","osh_disable_header_sticky":"default","osh_sticky_header_style":"default","osh_sticky_header_effect":"","osh_custom_sticky_logo":0,"osh_custom_retina_sticky_logo":0,"osh_custom_sticky_logo_height":0,"osh_background_color":"","osh_links_color":"","osh_links_hover_color":"","osh_links_active_color":"","osh_links_bg_color":"","osh_links_hover_bg_color":"","osh_links_active_bg_color":"","osh_menu_social_links_color":"","osh_menu_social_hover_links_color":""},"product_brand":[],"product_cat":[46],"product_tag":[95,73,75],"class_list":{"0":"post-2020","1":"product","2":"type-product","3":"status-publish","4":"has-post-thumbnail","6":"product_cat-strapping-dispenser","7":"product_tag-reeling-car","8":"product_tag-strapping-dispenser","9":"product_tag-strapping-tray-trolley","11":"entry","12":"has-media","14":"first","15":"instock","16":"shipping-taxable","17":"product-type-external","18":"col","19":"span_1_of_3","20":"owp-content-center","21":"owp-thumbs-layout-horizontal","22":"owp-btn-very-big","23":"owp-tabs-layout-horizontal"},"_links":{"self":[{"href":"https:\/\/www.qianyipack.com\/es\/wp-json\/wp\/v2\/product\/2020","targetHints":{"allow":["GET"]}}],"collection":[{"href":"https:\/\/www.qianyipack.com\/es\/wp-json\/wp\/v2\/product"}],"about":[{"href":"https:\/\/www.qianyipack.com\/es\/wp-json\/wp\/v2\/types\/product"}],"wp:featuredmedia":[{"embeddable":true,"href":"https:\/\/www.qianyipack.com\/es\/wp-json\/wp\/v2\/media\/2013"}],"wp:attachment":[{"href":"https:\/\/www.qianyipack.com\/es\/wp-json\/wp\/v2\/media?parent=2020"}],"wp:term":[{"taxonomy":"product_brand","embeddable":true,"href":"https:\/\/www.qianyipack.com\/es\/wp-json\/wp\/v2\/product_brand?post=2020"},{"taxonomy":"product_cat","embeddable":true,"href":"https:\/\/www.qianyipack.com\/es\/wp-json\/wp\/v2\/product_cat?post=2020"},{"taxonomy":"product_tag","embeddable":true,"href":"https:\/\/www.qianyipack.com\/es\/wp-json\/wp\/v2\/product_tag?post=2020"}],"curies":[{"name":"wp","href":"https:\/\/api.w.org\/{rel}","templated":true}]}}