{"id":2070,"date":"2021-10-28T18:54:45","date_gmt":"2021-10-29T02:54:45","guid":{"rendered":"https:\/\/www.qianyipack.com\/?post_type=product&#038;p=2070"},"modified":"2021-11-23T17:21:48","modified_gmt":"2021-11-24T01:21:48","slug":"32mm-strapping-buckle-for-heavy-cargo-fiber-packing","status":"publish","type":"product","link":"https:\/\/www.qianyipack.com\/es\/producto\/32mm-strapping-buckle-for-heavy-cargo-fiber-packing","title":{"rendered":"Hebilla de fleje de 32 mm para embalaje de fibra de carga"},"content":{"rendered":"<p class=\" translation-block\">Materiales preferidos. La hebilla de empaque est\u00e1 hecha de las materias primas de alambre de acero est\u00e1ndar nacionales preferidas, y la calidad del producto es mejor a partir de la selecci\u00f3n del material. <br>\nZinc de superficie total. El tratamiento de la superficie es un proceso galvanizado, que no es f\u00e1cil de deteriorar y oxidar. Se puede almacenar y utilizar durante mucho tiempo. <br>\nDise\u00f1o de diferencia de altura delantera y trasera. El dise\u00f1o \u00fanico de diferencia de altura es conveniente, uniforme y duradero cuando se usa la hebilla de empaque. <br>\nAlta suavidad del alambre de acero. Los bordes y las esquinas de la hebilla del empaque son suaves, la operaci\u00f3n no es f\u00e1cil para rascarse las manos, mejor calidad, productos con un acabado perfecto y una tensi\u00f3n m\u00e1s uniforme. <br>\nNo es f\u00e1cil caerse. El producto no se cae f\u00e1cilmente despu\u00e9s de su uso. Es una hebilla de embalaje ideal para cinturones de tejido ligero y cinturones de embalaje de fibra flexible compuesta.<\/p>\n<figure id=\"attachment_1057\" aria-describedby=\"caption-attachment-1057\" style=\"width: 960px\" class=\"wp-caption alignnone\"><img fetchpriority=\"high\" decoding=\"async\" class=\"wp-image-1057 size-full\" src=\"https:\/\/www.qianyipack.com\/wp-content\/uploads\/2021\/10\/wire-strapping-buckle.jpg\" alt=\"wire strapping buckle\" width=\"960\" height=\"540\" srcset=\"https:\/\/www.qianyipack.com\/wp-content\/uploads\/2021\/10\/wire-strapping-buckle.jpg 960w, https:\/\/www.qianyipack.com\/wp-content\/uploads\/2021\/10\/wire-strapping-buckle-800x450.jpg 800w, https:\/\/www.qianyipack.com\/wp-content\/uploads\/2021\/10\/wire-strapping-buckle-300x169.jpg 300w, https:\/\/www.qianyipack.com\/wp-content\/uploads\/2021\/10\/wire-strapping-buckle-768x432.jpg 768w\" sizes=\"(max-width: 960px) 100vw, 960px\" \/><figcaption id=\"caption-attachment-1057\" class=\"wp-caption-text\">hebilla de fleje de alambre<\/figcaption><\/figure>\n<figure id=\"attachment_2051\" aria-describedby=\"caption-attachment-2051\" style=\"width: 960px\" class=\"wp-caption alignnone\"><img decoding=\"async\" class=\"size-full wp-image-2051\" src=\"https:\/\/www.qianyipack.com\/wp-content\/uploads\/packaging-buckle-application.jpg\" alt=\"packaging buckle application\" width=\"960\" height=\"569\" srcset=\"https:\/\/www.qianyipack.com\/wp-content\/uploads\/packaging-buckle-application.jpg 960w, https:\/\/www.qianyipack.com\/wp-content\/uploads\/packaging-buckle-application-800x474.jpg 800w, https:\/\/www.qianyipack.com\/wp-content\/uploads\/packaging-buckle-application-300x178.jpg 300w, https:\/\/www.qianyipack.com\/wp-content\/uploads\/packaging-buckle-application-768x455.jpg 768w, https:\/\/www.qianyipack.com\/wp-content\/uploads\/packaging-buckle-application-18x12.jpg 18w\" sizes=\"(max-width: 960px) 100vw, 960px\" \/><figcaption id=\"caption-attachment-2051\" class=\"wp-caption-text\">aplicaci\u00f3n de hebilla de embalaje<\/figcaption><\/figure>\n<h3>Especificaci\u00f3n<\/h3>\n<p>Se utiliza de serie en combinaci\u00f3n con correa de cord\u00f3n compuesto, trampa tejida de poli\u00e9ster, disponible en anchos de 13 a 32 mm. B\u00e1sicamente, la hebilla galvanizada es para correa compuesta y la hebilla fosfatada es para correa tejida.<\/p>\n<figure id=\"attachment_1058\" aria-describedby=\"caption-attachment-1058\" style=\"width: 960px\" class=\"wp-caption alignnone\"><img decoding=\"async\" class=\"wp-image-1058 size-full\" src=\"https:\/\/www.qianyipack.com\/wp-content\/uploads\/2021\/10\/wire-strapping-buckle-specifi.jpg\" alt=\"wire strapping buckle specifi\" width=\"960\" height=\"642\" srcset=\"https:\/\/www.qianyipack.com\/wp-content\/uploads\/2021\/10\/wire-strapping-buckle-specifi.jpg 960w, https:\/\/www.qianyipack.com\/wp-content\/uploads\/2021\/10\/wire-strapping-buckle-specifi-800x535.jpg 800w, https:\/\/www.qianyipack.com\/wp-content\/uploads\/2021\/10\/wire-strapping-buckle-specifi-300x201.jpg 300w, https:\/\/www.qianyipack.com\/wp-content\/uploads\/2021\/10\/wire-strapping-buckle-specifi-768x514.jpg 768w\" sizes=\"(max-width: 960px) 100vw, 960px\" \/><figcaption id=\"caption-attachment-1058\" class=\"wp-caption-text\">especificaci\u00f3n de hebilla de fleje de alambre<\/figcaption><\/figure>\n<h3>Pasos de uso<\/h3>\n<figure id=\"attachment_1056\" aria-describedby=\"caption-attachment-1056\" style=\"width: 960px\" class=\"wp-caption alignnone\"><img loading=\"lazy\" decoding=\"async\" class=\"wp-image-1056 size-full\" src=\"https:\/\/www.qianyipack.com\/wp-content\/uploads\/2021\/10\/STEPS-FOR-USAGE.jpg\" alt=\"steps for usage\" width=\"960\" height=\"640\" srcset=\"https:\/\/www.qianyipack.com\/wp-content\/uploads\/2021\/10\/STEPS-FOR-USAGE.jpg 960w, https:\/\/www.qianyipack.com\/wp-content\/uploads\/2021\/10\/STEPS-FOR-USAGE-800x533.jpg 800w, https:\/\/www.qianyipack.com\/wp-content\/uploads\/2021\/10\/STEPS-FOR-USAGE-300x200.jpg 300w, https:\/\/www.qianyipack.com\/wp-content\/uploads\/2021\/10\/STEPS-FOR-USAGE-768x512.jpg 768w\" sizes=\"(max-width: 960px) 100vw, 960px\" \/><figcaption id=\"caption-attachment-1056\" class=\"wp-caption-text\">pasos para el uso<\/figcaption><\/figure>\n<h3>Producci\u00f3n<\/h3>\n<p>La hebilla de embalaje se puede producir mediante una m\u00e1quina de hebilla de embalaje hidr\u00e1ulica y una m\u00e1quina de hebilla de embalaje mec\u00e1nica. La m\u00e1quina de hebilla hidr\u00e1ulica es adecuada para fabricar diferentes formas de alambre de acero, alambre de hierro y alambre de acero inoxidable, como hebilla de empaque y hebilla cuadrada. Es conveniente y r\u00e1pido reemplazar el molde. La m\u00e1quina de hebilla de empaque hidr\u00e1ulico adopta un sistema hidr\u00e1ulico con control PLC y PLC con subt\u00edtulos, que es conveniente para leer y comprender par\u00e1metros, par\u00e1metros ajustables, alta precisi\u00f3n del producto y bajo nivel de ruido.<\/p>\n<figure id=\"attachment_2071\" aria-describedby=\"caption-attachment-2071\" style=\"width: 900px\" class=\"wp-caption alignnone\"><img loading=\"lazy\" decoding=\"async\" class=\"size-full wp-image-2071\" src=\"https:\/\/www.qianyipack.com\/wp-content\/uploads\/Hydraulic-strapping-buckle-machine1.jpg\" alt=\"Hydraulic strapping buckle machine(1)\" width=\"900\" height=\"600\" srcset=\"https:\/\/www.qianyipack.com\/wp-content\/uploads\/Hydraulic-strapping-buckle-machine1.jpg 900w, https:\/\/www.qianyipack.com\/wp-content\/uploads\/Hydraulic-strapping-buckle-machine1-800x533.jpg 800w, https:\/\/www.qianyipack.com\/wp-content\/uploads\/Hydraulic-strapping-buckle-machine1-300x200.jpg 300w, https:\/\/www.qianyipack.com\/wp-content\/uploads\/Hydraulic-strapping-buckle-machine1-768x512.jpg 768w, https:\/\/www.qianyipack.com\/wp-content\/uploads\/Hydraulic-strapping-buckle-machine1-18x12.jpg 18w\" sizes=\"(max-width: 900px) 100vw, 900px\" \/><figcaption id=\"caption-attachment-2071\" class=\"wp-caption-text\">M\u00e1quina de hebilla de flejado hidr\u00e1ulica (1)<\/figcaption><\/figure>","protected":false},"excerpt":{"rendered":"<div id=\"outer-wrap\" class=\"site clr\">\n<div id=\"wrap\" class=\"clr\">\n<div id=\"outer-wrap\" class=\"site clr\">\n<div id=\"wrap\" class=\"clr\">\n<p>La hebilla de fleje de alambre de acero se puede usar para reforzar varios objetos de formas especiales, cargas a granel en su conjunto, colas de contenedores, contenedores grandes y equipos grandes en su conjunto. El equipo t\u00e9cnico profesional puede brindar soluciones \u00f3ptimas para acompa\u00f1ar su carga.<\/p>\n<\/div>\n<\/div>\n<\/div>\n<\/div>","protected":false},"featured_media":2035,"template":"","meta":{"ocean_post_layout":"","ocean_both_sidebars_style":"","ocean_both_sidebars_content_width":0,"ocean_both_sidebars_sidebars_width":0,"ocean_sidebar":"0","ocean_second_sidebar":"0","ocean_disable_margins":"enable","ocean_add_body_class":"","ocean_shortcode_before_top_bar":"","ocean_shortcode_after_top_bar":"","ocean_shortcode_before_header":"","ocean_shortcode_after_header":"","ocean_has_shortcode":"","ocean_shortcode_after_title":"","ocean_shortcode_before_footer_widgets":"","ocean_shortcode_after_footer_widgets":"","ocean_shortcode_before_footer_bottom":"","ocean_shortcode_after_footer_bottom":"","ocean_display_top_bar":"default","ocean_display_header":"default","ocean_header_style":"","ocean_center_header_left_menu":"0","ocean_custom_header_template":"0","ocean_custom_logo":0,"ocean_custom_retina_logo":0,"ocean_custom_logo_max_width":0,"ocean_custom_logo_tablet_max_width":0,"ocean_custom_logo_mobile_max_width":0,"ocean_custom_logo_max_height":0,"ocean_custom_logo_tablet_max_height":0,"ocean_custom_logo_mobile_max_height":0,"ocean_header_custom_menu":"0","ocean_menu_typo_font_family":"0","ocean_menu_typo_font_subset":"","ocean_menu_typo_font_size":0,"ocean_menu_typo_font_size_tablet":0,"ocean_menu_typo_font_size_mobile":0,"ocean_menu_typo_font_size_unit":"px","ocean_menu_typo_font_weight":"","ocean_menu_typo_font_weight_tablet":"","ocean_menu_typo_font_weight_mobile":"","ocean_menu_typo_transform":"","ocean_menu_typo_transform_tablet":"","ocean_menu_typo_transform_mobile":"","ocean_menu_typo_line_height":0,"ocean_menu_typo_line_height_tablet":0,"ocean_menu_typo_line_height_mobile":0,"ocean_menu_typo_line_height_unit":"","ocean_menu_typo_spacing":0,"ocean_menu_typo_spacing_tablet":0,"ocean_menu_typo_spacing_mobile":0,"ocean_menu_typo_spacing_unit":"","ocean_menu_link_color":"","ocean_menu_link_color_hover":"","ocean_menu_link_color_active":"","ocean_menu_link_background":"","ocean_menu_link_hover_background":"","ocean_menu_link_active_background":"","ocean_menu_social_links_bg":"","ocean_menu_social_hover_links_bg":"","ocean_menu_social_links_color":"","ocean_menu_social_hover_links_color":"","ocean_disable_title":"default","ocean_disable_heading":"default","ocean_post_title":"","ocean_post_subheading":"","ocean_post_title_style":"","ocean_post_title_background_color":"","ocean_post_title_background":0,"ocean_post_title_bg_image_position":"","ocean_post_title_bg_image_attachment":"","ocean_post_title_bg_image_repeat":"","ocean_post_title_bg_image_size":"","ocean_post_title_height":0,"ocean_post_title_bg_overlay":0.5,"ocean_post_title_bg_overlay_color":"","ocean_disable_breadcrumbs":"default","ocean_breadcrumbs_color":"","ocean_breadcrumbs_separator_color":"","ocean_breadcrumbs_links_color":"","ocean_breadcrumbs_links_hover_color":"","ocean_display_footer_widgets":"default","ocean_display_footer_bottom":"default","ocean_custom_footer_template":"0","osh_disable_topbar_sticky":"default","osh_disable_header_sticky":"default","osh_sticky_header_style":"default","osh_sticky_header_effect":"","osh_custom_sticky_logo":0,"osh_custom_retina_sticky_logo":0,"osh_custom_sticky_logo_height":0,"osh_background_color":"","osh_links_color":"","osh_links_hover_color":"","osh_links_active_color":"","osh_links_bg_color":"","osh_links_hover_bg_color":"","osh_links_active_bg_color":"","osh_menu_social_links_color":"","osh_menu_social_hover_links_color":""},"product_brand":[],"product_cat":[43],"product_tag":[53,97,54],"class_list":{"0":"post-2070","1":"product","2":"type-product","3":"status-publish","4":"has-post-thumbnail","6":"product_cat-wire-strapping-buckle","7":"product_tag-metal-packaging-buckle","8":"product_tag-steel-wire-strapping-buckle","9":"product_tag-strapping-buckle","11":"entry","12":"has-media","14":"first","15":"instock","16":"shipping-taxable","17":"product-type-external","18":"col","19":"span_1_of_3","20":"owp-content-center","21":"owp-thumbs-layout-horizontal","22":"owp-btn-very-big","23":"owp-tabs-layout-horizontal"},"_links":{"self":[{"href":"https:\/\/www.qianyipack.com\/es\/wp-json\/wp\/v2\/product\/2070","targetHints":{"allow":["GET"]}}],"collection":[{"href":"https:\/\/www.qianyipack.com\/es\/wp-json\/wp\/v2\/product"}],"about":[{"href":"https:\/\/www.qianyipack.com\/es\/wp-json\/wp\/v2\/types\/product"}],"wp:featuredmedia":[{"embeddable":true,"href":"https:\/\/www.qianyipack.com\/es\/wp-json\/wp\/v2\/media\/2035"}],"wp:attachment":[{"href":"https:\/\/www.qianyipack.com\/es\/wp-json\/wp\/v2\/media?parent=2070"}],"wp:term":[{"taxonomy":"product_brand","embeddable":true,"href":"https:\/\/www.qianyipack.com\/es\/wp-json\/wp\/v2\/product_brand?post=2070"},{"taxonomy":"product_cat","embeddable":true,"href":"https:\/\/www.qianyipack.com\/es\/wp-json\/wp\/v2\/product_cat?post=2070"},{"taxonomy":"product_tag","embeddable":true,"href":"https:\/\/www.qianyipack.com\/es\/wp-json\/wp\/v2\/product_tag?post=2070"}],"curies":[{"name":"wp","href":"https:\/\/api.w.org\/{rel}","templated":true}]}}