{"id":2084,"date":"2021-10-28T20:03:38","date_gmt":"2021-10-29T04:03:38","guid":{"rendered":"https:\/\/www.qianyipack.com\/?post_type=product&#038;p=2084"},"modified":"2021-11-23T01:12:09","modified_gmt":"2021-11-23T09:12:09","slug":"54mm-heavy-duty-forged-square-packaging-buckles","status":"publish","type":"product","link":"https:\/\/www.qianyipack.com\/es\/producto\/54mm-heavy-duty-forged-square-packaging-buckles","title":{"rendered":"Hebillas cuadradas forjadas de alta resistencia de 54 mm"},"content":{"rendered":"<p class=\" translation-block\">Alta resistencia. La hebilla cuadrada est\u00e1 hecha de fundici\u00f3n a presi\u00f3n de acero redondo de alta calidad. El producto terminado tiene una fuerza de s\u00faper tracci\u00f3n, buena resistencia s\u00edsmica, firmeza y durabilidad. Adopta tecnolog\u00eda avanzada y estructura simple. <br>\nZincado de color en la superficie. La superficie de la hebilla de embalaje est\u00e1 galvanizada, lo que es respetuoso con el medio ambiente, no se oxida f\u00e1cilmente, tiene resistencia a la corrosi\u00f3n y se puede reciclar. <br>\nLa estructura de forja es sencilla. La hebilla cuadrada est\u00e1 fabricada con tecnolog\u00eda avanzada, con una estructura de forja simple y un uso conveniente. Es adecuado para envases en una variedad de industrias. <br>\nLa conexi\u00f3n es firme. La hebilla de embalaje puede soportar una variedad de pesos y tiene una gran fuerza de tracci\u00f3n. Est\u00e1 firmemente conectado con el cintur\u00f3n de encuadernaci\u00f3n tejido. Es conveniente empacar y no es f\u00e1cil de caer. <br>\nEspecificaciones completas. Este tipo de hebilla de embalaje tiene una variedad de especificaciones para elegir. Los diferentes tama\u00f1os tienen diferentes fuerzas de tracci\u00f3n aplicables. Los tama\u00f1os m\u00e1s utilizados son 32 mm, 42 mm, 54 mm, etc.<\/p>\n<figure id=\"attachment_2085\" aria-describedby=\"caption-attachment-2085\" style=\"width: 960px\" class=\"wp-caption alignnone\"><img fetchpriority=\"high\" decoding=\"async\" class=\"size-full wp-image-2085\" src=\"https:\/\/www.qianyipack.com\/wp-content\/uploads\/square-buckle-54mm-7.jpg\" alt=\"square buckle 54mm (7)\" width=\"960\" height=\"540\" srcset=\"https:\/\/www.qianyipack.com\/wp-content\/uploads\/square-buckle-54mm-7.jpg 960w, https:\/\/www.qianyipack.com\/wp-content\/uploads\/square-buckle-54mm-7-800x450.jpg 800w, https:\/\/www.qianyipack.com\/wp-content\/uploads\/square-buckle-54mm-7-300x169.jpg 300w, https:\/\/www.qianyipack.com\/wp-content\/uploads\/square-buckle-54mm-7-768x432.jpg 768w, https:\/\/www.qianyipack.com\/wp-content\/uploads\/square-buckle-54mm-7-18x10.jpg 18w\" sizes=\"(max-width: 960px) 100vw, 960px\" \/><figcaption id=\"caption-attachment-2085\" class=\"wp-caption-text\">hebilla cuadrada 54mm (7)<\/figcaption><\/figure>\n<figure id=\"attachment_1589\" aria-describedby=\"caption-attachment-1589\" style=\"width: 958px\" class=\"wp-caption alignnone\"><img decoding=\"async\" class=\"size-full wp-image-1589\" src=\"https:\/\/www.qianyipack.com\/wp-content\/uploads\/square-buckle-using-steps.jpg\" alt=\"square buckle using steps\" width=\"958\" height=\"539\" srcset=\"https:\/\/www.qianyipack.com\/wp-content\/uploads\/square-buckle-using-steps.jpg 958w, https:\/\/www.qianyipack.com\/wp-content\/uploads\/square-buckle-using-steps-800x450.jpg 800w, https:\/\/www.qianyipack.com\/wp-content\/uploads\/square-buckle-using-steps-300x169.jpg 300w, https:\/\/www.qianyipack.com\/wp-content\/uploads\/square-buckle-using-steps-768x432.jpg 768w, https:\/\/www.qianyipack.com\/wp-content\/uploads\/square-buckle-using-steps-18x10.jpg 18w\" sizes=\"(max-width: 958px) 100vw, 958px\" \/><figcaption id=\"caption-attachment-1589\" class=\"wp-caption-text\">hebilla cuadrada con pasos<\/figcaption><\/figure>\n<h3>Especificaci\u00f3n<\/h3>\n<figure id=\"attachment_1587\" aria-describedby=\"caption-attachment-1587\" style=\"width: 960px\" class=\"wp-caption alignnone\"><img decoding=\"async\" class=\"size-full wp-image-1587\" src=\"https:\/\/www.qianyipack.com\/wp-content\/uploads\/square-buckle-specification.jpg\" alt=\"square-buckle-specification\" width=\"960\" height=\"960\" srcset=\"https:\/\/www.qianyipack.com\/wp-content\/uploads\/square-buckle-specification.jpg 960w, https:\/\/www.qianyipack.com\/wp-content\/uploads\/square-buckle-specification-300x300.jpg 300w, https:\/\/www.qianyipack.com\/wp-content\/uploads\/square-buckle-specification-100x100.jpg 100w, https:\/\/www.qianyipack.com\/wp-content\/uploads\/square-buckle-specification-800x800.jpg 800w, https:\/\/www.qianyipack.com\/wp-content\/uploads\/square-buckle-specification-150x150.jpg 150w, https:\/\/www.qianyipack.com\/wp-content\/uploads\/square-buckle-specification-768x768.jpg 768w, https:\/\/www.qianyipack.com\/wp-content\/uploads\/square-buckle-specification-12x12.jpg 12w\" sizes=\"(max-width: 960px) 100vw, 960px\" \/><figcaption id=\"caption-attachment-1587\" class=\"wp-caption-text\">especificaci\u00f3n de hebilla cuadrada<\/figcaption><\/figure>\n<h3>Aplicaci\u00f3n<\/h3>\n<p>El anillo cuadrado y la hebilla de empaque cuadrada tienen alta resistencia a la tracci\u00f3n, protecci\u00f3n conveniente y ambiental, y se pueden reutilizar. Ampliamente utilizado para el embalaje y transporte de contenedores, maquinaria pesada, vidrio, accesorios de tuber\u00eda, bidones de aceite, acero, madera, papel, productos qu\u00edmicos, art\u00edculos de metales preciosos, etc. Tiene una gran capacidad de carga de presi\u00f3n y puede proteger eficazmente el producto de da\u00f1os.<\/p>\n<figure id=\"attachment_2087\" aria-describedby=\"caption-attachment-2087\" style=\"width: 960px\" class=\"wp-caption alignnone\"><img loading=\"lazy\" decoding=\"async\" class=\"size-full wp-image-2087\" src=\"https:\/\/www.qianyipack.com\/wp-content\/uploads\/square-buckle-application-1.jpg\" alt=\"square buckle application\" width=\"960\" height=\"676\" srcset=\"https:\/\/www.qianyipack.com\/wp-content\/uploads\/square-buckle-application-1.jpg 960w, https:\/\/www.qianyipack.com\/wp-content\/uploads\/square-buckle-application-1-800x563.jpg 800w, https:\/\/www.qianyipack.com\/wp-content\/uploads\/square-buckle-application-1-300x211.jpg 300w, https:\/\/www.qianyipack.com\/wp-content\/uploads\/square-buckle-application-1-768x541.jpg 768w, https:\/\/www.qianyipack.com\/wp-content\/uploads\/square-buckle-application-1-18x12.jpg 18w\" sizes=\"(max-width: 960px) 100vw, 960px\" \/><figcaption id=\"caption-attachment-2087\" class=\"wp-caption-text\">aplicaci\u00f3n de hebilla cuadrada<\/figcaption><\/figure>","protected":false},"excerpt":{"rendered":"<p>La hebilla cuadrada desarrollada recientemente por la empresa es m\u00e1s econ\u00f3mica y aplicable. En muchas aplicaciones, especialmente cuando la tensi\u00f3n en el contenedor es de 2-3 toneladas, la tensi\u00f3n de este bot\u00f3n es suficiente para satisfacer la demanda.<\/p>","protected":false},"featured_media":2053,"template":"","meta":{"ocean_post_layout":"","ocean_both_sidebars_style":"","ocean_both_sidebars_content_width":0,"ocean_both_sidebars_sidebars_width":0,"ocean_sidebar":"0","ocean_second_sidebar":"0","ocean_disable_margins":"enable","ocean_add_body_class":"","ocean_shortcode_before_top_bar":"","ocean_shortcode_after_top_bar":"","ocean_shortcode_before_header":"","ocean_shortcode_after_header":"","ocean_has_shortcode":"","ocean_shortcode_after_title":"","ocean_shortcode_before_footer_widgets":"","ocean_shortcode_after_footer_widgets":"","ocean_shortcode_before_footer_bottom":"","ocean_shortcode_after_footer_bottom":"","ocean_display_top_bar":"default","ocean_display_header":"default","ocean_header_style":"","ocean_center_header_left_menu":"0","ocean_custom_header_template":"0","ocean_custom_logo":0,"ocean_custom_retina_logo":0,"ocean_custom_logo_max_width":0,"ocean_custom_logo_tablet_max_width":0,"ocean_custom_logo_mobile_max_width":0,"ocean_custom_logo_max_height":0,"ocean_custom_logo_tablet_max_height":0,"ocean_custom_logo_mobile_max_height":0,"ocean_header_custom_menu":"0","ocean_menu_typo_font_family":"0","ocean_menu_typo_font_subset":"","ocean_menu_typo_font_size":0,"ocean_menu_typo_font_size_tablet":0,"ocean_menu_typo_font_size_mobile":0,"ocean_menu_typo_font_size_unit":"px","ocean_menu_typo_font_weight":"","ocean_menu_typo_font_weight_tablet":"","ocean_menu_typo_font_weight_mobile":"","ocean_menu_typo_transform":"","ocean_menu_typo_transform_tablet":"","ocean_menu_typo_transform_mobile":"","ocean_menu_typo_line_height":0,"ocean_menu_typo_line_height_tablet":0,"ocean_menu_typo_line_height_mobile":0,"ocean_menu_typo_line_height_unit":"","ocean_menu_typo_spacing":0,"ocean_menu_typo_spacing_tablet":0,"ocean_menu_typo_spacing_mobile":0,"ocean_menu_typo_spacing_unit":"","ocean_menu_link_color":"","ocean_menu_link_color_hover":"","ocean_menu_link_color_active":"","ocean_menu_link_background":"","ocean_menu_link_hover_background":"","ocean_menu_link_active_background":"","ocean_menu_social_links_bg":"","ocean_menu_social_hover_links_bg":"","ocean_menu_social_links_color":"","ocean_menu_social_hover_links_color":"","ocean_disable_title":"default","ocean_disable_heading":"default","ocean_post_title":"","ocean_post_subheading":"","ocean_post_title_style":"","ocean_post_title_background_color":"","ocean_post_title_background":0,"ocean_post_title_bg_image_position":"","ocean_post_title_bg_image_attachment":"","ocean_post_title_bg_image_repeat":"","ocean_post_title_bg_image_size":"","ocean_post_title_height":0,"ocean_post_title_bg_overlay":0.5,"ocean_post_title_bg_overlay_color":"","ocean_disable_breadcrumbs":"default","ocean_breadcrumbs_color":"","ocean_breadcrumbs_separator_color":"","ocean_breadcrumbs_links_color":"","ocean_breadcrumbs_links_hover_color":"","ocean_display_footer_widgets":"default","ocean_display_footer_bottom":"default","ocean_custom_footer_template":"0","osh_disable_topbar_sticky":"default","osh_disable_header_sticky":"default","osh_sticky_header_style":"default","osh_sticky_header_effect":"","osh_custom_sticky_logo":0,"osh_custom_retina_sticky_logo":0,"osh_custom_sticky_logo_height":0,"osh_background_color":"","osh_links_color":"","osh_links_hover_color":"","osh_links_active_color":"","osh_links_bg_color":"","osh_links_hover_bg_color":"","osh_links_active_bg_color":"","osh_menu_social_links_color":"","osh_menu_social_hover_links_color":""},"product_brand":[],"product_cat":[44],"product_tag":[101,98,100],"class_list":{"0":"post-2084","1":"product","2":"type-product","3":"status-publish","4":"has-post-thumbnail","6":"product_cat-square-lashing-buckle","7":"product_tag-square-buckle","8":"product_tag-square-packing-buckle","9":"product_tag-tension-buckle","11":"entry","12":"has-media","14":"first","15":"instock","16":"shipping-taxable","17":"product-type-external","18":"col","19":"span_1_of_3","20":"owp-content-center","21":"owp-thumbs-layout-horizontal","22":"owp-btn-very-big","23":"owp-tabs-layout-horizontal"},"_links":{"self":[{"href":"https:\/\/www.qianyipack.com\/es\/wp-json\/wp\/v2\/product\/2084","targetHints":{"allow":["GET"]}}],"collection":[{"href":"https:\/\/www.qianyipack.com\/es\/wp-json\/wp\/v2\/product"}],"about":[{"href":"https:\/\/www.qianyipack.com\/es\/wp-json\/wp\/v2\/types\/product"}],"wp:featuredmedia":[{"embeddable":true,"href":"https:\/\/www.qianyipack.com\/es\/wp-json\/wp\/v2\/media\/2053"}],"wp:attachment":[{"href":"https:\/\/www.qianyipack.com\/es\/wp-json\/wp\/v2\/media?parent=2084"}],"wp:term":[{"taxonomy":"product_brand","embeddable":true,"href":"https:\/\/www.qianyipack.com\/es\/wp-json\/wp\/v2\/product_brand?post=2084"},{"taxonomy":"product_cat","embeddable":true,"href":"https:\/\/www.qianyipack.com\/es\/wp-json\/wp\/v2\/product_cat?post=2084"},{"taxonomy":"product_tag","embeddable":true,"href":"https:\/\/www.qianyipack.com\/es\/wp-json\/wp\/v2\/product_tag?post=2084"}],"curies":[{"name":"wp","href":"https:\/\/api.w.org\/{rel}","templated":true}]}}