{"id":2130,"date":"2021-10-31T23:42:33","date_gmt":"2021-11-01T07:42:33","guid":{"rendered":"https:\/\/www.qianyipack.com\/?post_type=product&#038;p=2130"},"modified":"2021-11-23T17:14:55","modified_gmt":"2021-11-24T01:14:55","slug":"25mm-wire-strapping-buckle-use-with-woven-strapping","status":"publish","type":"product","link":"https:\/\/www.qianyipack.com\/es\/producto\/25mm-wire-strapping-buckle-use-with-woven-strapping","title":{"rendered":"Uso de hebilla de fleje de alambre de 25 mm con flejado"},"content":{"rendered":"<p class=\" translation-block\">La hebilla de empaque de alambre de acero fosfatado est\u00e1 hecha de nuevos materiales y est\u00e1 formada por una m\u00e1quina dobladora a la vez. La superficie es lisa y puede soportar una tensi\u00f3n m\u00e1s fuerte. <br>\nLos bordes redondeados de la hebilla de empaque de alambre de acero son seguros de usar, sin esquinas afiladas, lo que garantiza la seguridad de los operadores de la construcci\u00f3n. <br>\nLa hebilla del empaque tiene un proceso de fosfataci\u00f3n superficial, que tiene una fuerte resistencia a la corrosi\u00f3n y una larga vida \u00fatil. <br>\nLa hebilla de embalaje tiene alta resistencia. La funci\u00f3n de la hebilla del embalaje es conectar la cinta del embalaje. Es un m\u00e9todo de conexi\u00f3n firme y se puede apretar repetidamente. En algunas aplicaciones, la hebilla del empaque se puede reutilizar, por lo que la alta resistencia de la hebilla del empaque es muy importante. <br>\nEl fleje de fibra puede soportar los cambios de diversas condiciones clim\u00e1ticas, puede funcionar normalmente a 30 \u2103, tiene buena resistencia a la corrosi\u00f3n y tambi\u00e9n puede funcionar en agua de mar sin contaminar sus productos.<\/p>\n<figure id=\"attachment_2115\" aria-describedby=\"caption-attachment-2115\" style=\"width: 960px\" class=\"wp-caption alignnone\"><img fetchpriority=\"high\" decoding=\"async\" class=\"size-full wp-image-2115\" src=\"https:\/\/www.qianyipack.com\/wp-content\/uploads\/25mm-phosphated-buckle-5.jpg\" alt=\"25mm phosphated buckle (5)\" width=\"960\" height=\"540\" srcset=\"https:\/\/www.qianyipack.com\/wp-content\/uploads\/25mm-phosphated-buckle-5.jpg 960w, https:\/\/www.qianyipack.com\/wp-content\/uploads\/25mm-phosphated-buckle-5-800x450.jpg 800w, https:\/\/www.qianyipack.com\/wp-content\/uploads\/25mm-phosphated-buckle-5-300x169.jpg 300w, https:\/\/www.qianyipack.com\/wp-content\/uploads\/25mm-phosphated-buckle-5-768x432.jpg 768w, https:\/\/www.qianyipack.com\/wp-content\/uploads\/25mm-phosphated-buckle-5-18x10.jpg 18w\" sizes=\"(max-width: 960px) 100vw, 960px\" \/><figcaption id=\"caption-attachment-2115\" class=\"wp-caption-text\">Hebilla fosfatada de 25 mm (5)<\/figcaption><\/figure>\n<figure id=\"attachment_1057\" aria-describedby=\"caption-attachment-1057\" style=\"width: 960px\" class=\"wp-caption alignnone\"><img decoding=\"async\" class=\"size-full wp-image-1057\" src=\"https:\/\/www.qianyipack.com\/wp-content\/uploads\/2021\/10\/wire-strapping-buckle.jpg\" alt=\"wire-strapping-buckle\" width=\"960\" height=\"540\" srcset=\"https:\/\/www.qianyipack.com\/wp-content\/uploads\/2021\/10\/wire-strapping-buckle.jpg 960w, https:\/\/www.qianyipack.com\/wp-content\/uploads\/2021\/10\/wire-strapping-buckle-800x450.jpg 800w, https:\/\/www.qianyipack.com\/wp-content\/uploads\/2021\/10\/wire-strapping-buckle-300x169.jpg 300w, https:\/\/www.qianyipack.com\/wp-content\/uploads\/2021\/10\/wire-strapping-buckle-768x432.jpg 768w\" sizes=\"(max-width: 960px) 100vw, 960px\" \/><figcaption id=\"caption-attachment-1057\" class=\"wp-caption-text\">hebilla de fleje de alambre<\/figcaption><\/figure>\n<h3>Especificaci\u00f3n<\/h3>\n<p>Se utiliza de forma est\u00e1ndar en combinaci\u00f3n con el compuesto <a href=\"https:\/\/www.qianyipack.com\/en\/product\/\" target=\"_blank\" rel=\"noopener\">correa de cord\u00f3n<\/a>, trampa tejida de poli\u00e9ster, disponible en anchura de 13 a 32 mm. B\u00e1sicamente hebilla galvanizada es para la correa compuesta, y <a href=\"https:\/\/www.qianyipack.com\/en\/product-category\/wire-strapping-buckle\" target=\"_blank\" rel=\"noopener\">hebilla fosfatada<\/a> es para la correa tejida.<\/p>\n<figure id=\"attachment_1058\" aria-describedby=\"caption-attachment-1058\" style=\"width: 960px\" class=\"wp-caption alignnone\"><img decoding=\"async\" class=\"size-full wp-image-1058\" src=\"https:\/\/www.qianyipack.com\/wp-content\/uploads\/2021\/10\/wire-strapping-buckle-specifi.jpg\" alt=\"wire-strapping-buckle-specifi\" width=\"960\" height=\"642\" srcset=\"https:\/\/www.qianyipack.com\/wp-content\/uploads\/2021\/10\/wire-strapping-buckle-specifi.jpg 960w, https:\/\/www.qianyipack.com\/wp-content\/uploads\/2021\/10\/wire-strapping-buckle-specifi-800x535.jpg 800w, https:\/\/www.qianyipack.com\/wp-content\/uploads\/2021\/10\/wire-strapping-buckle-specifi-300x201.jpg 300w, https:\/\/www.qianyipack.com\/wp-content\/uploads\/2021\/10\/wire-strapping-buckle-specifi-768x514.jpg 768w\" sizes=\"(max-width: 960px) 100vw, 960px\" \/><figcaption id=\"caption-attachment-1058\" class=\"wp-caption-text\">especificaci\u00f3n de hebilla de fleje de alambre<\/figcaption><\/figure>\n<h3>Pasos de uso<\/h3>\n<figure id=\"attachment_1056\" aria-describedby=\"caption-attachment-1056\" style=\"width: 960px\" class=\"wp-caption alignnone\"><img loading=\"lazy\" decoding=\"async\" class=\"size-full wp-image-1056\" src=\"https:\/\/www.qianyipack.com\/wp-content\/uploads\/2021\/10\/STEPS-FOR-USAGE.jpg\" alt=\"steps-for-usage\" width=\"960\" height=\"640\" srcset=\"https:\/\/www.qianyipack.com\/wp-content\/uploads\/2021\/10\/STEPS-FOR-USAGE.jpg 960w, https:\/\/www.qianyipack.com\/wp-content\/uploads\/2021\/10\/STEPS-FOR-USAGE-800x533.jpg 800w, https:\/\/www.qianyipack.com\/wp-content\/uploads\/2021\/10\/STEPS-FOR-USAGE-300x200.jpg 300w, https:\/\/www.qianyipack.com\/wp-content\/uploads\/2021\/10\/STEPS-FOR-USAGE-768x512.jpg 768w\" sizes=\"(max-width: 960px) 100vw, 960px\" \/><figcaption id=\"caption-attachment-1056\" class=\"wp-caption-text\">Pasos de uso<\/figcaption><\/figure>\n<h3>Aplicaci\u00f3n<\/h3>\n<p>Nuestros productos se dividen en bolsas de aire tejidas PP, bolsas de aire de papel kraft, correas compuestas, correas tejidas, correas de elevaci\u00f3n pesada, hebillas de hardware pesado, hebillas de correa de alambre, serie de protecci\u00f3n de contenedores, esquinas protectoras y herramientas auxiliares: como sistemas de inflado de bolsas de aire, Tensor de correa de embalaje, carro de correa, etc. Implementamos estrictamente el sistema de gesti\u00f3n de calidad 1SO9001, establecemos estrictos est\u00e1ndares de prueba para todas las materias primas y productos terminados para garantizar una alta calidad e implementamos gradualmente la producci\u00f3n automatizada para mejorar la eficiencia de la producci\u00f3n y reducir los costos.<\/p>\n<figure id=\"attachment_2122\" aria-describedby=\"caption-attachment-2122\" style=\"width: 960px\" class=\"wp-caption alignnone\"><img loading=\"lazy\" decoding=\"async\" class=\"size-full wp-image-2122\" src=\"https:\/\/www.qianyipack.com\/wp-content\/uploads\/strap-buckle-application-2.jpg\" alt=\"strap buckle application (2)\" width=\"960\" height=\"672\" srcset=\"https:\/\/www.qianyipack.com\/wp-content\/uploads\/strap-buckle-application-2.jpg 960w, https:\/\/www.qianyipack.com\/wp-content\/uploads\/strap-buckle-application-2-800x560.jpg 800w, https:\/\/www.qianyipack.com\/wp-content\/uploads\/strap-buckle-application-2-300x210.jpg 300w, https:\/\/www.qianyipack.com\/wp-content\/uploads\/strap-buckle-application-2-768x538.jpg 768w, https:\/\/www.qianyipack.com\/wp-content\/uploads\/strap-buckle-application-2-18x12.jpg 18w\" sizes=\"(max-width: 960px) 100vw, 960px\" \/><figcaption id=\"caption-attachment-2122\" class=\"wp-caption-text\">aplicaci\u00f3n de hebilla de correa (2)<\/figcaption><\/figure>","protected":false},"excerpt":{"rendered":"<div id=\"outer-wrap\" class=\"site clr\">\n<div id=\"wrap\" class=\"clr\">\n<div id=\"outer-wrap\" class=\"site clr\">\n<div id=\"wrap\" class=\"clr\">\n<p>La hebilla de embalaje es un objeto peque\u00f1o que se utiliza para sujetar la cinta de embalaje en el proceso de embalaje. Tiene las ventajas de simplicidad, ligereza y buen rendimiento de fijaci\u00f3n. Las hebillas de embalaje anteriores estaban hechas de chapa de hierro. Este tipo de hebilla de empaque tiene un funcionamiento y contaminaci\u00f3n complejos, por lo que se ha eliminado gradualmente.<\/p>\n<\/div>\n<\/div>\n<\/div>\n<\/div>","protected":false},"featured_media":2114,"template":"","meta":{"ocean_post_layout":"","ocean_both_sidebars_style":"","ocean_both_sidebars_content_width":0,"ocean_both_sidebars_sidebars_width":0,"ocean_sidebar":"0","ocean_second_sidebar":"0","ocean_disable_margins":"enable","ocean_add_body_class":"","ocean_shortcode_before_top_bar":"","ocean_shortcode_after_top_bar":"","ocean_shortcode_before_header":"","ocean_shortcode_after_header":"","ocean_has_shortcode":"","ocean_shortcode_after_title":"","ocean_shortcode_before_footer_widgets":"","ocean_shortcode_after_footer_widgets":"","ocean_shortcode_before_footer_bottom":"","ocean_shortcode_after_footer_bottom":"","ocean_display_top_bar":"default","ocean_display_header":"default","ocean_header_style":"","ocean_center_header_left_menu":"0","ocean_custom_header_template":"0","ocean_custom_logo":0,"ocean_custom_retina_logo":0,"ocean_custom_logo_max_width":0,"ocean_custom_logo_tablet_max_width":0,"ocean_custom_logo_mobile_max_width":0,"ocean_custom_logo_max_height":0,"ocean_custom_logo_tablet_max_height":0,"ocean_custom_logo_mobile_max_height":0,"ocean_header_custom_menu":"0","ocean_menu_typo_font_family":"0","ocean_menu_typo_font_subset":"","ocean_menu_typo_font_size":0,"ocean_menu_typo_font_size_tablet":0,"ocean_menu_typo_font_size_mobile":0,"ocean_menu_typo_font_size_unit":"px","ocean_menu_typo_font_weight":"","ocean_menu_typo_font_weight_tablet":"","ocean_menu_typo_font_weight_mobile":"","ocean_menu_typo_transform":"","ocean_menu_typo_transform_tablet":"","ocean_menu_typo_transform_mobile":"","ocean_menu_typo_line_height":0,"ocean_menu_typo_line_height_tablet":0,"ocean_menu_typo_line_height_mobile":0,"ocean_menu_typo_line_height_unit":"","ocean_menu_typo_spacing":0,"ocean_menu_typo_spacing_tablet":0,"ocean_menu_typo_spacing_mobile":0,"ocean_menu_typo_spacing_unit":"","ocean_menu_link_color":"","ocean_menu_link_color_hover":"","ocean_menu_link_color_active":"","ocean_menu_link_background":"","ocean_menu_link_hover_background":"","ocean_menu_link_active_background":"","ocean_menu_social_links_bg":"","ocean_menu_social_hover_links_bg":"","ocean_menu_social_links_color":"","ocean_menu_social_hover_links_color":"","ocean_disable_title":"default","ocean_disable_heading":"default","ocean_post_title":"","ocean_post_subheading":"","ocean_post_title_style":"","ocean_post_title_background_color":"","ocean_post_title_background":0,"ocean_post_title_bg_image_position":"","ocean_post_title_bg_image_attachment":"","ocean_post_title_bg_image_repeat":"","ocean_post_title_bg_image_size":"","ocean_post_title_height":0,"ocean_post_title_bg_overlay":0.5,"ocean_post_title_bg_overlay_color":"","ocean_disable_breadcrumbs":"default","ocean_breadcrumbs_color":"","ocean_breadcrumbs_separator_color":"","ocean_breadcrumbs_links_color":"","ocean_breadcrumbs_links_hover_color":"","ocean_display_footer_widgets":"default","ocean_display_footer_bottom":"default","ocean_custom_footer_template":"0","osh_disable_topbar_sticky":"default","osh_disable_header_sticky":"default","osh_sticky_header_style":"default","osh_sticky_header_effect":"","osh_custom_sticky_logo":0,"osh_custom_retina_sticky_logo":0,"osh_custom_sticky_logo_height":0,"osh_background_color":"","osh_links_color":"","osh_links_hover_color":"","osh_links_active_color":"","osh_links_bg_color":"","osh_links_hover_bg_color":"","osh_links_active_bg_color":"","osh_menu_social_links_color":"","osh_menu_social_hover_links_color":""},"product_brand":[],"product_cat":[43],"product_tag":[108,107,109],"class_list":{"0":"post-2130","1":"product","2":"type-product","3":"status-publish","4":"has-post-thumbnail","6":"product_cat-wire-strapping-buckle","7":"product_tag-packing-strap-buckle","8":"product_tag-phosphate-wire-buckle","9":"product_tag-wire-strapping-buckles","11":"entry","12":"has-media","14":"first","15":"instock","16":"shipping-taxable","17":"product-type-external","18":"col","19":"span_1_of_3","20":"owp-content-center","21":"owp-thumbs-layout-horizontal","22":"owp-btn-very-big","23":"owp-tabs-layout-horizontal"},"_links":{"self":[{"href":"https:\/\/www.qianyipack.com\/es\/wp-json\/wp\/v2\/product\/2130","targetHints":{"allow":["GET"]}}],"collection":[{"href":"https:\/\/www.qianyipack.com\/es\/wp-json\/wp\/v2\/product"}],"about":[{"href":"https:\/\/www.qianyipack.com\/es\/wp-json\/wp\/v2\/types\/product"}],"wp:featuredmedia":[{"embeddable":true,"href":"https:\/\/www.qianyipack.com\/es\/wp-json\/wp\/v2\/media\/2114"}],"wp:attachment":[{"href":"https:\/\/www.qianyipack.com\/es\/wp-json\/wp\/v2\/media?parent=2130"}],"wp:term":[{"taxonomy":"product_brand","embeddable":true,"href":"https:\/\/www.qianyipack.com\/es\/wp-json\/wp\/v2\/product_brand?post=2130"},{"taxonomy":"product_cat","embeddable":true,"href":"https:\/\/www.qianyipack.com\/es\/wp-json\/wp\/v2\/product_cat?post=2130"},{"taxonomy":"product_tag","embeddable":true,"href":"https:\/\/www.qianyipack.com\/es\/wp-json\/wp\/v2\/product_tag?post=2130"}],"curies":[{"name":"wp","href":"https:\/\/api.w.org\/{rel}","templated":true}]}}