{"id":2135,"date":"2021-11-05T00:23:21","date_gmt":"2021-11-05T08:23:21","guid":{"rendered":"https:\/\/www.qianyipack.com\/?post_type=product&#038;p=2135"},"modified":"2021-11-23T16:59:51","modified_gmt":"2021-11-24T00:59:51","slug":"steel-strapping-dispenser-for-pp-pet-packaging-strapping","status":"publish","type":"product","link":"https:\/\/www.qianyipack.com\/es\/producto\/steel-strapping-dispenser-for-pp-pet-packaging-strapping","title":{"rendered":"Dispensador de flejado para flejado de envases de PP \/ PET"},"content":{"rendered":"<p><a href=\"https:\/\/www.qianyipack.com\/\" target=\"_blank\" rel=\"noopener\">Qianyi<\/a> packaging products Co., Ltd. specializes in producing all kinds of packaging accessories such as packaging belts, packaging tools and packaging materials, including PP packaging straps, PET packaging straps, steel wire buckles, square buckles, packaging strapping tensioners, packaging strapping cart, etc. We continue to launch scientific and technological innovative packaging solutions to reduce the cost of packaging materials and improve the product image for customers, which is conducive to market competitiveness.<\/p>\n<figure id=\"attachment_2137\" aria-describedby=\"caption-attachment-2137\" style=\"width: 960px\" class=\"wp-caption alignnone\"><img fetchpriority=\"high\" decoding=\"async\" class=\"size-full wp-image-2137\" src=\"https:\/\/www.qianyipack.com\/wp-content\/uploads\/banding-dispenser-description.jpg\" alt=\"banding dispenser description\" width=\"960\" height=\"452\" srcset=\"https:\/\/www.qianyipack.com\/wp-content\/uploads\/banding-dispenser-description.jpg 960w, https:\/\/www.qianyipack.com\/wp-content\/uploads\/banding-dispenser-description-800x377.jpg 800w, https:\/\/www.qianyipack.com\/wp-content\/uploads\/banding-dispenser-description-300x141.jpg 300w, https:\/\/www.qianyipack.com\/wp-content\/uploads\/banding-dispenser-description-768x362.jpg 768w, https:\/\/www.qianyipack.com\/wp-content\/uploads\/banding-dispenser-description-18x8.jpg 18w\" sizes=\"(max-width: 960px) 100vw, 960px\" \/><figcaption id=\"caption-attachment-2137\" class=\"wp-caption-text\">descripci\u00f3n del dispensador de bandas<\/figcaption><\/figure>\n<h3>Caracter\u00edstica<\/h3>\n<p class=\" translation-block\">Cuerpo inteligente. El dispensador de flejes puede mover el cuerpo a voluntad al empaquetar. La aplicaci\u00f3n flexible es conveniente para empacar. Cuando se usa la cinta de empaque, es conveniente y ahorra mano de obra, lo que favorece el orden en el lugar de trabajo. <br>\nMango de forma curva. El carro de flejado est\u00e1 hecho de acuerdo con la ergonom\u00eda, la altura del cuerpo es c\u00f3moda para que las manos normales sostengan el autom\u00f3vil. El dise\u00f1o curvo del mango con la rueda hace que el agarre se sienta c\u00f3modo y evita efectivamente la posibilidad de lesiones en la mano. <br>\nRodillo de goma. Rodillo con material de goma, alta elasticidad, gran peso, sin necesidad de preocuparse por la deformaci\u00f3n, larga vida \u00fatil. <br>\nEl juego de herramientas. El cuerpo del dispensador de flejado est\u00e1 equipado con una caja de herramientas para almacenar todo tipo de herramientas de embalaje para facilitar el trabajo. <br>\nTuerca con mango. Su bandeja tiene tuerca fija, asa incorporada, f\u00e1cil de desmontar.<\/p>\n<figure id=\"attachment_2138\" aria-describedby=\"caption-attachment-2138\" style=\"width: 960px\" class=\"wp-caption alignnone\"><img decoding=\"async\" class=\"size-full wp-image-2138\" src=\"https:\/\/www.qianyipack.com\/wp-content\/uploads\/strap-dispenser-application.jpg\" alt=\"strap dispenser application\" width=\"960\" height=\"458\" srcset=\"https:\/\/www.qianyipack.com\/wp-content\/uploads\/strap-dispenser-application.jpg 960w, https:\/\/www.qianyipack.com\/wp-content\/uploads\/strap-dispenser-application-800x382.jpg 800w, https:\/\/www.qianyipack.com\/wp-content\/uploads\/strap-dispenser-application-300x143.jpg 300w, https:\/\/www.qianyipack.com\/wp-content\/uploads\/strap-dispenser-application-768x366.jpg 768w, https:\/\/www.qianyipack.com\/wp-content\/uploads\/strap-dispenser-application-18x9.jpg 18w\" sizes=\"(max-width: 960px) 100vw, 960px\" \/><figcaption id=\"caption-attachment-2138\" class=\"wp-caption-text\">strap dispenser application<\/figcaption><\/figure>\n<h3>Especificaci\u00f3n<\/h3>\n<p class=\" translation-block\">Nombre del producto: dispensador de flejes grandes cruzados con engranaje giratorio <br>\nDimensi\u00f3n del dispensador de flejado: 550x400x1050mm <br>\nDimensi\u00f3n de la caja de herramientas: 370x200x100mm <br>\nPeso del carro de flejado: 15 kg \/ 17 kg <br>\nObjetos aplicables: correa de pl\u00e1stico de acero \/ correa de embalaje de PP \/ correa de embalaje de PET\nEspecificaci\u00f3n de la correa giratoria: di\u00e1metro interior de la correa de embalaje de 200-400 mm.\nCarga de dosificador: 80kg <br>\nVentajas: rueda de goma resistente al desgaste, freno interno<\/p>\n<h3>Aplicaci\u00f3n<\/h3>\n<p>Coopere principalmente con el trabajo de embalaje de PP, PET, correas de fibra de poli\u00e9ster y correas de acero. Con caja de herramientas, puede almacenar herramientas y accesorios de embalaje. F\u00e1cil de usar, ligero y duradero. Se utiliza principalmente en piedra, materiales de construcci\u00f3n, maquinaria, madera, acero, electr\u00f3nica, log\u00edstica, impresi\u00f3n y otras industrias.<\/p>\n<figure id=\"attachment_1846\" aria-describedby=\"caption-attachment-1846\" style=\"width: 900px\" class=\"wp-caption alignnone\"><img decoding=\"async\" class=\"size-full wp-image-1846\" src=\"https:\/\/www.qianyipack.com\/wp-content\/uploads\/iron-strapping-dispenser-application-2.jpg\" alt=\"iron strapping dispenser application (2)\" width=\"900\" height=\"506\" srcset=\"https:\/\/www.qianyipack.com\/wp-content\/uploads\/iron-strapping-dispenser-application-2.jpg 900w, https:\/\/www.qianyipack.com\/wp-content\/uploads\/iron-strapping-dispenser-application-2-800x450.jpg 800w, https:\/\/www.qianyipack.com\/wp-content\/uploads\/iron-strapping-dispenser-application-2-300x169.jpg 300w, https:\/\/www.qianyipack.com\/wp-content\/uploads\/iron-strapping-dispenser-application-2-768x432.jpg 768w, https:\/\/www.qianyipack.com\/wp-content\/uploads\/iron-strapping-dispenser-application-2-18x10.jpg 18w\" sizes=\"(max-width: 900px) 100vw, 900px\" \/><figcaption id=\"caption-attachment-1846\" class=\"wp-caption-text\">aplicaci\u00f3n dispensadora de flejes de hierro (2)<\/figcaption><\/figure>","protected":false},"excerpt":{"rendered":"<p>El dispensador de flejes es una herramienta auxiliar importante cuando se usa un empacador port\u00e1til, lo que hace que el entorno de empaque desordenado sea estandarizado y ordenado. Este carro de flejado se puede dividir en tipo general y tipo especial de acuerdo con la especificaci\u00f3n de flejado de embalaje.<\/p>","protected":false},"featured_media":2141,"template":"","meta":{"ocean_post_layout":"","ocean_both_sidebars_style":"","ocean_both_sidebars_content_width":0,"ocean_both_sidebars_sidebars_width":0,"ocean_sidebar":"0","ocean_second_sidebar":"0","ocean_disable_margins":"enable","ocean_add_body_class":"","ocean_shortcode_before_top_bar":"","ocean_shortcode_after_top_bar":"","ocean_shortcode_before_header":"","ocean_shortcode_after_header":"","ocean_has_shortcode":"","ocean_shortcode_after_title":"","ocean_shortcode_before_footer_widgets":"","ocean_shortcode_after_footer_widgets":"","ocean_shortcode_before_footer_bottom":"","ocean_shortcode_after_footer_bottom":"","ocean_display_top_bar":"default","ocean_display_header":"default","ocean_header_style":"","ocean_center_header_left_menu":"0","ocean_custom_header_template":"0","ocean_custom_logo":0,"ocean_custom_retina_logo":0,"ocean_custom_logo_max_width":0,"ocean_custom_logo_tablet_max_width":0,"ocean_custom_logo_mobile_max_width":0,"ocean_custom_logo_max_height":0,"ocean_custom_logo_tablet_max_height":0,"ocean_custom_logo_mobile_max_height":0,"ocean_header_custom_menu":"0","ocean_menu_typo_font_family":"0","ocean_menu_typo_font_subset":"","ocean_menu_typo_font_size":0,"ocean_menu_typo_font_size_tablet":0,"ocean_menu_typo_font_size_mobile":0,"ocean_menu_typo_font_size_unit":"px","ocean_menu_typo_font_weight":"","ocean_menu_typo_font_weight_tablet":"","ocean_menu_typo_font_weight_mobile":"","ocean_menu_typo_transform":"","ocean_menu_typo_transform_tablet":"","ocean_menu_typo_transform_mobile":"","ocean_menu_typo_line_height":0,"ocean_menu_typo_line_height_tablet":0,"ocean_menu_typo_line_height_mobile":0,"ocean_menu_typo_line_height_unit":"","ocean_menu_typo_spacing":0,"ocean_menu_typo_spacing_tablet":0,"ocean_menu_typo_spacing_mobile":0,"ocean_menu_typo_spacing_unit":"","ocean_menu_link_color":"","ocean_menu_link_color_hover":"","ocean_menu_link_color_active":"","ocean_menu_link_background":"","ocean_menu_link_hover_background":"","ocean_menu_link_active_background":"","ocean_menu_social_links_bg":"","ocean_menu_social_hover_links_bg":"","ocean_menu_social_links_color":"","ocean_menu_social_hover_links_color":"","ocean_disable_title":"default","ocean_disable_heading":"default","ocean_post_title":"","ocean_post_subheading":"","ocean_post_title_style":"","ocean_post_title_background_color":"","ocean_post_title_background":0,"ocean_post_title_bg_image_position":"","ocean_post_title_bg_image_attachment":"","ocean_post_title_bg_image_repeat":"","ocean_post_title_bg_image_size":"","ocean_post_title_height":0,"ocean_post_title_bg_overlay":0.5,"ocean_post_title_bg_overlay_color":"","ocean_disable_breadcrumbs":"default","ocean_breadcrumbs_color":"","ocean_breadcrumbs_separator_color":"","ocean_breadcrumbs_links_color":"","ocean_breadcrumbs_links_hover_color":"","ocean_display_footer_widgets":"default","ocean_display_footer_bottom":"default","ocean_custom_footer_template":"0","osh_disable_topbar_sticky":"default","osh_disable_header_sticky":"default","osh_sticky_header_style":"default","osh_sticky_header_effect":"","osh_custom_sticky_logo":0,"osh_custom_retina_sticky_logo":0,"osh_custom_sticky_logo_height":0,"osh_background_color":"","osh_links_color":"","osh_links_hover_color":"","osh_links_active_color":"","osh_links_bg_color":"","osh_links_hover_bg_color":"","osh_links_active_bg_color":"","osh_menu_social_links_color":"","osh_menu_social_hover_links_color":""},"product_brand":[],"product_cat":[46],"product_tag":[113,73,111],"class_list":{"0":"post-2135","1":"product","2":"type-product","3":"status-publish","4":"has-post-thumbnail","6":"product_cat-strapping-dispenser","7":"product_tag-pet-strap-dispenser","8":"product_tag-strapping-dispenser","9":"product_tag-strapping-dispenser-cart","11":"entry","12":"has-media","14":"first","15":"instock","16":"shipping-taxable","17":"product-type-external","18":"col","19":"span_1_of_3","20":"owp-content-center","21":"owp-thumbs-layout-horizontal","22":"owp-btn-very-big","23":"owp-tabs-layout-horizontal"},"_links":{"self":[{"href":"https:\/\/www.qianyipack.com\/es\/wp-json\/wp\/v2\/product\/2135","targetHints":{"allow":["GET"]}}],"collection":[{"href":"https:\/\/www.qianyipack.com\/es\/wp-json\/wp\/v2\/product"}],"about":[{"href":"https:\/\/www.qianyipack.com\/es\/wp-json\/wp\/v2\/types\/product"}],"wp:featuredmedia":[{"embeddable":true,"href":"https:\/\/www.qianyipack.com\/es\/wp-json\/wp\/v2\/media\/2141"}],"wp:attachment":[{"href":"https:\/\/www.qianyipack.com\/es\/wp-json\/wp\/v2\/media?parent=2135"}],"wp:term":[{"taxonomy":"product_brand","embeddable":true,"href":"https:\/\/www.qianyipack.com\/es\/wp-json\/wp\/v2\/product_brand?post=2135"},{"taxonomy":"product_cat","embeddable":true,"href":"https:\/\/www.qianyipack.com\/es\/wp-json\/wp\/v2\/product_cat?post=2135"},{"taxonomy":"product_tag","embeddable":true,"href":"https:\/\/www.qianyipack.com\/es\/wp-json\/wp\/v2\/product_tag?post=2135"}],"curies":[{"name":"wp","href":"https:\/\/api.w.org\/{rel}","templated":true}]}}