{"id":2145,"date":"2021-11-07T17:59:24","date_gmt":"2021-11-08T01:59:24","guid":{"rendered":"https:\/\/www.qianyipack.com\/?post_type=product&#038;p=2145"},"modified":"2021-11-23T01:02:00","modified_gmt":"2021-11-23T09:02:00","slug":"25mm-heavy-duty-flexible-strapping-band-for-logistics","status":"publish","type":"product","link":"https:\/\/www.qianyipack.com\/es\/producto\/25mm-heavy-duty-flexible-strapping-band-for-logistics","title":{"rendered":"Banda de flejado de alta resistencia de 25mm para log\u00edstica"},"content":{"rendered":"<p class=\" translation-block\">Materiales de primera calidad. Nuestro fleje de fibra compuesta flexible est\u00e1 hecho de poli\u00e9ster de alta resistencia, que es m\u00e1s fuerte, m\u00e1s suave, m\u00e1s duradero y tiene una gama m\u00e1s amplia de aplicaciones que el flejado tradicional. <br>\nResistente a la flexi\u00f3n y no se deforma f\u00e1cilmente. La correa de poli\u00e9ster compuesto tiene un buen rendimiento de plegado y no es f\u00e1cil de deformar. Se puede utilizar con hebillas de acero. <br>\nBuena resistencia al impacto. El fleje de fibra tiene una buena resistencia al impacto y no es f\u00e1cil de romper, lo que puede garantizar el transporte sin problemas de sus productos. <br>\nBuena resistencia a la corrosi\u00f3n. La correa de alambre de poli\u00e9ster tiene buena resistencia a la corrosi\u00f3n, es impermeable y a prueba de humedad, y no hay riesgo de oxidar la correa de acero y contaminar los objetos atados. <br>\nBuena cobertura y estanqueidad del paquete. El embalaje se expandir\u00e1 y contraer\u00e1 despu\u00e9s del transporte de larga distancia, y la cinta de embalaje de fibra tambi\u00e9n puede mantener una buena tensi\u00f3n en el objeto embalado.<\/p>\n<figure id=\"attachment_2147\" aria-describedby=\"caption-attachment-2147\" style=\"width: 960px\" class=\"wp-caption alignnone\"><img fetchpriority=\"high\" decoding=\"async\" class=\"size-full wp-image-2147\" src=\"https:\/\/www.qianyipack.com\/wp-content\/uploads\/25mm-packing-strap-description.jpg\" alt=\"25mm packing strap description\" width=\"960\" height=\"540\" srcset=\"https:\/\/www.qianyipack.com\/wp-content\/uploads\/25mm-packing-strap-description.jpg 960w, https:\/\/www.qianyipack.com\/wp-content\/uploads\/25mm-packing-strap-description-800x450.jpg 800w, https:\/\/www.qianyipack.com\/wp-content\/uploads\/25mm-packing-strap-description-300x169.jpg 300w, https:\/\/www.qianyipack.com\/wp-content\/uploads\/25mm-packing-strap-description-768x432.jpg 768w, https:\/\/www.qianyipack.com\/wp-content\/uploads\/25mm-packing-strap-description-18x10.jpg 18w\" sizes=\"(max-width: 960px) 100vw, 960px\" \/><figcaption id=\"caption-attachment-2147\" class=\"wp-caption-text\">Descripci\u00f3n de la correa de embalaje de 25 mm<\/figcaption><\/figure>\n<h3>Especificaci\u00f3n<\/h3>\n<figure id=\"attachment_1572\" aria-describedby=\"caption-attachment-1572\" style=\"width: 960px\" class=\"wp-caption alignnone\"><img decoding=\"async\" class=\"size-full wp-image-1572\" src=\"https:\/\/www.qianyipack.com\/wp-content\/uploads\/32mm-cord-strap-specification.jpg\" alt=\"32mm-cord-strap-specification\" width=\"960\" height=\"407\" srcset=\"https:\/\/www.qianyipack.com\/wp-content\/uploads\/32mm-cord-strap-specification.jpg 960w, https:\/\/www.qianyipack.com\/wp-content\/uploads\/32mm-cord-strap-specification-800x339.jpg 800w, https:\/\/www.qianyipack.com\/wp-content\/uploads\/32mm-cord-strap-specification-300x127.jpg 300w, https:\/\/www.qianyipack.com\/wp-content\/uploads\/32mm-cord-strap-specification-768x326.jpg 768w, https:\/\/www.qianyipack.com\/wp-content\/uploads\/32mm-cord-strap-specification-18x8.jpg 18w\" sizes=\"(max-width: 960px) 100vw, 960px\" \/><figcaption id=\"caption-attachment-1572\" class=\"wp-caption-text\">Especificaci\u00f3n de la correa del cable de 32 mm<\/figcaption><\/figure>\n<h3>Aplicaci\u00f3n<\/h3>\n<p>QIANYI mainly produces PP straps, straps, steel straps, plastic packaging products, pure material straps, plastic steel straps, iron straps, color straps, <a href=\"https:\/\/www.qianyipack.com\/en\/about\" target=\"_blank\" rel=\"noopener\">manual straps<\/a>, plastic steel straps, automatic straps, flexible straps , Manual packing buckle, PP end belt, PET packing belt, fiber packing belt, manual packing machine, plastic packing buckle and other products, with a modern warehouse of more than 10,000 square meters.<\/p>\n<figure id=\"attachment_2146\" aria-describedby=\"caption-attachment-2146\" style=\"width: 960px\" class=\"wp-caption alignnone\"><img decoding=\"async\" class=\"size-full wp-image-2146\" src=\"https:\/\/www.qianyipack.com\/wp-content\/uploads\/25mm-strapping-application.jpg\" alt=\"25mm strapping application\" width=\"960\" height=\"519\" srcset=\"https:\/\/www.qianyipack.com\/wp-content\/uploads\/25mm-strapping-application.jpg 960w, https:\/\/www.qianyipack.com\/wp-content\/uploads\/25mm-strapping-application-800x433.jpg 800w, https:\/\/www.qianyipack.com\/wp-content\/uploads\/25mm-strapping-application-300x162.jpg 300w, https:\/\/www.qianyipack.com\/wp-content\/uploads\/25mm-strapping-application-768x415.jpg 768w, https:\/\/www.qianyipack.com\/wp-content\/uploads\/25mm-strapping-application-18x10.jpg 18w\" sizes=\"(max-width: 960px) 100vw, 960px\" \/><figcaption id=\"caption-attachment-2146\" class=\"wp-caption-text\">Aplicaci\u00f3n de flejado de 25 mm<\/figcaption><\/figure>","protected":false},"excerpt":{"rendered":"<p>La banda de flejado adopta una m\u00e1quina de prueba de tensi\u00f3n de banda de fibra de grado profesional para probar estrictamente cada par\u00e1metro para garantizar que cada banda de fibra alcance un nivel de alta calidad. Incluye prueba de tensi\u00f3n de tracci\u00f3n, prueba de resistencia a la tracci\u00f3n, prueba de resistencia al desgarro, prueba de resistencia al desgarro por flexi\u00f3n.<\/p>","protected":false},"featured_media":2150,"template":"","meta":{"ocean_post_layout":"","ocean_both_sidebars_style":"","ocean_both_sidebars_content_width":0,"ocean_both_sidebars_sidebars_width":0,"ocean_sidebar":"0","ocean_second_sidebar":"0","ocean_disable_margins":"enable","ocean_add_body_class":"","ocean_shortcode_before_top_bar":"","ocean_shortcode_after_top_bar":"","ocean_shortcode_before_header":"","ocean_shortcode_after_header":"","ocean_has_shortcode":"","ocean_shortcode_after_title":"","ocean_shortcode_before_footer_widgets":"","ocean_shortcode_after_footer_widgets":"","ocean_shortcode_before_footer_bottom":"","ocean_shortcode_after_footer_bottom":"","ocean_display_top_bar":"default","ocean_display_header":"default","ocean_header_style":"","ocean_center_header_left_menu":"0","ocean_custom_header_template":"0","ocean_custom_logo":0,"ocean_custom_retina_logo":0,"ocean_custom_logo_max_width":0,"ocean_custom_logo_tablet_max_width":0,"ocean_custom_logo_mobile_max_width":0,"ocean_custom_logo_max_height":0,"ocean_custom_logo_tablet_max_height":0,"ocean_custom_logo_mobile_max_height":0,"ocean_header_custom_menu":"0","ocean_menu_typo_font_family":"0","ocean_menu_typo_font_subset":"","ocean_menu_typo_font_size":0,"ocean_menu_typo_font_size_tablet":0,"ocean_menu_typo_font_size_mobile":0,"ocean_menu_typo_font_size_unit":"px","ocean_menu_typo_font_weight":"","ocean_menu_typo_font_weight_tablet":"","ocean_menu_typo_font_weight_mobile":"","ocean_menu_typo_transform":"","ocean_menu_typo_transform_tablet":"","ocean_menu_typo_transform_mobile":"","ocean_menu_typo_line_height":0,"ocean_menu_typo_line_height_tablet":0,"ocean_menu_typo_line_height_mobile":0,"ocean_menu_typo_line_height_unit":"","ocean_menu_typo_spacing":0,"ocean_menu_typo_spacing_tablet":0,"ocean_menu_typo_spacing_mobile":0,"ocean_menu_typo_spacing_unit":"","ocean_menu_link_color":"","ocean_menu_link_color_hover":"","ocean_menu_link_color_active":"","ocean_menu_link_background":"","ocean_menu_link_hover_background":"","ocean_menu_link_active_background":"","ocean_menu_social_links_bg":"","ocean_menu_social_hover_links_bg":"","ocean_menu_social_links_color":"","ocean_menu_social_hover_links_color":"","ocean_disable_title":"default","ocean_disable_heading":"default","ocean_post_title":"","ocean_post_subheading":"","ocean_post_title_style":"","ocean_post_title_background_color":"","ocean_post_title_background":0,"ocean_post_title_bg_image_position":"","ocean_post_title_bg_image_attachment":"","ocean_post_title_bg_image_repeat":"","ocean_post_title_bg_image_size":"","ocean_post_title_height":0,"ocean_post_title_bg_overlay":0.5,"ocean_post_title_bg_overlay_color":"","ocean_disable_breadcrumbs":"default","ocean_breadcrumbs_color":"","ocean_breadcrumbs_separator_color":"","ocean_breadcrumbs_links_color":"","ocean_breadcrumbs_links_hover_color":"","ocean_display_footer_widgets":"default","ocean_display_footer_bottom":"default","ocean_custom_footer_template":"0","osh_disable_topbar_sticky":"default","osh_disable_header_sticky":"default","osh_sticky_header_style":"default","osh_sticky_header_effect":"","osh_custom_sticky_logo":0,"osh_custom_retina_sticky_logo":0,"osh_custom_sticky_logo_height":0,"osh_background_color":"","osh_links_color":"","osh_links_hover_color":"","osh_links_active_color":"","osh_links_bg_color":"","osh_links_hover_bg_color":"","osh_links_active_bg_color":"","osh_menu_social_links_color":"","osh_menu_social_hover_links_color":""},"product_brand":[],"product_cat":[36],"product_tag":[114,115,50],"class_list":{"0":"post-2145","1":"product","2":"type-product","3":"status-publish","4":"has-post-thumbnail","6":"product_cat-composite-cord-strap","7":"product_tag-composite-cord-strapping","8":"product_tag-lashing-straps","9":"product_tag-strapping-band","11":"entry","12":"has-media","14":"first","15":"instock","16":"shipping-taxable","17":"product-type-external","18":"col","19":"span_1_of_3","20":"owp-content-center","21":"owp-thumbs-layout-horizontal","22":"owp-btn-very-big","23":"owp-tabs-layout-horizontal"},"_links":{"self":[{"href":"https:\/\/www.qianyipack.com\/es\/wp-json\/wp\/v2\/product\/2145","targetHints":{"allow":["GET"]}}],"collection":[{"href":"https:\/\/www.qianyipack.com\/es\/wp-json\/wp\/v2\/product"}],"about":[{"href":"https:\/\/www.qianyipack.com\/es\/wp-json\/wp\/v2\/types\/product"}],"wp:featuredmedia":[{"embeddable":true,"href":"https:\/\/www.qianyipack.com\/es\/wp-json\/wp\/v2\/media\/2150"}],"wp:attachment":[{"href":"https:\/\/www.qianyipack.com\/es\/wp-json\/wp\/v2\/media?parent=2145"}],"wp:term":[{"taxonomy":"product_brand","embeddable":true,"href":"https:\/\/www.qianyipack.com\/es\/wp-json\/wp\/v2\/product_brand?post=2145"},{"taxonomy":"product_cat","embeddable":true,"href":"https:\/\/www.qianyipack.com\/es\/wp-json\/wp\/v2\/product_cat?post=2145"},{"taxonomy":"product_tag","embeddable":true,"href":"https:\/\/www.qianyipack.com\/es\/wp-json\/wp\/v2\/product_tag?post=2145"}],"curies":[{"name":"wp","href":"https:\/\/api.w.org\/{rel}","templated":true}]}}