{"id":2282,"date":"2021-11-11T23:52:19","date_gmt":"2021-11-12T07:52:19","guid":{"rendered":"https:\/\/www.qianyipack.com\/?post_type=product&#038;p=2282"},"modified":"2021-11-23T17:38:58","modified_gmt":"2021-11-24T01:38:58","slug":"16mm-woven-polyester-cord-strapping-roll-band-kit","status":"publish","type":"product","link":"https:\/\/www.qianyipack.com\/es\/producto\/16mm-woven-polyester-cord-strapping-roll-band-kit","title":{"rendered":"Rollo de flejado de cord\u00f3n de poli\u00e9ster tejido de 16mm"},"content":{"rendered":"<p>La vida \u00fatil del tensor afectar\u00e1 el grado de coincidencia de la banda de empaque, por lo que aparecer\u00e1n varios problemas. Excepto por el agrietamiento y la fragilidad del fleje, generalmente es causado por la falta de coincidencia entre el modelo de flejado y el tensor utilizado. No es un problema de calidad.\nPuede contactarnos para encontrar una soluci\u00f3n de embalaje de flejado. Se recomienda consultar con el servicio de atenci\u00f3n al cliente antes de comprar qu\u00e9 especificaciones y modelos son adecuados, para no causar inconvenientes en su uso.<\/p>\n<figure id=\"attachment_2283\" aria-describedby=\"caption-attachment-2283\" style=\"width: 960px\" class=\"wp-caption alignnone\"><img fetchpriority=\"high\" decoding=\"async\" class=\"size-full wp-image-2283\" src=\"https:\/\/www.qianyipack.com\/wp-content\/uploads\/16mm-banding-strapping-6.jpg\" alt=\"16mm banding strapping (6)\" width=\"960\" height=\"540\" srcset=\"https:\/\/www.qianyipack.com\/wp-content\/uploads\/16mm-banding-strapping-6.jpg 960w, https:\/\/www.qianyipack.com\/wp-content\/uploads\/16mm-banding-strapping-6-800x450.jpg 800w, https:\/\/www.qianyipack.com\/wp-content\/uploads\/16mm-banding-strapping-6-300x169.jpg 300w, https:\/\/www.qianyipack.com\/wp-content\/uploads\/16mm-banding-strapping-6-768x432.jpg 768w, https:\/\/www.qianyipack.com\/wp-content\/uploads\/16mm-banding-strapping-6-18x10.jpg 18w\" sizes=\"(max-width: 960px) 100vw, 960px\" \/><figcaption id=\"caption-attachment-2283\" class=\"wp-caption-text\">Fleje de bandas de 16 mm (6)<\/figcaption><\/figure>\n<h3>Ventajas<\/h3>\n<p>Generalmente, las correas de empaquetado buenas est\u00e1n hechas de part\u00edculas de poli\u00e9ster puro y las part\u00edculas de poli\u00e9ster puro son transparentes, por lo que la correa de empaque producida tambi\u00e9n debe ser transparente y brillante. Si es opaco, tambi\u00e9n debe ser El acabado es muy bueno. Sin embargo, si el cintur\u00f3n est\u00e1 hecho de materiales reciclados, el color ser\u00e1 mucho peor y aparecer\u00e1 gris oscuro. Esto se debe a que el material reciclado se mezcla con cal viva y \u00f3xido de calcio. Estas correas son relativamente baratas, pero tienen poca resistencia a la tracci\u00f3n.<\/p>\n<figure id=\"attachment_1047\" aria-describedby=\"caption-attachment-1047\" style=\"width: 960px\" class=\"wp-caption alignnone\"><img decoding=\"async\" class=\"size-full wp-image-1047\" src=\"https:\/\/www.qianyipack.com\/wp-content\/uploads\/2021\/10\/woven-strapping-specification.jpg\" alt=\"woven-strapping-specification\" width=\"960\" height=\"955\" srcset=\"https:\/\/www.qianyipack.com\/wp-content\/uploads\/2021\/10\/woven-strapping-specification.jpg 960w, https:\/\/www.qianyipack.com\/wp-content\/uploads\/2021\/10\/woven-strapping-specification-100x100.jpg 100w, https:\/\/www.qianyipack.com\/wp-content\/uploads\/2021\/10\/woven-strapping-specification-800x796.jpg 800w, https:\/\/www.qianyipack.com\/wp-content\/uploads\/2021\/10\/woven-strapping-specification-300x298.jpg 300w, https:\/\/www.qianyipack.com\/wp-content\/uploads\/2021\/10\/woven-strapping-specification-150x150.jpg 150w, https:\/\/www.qianyipack.com\/wp-content\/uploads\/2021\/10\/woven-strapping-specification-768x764.jpg 768w\" sizes=\"(max-width: 960px) 100vw, 960px\" \/><figcaption id=\"caption-attachment-1047\" class=\"wp-caption-text\">especificaci\u00f3n de flejes tejidos<\/figcaption><\/figure>\n<h3>Aplicaci\u00f3n<\/h3>\n<p>Nuestros principales productos incluyen flejes compuestos de fibra de poli\u00e9ster, fibra de poli\u00e9ster <a href=\"https:\/\/www.qianyipack.com\/en\/product-tag\/container-strap\" target=\"_blank\" rel=\"noopener\">flejes tejidos<\/a>, poli\u00e9ster de alta resistencia <a href=\"https:\/\/www.qianyipack.com\/en\/product-tag\/container-strap\" target=\"_blank\" rel=\"noopener\">fleje de cord\u00f3n<\/a>Bolsas de aire de papel kraft, bolsas de aire tejidas de PP, amarre de carga, correa para contenedores, esquinas de protecci\u00f3n, soportes de protecci\u00f3n, tensores de flejado, carro de flejado, hebillas de metal para flejes de poli\u00e9ster, clips de flejado de metal, gancho de seguridad, etc.<\/p>\n<figure id=\"attachment_2284\" aria-describedby=\"caption-attachment-2284\" style=\"width: 960px\" class=\"wp-caption alignnone\"><img decoding=\"async\" class=\"size-full wp-image-2284\" src=\"https:\/\/www.qianyipack.com\/wp-content\/uploads\/cord-strap-application.jpg\" alt=\"cord strap application\" width=\"960\" height=\"540\" srcset=\"https:\/\/www.qianyipack.com\/wp-content\/uploads\/cord-strap-application.jpg 960w, https:\/\/www.qianyipack.com\/wp-content\/uploads\/cord-strap-application-800x450.jpg 800w, https:\/\/www.qianyipack.com\/wp-content\/uploads\/cord-strap-application-300x169.jpg 300w, https:\/\/www.qianyipack.com\/wp-content\/uploads\/cord-strap-application-768x432.jpg 768w, https:\/\/www.qianyipack.com\/wp-content\/uploads\/cord-strap-application-18x10.jpg 18w\" sizes=\"(max-width: 960px) 100vw, 960px\" \/><figcaption id=\"caption-attachment-2284\" class=\"wp-caption-text\">aplicaci\u00f3n de correa de cord\u00f3n<\/figcaption><\/figure>","protected":false},"excerpt":{"rendered":"<p>Las correas para contenedores se utilizan generalmente para transportar objetos pesados \u200b\u200bo fr\u00e1giles en su conjunto. Durante el proceso, los objetos se fijan en vagones de camiones, vagones de tren, remolques o cargueros mar\u00edtimos para su transporte. El flejado con bandas tambi\u00e9n se usa para art\u00edculos que se comban o se mueven despu\u00e9s de ser atados. Puede sujetar y comprimir firmemente objetos encogibles.<\/p>","protected":false},"featured_media":2278,"template":"","meta":{"ocean_post_layout":"","ocean_both_sidebars_style":"","ocean_both_sidebars_content_width":0,"ocean_both_sidebars_sidebars_width":0,"ocean_sidebar":"0","ocean_second_sidebar":"0","ocean_disable_margins":"enable","ocean_add_body_class":"","ocean_shortcode_before_top_bar":"","ocean_shortcode_after_top_bar":"","ocean_shortcode_before_header":"","ocean_shortcode_after_header":"","ocean_has_shortcode":"","ocean_shortcode_after_title":"","ocean_shortcode_before_footer_widgets":"","ocean_shortcode_after_footer_widgets":"","ocean_shortcode_before_footer_bottom":"","ocean_shortcode_after_footer_bottom":"","ocean_display_top_bar":"default","ocean_display_header":"default","ocean_header_style":"","ocean_center_header_left_menu":"0","ocean_custom_header_template":"0","ocean_custom_logo":0,"ocean_custom_retina_logo":0,"ocean_custom_logo_max_width":0,"ocean_custom_logo_tablet_max_width":0,"ocean_custom_logo_mobile_max_width":0,"ocean_custom_logo_max_height":0,"ocean_custom_logo_tablet_max_height":0,"ocean_custom_logo_mobile_max_height":0,"ocean_header_custom_menu":"0","ocean_menu_typo_font_family":"0","ocean_menu_typo_font_subset":"","ocean_menu_typo_font_size":0,"ocean_menu_typo_font_size_tablet":0,"ocean_menu_typo_font_size_mobile":0,"ocean_menu_typo_font_size_unit":"px","ocean_menu_typo_font_weight":"","ocean_menu_typo_font_weight_tablet":"","ocean_menu_typo_font_weight_mobile":"","ocean_menu_typo_transform":"","ocean_menu_typo_transform_tablet":"","ocean_menu_typo_transform_mobile":"","ocean_menu_typo_line_height":0,"ocean_menu_typo_line_height_tablet":0,"ocean_menu_typo_line_height_mobile":0,"ocean_menu_typo_line_height_unit":"","ocean_menu_typo_spacing":0,"ocean_menu_typo_spacing_tablet":0,"ocean_menu_typo_spacing_mobile":0,"ocean_menu_typo_spacing_unit":"","ocean_menu_link_color":"","ocean_menu_link_color_hover":"","ocean_menu_link_color_active":"","ocean_menu_link_background":"","ocean_menu_link_hover_background":"","ocean_menu_link_active_background":"","ocean_menu_social_links_bg":"","ocean_menu_social_hover_links_bg":"","ocean_menu_social_links_color":"","ocean_menu_social_hover_links_color":"","ocean_disable_title":"default","ocean_disable_heading":"default","ocean_post_title":"","ocean_post_subheading":"","ocean_post_title_style":"","ocean_post_title_background_color":"","ocean_post_title_background":0,"ocean_post_title_bg_image_position":"","ocean_post_title_bg_image_attachment":"","ocean_post_title_bg_image_repeat":"","ocean_post_title_bg_image_size":"","ocean_post_title_height":0,"ocean_post_title_bg_overlay":0.5,"ocean_post_title_bg_overlay_color":"","ocean_disable_breadcrumbs":"default","ocean_breadcrumbs_color":"","ocean_breadcrumbs_separator_color":"","ocean_breadcrumbs_links_color":"","ocean_breadcrumbs_links_hover_color":"","ocean_display_footer_widgets":"default","ocean_display_footer_bottom":"default","ocean_custom_footer_template":"0","osh_disable_topbar_sticky":"default","osh_disable_header_sticky":"default","osh_sticky_header_style":"default","osh_sticky_header_effect":"","osh_custom_sticky_logo":0,"osh_custom_retina_sticky_logo":0,"osh_custom_sticky_logo_height":0,"osh_background_color":"","osh_links_color":"","osh_links_hover_color":"","osh_links_active_color":"","osh_links_bg_color":"","osh_links_hover_bg_color":"","osh_links_active_bg_color":"","osh_menu_social_links_color":"","osh_menu_social_hover_links_color":""},"product_brand":[],"product_cat":[38],"product_tag":[122,90,117],"class_list":{"0":"post-2282","1":"product","2":"type-product","3":"status-publish","4":"has-post-thumbnail","6":"product_cat-woven-polyester-strap","7":"product_tag-container-strap","8":"product_tag-woven-polyester-strapping","9":"product_tag-woven-strapping","11":"entry","12":"has-media","14":"first","15":"instock","16":"shipping-taxable","17":"product-type-external","18":"col","19":"span_1_of_3","20":"owp-content-center","21":"owp-thumbs-layout-horizontal","22":"owp-btn-very-big","23":"owp-tabs-layout-horizontal"},"_links":{"self":[{"href":"https:\/\/www.qianyipack.com\/es\/wp-json\/wp\/v2\/product\/2282","targetHints":{"allow":["GET"]}}],"collection":[{"href":"https:\/\/www.qianyipack.com\/es\/wp-json\/wp\/v2\/product"}],"about":[{"href":"https:\/\/www.qianyipack.com\/es\/wp-json\/wp\/v2\/types\/product"}],"wp:featuredmedia":[{"embeddable":true,"href":"https:\/\/www.qianyipack.com\/es\/wp-json\/wp\/v2\/media\/2278"}],"wp:attachment":[{"href":"https:\/\/www.qianyipack.com\/es\/wp-json\/wp\/v2\/media?parent=2282"}],"wp:term":[{"taxonomy":"product_brand","embeddable":true,"href":"https:\/\/www.qianyipack.com\/es\/wp-json\/wp\/v2\/product_brand?post=2282"},{"taxonomy":"product_cat","embeddable":true,"href":"https:\/\/www.qianyipack.com\/es\/wp-json\/wp\/v2\/product_cat?post=2282"},{"taxonomy":"product_tag","embeddable":true,"href":"https:\/\/www.qianyipack.com\/es\/wp-json\/wp\/v2\/product_tag?post=2282"}],"curies":[{"name":"wp","href":"https:\/\/api.w.org\/{rel}","templated":true}]}}