{"id":2288,"date":"2021-11-15T00:10:15","date_gmt":"2021-11-15T08:10:15","guid":{"rendered":"https:\/\/www.qianyipack.com\/?post_type=product&#038;p=2288"},"modified":"2021-11-23T17:36:07","modified_gmt":"2021-11-24T01:36:07","slug":"19mm-woven-polyester-strapping-for-cargo-protection","status":"publish","type":"product","link":"https:\/\/www.qianyipack.com\/es\/producto\/19mm-woven-polyester-strapping-for-cargo-protection","title":{"rendered":"Fleje de poli\u00e9ster tejido de 19mm para proteger la carga"},"content":{"rendered":"<p class=\" translation-block\">\u00bfC\u00f3mo identificar los flejes tejidos? <br>\nEl fleje del cord\u00f3n de materias primas puras se siente firme y los lados son relativamente lisos sin rebabas. Una correa de cable de este tipo funcionar\u00e1 muy suavemente en el camino de la m\u00e1quina empacadora o el tensor, no es propensa a problemas y tiene una alta eficiencia de trabajo. <br>\nMide la longitud. Dado que el material de poli\u00e9ster puro no se mezcla con ning\u00fan otro material, es particularmente el\u00e1stico. Cada rollo de fleje de poli\u00e9ster tejido se puede estirar muy largo, por lo que dicho fleje generalmente puede alcanzar 3000 metros \/ rollo. El flejado de materiales reciclados tiene poca ductilidad, por lo que no se puede alargar demasiado. <br>\nCargar los portes. Por la misma raz\u00f3n que la anterior, el fleje de poli\u00e9ster tejido de material puro se puede estirar durante mucho tiempo durante el proceso de producci\u00f3n, por lo que el peso puede ser muy ligero. El material reciclado determina que los flejes de embalaje hechos con \u00e9l ser\u00e1n muy pesados.<\/p>\n<figure id=\"attachment_2283\" aria-describedby=\"caption-attachment-2283\" style=\"width: 960px\" class=\"wp-caption alignnone\"><img fetchpriority=\"high\" decoding=\"async\" class=\"size-full wp-image-2283\" src=\"https:\/\/www.qianyipack.com\/wp-content\/uploads\/16mm-banding-strapping-6.jpg\" alt=\"16mm banding strapping (6)\" width=\"960\" height=\"540\" srcset=\"https:\/\/www.qianyipack.com\/wp-content\/uploads\/16mm-banding-strapping-6.jpg 960w, https:\/\/www.qianyipack.com\/wp-content\/uploads\/16mm-banding-strapping-6-800x450.jpg 800w, https:\/\/www.qianyipack.com\/wp-content\/uploads\/16mm-banding-strapping-6-300x169.jpg 300w, https:\/\/www.qianyipack.com\/wp-content\/uploads\/16mm-banding-strapping-6-768x432.jpg 768w, https:\/\/www.qianyipack.com\/wp-content\/uploads\/16mm-banding-strapping-6-18x10.jpg 18w\" sizes=\"(max-width: 960px) 100vw, 960px\" \/><figcaption id=\"caption-attachment-2283\" class=\"wp-caption-text\">Fleje de bandas de 16 mm (6)<\/figcaption><\/figure>\n<h3>Ventajas<\/h3>\n<p class=\" translation-block\">Seguro de calidad. Somos una f\u00e1brica con experiencia y nuestros flejes tejidos de poli\u00e9ster se exportan a pa\u00edses de todo el mundo, incluida la Uni\u00f3n Europea. Los flejes de poli\u00e9ster tejido tienen informes de prueba relevantes y han pasado las certificaciones pertinentes. <br>\nRendimiento de alto costo. Todos los flejes de poli\u00e9ster son suministrados directamente por nuestra f\u00e1brica. Los flejes tejidos de polietileno son de alta calidad y estables sin enlaces intermedios, por lo que son rentables y brindan a las empresas flejes tejidos de alta calidad, bajo costo y convenientes. <br>\nGarant\u00eda postventa. Contamos con un servicio posventa profesional y f\u00e1cil de usar para resolver sus problemas de flejado de cables tejidos a tiempo. El equipo profesional le ofrece un programa integral de seguridad en el transporte y el embalaje, lo que le permite ahorrar mano de obra y recursos materiales.<\/p>\n<figure id=\"attachment_1047\" aria-describedby=\"caption-attachment-1047\" style=\"width: 960px\" class=\"wp-caption alignnone\"><img decoding=\"async\" class=\"size-full wp-image-1047\" src=\"https:\/\/www.qianyipack.com\/wp-content\/uploads\/2021\/10\/woven-strapping-specification.jpg\" alt=\"woven-strapping-specification\" width=\"960\" height=\"955\" srcset=\"https:\/\/www.qianyipack.com\/wp-content\/uploads\/2021\/10\/woven-strapping-specification.jpg 960w, https:\/\/www.qianyipack.com\/wp-content\/uploads\/2021\/10\/woven-strapping-specification-100x100.jpg 100w, https:\/\/www.qianyipack.com\/wp-content\/uploads\/2021\/10\/woven-strapping-specification-800x796.jpg 800w, https:\/\/www.qianyipack.com\/wp-content\/uploads\/2021\/10\/woven-strapping-specification-300x298.jpg 300w, https:\/\/www.qianyipack.com\/wp-content\/uploads\/2021\/10\/woven-strapping-specification-150x150.jpg 150w, https:\/\/www.qianyipack.com\/wp-content\/uploads\/2021\/10\/woven-strapping-specification-768x764.jpg 768w\" sizes=\"(max-width: 960px) 100vw, 960px\" \/><figcaption id=\"caption-attachment-1047\" class=\"wp-caption-text\">especificaci\u00f3n de flejes tejidos<\/figcaption><\/figure>\n<h3>Aplicaci\u00f3n<\/h3>\n<p>\u00c1mbito de aplicaci\u00f3n: El fleje tejido de polietileno se utiliza principalmente para fijar y tensar la mercanc\u00eda en camiones, buques de carga, contenedores, remolques y trenes, y absorber el impacto generado durante el transporte. Por lo tanto, los flejes tejidos pueden reemplazar el sistema de trinquete y las almohadillas de madera. O soportes de madera, cables de acero, cadenas, etc.<\/p>\n<figure id=\"attachment_2289\" aria-describedby=\"caption-attachment-2289\" style=\"width: 960px\" class=\"wp-caption alignnone\"><img decoding=\"async\" class=\"size-full wp-image-2289\" src=\"https:\/\/www.qianyipack.com\/wp-content\/uploads\/19mm-woven-strap-application.jpg\" alt=\"19mm woven strap application\" width=\"960\" height=\"540\" srcset=\"https:\/\/www.qianyipack.com\/wp-content\/uploads\/19mm-woven-strap-application.jpg 960w, https:\/\/www.qianyipack.com\/wp-content\/uploads\/19mm-woven-strap-application-800x450.jpg 800w, https:\/\/www.qianyipack.com\/wp-content\/uploads\/19mm-woven-strap-application-300x169.jpg 300w, https:\/\/www.qianyipack.com\/wp-content\/uploads\/19mm-woven-strap-application-768x432.jpg 768w, https:\/\/www.qianyipack.com\/wp-content\/uploads\/19mm-woven-strap-application-18x10.jpg 18w\" sizes=\"(max-width: 960px) 100vw, 960px\" \/><figcaption id=\"caption-attachment-2289\" class=\"wp-caption-text\">Aplicaci\u00f3n de correa tejida de 19 mm<\/figcaption><\/figure>","protected":false},"excerpt":{"rendered":"<p>Esta correa de fleje est\u00e1 hecha de hilo de poli\u00e9ster de alta resistencia tejido y pegado. No es f\u00e1cil de aflojar, es conveniente y r\u00e1pido de usar, y tiene una amplia gama de aplicaciones. Se recomienda su uso con nuestra hebilla de empaque de alambre de acero fosfatado o galvanizado.<\/p>","protected":false},"featured_media":2291,"template":"","meta":{"ocean_post_layout":"","ocean_both_sidebars_style":"","ocean_both_sidebars_content_width":0,"ocean_both_sidebars_sidebars_width":0,"ocean_sidebar":"0","ocean_second_sidebar":"0","ocean_disable_margins":"enable","ocean_add_body_class":"","ocean_shortcode_before_top_bar":"","ocean_shortcode_after_top_bar":"","ocean_shortcode_before_header":"","ocean_shortcode_after_header":"","ocean_has_shortcode":"","ocean_shortcode_after_title":"","ocean_shortcode_before_footer_widgets":"","ocean_shortcode_after_footer_widgets":"","ocean_shortcode_before_footer_bottom":"","ocean_shortcode_after_footer_bottom":"","ocean_display_top_bar":"default","ocean_display_header":"default","ocean_header_style":"","ocean_center_header_left_menu":"0","ocean_custom_header_template":"0","ocean_custom_logo":0,"ocean_custom_retina_logo":0,"ocean_custom_logo_max_width":0,"ocean_custom_logo_tablet_max_width":0,"ocean_custom_logo_mobile_max_width":0,"ocean_custom_logo_max_height":0,"ocean_custom_logo_tablet_max_height":0,"ocean_custom_logo_mobile_max_height":0,"ocean_header_custom_menu":"0","ocean_menu_typo_font_family":"0","ocean_menu_typo_font_subset":"","ocean_menu_typo_font_size":0,"ocean_menu_typo_font_size_tablet":0,"ocean_menu_typo_font_size_mobile":0,"ocean_menu_typo_font_size_unit":"px","ocean_menu_typo_font_weight":"","ocean_menu_typo_font_weight_tablet":"","ocean_menu_typo_font_weight_mobile":"","ocean_menu_typo_transform":"","ocean_menu_typo_transform_tablet":"","ocean_menu_typo_transform_mobile":"","ocean_menu_typo_line_height":0,"ocean_menu_typo_line_height_tablet":0,"ocean_menu_typo_line_height_mobile":0,"ocean_menu_typo_line_height_unit":"","ocean_menu_typo_spacing":0,"ocean_menu_typo_spacing_tablet":0,"ocean_menu_typo_spacing_mobile":0,"ocean_menu_typo_spacing_unit":"","ocean_menu_link_color":"","ocean_menu_link_color_hover":"","ocean_menu_link_color_active":"","ocean_menu_link_background":"","ocean_menu_link_hover_background":"","ocean_menu_link_active_background":"","ocean_menu_social_links_bg":"","ocean_menu_social_hover_links_bg":"","ocean_menu_social_links_color":"","ocean_menu_social_hover_links_color":"","ocean_disable_title":"default","ocean_disable_heading":"default","ocean_post_title":"","ocean_post_subheading":"","ocean_post_title_style":"","ocean_post_title_background_color":"","ocean_post_title_background":0,"ocean_post_title_bg_image_position":"","ocean_post_title_bg_image_attachment":"","ocean_post_title_bg_image_repeat":"","ocean_post_title_bg_image_size":"","ocean_post_title_height":0,"ocean_post_title_bg_overlay":0.5,"ocean_post_title_bg_overlay_color":"","ocean_disable_breadcrumbs":"default","ocean_breadcrumbs_color":"","ocean_breadcrumbs_separator_color":"","ocean_breadcrumbs_links_color":"","ocean_breadcrumbs_links_hover_color":"","ocean_display_footer_widgets":"default","ocean_display_footer_bottom":"default","ocean_custom_footer_template":"0","osh_disable_topbar_sticky":"default","osh_disable_header_sticky":"default","osh_sticky_header_style":"default","osh_sticky_header_effect":"","osh_custom_sticky_logo":0,"osh_custom_retina_sticky_logo":0,"osh_custom_sticky_logo_height":0,"osh_background_color":"","osh_links_color":"","osh_links_hover_color":"","osh_links_active_color":"","osh_links_bg_color":"","osh_links_hover_bg_color":"","osh_links_active_bg_color":"","osh_menu_social_links_color":"","osh_menu_social_hover_links_color":""},"product_brand":[],"product_cat":[38],"product_tag":[122,92,90],"class_list":{"0":"post-2288","1":"product","2":"type-product","3":"status-publish","4":"has-post-thumbnail","6":"product_cat-woven-polyester-strap","7":"product_tag-container-strap","8":"product_tag-polyester-strapping","9":"product_tag-woven-polyester-strapping","11":"entry","12":"has-media","14":"first","15":"instock","16":"shipping-taxable","17":"product-type-external","18":"col","19":"span_1_of_3","20":"owp-content-center","21":"owp-thumbs-layout-horizontal","22":"owp-btn-very-big","23":"owp-tabs-layout-horizontal"},"_links":{"self":[{"href":"https:\/\/www.qianyipack.com\/es\/wp-json\/wp\/v2\/product\/2288","targetHints":{"allow":["GET"]}}],"collection":[{"href":"https:\/\/www.qianyipack.com\/es\/wp-json\/wp\/v2\/product"}],"about":[{"href":"https:\/\/www.qianyipack.com\/es\/wp-json\/wp\/v2\/types\/product"}],"wp:featuredmedia":[{"embeddable":true,"href":"https:\/\/www.qianyipack.com\/es\/wp-json\/wp\/v2\/media\/2291"}],"wp:attachment":[{"href":"https:\/\/www.qianyipack.com\/es\/wp-json\/wp\/v2\/media?parent=2288"}],"wp:term":[{"taxonomy":"product_brand","embeddable":true,"href":"https:\/\/www.qianyipack.com\/es\/wp-json\/wp\/v2\/product_brand?post=2288"},{"taxonomy":"product_cat","embeddable":true,"href":"https:\/\/www.qianyipack.com\/es\/wp-json\/wp\/v2\/product_cat?post=2288"},{"taxonomy":"product_tag","embeddable":true,"href":"https:\/\/www.qianyipack.com\/es\/wp-json\/wp\/v2\/product_tag?post=2288"}],"curies":[{"name":"wp","href":"https:\/\/api.w.org\/{rel}","templated":true}]}}