{"id":2295,"date":"2021-11-15T22:47:12","date_gmt":"2021-11-16T06:47:12","guid":{"rendered":"https:\/\/www.qianyipack.com\/?post_type=product&#038;p=2295"},"modified":"2021-11-23T17:34:49","modified_gmt":"2021-11-24T01:34:49","slug":"38mm-heavy-duty-polyester-cord-strapping-for-container","status":"publish","type":"product","link":"https:\/\/www.qianyipack.com\/es\/producto\/38mm-heavy-duty-polyester-cord-strapping-for-container","title":{"rendered":"Fleje de cord\u00f3n de poli\u00e9ster de 38mm para contenedor"},"content":{"rendered":"<p class=\" translation-block\">En el estado est\u00e1ndar, la recuperaci\u00f3n de humedad de los flejes tejidos de poli\u00e9ster es del 0,4%, que es inferior al 1% ~ 2% de fibra acr\u00edlica y 4% de nailon. Debido a su higroscopicidad, su resistencia en h\u00famedo disminuye menos y su resistencia es relativamente estable. <br>\nEl fleje de poli\u00e9ster tejido tiene poca conductividad debido a su baja absorci\u00f3n de humedad. La constante diel\u00e9ctrica en el rango de -100 ~ + 160 \u2103 es 3.0 ~ 3.8. Es un excelente aislante y es adecuado para empaquetar una gama m\u00e1s amplia de productos. <br>\nLa resistencia en seco de los flejes de poli\u00e9ster tejido es de 4 ~ 7cN \/ dex, y su resistencia a la abrasi\u00f3n es superada solo por el nailon, y tiene mayor resistencia a la abrasi\u00f3n y fuerza que otras fibras sint\u00e9ticas. <br>\nLa elasticidad del cintur\u00f3n tejido de poli\u00e9ster es similar a la de la lana. Cuando se estira un 5%, casi se puede restaurar despu\u00e9s de quitar la carga, por lo que la resistencia a las arrugas del tejido de poli\u00e9ster es mayor que la de otros tejidos de fibra. <br>\nEl fleje de poli\u00e9ster tejido es estable a los \u00e1cidos org\u00e1nicos y tiene una fuerte resistencia a los disolventes org\u00e1nicos. Al mismo tiempo, la correa de poli\u00e9ster tejida es resistente a los microorganismos, no se ve afectada por polillas, mohos, etc., no necesita ser a prueba de polillas y se ve menos afectada por microorganismos durante su uso.<\/p>\n<figure id=\"attachment_2296\" aria-describedby=\"caption-attachment-2296\" style=\"width: 960px\" class=\"wp-caption alignnone\"><img fetchpriority=\"high\" decoding=\"async\" class=\"size-full wp-image-2296\" src=\"https:\/\/www.qianyipack.com\/wp-content\/uploads\/woven-lashing-TUV-test.jpg\" alt=\"woven lashing TUV test\" width=\"960\" height=\"730\" srcset=\"https:\/\/www.qianyipack.com\/wp-content\/uploads\/woven-lashing-TUV-test.jpg 960w, https:\/\/www.qianyipack.com\/wp-content\/uploads\/woven-lashing-TUV-test-800x608.jpg 800w, https:\/\/www.qianyipack.com\/wp-content\/uploads\/woven-lashing-TUV-test-300x228.jpg 300w, https:\/\/www.qianyipack.com\/wp-content\/uploads\/woven-lashing-TUV-test-768x584.jpg 768w, https:\/\/www.qianyipack.com\/wp-content\/uploads\/woven-lashing-TUV-test-16x12.jpg 16w\" sizes=\"(max-width: 960px) 100vw, 960px\" \/><figcaption id=\"caption-attachment-2296\" class=\"wp-caption-text\">prueba TUV de amarre tejido<\/figcaption><\/figure>\n<h3>Especificaci\u00f3n<\/h3>\n<figure id=\"attachment_2005\" aria-describedby=\"caption-attachment-2005\" style=\"width: 960px\" class=\"wp-caption alignnone\"><img decoding=\"async\" class=\"size-full wp-image-2005\" src=\"https:\/\/www.qianyipack.com\/wp-content\/uploads\/40mm-woven-strapping-specification.jpg\" alt=\"40mm woven strapping specification\" width=\"960\" height=\"645\" srcset=\"https:\/\/www.qianyipack.com\/wp-content\/uploads\/40mm-woven-strapping-specification.jpg 960w, https:\/\/www.qianyipack.com\/wp-content\/uploads\/40mm-woven-strapping-specification-800x538.jpg 800w, https:\/\/www.qianyipack.com\/wp-content\/uploads\/40mm-woven-strapping-specification-300x202.jpg 300w, https:\/\/www.qianyipack.com\/wp-content\/uploads\/40mm-woven-strapping-specification-768x516.jpg 768w, https:\/\/www.qianyipack.com\/wp-content\/uploads\/40mm-woven-strapping-specification-18x12.jpg 18w\" sizes=\"(max-width: 960px) 100vw, 960px\" \/><figcaption id=\"caption-attachment-2005\" class=\"wp-caption-text\">Especificaci\u00f3n de flejado tejido de 40 mm<\/figcaption><\/figure>\n<h3>Caracter\u00edstica<\/h3>\n<p class=\" translation-block\">Alta resistencia a la tracci\u00f3n y f\u00e1cil manejo. <br>\nCertificado por TUV, apto para todos los operadores. <br>\nCombinable con otros sistemas de sujeci\u00f3n de carga, p. Ej. bolsas de estiba. <br>\nFleje unidireccional para asegurar (amarrar) en planos, rieles y contenedores. <br>\nNo hay riesgo de lesiones para los remitentes y destinatarios al usar o abrir los flejes. <br>\nAlternativa a las costosas correas de trinquete y los voluminosos cables de uni\u00f3n.<\/p>\n<figure id=\"attachment_2297\" aria-describedby=\"caption-attachment-2297\" style=\"width: 960px\" class=\"wp-caption alignnone\"><img decoding=\"async\" class=\"size-full wp-image-2297\" src=\"https:\/\/www.qianyipack.com\/wp-content\/uploads\/38mm-woven-lashing-application.jpg\" alt=\"38mm woven lashing application\" width=\"960\" height=\"540\" srcset=\"https:\/\/www.qianyipack.com\/wp-content\/uploads\/38mm-woven-lashing-application.jpg 960w, https:\/\/www.qianyipack.com\/wp-content\/uploads\/38mm-woven-lashing-application-800x450.jpg 800w, https:\/\/www.qianyipack.com\/wp-content\/uploads\/38mm-woven-lashing-application-300x169.jpg 300w, https:\/\/www.qianyipack.com\/wp-content\/uploads\/38mm-woven-lashing-application-768x432.jpg 768w, https:\/\/www.qianyipack.com\/wp-content\/uploads\/38mm-woven-lashing-application-18x10.jpg 18w\" sizes=\"(max-width: 960px) 100vw, 960px\" \/><figcaption id=\"caption-attachment-2297\" class=\"wp-caption-text\">Aplicaci\u00f3n de amarre tejido de 38 mm<\/figcaption><\/figure>","protected":false},"excerpt":{"rendered":"<div id=\"outer-wrap\" class=\"site clr\">\n<div id=\"wrap\" class=\"clr\">\n<div id=\"outer-wrap\" class=\"site clr\">\n<div id=\"wrap\" class=\"clr\">\n<p>Las correas de sujeci\u00f3n de carga unidireccionales de amarre tejido de poli\u00e9ster tienen una alta resistencia a la tracci\u00f3n de 2000 a 7500 daN. Por esta raz\u00f3n, el amarre es la alternativa a las costosas correas de m\u00faltiples v\u00edas, las complejas cajas de madera, los alambres de sujeci\u00f3n voluminosos y los flejes de acero de bordes afilados.<\/p>\n<\/div>\n<\/div>\n<\/div>\n<\/div>","protected":false},"featured_media":2298,"template":"","meta":{"ocean_post_layout":"","ocean_both_sidebars_style":"","ocean_both_sidebars_content_width":0,"ocean_both_sidebars_sidebars_width":0,"ocean_sidebar":"0","ocean_second_sidebar":"0","ocean_disable_margins":"enable","ocean_add_body_class":"","ocean_shortcode_before_top_bar":"","ocean_shortcode_after_top_bar":"","ocean_shortcode_before_header":"","ocean_shortcode_after_header":"","ocean_has_shortcode":"","ocean_shortcode_after_title":"","ocean_shortcode_before_footer_widgets":"","ocean_shortcode_after_footer_widgets":"","ocean_shortcode_before_footer_bottom":"","ocean_shortcode_after_footer_bottom":"","ocean_display_top_bar":"default","ocean_display_header":"default","ocean_header_style":"","ocean_center_header_left_menu":"0","ocean_custom_header_template":"0","ocean_custom_logo":0,"ocean_custom_retina_logo":0,"ocean_custom_logo_max_width":0,"ocean_custom_logo_tablet_max_width":0,"ocean_custom_logo_mobile_max_width":0,"ocean_custom_logo_max_height":0,"ocean_custom_logo_tablet_max_height":0,"ocean_custom_logo_mobile_max_height":0,"ocean_header_custom_menu":"0","ocean_menu_typo_font_family":"0","ocean_menu_typo_font_subset":"","ocean_menu_typo_font_size":0,"ocean_menu_typo_font_size_tablet":0,"ocean_menu_typo_font_size_mobile":0,"ocean_menu_typo_font_size_unit":"px","ocean_menu_typo_font_weight":"","ocean_menu_typo_font_weight_tablet":"","ocean_menu_typo_font_weight_mobile":"","ocean_menu_typo_transform":"","ocean_menu_typo_transform_tablet":"","ocean_menu_typo_transform_mobile":"","ocean_menu_typo_line_height":0,"ocean_menu_typo_line_height_tablet":0,"ocean_menu_typo_line_height_mobile":0,"ocean_menu_typo_line_height_unit":"","ocean_menu_typo_spacing":0,"ocean_menu_typo_spacing_tablet":0,"ocean_menu_typo_spacing_mobile":0,"ocean_menu_typo_spacing_unit":"","ocean_menu_link_color":"","ocean_menu_link_color_hover":"","ocean_menu_link_color_active":"","ocean_menu_link_background":"","ocean_menu_link_hover_background":"","ocean_menu_link_active_background":"","ocean_menu_social_links_bg":"","ocean_menu_social_hover_links_bg":"","ocean_menu_social_links_color":"","ocean_menu_social_hover_links_color":"","ocean_disable_title":"default","ocean_disable_heading":"default","ocean_post_title":"","ocean_post_subheading":"","ocean_post_title_style":"","ocean_post_title_background_color":"","ocean_post_title_background":0,"ocean_post_title_bg_image_position":"","ocean_post_title_bg_image_attachment":"","ocean_post_title_bg_image_repeat":"","ocean_post_title_bg_image_size":"","ocean_post_title_height":0,"ocean_post_title_bg_overlay":0.5,"ocean_post_title_bg_overlay_color":"","ocean_disable_breadcrumbs":"default","ocean_breadcrumbs_color":"","ocean_breadcrumbs_separator_color":"","ocean_breadcrumbs_links_color":"","ocean_breadcrumbs_links_hover_color":"","ocean_display_footer_widgets":"default","ocean_display_footer_bottom":"default","ocean_custom_footer_template":"0","osh_disable_topbar_sticky":"default","osh_disable_header_sticky":"default","osh_sticky_header_style":"default","osh_sticky_header_effect":"","osh_custom_sticky_logo":0,"osh_custom_retina_sticky_logo":0,"osh_custom_sticky_logo_height":0,"osh_background_color":"","osh_links_color":"","osh_links_hover_color":"","osh_links_active_color":"","osh_links_bg_color":"","osh_links_hover_bg_color":"","osh_links_active_bg_color":"","osh_menu_social_links_color":"","osh_menu_social_hover_links_color":""},"product_brand":[],"product_cat":[38],"product_tag":[124,125,123],"class_list":{"0":"post-2295","1":"product","2":"type-product","3":"status-publish","4":"has-post-thumbnail","6":"product_cat-woven-polyester-strap","7":"product_tag-cargo-lashing","8":"product_tag-lashing-band","9":"product_tag-poly-woven-strapping","11":"entry","12":"has-media","14":"first","15":"instock","16":"shipping-taxable","17":"product-type-external","18":"col","19":"span_1_of_3","20":"owp-content-center","21":"owp-thumbs-layout-horizontal","22":"owp-btn-very-big","23":"owp-tabs-layout-horizontal"},"_links":{"self":[{"href":"https:\/\/www.qianyipack.com\/es\/wp-json\/wp\/v2\/product\/2295","targetHints":{"allow":["GET"]}}],"collection":[{"href":"https:\/\/www.qianyipack.com\/es\/wp-json\/wp\/v2\/product"}],"about":[{"href":"https:\/\/www.qianyipack.com\/es\/wp-json\/wp\/v2\/types\/product"}],"wp:featuredmedia":[{"embeddable":true,"href":"https:\/\/www.qianyipack.com\/es\/wp-json\/wp\/v2\/media\/2298"}],"wp:attachment":[{"href":"https:\/\/www.qianyipack.com\/es\/wp-json\/wp\/v2\/media?parent=2295"}],"wp:term":[{"taxonomy":"product_brand","embeddable":true,"href":"https:\/\/www.qianyipack.com\/es\/wp-json\/wp\/v2\/product_brand?post=2295"},{"taxonomy":"product_cat","embeddable":true,"href":"https:\/\/www.qianyipack.com\/es\/wp-json\/wp\/v2\/product_cat?post=2295"},{"taxonomy":"product_tag","embeddable":true,"href":"https:\/\/www.qianyipack.com\/es\/wp-json\/wp\/v2\/product_tag?post=2295"}],"curies":[{"name":"wp","href":"https:\/\/api.w.org\/{rel}","templated":true}]}}