{"id":2302,"date":"2021-11-15T23:21:53","date_gmt":"2021-11-16T07:21:53","guid":{"rendered":"https:\/\/www.qianyipack.com\/?post_type=product&#038;p=2302"},"modified":"2021-11-23T17:30:51","modified_gmt":"2021-11-24T01:30:51","slug":"50mm-heavy-duty-woven-polyester-cargo-lashing-roll","status":"publish","type":"product","link":"https:\/\/www.qianyipack.com\/es\/producto\/50mm-heavy-duty-woven-polyester-cargo-lashing-roll","title":{"rendered":"Rollo de amarre de carga de poli\u00e9ster tejido de 50mm"},"content":{"rendered":"<p class=\" translation-block\">Los flejes de alta resistencia tejidos Qianyi est\u00e1n hechos de hilo de poli\u00e9ster de alta calidad. El poli\u00e9ster tiene una serie de excelentes propiedades, como alta resistencia a la rotura y elasticidad, resiliencia moderada, excelente efecto de termofijaci\u00f3n, buena resistencia al calor y resistencia a la luz. <br>\nEl punto de fusi\u00f3n del poli\u00e9ster es de aproximadamente 255 \u2103, la temperatura de transici\u00f3n v\u00edtrea es de aproximadamente 70 \u2103 y su forma es estable en una amplia gama de condiciones de aplicaci\u00f3n. <br>\nAdem\u00e1s, tambi\u00e9n tiene una impedancia excelente y buena resistencia a la corrosi\u00f3n, y es estable a \u00e1cidos d\u00e9biles y \u00e1lcalis, por lo que tiene una amplia gama de aplicaciones industriales.<\/p>\n<figure id=\"attachment_2296\" aria-describedby=\"caption-attachment-2296\" style=\"width: 960px\" class=\"wp-caption alignnone\"><img fetchpriority=\"high\" decoding=\"async\" class=\"size-full wp-image-2296\" src=\"https:\/\/www.qianyipack.com\/wp-content\/uploads\/woven-lashing-TUV-test.jpg\" alt=\"woven lashing TUV test\" width=\"960\" height=\"730\" srcset=\"https:\/\/www.qianyipack.com\/wp-content\/uploads\/woven-lashing-TUV-test.jpg 960w, https:\/\/www.qianyipack.com\/wp-content\/uploads\/woven-lashing-TUV-test-800x608.jpg 800w, https:\/\/www.qianyipack.com\/wp-content\/uploads\/woven-lashing-TUV-test-300x228.jpg 300w, https:\/\/www.qianyipack.com\/wp-content\/uploads\/woven-lashing-TUV-test-768x584.jpg 768w, https:\/\/www.qianyipack.com\/wp-content\/uploads\/woven-lashing-TUV-test-16x12.jpg 16w\" sizes=\"(max-width: 960px) 100vw, 960px\" \/><figcaption id=\"caption-attachment-2296\" class=\"wp-caption-text\">prueba TUV de amarre tejido<\/figcaption><\/figure>\n<h3>Especificaci\u00f3n<\/h3>\n<figure id=\"attachment_2005\" aria-describedby=\"caption-attachment-2005\" style=\"width: 960px\" class=\"wp-caption alignnone\"><img decoding=\"async\" class=\"size-full wp-image-2005\" src=\"https:\/\/www.qianyipack.com\/wp-content\/uploads\/40mm-woven-strapping-specification.jpg\" alt=\"40mm woven strapping specification\" width=\"960\" height=\"645\" srcset=\"https:\/\/www.qianyipack.com\/wp-content\/uploads\/40mm-woven-strapping-specification.jpg 960w, https:\/\/www.qianyipack.com\/wp-content\/uploads\/40mm-woven-strapping-specification-800x538.jpg 800w, https:\/\/www.qianyipack.com\/wp-content\/uploads\/40mm-woven-strapping-specification-300x202.jpg 300w, https:\/\/www.qianyipack.com\/wp-content\/uploads\/40mm-woven-strapping-specification-768x516.jpg 768w, https:\/\/www.qianyipack.com\/wp-content\/uploads\/40mm-woven-strapping-specification-18x12.jpg 18w\" sizes=\"(max-width: 960px) 100vw, 960px\" \/><figcaption id=\"caption-attachment-2005\" class=\"wp-caption-text\">Especificaci\u00f3n de flejado tejido de 40 mm<\/figcaption><\/figure>\n<h3>Caracter\u00edstica<\/h3>\n<p>El fleje tejido, tambi\u00e9n conocido como mercanc\u00eda <a href=\"https:\/\/www.qianyipack.com\/en\/product-tag\/container-ship-lashing\" target=\"_blank\" rel=\"noopener\">flejado de bandas<\/a>La bolsa de transporte de mercanc\u00edas est\u00e1 tejida con m\u00faltiples hilos de poli\u00e9ster. Se utiliza para combinar mercanc\u00edas dispersas en un todo, fijarlas durante el transporte, el movimiento o el almacenamiento de mercanc\u00edas, y proteger los objetos de los da\u00f1os. El fleje tejido puede ser reciclado, es f\u00e1cil de usar, no ocupa lugar y es adecuado para todo tipo de entornos.<\/p>\n<figure id=\"attachment_2303\" aria-describedby=\"caption-attachment-2303\" style=\"width: 960px\" class=\"wp-caption alignnone\"><img decoding=\"async\" class=\"size-full wp-image-2303\" src=\"https:\/\/www.qianyipack.com\/wp-content\/uploads\/50mm-lashing-application.jpg\" alt=\"50mm lashing application\" width=\"960\" height=\"540\" srcset=\"https:\/\/www.qianyipack.com\/wp-content\/uploads\/50mm-lashing-application.jpg 960w, https:\/\/www.qianyipack.com\/wp-content\/uploads\/50mm-lashing-application-800x450.jpg 800w, https:\/\/www.qianyipack.com\/wp-content\/uploads\/50mm-lashing-application-300x169.jpg 300w, https:\/\/www.qianyipack.com\/wp-content\/uploads\/50mm-lashing-application-768x432.jpg 768w, https:\/\/www.qianyipack.com\/wp-content\/uploads\/50mm-lashing-application-18x10.jpg 18w\" sizes=\"(max-width: 960px) 100vw, 960px\" \/><figcaption id=\"caption-attachment-2303\" class=\"wp-caption-text\">Aplicaci\u00f3n de amarre de 50 mm<\/figcaption><\/figure>","protected":false},"excerpt":{"rendered":"<div id=\"outer-wrap\" class=\"site clr\">\n<div id=\"wrap\" class=\"clr\">\n<div id=\"outer-wrap\" class=\"site clr\">\n<div id=\"wrap\" class=\"clr\">\n<p>Las correas de cord\u00f3n de poli\u00e9ster se utilizan ampliamente para encuadernar mercanc\u00edas en el transporte empresarial de log\u00edstica, transporte militar y transporte ferroviario. Es muy adecuado para sujetar y encuadernar varios objetos. Tiene las caracter\u00edsticas de bloqueo, sin ca\u00edda, seguridad y confiabilidad, peso ligero, operaci\u00f3n simple y prevenci\u00f3n de aflojamiento.<\/p>\n<\/div>\n<\/div>\n<\/div>\n<\/div>","protected":false},"featured_media":2307,"template":"","meta":{"ocean_post_layout":"","ocean_both_sidebars_style":"","ocean_both_sidebars_content_width":0,"ocean_both_sidebars_sidebars_width":0,"ocean_sidebar":"0","ocean_second_sidebar":"0","ocean_disable_margins":"enable","ocean_add_body_class":"","ocean_shortcode_before_top_bar":"","ocean_shortcode_after_top_bar":"","ocean_shortcode_before_header":"","ocean_shortcode_after_header":"","ocean_has_shortcode":"","ocean_shortcode_after_title":"","ocean_shortcode_before_footer_widgets":"","ocean_shortcode_after_footer_widgets":"","ocean_shortcode_before_footer_bottom":"","ocean_shortcode_after_footer_bottom":"","ocean_display_top_bar":"default","ocean_display_header":"default","ocean_header_style":"","ocean_center_header_left_menu":"0","ocean_custom_header_template":"0","ocean_custom_logo":0,"ocean_custom_retina_logo":0,"ocean_custom_logo_max_width":0,"ocean_custom_logo_tablet_max_width":0,"ocean_custom_logo_mobile_max_width":0,"ocean_custom_logo_max_height":0,"ocean_custom_logo_tablet_max_height":0,"ocean_custom_logo_mobile_max_height":0,"ocean_header_custom_menu":"0","ocean_menu_typo_font_family":"0","ocean_menu_typo_font_subset":"","ocean_menu_typo_font_size":0,"ocean_menu_typo_font_size_tablet":0,"ocean_menu_typo_font_size_mobile":0,"ocean_menu_typo_font_size_unit":"px","ocean_menu_typo_font_weight":"","ocean_menu_typo_font_weight_tablet":"","ocean_menu_typo_font_weight_mobile":"","ocean_menu_typo_transform":"","ocean_menu_typo_transform_tablet":"","ocean_menu_typo_transform_mobile":"","ocean_menu_typo_line_height":0,"ocean_menu_typo_line_height_tablet":0,"ocean_menu_typo_line_height_mobile":0,"ocean_menu_typo_line_height_unit":"","ocean_menu_typo_spacing":0,"ocean_menu_typo_spacing_tablet":0,"ocean_menu_typo_spacing_mobile":0,"ocean_menu_typo_spacing_unit":"","ocean_menu_link_color":"","ocean_menu_link_color_hover":"","ocean_menu_link_color_active":"","ocean_menu_link_background":"","ocean_menu_link_hover_background":"","ocean_menu_link_active_background":"","ocean_menu_social_links_bg":"","ocean_menu_social_hover_links_bg":"","ocean_menu_social_links_color":"","ocean_menu_social_hover_links_color":"","ocean_disable_title":"default","ocean_disable_heading":"default","ocean_post_title":"","ocean_post_subheading":"","ocean_post_title_style":"","ocean_post_title_background_color":"","ocean_post_title_background":0,"ocean_post_title_bg_image_position":"","ocean_post_title_bg_image_attachment":"","ocean_post_title_bg_image_repeat":"","ocean_post_title_bg_image_size":"","ocean_post_title_height":0,"ocean_post_title_bg_overlay":0.5,"ocean_post_title_bg_overlay_color":"","ocean_disable_breadcrumbs":"default","ocean_breadcrumbs_color":"","ocean_breadcrumbs_separator_color":"","ocean_breadcrumbs_links_color":"","ocean_breadcrumbs_links_hover_color":"","ocean_display_footer_widgets":"default","ocean_display_footer_bottom":"default","ocean_custom_footer_template":"0","osh_disable_topbar_sticky":"default","osh_disable_header_sticky":"default","osh_sticky_header_style":"default","osh_sticky_header_effect":"","osh_custom_sticky_logo":0,"osh_custom_retina_sticky_logo":0,"osh_custom_sticky_logo_height":0,"osh_background_color":"","osh_links_color":"","osh_links_hover_color":"","osh_links_active_color":"","osh_links_bg_color":"","osh_links_hover_bg_color":"","osh_links_active_bg_color":"","osh_menu_social_links_color":"","osh_menu_social_hover_links_color":""},"product_brand":[],"product_cat":[38],"product_tag":[127,128,126],"class_list":{"0":"post-2302","1":"product","2":"type-product","3":"status-publish","4":"has-post-thumbnail","6":"product_cat-woven-polyester-strap","7":"product_tag-container-ship-lashing","8":"product_tag-heavy-duty-polyester-cord-strapping","9":"product_tag-polyester-cord-strap","11":"entry","12":"has-media","14":"first","15":"instock","16":"shipping-taxable","17":"product-type-external","18":"col","19":"span_1_of_3","20":"owp-content-center","21":"owp-thumbs-layout-horizontal","22":"owp-btn-very-big","23":"owp-tabs-layout-horizontal"},"_links":{"self":[{"href":"https:\/\/www.qianyipack.com\/es\/wp-json\/wp\/v2\/product\/2302","targetHints":{"allow":["GET"]}}],"collection":[{"href":"https:\/\/www.qianyipack.com\/es\/wp-json\/wp\/v2\/product"}],"about":[{"href":"https:\/\/www.qianyipack.com\/es\/wp-json\/wp\/v2\/types\/product"}],"wp:featuredmedia":[{"embeddable":true,"href":"https:\/\/www.qianyipack.com\/es\/wp-json\/wp\/v2\/media\/2307"}],"wp:attachment":[{"href":"https:\/\/www.qianyipack.com\/es\/wp-json\/wp\/v2\/media?parent=2302"}],"wp:term":[{"taxonomy":"product_brand","embeddable":true,"href":"https:\/\/www.qianyipack.com\/es\/wp-json\/wp\/v2\/product_brand?post=2302"},{"taxonomy":"product_cat","embeddable":true,"href":"https:\/\/www.qianyipack.com\/es\/wp-json\/wp\/v2\/product_cat?post=2302"},{"taxonomy":"product_tag","embeddable":true,"href":"https:\/\/www.qianyipack.com\/es\/wp-json\/wp\/v2\/product_tag?post=2302"}],"curies":[{"name":"wp","href":"https:\/\/api.w.org\/{rel}","templated":true}]}}