{"id":2389,"date":"2021-11-24T23:45:26","date_gmt":"2021-11-25T07:45:26","guid":{"rendered":"https:\/\/www.qianyipack.com\/?post_type=product&#038;p=2389"},"modified":"2021-11-25T00:01:44","modified_gmt":"2021-11-25T08:01:44","slug":"19mm-pet-strapping-banding-clip-for-hand-strapping","status":"publish","type":"product","link":"https:\/\/www.qianyipack.com\/es\/producto\/19mm-pet-strapping-banding-clip-for-hand-strapping","title":{"rendered":"Clip de banda de PET de 19mm para flejado manual"},"content":{"rendered":"<p>La abrazadera de empaque est\u00e1 hecha de acero con especial resistencia y tenacidad. Hay peque\u00f1as pu\u00f1aladas densas en el acero de la empaquetadura, que desempe\u00f1an el papel de antideslizante y aumentan la fricci\u00f3n, por lo que la correa de la empaquetadura no es f\u00e1cil de aflojar. La superficie de la hebilla de acero de embalaje est\u00e1 galvanizada y es antioxidante, resistente y duradera. Es conveniente y r\u00e1pido de usar con herramientas de empaque, y la mordida es m\u00e1s firme.<\/p>\n<figure id=\"attachment_2377\" aria-describedby=\"caption-attachment-2377\" style=\"width: 960px\" class=\"wp-caption alignnone\"><img fetchpriority=\"high\" decoding=\"async\" class=\"size-full wp-image-2377\" src=\"https:\/\/www.qianyipack.com\/wp-content\/uploads\/PET-clip-description.jpg\" alt=\"PET clip description\" width=\"960\" height=\"540\" srcset=\"https:\/\/www.qianyipack.com\/wp-content\/uploads\/PET-clip-description.jpg 960w, https:\/\/www.qianyipack.com\/wp-content\/uploads\/PET-clip-description-800x450.jpg 800w, https:\/\/www.qianyipack.com\/wp-content\/uploads\/PET-clip-description-300x169.jpg 300w, https:\/\/www.qianyipack.com\/wp-content\/uploads\/PET-clip-description-768x432.jpg 768w, https:\/\/www.qianyipack.com\/wp-content\/uploads\/PET-clip-description-18x10.jpg 18w\" sizes=\"(max-width: 960px) 100vw, 960px\" \/><figcaption id=\"caption-attachment-2377\" class=\"wp-caption-text\">Descripci\u00f3n del clip PET<\/figcaption><\/figure>\n<h3>Caracter\u00edstica<\/h3>\n<p class=\" translation-block\"><a href=\"https:\/\/www.qianyipack.com\/en\/product-tag\/pet-strapping-buckle\" target=\"_self\" rel=\"noopener\"> hebillas de embalaje de PET <\/a> est\u00e1n hechas de Nuevos materiales de calidad en molduras secundarias, con colores m\u00e1s brillantes y una fuerza de mordida m\u00e1s fuerte. <br>\nEl <a href=\"https:\/\/www.qianyipack.com\/en\/product-tag\/pet-strap-clip\" target=\"_self\" rel=\"noopener\"> clip de embalaje PET <\/a> se ha actualizado a un versi\u00f3n m\u00e1s gruesa, que mejora la capacidad de carga del embalaje y hace que los productos embalados sean m\u00e1s seguros. <br>\nNuestra f\u00e1brica ha sido reformada y mejorada, se han eliminado muchas m\u00e1quinas de producci\u00f3n de hebillas antiguas. Despu\u00e9s de la introducci\u00f3n de nuevas m\u00e1quinas, el corte de los botones de empaque es m\u00e1s completo y la mano de obra es m\u00e1s refinada. <br>\nLa hebilla de empaque de PET est\u00e1 galvanizada en el exterior, y la apariencia es suave y sin rebabas, y es de color blanco plateado, tiene buena resistencia a la corrosi\u00f3n y no es f\u00e1cil de oxidar. <br>\nEl dentado bidireccional dentro del clip de embalaje de PET puede aumentar la fuerza de tracci\u00f3n y garantizar la seguridad de los productos embalados.<\/p>\n<h3>Especificaci\u00f3n<\/h3>\n<figure id=\"attachment_2383\" aria-describedby=\"caption-attachment-2383\" style=\"width: 937px\" class=\"wp-caption alignnone\"><img decoding=\"async\" class=\"size-full wp-image-2383\" src=\"https:\/\/www.qianyipack.com\/wp-content\/uploads\/PET-strap-specification-1.jpg\" alt=\"PET strap specification (1)\" width=\"937\" height=\"213\" srcset=\"https:\/\/www.qianyipack.com\/wp-content\/uploads\/PET-strap-specification-1.jpg 937w, https:\/\/www.qianyipack.com\/wp-content\/uploads\/PET-strap-specification-1-800x182.jpg 800w, https:\/\/www.qianyipack.com\/wp-content\/uploads\/PET-strap-specification-1-300x68.jpg 300w, https:\/\/www.qianyipack.com\/wp-content\/uploads\/PET-strap-specification-1-768x175.jpg 768w, https:\/\/www.qianyipack.com\/wp-content\/uploads\/PET-strap-specification-1-18x4.jpg 18w\" sizes=\"(max-width: 937px) 100vw, 937px\" \/><figcaption id=\"caption-attachment-2383\" class=\"wp-caption-text\">Especificaci\u00f3n de la correa de PET (1)<\/figcaption><\/figure>\n<figure id=\"attachment_2384\" aria-describedby=\"caption-attachment-2384\" style=\"width: 960px\" class=\"wp-caption alignnone\"><img decoding=\"async\" class=\"size-full wp-image-2384\" src=\"https:\/\/www.qianyipack.com\/wp-content\/uploads\/PET-strap-specification-2.jpg\" alt=\"PET strap specification (2)\" width=\"960\" height=\"640\" srcset=\"https:\/\/www.qianyipack.com\/wp-content\/uploads\/PET-strap-specification-2.jpg 960w, https:\/\/www.qianyipack.com\/wp-content\/uploads\/PET-strap-specification-2-800x533.jpg 800w, https:\/\/www.qianyipack.com\/wp-content\/uploads\/PET-strap-specification-2-300x200.jpg 300w, https:\/\/www.qianyipack.com\/wp-content\/uploads\/PET-strap-specification-2-768x512.jpg 768w, https:\/\/www.qianyipack.com\/wp-content\/uploads\/PET-strap-specification-2-18x12.jpg 18w\" sizes=\"(max-width: 960px) 100vw, 960px\" \/><figcaption id=\"caption-attachment-2384\" class=\"wp-caption-text\">Especificaci\u00f3n de la correa de PET (2)<\/figcaption><\/figure>\n<h3>Aplicaci\u00f3n<\/h3>\n<p>Qianyi tiene varios conjuntos de equipos de producci\u00f3n de hebillas de embalaje y puede personalizar varios tipos y tama\u00f1os de hebillas de embalaje de acuerdo con las necesidades del cliente, como clips de correa de acero, clips de flejado de PET, hebillas de alambre de acero para flejado de fibra y otras hebillas.<\/p>\n<figure id=\"attachment_2382\" aria-describedby=\"caption-attachment-2382\" style=\"width: 960px\" class=\"wp-caption alignnone\"><img loading=\"lazy\" decoding=\"async\" class=\"size-full wp-image-2382\" src=\"https:\/\/www.qianyipack.com\/wp-content\/uploads\/PET-strap-clip-production.jpg\" alt=\"PET strap clip production\" width=\"960\" height=\"540\" srcset=\"https:\/\/www.qianyipack.com\/wp-content\/uploads\/PET-strap-clip-production.jpg 960w, https:\/\/www.qianyipack.com\/wp-content\/uploads\/PET-strap-clip-production-800x450.jpg 800w, https:\/\/www.qianyipack.com\/wp-content\/uploads\/PET-strap-clip-production-300x169.jpg 300w, https:\/\/www.qianyipack.com\/wp-content\/uploads\/PET-strap-clip-production-768x432.jpg 768w, https:\/\/www.qianyipack.com\/wp-content\/uploads\/PET-strap-clip-production-18x10.jpg 18w\" sizes=\"(max-width: 960px) 100vw, 960px\" \/><figcaption id=\"caption-attachment-2382\" class=\"wp-caption-text\">Producci\u00f3n de clips de correa de PET<\/figcaption><\/figure>","protected":false},"excerpt":{"rendered":"<p>La superficie prensada de la abrazadera de empaque tiene una textura convexa, lo que proporciona una fricci\u00f3n muy grande. Se combina bien con la cinta de embalaje, que no es f\u00e1cil de aflojar y deslizar. Es adecuado para encuadernar objetos pesados con altas exigencias.<\/p>","protected":false},"featured_media":2385,"template":"","meta":{"ocean_post_layout":"","ocean_both_sidebars_style":"","ocean_both_sidebars_content_width":0,"ocean_both_sidebars_sidebars_width":0,"ocean_sidebar":"0","ocean_second_sidebar":"0","ocean_disable_margins":"enable","ocean_add_body_class":"","ocean_shortcode_before_top_bar":"","ocean_shortcode_after_top_bar":"","ocean_shortcode_before_header":"","ocean_shortcode_after_header":"","ocean_has_shortcode":"","ocean_shortcode_after_title":"","ocean_shortcode_before_footer_widgets":"","ocean_shortcode_after_footer_widgets":"","ocean_shortcode_before_footer_bottom":"","ocean_shortcode_after_footer_bottom":"","ocean_display_top_bar":"default","ocean_display_header":"default","ocean_header_style":"","ocean_center_header_left_menu":"0","ocean_custom_header_template":"0","ocean_custom_logo":0,"ocean_custom_retina_logo":0,"ocean_custom_logo_max_width":0,"ocean_custom_logo_tablet_max_width":0,"ocean_custom_logo_mobile_max_width":0,"ocean_custom_logo_max_height":0,"ocean_custom_logo_tablet_max_height":0,"ocean_custom_logo_mobile_max_height":0,"ocean_header_custom_menu":"0","ocean_menu_typo_font_family":"0","ocean_menu_typo_font_subset":"","ocean_menu_typo_font_size":0,"ocean_menu_typo_font_size_tablet":0,"ocean_menu_typo_font_size_mobile":0,"ocean_menu_typo_font_size_unit":"px","ocean_menu_typo_font_weight":"","ocean_menu_typo_font_weight_tablet":"","ocean_menu_typo_font_weight_mobile":"","ocean_menu_typo_transform":"","ocean_menu_typo_transform_tablet":"","ocean_menu_typo_transform_mobile":"","ocean_menu_typo_line_height":0,"ocean_menu_typo_line_height_tablet":0,"ocean_menu_typo_line_height_mobile":0,"ocean_menu_typo_line_height_unit":"","ocean_menu_typo_spacing":0,"ocean_menu_typo_spacing_tablet":0,"ocean_menu_typo_spacing_mobile":0,"ocean_menu_typo_spacing_unit":"","ocean_menu_link_color":"","ocean_menu_link_color_hover":"","ocean_menu_link_color_active":"","ocean_menu_link_background":"","ocean_menu_link_hover_background":"","ocean_menu_link_active_background":"","ocean_menu_social_links_bg":"","ocean_menu_social_hover_links_bg":"","ocean_menu_social_links_color":"","ocean_menu_social_hover_links_color":"","ocean_disable_title":"default","ocean_disable_heading":"default","ocean_post_title":"","ocean_post_subheading":"","ocean_post_title_style":"","ocean_post_title_background_color":"","ocean_post_title_background":0,"ocean_post_title_bg_image_position":"","ocean_post_title_bg_image_attachment":"","ocean_post_title_bg_image_repeat":"","ocean_post_title_bg_image_size":"","ocean_post_title_height":0,"ocean_post_title_bg_overlay":0.5,"ocean_post_title_bg_overlay_color":"","ocean_disable_breadcrumbs":"default","ocean_breadcrumbs_color":"","ocean_breadcrumbs_separator_color":"","ocean_breadcrumbs_links_color":"","ocean_breadcrumbs_links_hover_color":"","ocean_display_footer_widgets":"default","ocean_display_footer_bottom":"default","ocean_custom_footer_template":"0","osh_disable_topbar_sticky":"default","osh_disable_header_sticky":"default","osh_sticky_header_style":"default","osh_sticky_header_effect":"","osh_custom_sticky_logo":0,"osh_custom_retina_sticky_logo":0,"osh_custom_sticky_logo_height":0,"osh_background_color":"","osh_links_color":"","osh_links_hover_color":"","osh_links_active_color":"","osh_links_bg_color":"","osh_links_hover_bg_color":"","osh_links_active_bg_color":"","osh_menu_social_links_color":"","osh_menu_social_hover_links_color":""},"product_brand":[],"product_cat":[41],"product_tag":[139,138,140],"class_list":{"0":"post-2389","1":"product","2":"type-product","3":"status-publish","4":"has-post-thumbnail","6":"product_cat-pet-polyester-strap","7":"product_tag-pet-strap-clamp","8":"product_tag-pet-strap-clip","9":"product_tag-pet-strapping-buckle","11":"entry","12":"has-media","14":"first","15":"instock","16":"shipping-taxable","17":"product-type-external","18":"col","19":"span_1_of_3","20":"owp-content-center","21":"owp-thumbs-layout-horizontal","22":"owp-btn-very-big","23":"owp-tabs-layout-horizontal"},"_links":{"self":[{"href":"https:\/\/www.qianyipack.com\/es\/wp-json\/wp\/v2\/product\/2389","targetHints":{"allow":["GET"]}}],"collection":[{"href":"https:\/\/www.qianyipack.com\/es\/wp-json\/wp\/v2\/product"}],"about":[{"href":"https:\/\/www.qianyipack.com\/es\/wp-json\/wp\/v2\/types\/product"}],"wp:featuredmedia":[{"embeddable":true,"href":"https:\/\/www.qianyipack.com\/es\/wp-json\/wp\/v2\/media\/2385"}],"wp:attachment":[{"href":"https:\/\/www.qianyipack.com\/es\/wp-json\/wp\/v2\/media?parent=2389"}],"wp:term":[{"taxonomy":"product_brand","embeddable":true,"href":"https:\/\/www.qianyipack.com\/es\/wp-json\/wp\/v2\/product_brand?post=2389"},{"taxonomy":"product_cat","embeddable":true,"href":"https:\/\/www.qianyipack.com\/es\/wp-json\/wp\/v2\/product_cat?post=2389"},{"taxonomy":"product_tag","embeddable":true,"href":"https:\/\/www.qianyipack.com\/es\/wp-json\/wp\/v2\/product_tag?post=2389"}],"curies":[{"name":"wp","href":"https:\/\/api.w.org\/{rel}","templated":true}]}}