{"id":2422,"date":"2021-12-17T22:57:59","date_gmt":"2021-12-18T06:57:59","guid":{"rendered":"https:\/\/www.qianyipack.com\/?post_type=product&#038;p=2422"},"modified":"2021-12-17T23:33:25","modified_gmt":"2021-12-18T07:33:25","slug":"high-viscosity-custom-bopp-packing-tape-wholesale","status":"publish","type":"product","link":"https:\/\/www.qianyipack.com\/es\/producto\/high-viscosity-custom-bopp-packing-tape-wholesale","title":{"rendered":"Cinta de embalaje Bopp personalizada de alta viscosidad"},"content":{"rendered":"<p class=\" translation-block\">El adhesivo sensible a la presi\u00f3n es un tipo de adhesivo sensible a la presi\u00f3n. Se utiliza principalmente en la producci\u00f3n de cintas adhesivas sensibles a la presi\u00f3n. Los adhesivos sensibles a la presi\u00f3n son un tipo especial de adhesivo que se puede unir presionando con los dedos sin calentar disolventes u otros medios. Por eso, nuestra <a href=\"https:\/\/www.qianyipack.com\/en\/product-tag\/bopp-tape\" target=\"_self\" rel=\"noopener\"> cinta Bopp <\/a> tiene varias caracter\u00edsticas principales. <br>\nFuerte viscosidad, no f\u00e1cil de desgomar. La cinta Bopp utiliza pegamento sensible a la presi\u00f3n de alta calidad, alta viscosidad, sin desgomado, efecto de sellado herm\u00e9tico, evitando la rotura de la caja y evitando el da\u00f1o de la mercanc\u00eda. <br>\nFuerte dureza, no es f\u00e1cil de romper. La cinta Bopp utiliza una pel\u00edcula BOPP de alta calidad, la cinta es fuerte, fuerte y no se rompe f\u00e1cilmente cuando se tira, lo que hace que el empaque sea m\u00e1s fuerte y no hay necesidad de preocuparse por el da\u00f1o de la caja. <br>\nBobinado fuerte y sin deformaci\u00f3n. La cinta Bopp utiliza una m\u00e1quina cortadora de alta velocidad alemana, el bobinado de la cinta es m\u00e1s apretado y las materias primas puras hacen que nuestra cinta sea pegajosa y fuerte, sin preocuparse por el desgomado y la adhesi\u00f3n d\u00e9bil. <br>\nEl patr\u00f3n y el texto personalizados se imprimen claramente. Las fuentes y los patrones de la cinta Bopp est\u00e1n impresos con una placa de cobre para garantizar que los patrones y el texto de los clientes sean completos y claros.<\/p>\n<figure id=\"attachment_2428\" aria-describedby=\"caption-attachment-2428\" style=\"width: 960px\" class=\"wp-caption alignnone\"><img fetchpriority=\"high\" decoding=\"async\" class=\"size-full wp-image-2428\" src=\"https:\/\/www.qianyipack.com\/wp-content\/uploads\/packing-tape-description.jpg\" alt=\"packing tape description\" width=\"960\" height=\"540\" srcset=\"https:\/\/www.qianyipack.com\/wp-content\/uploads\/packing-tape-description.jpg 960w, https:\/\/www.qianyipack.com\/wp-content\/uploads\/packing-tape-description-800x450.jpg 800w, https:\/\/www.qianyipack.com\/wp-content\/uploads\/packing-tape-description-300x169.jpg 300w, https:\/\/www.qianyipack.com\/wp-content\/uploads\/packing-tape-description-768x432.jpg 768w, https:\/\/www.qianyipack.com\/wp-content\/uploads\/packing-tape-description-18x10.jpg 18w\" sizes=\"(max-width: 960px) 100vw, 960px\" \/><figcaption id=\"caption-attachment-2428\" class=\"wp-caption-text\">descripci\u00f3n de la cinta de embalaje<\/figcaption><\/figure>\n<h3>Especificaci\u00f3n<\/h3>\n<p class=\" translation-block\">El inspector de calidad inspecciona meticulosamente la superficie de la cinta y el corte del rollo de papel, y no calificado <a href=\"https:\/\/www.qianyipack.com\/en\/product-tag\/packaging-tape\" target=\"_ self\" rel=\"noopener\"> la cinta de embalaje <\/a> no puede salir de f\u00e1brica. <br>\nLos proveedores con los que cooperamos son todos proveedores de fuentes a gran escala, y realizamos compras a granel de materias primas para reducir costos y al mismo tiempo asegurar la estabilidad del suministro de bienes. <br>\nLa empresa tiene una m\u00e1quina cortadora avanzada, corte completamente autom\u00e1tico, sin interferencia manual en todo el proceso, para garantizar que el tama\u00f1o de la cinta de embalaje cumpla con el est\u00e1ndar.<\/p>\n<figure id=\"attachment_2431\" aria-describedby=\"caption-attachment-2431\" style=\"width: 906px\" class=\"wp-caption alignnone\"><img decoding=\"async\" class=\"size-full wp-image-2431\" src=\"https:\/\/www.qianyipack.com\/wp-content\/uploads\/bopp-tape-specification.jpg\" alt=\"bopp tape specification\" width=\"906\" height=\"593\" srcset=\"https:\/\/www.qianyipack.com\/wp-content\/uploads\/bopp-tape-specification.jpg 906w, https:\/\/www.qianyipack.com\/wp-content\/uploads\/bopp-tape-specification-800x524.jpg 800w, https:\/\/www.qianyipack.com\/wp-content\/uploads\/bopp-tape-specification-300x196.jpg 300w, https:\/\/www.qianyipack.com\/wp-content\/uploads\/bopp-tape-specification-768x503.jpg 768w, https:\/\/www.qianyipack.com\/wp-content\/uploads\/bopp-tape-specification-18x12.jpg 18w\" sizes=\"(max-width: 906px) 100vw, 906px\" \/><figcaption id=\"caption-attachment-2431\" class=\"wp-caption-text\">especificaci\u00f3n de cinta bopp<\/figcaption><\/figure>\n<h3>Aplicaci\u00f3n<\/h3>\n<p>La cinta de embalaje se utiliza ampliamente para embalar y sellar, sellar y reparar, empaquetar y fijar, etc. Elija cintas de diferentes espesores de acuerdo con el embalaje de los diferentes art\u00edculos.<\/p>\n<figure id=\"attachment_2427\" aria-describedby=\"caption-attachment-2427\" style=\"width: 960px\" class=\"wp-caption alignnone\"><img decoding=\"async\" class=\"size-full wp-image-2427\" src=\"https:\/\/www.qianyipack.com\/wp-content\/uploads\/packing-tape-advantage.jpg\" alt=\"packing tape advantage\" width=\"960\" height=\"540\" srcset=\"https:\/\/www.qianyipack.com\/wp-content\/uploads\/packing-tape-advantage.jpg 960w, https:\/\/www.qianyipack.com\/wp-content\/uploads\/packing-tape-advantage-800x450.jpg 800w, https:\/\/www.qianyipack.com\/wp-content\/uploads\/packing-tape-advantage-300x169.jpg 300w, https:\/\/www.qianyipack.com\/wp-content\/uploads\/packing-tape-advantage-768x432.jpg 768w, https:\/\/www.qianyipack.com\/wp-content\/uploads\/packing-tape-advantage-18x10.jpg 18w\" sizes=\"(max-width: 960px) 100vw, 960px\" \/><figcaption id=\"caption-attachment-2427\" class=\"wp-caption-text\">ventaja de la cinta de embalaje<\/figcaption><\/figure>","protected":false},"excerpt":{"rendered":"<div id=\"outer-wrap\" class=\"site clr\">\n<div id=\"wrap\" class=\"clr\">\n<div id=\"outer-wrap\" class=\"site clr\">\n<div id=\"wrap\" class=\"clr\">\n<p>La cinta de embalaje tambi\u00e9n se llama cinta bopp, cinta de embalaje, etc. Utiliza una pel\u00edcula de polipropileno orientado biaxialmente BOPP como material base. Despu\u00e9s de calentar y esparcir uniformemente la emulsi\u00f3n adhesiva sensible a la presi\u00f3n, forma una capa adhesiva que var\u00eda de 8 \u03bcm a 28 \u03bcm para formar un rollo maestro de cinta BOPP.<\/p>\n<\/div>\n<\/div>\n<\/div>\n<\/div>","protected":false},"featured_media":2425,"template":"","meta":{"ocean_post_layout":"","ocean_both_sidebars_style":"","ocean_both_sidebars_content_width":0,"ocean_both_sidebars_sidebars_width":0,"ocean_sidebar":"0","ocean_second_sidebar":"0","ocean_disable_margins":"enable","ocean_add_body_class":"","ocean_shortcode_before_top_bar":"","ocean_shortcode_after_top_bar":"","ocean_shortcode_before_header":"","ocean_shortcode_after_header":"","ocean_has_shortcode":"","ocean_shortcode_after_title":"","ocean_shortcode_before_footer_widgets":"","ocean_shortcode_after_footer_widgets":"","ocean_shortcode_before_footer_bottom":"","ocean_shortcode_after_footer_bottom":"","ocean_display_top_bar":"default","ocean_display_header":"default","ocean_header_style":"","ocean_center_header_left_menu":"0","ocean_custom_header_template":"0","ocean_custom_logo":0,"ocean_custom_retina_logo":0,"ocean_custom_logo_max_width":0,"ocean_custom_logo_tablet_max_width":0,"ocean_custom_logo_mobile_max_width":0,"ocean_custom_logo_max_height":0,"ocean_custom_logo_tablet_max_height":0,"ocean_custom_logo_mobile_max_height":0,"ocean_header_custom_menu":"0","ocean_menu_typo_font_family":"0","ocean_menu_typo_font_subset":"","ocean_menu_typo_font_size":0,"ocean_menu_typo_font_size_tablet":0,"ocean_menu_typo_font_size_mobile":0,"ocean_menu_typo_font_size_unit":"px","ocean_menu_typo_font_weight":"","ocean_menu_typo_font_weight_tablet":"","ocean_menu_typo_font_weight_mobile":"","ocean_menu_typo_transform":"","ocean_menu_typo_transform_tablet":"","ocean_menu_typo_transform_mobile":"","ocean_menu_typo_line_height":0,"ocean_menu_typo_line_height_tablet":0,"ocean_menu_typo_line_height_mobile":0,"ocean_menu_typo_line_height_unit":"","ocean_menu_typo_spacing":0,"ocean_menu_typo_spacing_tablet":0,"ocean_menu_typo_spacing_mobile":0,"ocean_menu_typo_spacing_unit":"","ocean_menu_link_color":"","ocean_menu_link_color_hover":"","ocean_menu_link_color_active":"","ocean_menu_link_background":"","ocean_menu_link_hover_background":"","ocean_menu_link_active_background":"","ocean_menu_social_links_bg":"","ocean_menu_social_hover_links_bg":"","ocean_menu_social_links_color":"","ocean_menu_social_hover_links_color":"","ocean_disable_title":"default","ocean_disable_heading":"default","ocean_post_title":"","ocean_post_subheading":"","ocean_post_title_style":"","ocean_post_title_background_color":"","ocean_post_title_background":0,"ocean_post_title_bg_image_position":"","ocean_post_title_bg_image_attachment":"","ocean_post_title_bg_image_repeat":"","ocean_post_title_bg_image_size":"","ocean_post_title_height":0,"ocean_post_title_bg_overlay":0.5,"ocean_post_title_bg_overlay_color":"","ocean_disable_breadcrumbs":"default","ocean_breadcrumbs_color":"","ocean_breadcrumbs_separator_color":"","ocean_breadcrumbs_links_color":"","ocean_breadcrumbs_links_hover_color":"","ocean_display_footer_widgets":"default","ocean_display_footer_bottom":"default","ocean_custom_footer_template":"0","osh_disable_topbar_sticky":"default","osh_disable_header_sticky":"default","osh_sticky_header_style":"default","osh_sticky_header_effect":"","osh_custom_sticky_logo":0,"osh_custom_retina_sticky_logo":0,"osh_custom_sticky_logo_height":0,"osh_background_color":"","osh_links_color":"","osh_links_hover_color":"","osh_links_active_color":"","osh_links_bg_color":"","osh_links_hover_bg_color":"","osh_links_active_bg_color":"","osh_menu_social_links_color":"","osh_menu_social_hover_links_color":""},"product_brand":[],"product_cat":[47],"product_tag":[142,141,143],"class_list":{"0":"post-2422","1":"product","2":"type-product","3":"status-publish","4":"has-post-thumbnail","6":"product_cat-packaging-accessories","7":"product_tag-adhesive-tape","8":"product_tag-bopp-tape","9":"product_tag-packaging-tape","11":"entry","12":"has-media","14":"first","15":"instock","16":"shipping-taxable","17":"product-type-external","18":"col","19":"span_1_of_3","20":"owp-content-center","21":"owp-thumbs-layout-horizontal","22":"owp-btn-very-big","23":"owp-tabs-layout-horizontal"},"_links":{"self":[{"href":"https:\/\/www.qianyipack.com\/es\/wp-json\/wp\/v2\/product\/2422","targetHints":{"allow":["GET"]}}],"collection":[{"href":"https:\/\/www.qianyipack.com\/es\/wp-json\/wp\/v2\/product"}],"about":[{"href":"https:\/\/www.qianyipack.com\/es\/wp-json\/wp\/v2\/types\/product"}],"wp:featuredmedia":[{"embeddable":true,"href":"https:\/\/www.qianyipack.com\/es\/wp-json\/wp\/v2\/media\/2425"}],"wp:attachment":[{"href":"https:\/\/www.qianyipack.com\/es\/wp-json\/wp\/v2\/media?parent=2422"}],"wp:term":[{"taxonomy":"product_brand","embeddable":true,"href":"https:\/\/www.qianyipack.com\/es\/wp-json\/wp\/v2\/product_brand?post=2422"},{"taxonomy":"product_cat","embeddable":true,"href":"https:\/\/www.qianyipack.com\/es\/wp-json\/wp\/v2\/product_cat?post=2422"},{"taxonomy":"product_tag","embeddable":true,"href":"https:\/\/www.qianyipack.com\/es\/wp-json\/wp\/v2\/product_tag?post=2422"}],"curies":[{"name":"wp","href":"https:\/\/api.w.org\/{rel}","templated":true}]}}