{"id":2433,"date":"2021-12-23T01:23:11","date_gmt":"2021-12-23T09:23:11","guid":{"rendered":"https:\/\/www.qianyipack.com\/?post_type=product&#038;p=2433"},"modified":"2021-12-23T01:29:19","modified_gmt":"2021-12-23T09:29:19","slug":"32mm-pet-strapping-tool-kit-hand-operated-for-pallets","status":"publish","type":"product","link":"https:\/\/www.qianyipack.com\/es\/producto\/32mm-pet-strapping-tool-kit-hand-operated-for-pallets","title":{"rendered":"Kit de herramientas de flejado de PET de 32 mm para paletas"},"content":{"rendered":"<p class=\" translation-block\">1. El tensor tiene una mano de obra fina y se esfuerza por alcanzar la perfecci\u00f3n. El mango adopta un dise\u00f1o sin fatiga, que es adecuado para empaques a largo plazo, sin fatiga y un agarre c\u00f3modo. <br>\n2. El tensor tiene una gran fuerza de uni\u00f3n y un dise\u00f1o de estructura especial, que puede realizar f\u00e1cilmente el apriete y embalaje de materiales de embalaje pesados como acero, acero, aluminio. <br>\n3. El tensor tiene una alta durabilidad, todo el cuerpo y la estructura est\u00e1n hechos de materiales de aleaci\u00f3n de metal de alta resistencia, con un dise\u00f1o confiable y tecnolog\u00eda avanzada.<\/p>\n<figure id=\"attachment_2434\" aria-describedby=\"caption-attachment-2434\" style=\"width: 960px\" class=\"wp-caption alignnone\"><img fetchpriority=\"high\" decoding=\"async\" class=\"size-full wp-image-2434\" src=\"https:\/\/www.qianyipack.com\/wp-content\/uploads\/PET-strapping-tool-5.jpg\" alt=\"PET strapping tool (5)\" width=\"960\" height=\"492\" srcset=\"https:\/\/www.qianyipack.com\/wp-content\/uploads\/PET-strapping-tool-5.jpg 960w, https:\/\/www.qianyipack.com\/wp-content\/uploads\/PET-strapping-tool-5-800x410.jpg 800w, https:\/\/www.qianyipack.com\/wp-content\/uploads\/PET-strapping-tool-5-300x154.jpg 300w, https:\/\/www.qianyipack.com\/wp-content\/uploads\/PET-strapping-tool-5-768x394.jpg 768w, https:\/\/www.qianyipack.com\/wp-content\/uploads\/PET-strapping-tool-5-18x9.jpg 18w\" sizes=\"(max-width: 960px) 100vw, 960px\" \/><figcaption id=\"caption-attachment-2434\" class=\"wp-caption-text\">Flejadora de PET (5)<\/figcaption><\/figure>\n<h3>Caracter\u00edstica<\/h3>\n<p class=\" translation-block\">1. El tensor tiene una gran durabilidad. El cuerpo principal est\u00e1 hecho de fundici\u00f3n a presi\u00f3n de aleaci\u00f3n de aluminio de alta calidad, que es firme, liviana y f\u00e1cil de mover. Todos los dem\u00e1s componentes est\u00e1n hechos de acero de alta calidad, todos los cuales han sido sometidos a un estricto tratamiento t\u00e9rmico y la tasa de fallas es baja. <br>\n2. El tensor adopta la fuerza de contracci\u00f3n del tipo de contracci\u00f3n giratoria, que es m\u00e1s adecuada para el embalaje de objetos pesados. Es simple de operar y se da cuenta f\u00e1cilmente del ajuste y empaque de acero, lingotes de aluminio y paquetes pesados. <br>\n3. Todos los componentes del tensor est\u00e1n hechos de acero de alta calidad y tecnolog\u00eda avanzada de tratamiento t\u00e9rmico, especialmente las piezas del clip est\u00e1n hechas de materiales resistentes al desgaste, que tienen una vida \u00fatil m\u00e1s larga. <br>\n4. Los alicates de clip tienen una alta durabilidad y est\u00e1n hechos de aleaci\u00f3n de aluminio de alta calidad, fuerte y ligero, y c\u00f3modo de mover. Todos los dem\u00e1s componentes est\u00e1n hechos de acero de alta calidad y todos se han sometido a un estricto tratamiento t\u00e9rmico con una baja tasa de fallas.<\/p>\n<h3>Aplicaci\u00f3n<\/h3>\n<p>El juego de tensores de correa manual PET se usa ampliamente en la industria del papel, industria del aluminio, acero, madera, caja de madera, empaque de caja de madera, fibra qu\u00edmica, hilado de algod\u00f3n, tabaco, industria qu\u00edmica, productos met\u00e1licos y otras industrias.<\/p>\n<figure id=\"attachment_2435\" aria-describedby=\"caption-attachment-2435\" style=\"width: 960px\" class=\"wp-caption alignnone\"><img decoding=\"async\" class=\"size-full wp-image-2435\" src=\"https:\/\/www.qianyipack.com\/wp-content\/uploads\/PET-strapping-tool-6.jpg\" alt=\"PET strapping tool (6)\" width=\"960\" height=\"540\" srcset=\"https:\/\/www.qianyipack.com\/wp-content\/uploads\/PET-strapping-tool-6.jpg 960w, https:\/\/www.qianyipack.com\/wp-content\/uploads\/PET-strapping-tool-6-800x450.jpg 800w, https:\/\/www.qianyipack.com\/wp-content\/uploads\/PET-strapping-tool-6-300x169.jpg 300w, https:\/\/www.qianyipack.com\/wp-content\/uploads\/PET-strapping-tool-6-768x432.jpg 768w, https:\/\/www.qianyipack.com\/wp-content\/uploads\/PET-strapping-tool-6-18x10.jpg 18w\" sizes=\"(max-width: 960px) 100vw, 960px\" \/><figcaption id=\"caption-attachment-2435\" class=\"wp-caption-text\">Flejadora de PET (6)<\/figcaption><\/figure>","protected":false},"excerpt":{"rendered":"<p>Las herramientas necesarias para la operaci\u00f3n de empaque de flejes de PET incluyen un tensor manual y alicates de sujeci\u00f3n. El tensor tiene una estructura compacta, peso ligero y gran fuerza de tensi\u00f3n. Los alicates de clip son duraderos y f\u00e1ciles de operar.<\/p>","protected":false},"featured_media":2436,"template":"","meta":{"ocean_post_layout":"","ocean_both_sidebars_style":"","ocean_both_sidebars_content_width":0,"ocean_both_sidebars_sidebars_width":0,"ocean_sidebar":"0","ocean_second_sidebar":"0","ocean_disable_margins":"enable","ocean_add_body_class":"","ocean_shortcode_before_top_bar":"","ocean_shortcode_after_top_bar":"","ocean_shortcode_before_header":"","ocean_shortcode_after_header":"","ocean_has_shortcode":"","ocean_shortcode_after_title":"","ocean_shortcode_before_footer_widgets":"","ocean_shortcode_after_footer_widgets":"","ocean_shortcode_before_footer_bottom":"","ocean_shortcode_after_footer_bottom":"","ocean_display_top_bar":"default","ocean_display_header":"default","ocean_header_style":"","ocean_center_header_left_menu":"0","ocean_custom_header_template":"0","ocean_custom_logo":0,"ocean_custom_retina_logo":0,"ocean_custom_logo_max_width":0,"ocean_custom_logo_tablet_max_width":0,"ocean_custom_logo_mobile_max_width":0,"ocean_custom_logo_max_height":0,"ocean_custom_logo_tablet_max_height":0,"ocean_custom_logo_mobile_max_height":0,"ocean_header_custom_menu":"0","ocean_menu_typo_font_family":"0","ocean_menu_typo_font_subset":"","ocean_menu_typo_font_size":0,"ocean_menu_typo_font_size_tablet":0,"ocean_menu_typo_font_size_mobile":0,"ocean_menu_typo_font_size_unit":"px","ocean_menu_typo_font_weight":"","ocean_menu_typo_font_weight_tablet":"","ocean_menu_typo_font_weight_mobile":"","ocean_menu_typo_transform":"","ocean_menu_typo_transform_tablet":"","ocean_menu_typo_transform_mobile":"","ocean_menu_typo_line_height":0,"ocean_menu_typo_line_height_tablet":0,"ocean_menu_typo_line_height_mobile":0,"ocean_menu_typo_line_height_unit":"","ocean_menu_typo_spacing":0,"ocean_menu_typo_spacing_tablet":0,"ocean_menu_typo_spacing_mobile":0,"ocean_menu_typo_spacing_unit":"","ocean_menu_link_color":"","ocean_menu_link_color_hover":"","ocean_menu_link_color_active":"","ocean_menu_link_background":"","ocean_menu_link_hover_background":"","ocean_menu_link_active_background":"","ocean_menu_social_links_bg":"","ocean_menu_social_hover_links_bg":"","ocean_menu_social_links_color":"","ocean_menu_social_hover_links_color":"","ocean_disable_title":"default","ocean_disable_heading":"default","ocean_post_title":"","ocean_post_subheading":"","ocean_post_title_style":"","ocean_post_title_background_color":"","ocean_post_title_background":0,"ocean_post_title_bg_image_position":"","ocean_post_title_bg_image_attachment":"","ocean_post_title_bg_image_repeat":"","ocean_post_title_bg_image_size":"","ocean_post_title_height":0,"ocean_post_title_bg_overlay":0.5,"ocean_post_title_bg_overlay_color":"","ocean_disable_breadcrumbs":"default","ocean_breadcrumbs_color":"","ocean_breadcrumbs_separator_color":"","ocean_breadcrumbs_links_color":"","ocean_breadcrumbs_links_hover_color":"","ocean_display_footer_widgets":"default","ocean_display_footer_bottom":"default","ocean_custom_footer_template":"0","osh_disable_topbar_sticky":"default","osh_disable_header_sticky":"default","osh_sticky_header_style":"default","osh_sticky_header_effect":"","osh_custom_sticky_logo":0,"osh_custom_retina_sticky_logo":0,"osh_custom_sticky_logo_height":0,"osh_background_color":"","osh_links_color":"","osh_links_hover_color":"","osh_links_active_color":"","osh_links_bg_color":"","osh_links_hover_bg_color":"","osh_links_active_bg_color":"","osh_menu_social_links_color":"","osh_menu_social_hover_links_color":""},"product_brand":[],"product_cat":[45],"product_tag":[62,144,145],"class_list":{"0":"post-2433","1":"product","2":"type-product","3":"status-publish","4":"has-post-thumbnail","6":"product_cat-strapping-tensioner","7":"product_tag-strapping-tensioner","8":"product_tag-strapping-tool","9":"product_tag-strapping-tool-set","11":"entry","12":"has-media","14":"first","15":"instock","16":"shipping-taxable","17":"product-type-external","18":"col","19":"span_1_of_3","20":"owp-content-center","21":"owp-thumbs-layout-horizontal","22":"owp-btn-very-big","23":"owp-tabs-layout-horizontal"},"_links":{"self":[{"href":"https:\/\/www.qianyipack.com\/es\/wp-json\/wp\/v2\/product\/2433","targetHints":{"allow":["GET"]}}],"collection":[{"href":"https:\/\/www.qianyipack.com\/es\/wp-json\/wp\/v2\/product"}],"about":[{"href":"https:\/\/www.qianyipack.com\/es\/wp-json\/wp\/v2\/types\/product"}],"wp:featuredmedia":[{"embeddable":true,"href":"https:\/\/www.qianyipack.com\/es\/wp-json\/wp\/v2\/media\/2436"}],"wp:attachment":[{"href":"https:\/\/www.qianyipack.com\/es\/wp-json\/wp\/v2\/media?parent=2433"}],"wp:term":[{"taxonomy":"product_brand","embeddable":true,"href":"https:\/\/www.qianyipack.com\/es\/wp-json\/wp\/v2\/product_brand?post=2433"},{"taxonomy":"product_cat","embeddable":true,"href":"https:\/\/www.qianyipack.com\/es\/wp-json\/wp\/v2\/product_cat?post=2433"},{"taxonomy":"product_tag","embeddable":true,"href":"https:\/\/www.qianyipack.com\/es\/wp-json\/wp\/v2\/product_tag?post=2433"}],"curies":[{"name":"wp","href":"https:\/\/api.w.org\/{rel}","templated":true}]}}