{"id":1123,"date":"2021-10-14T17:22:48","date_gmt":"2021-10-15T01:22:48","guid":{"rendered":"https:\/\/www.qianyipack.com\/?page_id=1123"},"modified":"2021-10-19T00:40:22","modified_gmt":"2021-10-19T08:40:22","slug":"application","status":"publish","type":"page","link":"https:\/\/www.qianyipack.com\/fr\/application","title":{"rendered":"Application"},"content":{"rendered":"<div data-elementor-type=\"wp-page\" data-elementor-id=\"1123\" class=\"elementor elementor-1123\">\n\t\t\t\t\t\t<section class=\"elementor-section elementor-top-section elementor-element elementor-element-c18732f elementor-section-boxed elementor-section-height-default elementor-section-height-default\" data-id=\"c18732f\" data-element_type=\"section\">\n\t\t\t\t\t\t<div class=\"elementor-container elementor-column-gap-default\">\n\t\t\t\t\t<div class=\"elementor-column elementor-col-100 elementor-top-column elementor-element elementor-element-7a9fd8c\" data-id=\"7a9fd8c\" data-element_type=\"column\">\n\t\t\t<div class=\"elementor-widget-wrap elementor-element-populated\">\n\t\t\t\t\t\t<div class=\"elementor-element elementor-element-c89b84e elementor-widget elementor-widget-oew-blog-grid\" data-id=\"c89b84e\" data-element_type=\"widget\" data-widget_type=\"oew-blog-grid.default\">\n\t\t\t\t<div class=\"elementor-widget-container\">\n\t\t\t\t\t\n\t\t\t<div class=\"oew-blog-grid clr oew-masonry\" data-columns data-desktop-columns=\"2\"  >\n\n\t\t\t\t\n\t\t\t\t\t\t<article id=\"post-1029\" class=\"oew-grid-entry clr isotope-entry post-1029 post type-post status-publish format-standard has-post-thumbnail hentry category-application tag-cord-strap tag-polyester-strap tag-zinc-ingots-packaging entry has-media owp-thumbs-layout-horizontal owp-btn-very-big owp-tabs-layout-horizontal has-no-thumbnails\">\n\n\t\t\t\t\t\t\t\n\t\t\t\t\t\t\t\t<div class=\"oew-grid-inner clr\">\n\n\t\t\t\t\t\t\t\t\t\n\t\t\t\t\t\t\t\t\t\t<div class=\"oew-grid-media clr\">\n\n\t\t\t\t\t\t\t\t\t\t\t<a href=\"https:\/\/www.qianyipack.com\/fr\/not-only-zinc-ingots-are-packaged-with-pet-strapping.html\" title=\"Non seulement les lingots de zinc sont emball\u00e9s avec des cerclages en PET\" class=\"oew-grid-img\">\n\n\t\t\t\t\t\t\t\t\t\t\t\t<img fetchpriority=\"high\" decoding=\"async\" width=\"900\" height=\"600\" src=\"https:\/\/www.qianyipack.com\/wp-content\/uploads\/2021\/10\/application-in-zinc-ingots.png\" class=\"attachment-full size-full wp-post-image\" alt=\"Not Only Zinc Ingots Are Packaged with PET Strapping\" itemprop=\"image\" srcset=\"https:\/\/www.qianyipack.com\/wp-content\/uploads\/2021\/10\/application-in-zinc-ingots.png 900w, https:\/\/www.qianyipack.com\/wp-content\/uploads\/2021\/10\/application-in-zinc-ingots-800x533.png 800w, https:\/\/www.qianyipack.com\/wp-content\/uploads\/2021\/10\/application-in-zinc-ingots-300x200.png 300w, https:\/\/www.qianyipack.com\/wp-content\/uploads\/2021\/10\/application-in-zinc-ingots-768x512.png 768w\" sizes=\"(max-width: 900px) 100vw, 900px\" \/>\n\t\t\t\t\t\t\t\t\t\t\t\t<span class=\"overlay\">\n\t\t\t\t\t\t\t\t\t\t\t\t\t\t\t\t\t\t\t\t\t\t\t\t\t\t\t<span class=\"overlay-btn\">\n\t\t\t\t\t\t\t\t\t\t\t\t\t\t\tEn savoir plus\t\t\t\t\t\t\t\t\t\t\t\t\t\t<\/span>\n\t\t\t\t\t\t\t\t\t\t\t\t\t\t\t\t\t\t\t\t\t\t\t\t\t<\/span>\n\n\t\t\t\t\t\t\t\t\t\t\t<\/a>\n\n\t\t\t\t\t\t\t\t\t\t\t\n\t\t\t\t\t\t\t\t\t\t<\/div><!-- .oew-grid-media -->\n\n\t\t\t\t\t\t\t\t\t\n\t\t\t\t\t\t\t\t\t\n\t\t\t\t\t\t\t\t\t\t<div class=\"oew-grid-details clr\">\n\n\t\t\t\t\t\t\t\t\t\t\t\n\t\t\t\t\t\t\t\t\t\t\t\t<h2 class=\"oew-grid-title entry-title\">\n\t\t\t\t\t\t\t\t\t\t\t\t\t<a href=\"https:\/\/www.qianyipack.com\/fr\/not-only-zinc-ingots-are-packaged-with-pet-strapping.html\" title=\"Non seulement les lingots de zinc sont emball\u00e9s avec des cerclages en PET\">Non seulement les lingots de zinc sont emball\u00e9s avec des cerclages en PET<\/a>\n\t\t\t\t\t\t\t\t\t\t\t\t<\/h2>\n\n\t\t\t\t\t\t\t\t\t\t\t\n\t\t\t\t\t\t\t\t\t\t\t\n\t\t\t\t\t\t\t\t\t\t\t\t<div class=\"oew-grid-excerpt clr\">\n\t\t\t\t\t\t\t\t\t\t\t\t\tLes lingots de zinc ne sont pas les seuls \u00e0 \u00eatre emball\u00e9s avec des cerclages d'emballage en PET Les cerclages d'emballage en PET sont largement utilis\u00e9s dans tous les domaines...\t\t\t\t\t\t\t\t\t\t\t\t<\/div>\n\n\t\t\t\t\t\t\t\t\t\t\t\n\t\t\t\t\t\t\t\t\t\t<\/div><!-- .oew-grid-details -->\n\n\t\t\t\t\t\t\t\t\t\n\t\t\t\t\t\t\t\t\t\n\t\t\t\t\t\t\t\t<\/div>\n\n\t\t\t\t\t\t\t\n\t\t\t\t\t\t<\/article>\n\n\t\t\t\t\t\n\t\t\t\t\t\n\t\t\t\t\t\t<article id=\"post-1026\" class=\"oew-grid-entry clr isotope-entry post-1026 post type-post status-publish format-standard has-post-thumbnail hentry category-application tag-construction-industry tag-packaging-strap tag-pet-strap entry has-media owp-thumbs-layout-horizontal owp-btn-very-big owp-tabs-layout-horizontal has-no-thumbnails\">\n\n\t\t\t\t\t\t\t\n\t\t\t\t\t\t\t\t<div class=\"oew-grid-inner clr\">\n\n\t\t\t\t\t\t\t\t\t\n\t\t\t\t\t\t\t\t\t\t<div class=\"oew-grid-media clr\">\n\n\t\t\t\t\t\t\t\t\t\t\t<a href=\"https:\/\/www.qianyipack.com\/fr\/feedback-of-pet-packing-strap-application-in-brick-factory.html\" title=\"Retour d&#039;information sur l&#039;application de sangles d&#039;emballage en PET dans une usine de briques\" class=\"oew-grid-img\">\n\n\t\t\t\t\t\t\t\t\t\t\t\t<img decoding=\"async\" width=\"900\" height=\"600\" src=\"https:\/\/www.qianyipack.com\/wp-content\/uploads\/2021\/10\/Construction.jpg\" class=\"attachment-full size-full wp-post-image\" alt=\"Feedback of PET Packing Strap Application in Brick Factory\" itemprop=\"image\" srcset=\"https:\/\/www.qianyipack.com\/wp-content\/uploads\/2021\/10\/Construction.jpg 900w, https:\/\/www.qianyipack.com\/wp-content\/uploads\/2021\/10\/Construction-800x533.jpg 800w, https:\/\/www.qianyipack.com\/wp-content\/uploads\/2021\/10\/Construction-300x200.jpg 300w, https:\/\/www.qianyipack.com\/wp-content\/uploads\/2021\/10\/Construction-768x512.jpg 768w\" sizes=\"(max-width: 900px) 100vw, 900px\" \/>\n\t\t\t\t\t\t\t\t\t\t\t\t<span class=\"overlay\">\n\t\t\t\t\t\t\t\t\t\t\t\t\t\t\t\t\t\t\t\t\t\t\t\t\t\t\t<span class=\"overlay-btn\">\n\t\t\t\t\t\t\t\t\t\t\t\t\t\t\tEn savoir plus\t\t\t\t\t\t\t\t\t\t\t\t\t\t<\/span>\n\t\t\t\t\t\t\t\t\t\t\t\t\t\t\t\t\t\t\t\t\t\t\t\t\t<\/span>\n\n\t\t\t\t\t\t\t\t\t\t\t<\/a>\n\n\t\t\t\t\t\t\t\t\t\t\t\n\t\t\t\t\t\t\t\t\t\t<\/div><!-- .oew-grid-media -->\n\n\t\t\t\t\t\t\t\t\t\n\t\t\t\t\t\t\t\t\t\n\t\t\t\t\t\t\t\t\t\t<div class=\"oew-grid-details clr\">\n\n\t\t\t\t\t\t\t\t\t\t\t\n\t\t\t\t\t\t\t\t\t\t\t\t<h2 class=\"oew-grid-title entry-title\">\n\t\t\t\t\t\t\t\t\t\t\t\t\t<a href=\"https:\/\/www.qianyipack.com\/fr\/feedback-of-pet-packing-strap-application-in-brick-factory.html\" title=\"Retour d&#039;information sur l&#039;application de sangles d&#039;emballage en PET dans une usine de briques\">Retour d'information sur l'application de sangles d'emballage en PET dans une usine de briques<\/a>\n\t\t\t\t\t\t\t\t\t\t\t\t<\/h2>\n\n\t\t\t\t\t\t\t\t\t\t\t\n\t\t\t\t\t\t\t\t\t\t\t\n\t\t\t\t\t\t\t\t\t\t\t\t<div class=\"oew-grid-excerpt clr\">\n\t\t\t\t\t\t\t\t\t\t\t\t\tRetour d'exp\u00e9rience de l'application de la sangle d'emballage en PET dans une usine de briques Aujourd'hui, l'utilisation de la sangle en plastique PET pour emballer les briques...\t\t\t\t\t\t\t\t\t\t\t\t<\/div>\n\n\t\t\t\t\t\t\t\t\t\t\t\n\t\t\t\t\t\t\t\t\t\t<\/div><!-- .oew-grid-details -->\n\n\t\t\t\t\t\t\t\t\t\n\t\t\t\t\t\t\t\t\t\n\t\t\t\t\t\t\t\t<\/div>\n\n\t\t\t\t\t\t\t\n\t\t\t\t\t\t<\/article>\n\n\t\t\t\t\t\n\t\t\t\t\t\n\t\t\t\t\t\t<article id=\"post-1023\" class=\"oew-grid-entry clr isotope-entry post-1023 post type-post status-publish format-standard has-post-thumbnail hentry category-application tag-cord-strap tag-metal-material-industry tag-polyester-strap entry has-media owp-thumbs-layout-horizontal owp-btn-very-big owp-tabs-layout-horizontal has-no-thumbnails\">\n\n\t\t\t\t\t\t\t\n\t\t\t\t\t\t\t\t<div class=\"oew-grid-inner clr\">\n\n\t\t\t\t\t\t\t\t\t\n\t\t\t\t\t\t\t\t\t\t<div class=\"oew-grid-media clr\">\n\n\t\t\t\t\t\t\t\t\t\t\t<a href=\"https:\/\/www.qianyipack.com\/fr\/application-of-packaging-strap-in-metal-material-industry.html\" title=\"Application de la sangle d&#039;emballage dans l&#039;industrie des mat\u00e9riaux m\u00e9talliques\" class=\"oew-grid-img\">\n\n\t\t\t\t\t\t\t\t\t\t\t\t<img decoding=\"async\" width=\"900\" height=\"600\" src=\"https:\/\/www.qianyipack.com\/wp-content\/uploads\/2021\/10\/Aluminium-and-Steel.jpg\" class=\"attachment-full size-full wp-post-image\" alt=\"Application of Packaging Strap in Metal Material Industry\" itemprop=\"image\" srcset=\"https:\/\/www.qianyipack.com\/wp-content\/uploads\/2021\/10\/Aluminium-and-Steel.jpg 900w, https:\/\/www.qianyipack.com\/wp-content\/uploads\/2021\/10\/Aluminium-and-Steel-800x533.jpg 800w, https:\/\/www.qianyipack.com\/wp-content\/uploads\/2021\/10\/Aluminium-and-Steel-300x200.jpg 300w, https:\/\/www.qianyipack.com\/wp-content\/uploads\/2021\/10\/Aluminium-and-Steel-768x512.jpg 768w\" sizes=\"(max-width: 900px) 100vw, 900px\" \/>\n\t\t\t\t\t\t\t\t\t\t\t\t<span class=\"overlay\">\n\t\t\t\t\t\t\t\t\t\t\t\t\t\t\t\t\t\t\t\t\t\t\t\t\t\t\t<span class=\"overlay-btn\">\n\t\t\t\t\t\t\t\t\t\t\t\t\t\t\tEn savoir plus\t\t\t\t\t\t\t\t\t\t\t\t\t\t<\/span>\n\t\t\t\t\t\t\t\t\t\t\t\t\t\t\t\t\t\t\t\t\t\t\t\t\t<\/span>\n\n\t\t\t\t\t\t\t\t\t\t\t<\/a>\n\n\t\t\t\t\t\t\t\t\t\t\t\n\t\t\t\t\t\t\t\t\t\t<\/div><!-- .oew-grid-media -->\n\n\t\t\t\t\t\t\t\t\t\n\t\t\t\t\t\t\t\t\t\n\t\t\t\t\t\t\t\t\t\t<div class=\"oew-grid-details clr\">\n\n\t\t\t\t\t\t\t\t\t\t\t\n\t\t\t\t\t\t\t\t\t\t\t\t<h2 class=\"oew-grid-title entry-title\">\n\t\t\t\t\t\t\t\t\t\t\t\t\t<a href=\"https:\/\/www.qianyipack.com\/fr\/application-of-packaging-strap-in-metal-material-industry.html\" title=\"Application de la sangle d&#039;emballage dans l&#039;industrie des mat\u00e9riaux m\u00e9talliques\">Application de la sangle d'emballage dans l'industrie des mat\u00e9riaux m\u00e9talliques<\/a>\n\t\t\t\t\t\t\t\t\t\t\t\t<\/h2>\n\n\t\t\t\t\t\t\t\t\t\t\t\n\t\t\t\t\t\t\t\t\t\t\t\n\t\t\t\t\t\t\t\t\t\t\t\t<div class=\"oew-grid-excerpt clr\">\n\t\t\t\t\t\t\t\t\t\t\t\t\tApplication de la courroie d'emballage dans l'industrie des mat\u00e9riaux m\u00e9talliques Les briques, l'acier et autres mat\u00e9riaux sont une partie indispensable de la...\t\t\t\t\t\t\t\t\t\t\t\t<\/div>\n\n\t\t\t\t\t\t\t\t\t\t\t\n\t\t\t\t\t\t\t\t\t\t<\/div><!-- .oew-grid-details -->\n\n\t\t\t\t\t\t\t\t\t\n\t\t\t\t\t\t\t\t\t\n\t\t\t\t\t\t\t\t<\/div>\n\n\t\t\t\t\t\t\t\n\t\t\t\t\t\t<\/article>\n\n\t\t\t\t\t\n\t\t\t\t\t\n\t\t\t\t\t\t<article id=\"post-1020\" class=\"oew-grid-entry clr isotope-entry post-1020 post type-post status-publish format-standard has-post-thumbnail hentry category-application tag-case-packing-strap tag-fiber-packing-strap tag-logistics-packing-strap entry has-media owp-thumbs-layout-horizontal owp-btn-very-big owp-tabs-layout-horizontal has-no-thumbnails\">\n\n\t\t\t\t\t\t\t\n\t\t\t\t\t\t\t\t<div class=\"oew-grid-inner clr\">\n\n\t\t\t\t\t\t\t\t\t\n\t\t\t\t\t\t\t\t\t\t<div class=\"oew-grid-media clr\">\n\n\t\t\t\t\t\t\t\t\t\t\t<a href=\"https:\/\/www.qianyipack.com\/fr\/application-of-composite-strap-in-container-reinforcement.html\" title=\"Application de sangle composite dans le renforcement de conteneur\" class=\"oew-grid-img\">\n\n\t\t\t\t\t\t\t\t\t\t\t\t<img loading=\"lazy\" decoding=\"async\" width=\"900\" height=\"600\" src=\"https:\/\/www.qianyipack.com\/wp-content\/uploads\/2021\/10\/3PL-Warehouse.jpg\" class=\"attachment-full size-full wp-post-image\" alt=\"Application of Composite Strap in Container Reinforcement\" itemprop=\"image\" srcset=\"https:\/\/www.qianyipack.com\/wp-content\/uploads\/2021\/10\/3PL-Warehouse.jpg 900w, https:\/\/www.qianyipack.com\/wp-content\/uploads\/2021\/10\/3PL-Warehouse-800x533.jpg 800w, https:\/\/www.qianyipack.com\/wp-content\/uploads\/2021\/10\/3PL-Warehouse-300x200.jpg 300w, https:\/\/www.qianyipack.com\/wp-content\/uploads\/2021\/10\/3PL-Warehouse-768x512.jpg 768w\" sizes=\"(max-width: 900px) 100vw, 900px\" \/>\n\t\t\t\t\t\t\t\t\t\t\t\t<span class=\"overlay\">\n\t\t\t\t\t\t\t\t\t\t\t\t\t\t\t\t\t\t\t\t\t\t\t\t\t\t\t<span class=\"overlay-btn\">\n\t\t\t\t\t\t\t\t\t\t\t\t\t\t\tEn savoir plus\t\t\t\t\t\t\t\t\t\t\t\t\t\t<\/span>\n\t\t\t\t\t\t\t\t\t\t\t\t\t\t\t\t\t\t\t\t\t\t\t\t\t<\/span>\n\n\t\t\t\t\t\t\t\t\t\t\t<\/a>\n\n\t\t\t\t\t\t\t\t\t\t\t\n\t\t\t\t\t\t\t\t\t\t<\/div><!-- .oew-grid-media -->\n\n\t\t\t\t\t\t\t\t\t\n\t\t\t\t\t\t\t\t\t\n\t\t\t\t\t\t\t\t\t\t<div class=\"oew-grid-details clr\">\n\n\t\t\t\t\t\t\t\t\t\t\t\n\t\t\t\t\t\t\t\t\t\t\t\t<h2 class=\"oew-grid-title entry-title\">\n\t\t\t\t\t\t\t\t\t\t\t\t\t<a href=\"https:\/\/www.qianyipack.com\/fr\/application-of-composite-strap-in-container-reinforcement.html\" title=\"Application de sangle composite dans le renforcement de conteneur\">Application de sangle composite dans le renforcement de conteneur<\/a>\n\t\t\t\t\t\t\t\t\t\t\t\t<\/h2>\n\n\t\t\t\t\t\t\t\t\t\t\t\n\t\t\t\t\t\t\t\t\t\t\t\n\t\t\t\t\t\t\t\t\t\t\t\t<div class=\"oew-grid-excerpt clr\">\n\t\t\t\t\t\t\t\t\t\t\t\t\tAfin d'\u00e9viter le chargement et le d\u00e9chargement des bo\u00eetes pendant le transport, ou le d\u00e9chargement et le chargement au transbordement...\t\t\t\t\t\t\t\t\t\t\t\t<\/div>\n\n\t\t\t\t\t\t\t\t\t\t\t\n\t\t\t\t\t\t\t\t\t\t<\/div><!-- .oew-grid-details -->\n\n\t\t\t\t\t\t\t\t\t\n\t\t\t\t\t\t\t\t\t\n\t\t\t\t\t\t\t\t<\/div>\n\n\t\t\t\t\t\t\t\n\t\t\t\t\t\t<\/article>\n\n\t\t\t\t\t\n\t\t\t\t\t\n\t\t\t<\/div><!-- .oew-blog-grid -->\n\n\t\t\t\n\t\t\t\n\t\t\t\t\t\t<\/div>\n\t\t\t\t<\/div>\n\t\t\t\t\t<\/div>\n\t\t<\/div>\n\t\t\t\t\t<\/div>\n\t\t<\/section>\n\t\t\t\t<\/div>","protected":false},"excerpt":{"rendered":"<p>En savoir plus Les lingots de zinc ne sont pas les seuls \u00e0 \u00eatre emball\u00e9s avec des feuillards en PET Les lingots de zinc ne sont pas les seuls \u00e0 \u00eatre emball\u00e9s avec des feuillards d'emballage en PET Les feuillards d'emballage en PET sont largement utilis\u00e9s dans tous les secteurs... En savoir plus Commentaires sur l'application des feuillards d'emballage en PET dans une usine de briques Commentaires sur l'application des feuillards d'emballage en PET dans une [...].<\/p>","protected":false},"author":1,"featured_media":0,"parent":0,"menu_order":0,"comment_status":"closed","ping_status":"closed","template":"elementor_header_footer","meta":{"ocean_post_layout":"","ocean_both_sidebars_style":"","ocean_both_sidebars_content_width":0,"ocean_both_sidebars_sidebars_width":0,"ocean_sidebar":"0","ocean_second_sidebar":"0","ocean_disable_margins":"enable","ocean_add_body_class":"","ocean_shortcode_before_top_bar":"","ocean_shortcode_after_top_bar":"","ocean_shortcode_before_header":"","ocean_shortcode_after_header":"","ocean_has_shortcode":"","ocean_shortcode_after_title":"","ocean_shortcode_before_footer_widgets":"","ocean_shortcode_after_footer_widgets":"","ocean_shortcode_before_footer_bottom":"","ocean_shortcode_after_footer_bottom":"","ocean_display_top_bar":"default","ocean_display_header":"default","ocean_header_style":"","ocean_center_header_left_menu":"0","ocean_custom_header_template":"0","ocean_custom_logo":0,"ocean_custom_retina_logo":0,"ocean_custom_logo_max_width":0,"ocean_custom_logo_tablet_max_width":0,"ocean_custom_logo_mobile_max_width":0,"ocean_custom_logo_max_height":0,"ocean_custom_logo_tablet_max_height":0,"ocean_custom_logo_mobile_max_height":0,"ocean_header_custom_menu":"0","ocean_menu_typo_font_family":"0","ocean_menu_typo_font_subset":"","ocean_menu_typo_font_size":0,"ocean_menu_typo_font_size_tablet":0,"ocean_menu_typo_font_size_mobile":0,"ocean_menu_typo_font_size_unit":"px","ocean_menu_typo_font_weight":"","ocean_menu_typo_font_weight_tablet":"","ocean_menu_typo_font_weight_mobile":"","ocean_menu_typo_transform":"","ocean_menu_typo_transform_tablet":"","ocean_menu_typo_transform_mobile":"","ocean_menu_typo_line_height":0,"ocean_menu_typo_line_height_tablet":0,"ocean_menu_typo_line_height_mobile":0,"ocean_menu_typo_line_height_unit":"","ocean_menu_typo_spacing":0,"ocean_menu_typo_spacing_tablet":0,"ocean_menu_typo_spacing_mobile":0,"ocean_menu_typo_spacing_unit":"","ocean_menu_link_color":"","ocean_menu_link_color_hover":"","ocean_menu_link_color_active":"","ocean_menu_link_background":"","ocean_menu_link_hover_background":"","ocean_menu_link_active_background":"","ocean_menu_social_links_bg":"","ocean_menu_social_hover_links_bg":"","ocean_menu_social_links_color":"","ocean_menu_social_hover_links_color":"","ocean_disable_title":"default","ocean_disable_heading":"default","ocean_post_title":"","ocean_post_subheading":"","ocean_post_title_style":"","ocean_post_title_background_color":"","ocean_post_title_background":0,"ocean_post_title_bg_image_position":"","ocean_post_title_bg_image_attachment":"","ocean_post_title_bg_image_repeat":"","ocean_post_title_bg_image_size":"","ocean_post_title_height":0,"ocean_post_title_bg_overlay":0.5,"ocean_post_title_bg_overlay_color":"","ocean_disable_breadcrumbs":"default","ocean_breadcrumbs_color":"","ocean_breadcrumbs_separator_color":"","ocean_breadcrumbs_links_color":"","ocean_breadcrumbs_links_hover_color":"","ocean_display_footer_widgets":"default","ocean_display_footer_bottom":"default","ocean_custom_footer_template":"0","osh_disable_topbar_sticky":"default","osh_disable_header_sticky":"default","osh_sticky_header_style":"default","osh_sticky_header_effect":"","osh_custom_sticky_logo":0,"osh_custom_retina_sticky_logo":0,"osh_custom_sticky_logo_height":0,"osh_background_color":"","osh_links_color":"","osh_links_hover_color":"","osh_links_active_color":"","osh_links_bg_color":"","osh_links_hover_bg_color":"","osh_links_active_bg_color":"","osh_menu_social_links_color":"","osh_menu_social_hover_links_color":"","footnotes":""},"class_list":["post-1123","page","type-page","status-publish","hentry","entry","has-media","owp-thumbs-layout-horizontal","owp-btn-very-big","owp-tabs-layout-horizontal","has-no-thumbnails"],"_links":{"self":[{"href":"https:\/\/www.qianyipack.com\/fr\/wp-json\/wp\/v2\/pages\/1123","targetHints":{"allow":["GET"]}}],"collection":[{"href":"https:\/\/www.qianyipack.com\/fr\/wp-json\/wp\/v2\/pages"}],"about":[{"href":"https:\/\/www.qianyipack.com\/fr\/wp-json\/wp\/v2\/types\/page"}],"author":[{"embeddable":true,"href":"https:\/\/www.qianyipack.com\/fr\/wp-json\/wp\/v2\/users\/1"}],"replies":[{"embeddable":true,"href":"https:\/\/www.qianyipack.com\/fr\/wp-json\/wp\/v2\/comments?post=1123"}],"version-history":[{"count":0,"href":"https:\/\/www.qianyipack.com\/fr\/wp-json\/wp\/v2\/pages\/1123\/revisions"}],"wp:attachment":[{"href":"https:\/\/www.qianyipack.com\/fr\/wp-json\/wp\/v2\/media?parent=1123"}],"curies":[{"name":"wp","href":"https:\/\/api.w.org\/{rel}","templated":true}]}}