{"id":1032,"date":"2021-10-14T02:27:12","date_gmt":"2021-10-14T10:27:12","guid":{"rendered":"https:\/\/www.qianyipack.com\/?post_type=product&#038;p=1032"},"modified":"2021-11-23T00:54:00","modified_gmt":"2021-11-23T08:54:00","slug":"13mm-composite-cord-strapping-band-for-packaging","status":"publish","type":"product","link":"https:\/\/www.qianyipack.com\/fr\/produit\/13mm-composite-cord-strapping-band-for-packaging","title":{"rendered":"Bande de cerclage de cordon composite de 13 mm pour l'emballage"},"content":{"rendered":"<p class=\" translation-block\">Le cerclage de corde composite doit \u00eatre recycl\u00e9 car il s'agit d'un mat\u00e9riau de cerclage protecteur de l'environnement. Le cerclage composite est un cerclage en polyester co-extrud\u00e9 fabriqu\u00e9 \u00e0 partir de fibres textiles de polyester \u00e0 haute t\u00e9nacit\u00e9. Cette sangle est compos\u00e9e de fils simples de polyester couch\u00e9s parall\u00e8lement avec du polypropyl\u00e8ne enrob\u00e9.<br>\nC'est le dernier d\u00e9veloppement en mati\u00e8re de technologie d'exp\u00e9dition non m\u00e9tallique et le plus couramment utilis\u00e9. Fabriqu\u00e9 \u00e0 partir de fils de filaments de polyester \u00e0 haute t\u00e9nacit\u00e9 noy\u00e9s dans un rev\u00eatement polym\u00e8re. Nous avons 2 types d'options, le fil non torsad\u00e9 et le fil torsad\u00e9.<\/p>\n<figure id=\"attachment_1033\" aria-describedby=\"caption-attachment-1033\" style=\"width: 900px\" class=\"wp-caption alignnone\"><img fetchpriority=\"high\" decoding=\"async\" class=\"size-full wp-image-1033\" src=\"https:\/\/www.qianyipack.com\/wp-content\/uploads\/2021\/10\/CS13-cord-strapping-8.jpg\" alt=\"CS13-cord-strapping-8\" width=\"900\" height=\"600\" srcset=\"https:\/\/www.qianyipack.com\/wp-content\/uploads\/2021\/10\/CS13-cord-strapping-8.jpg 900w, https:\/\/www.qianyipack.com\/wp-content\/uploads\/2021\/10\/CS13-cord-strapping-8-800x533.jpg 800w, https:\/\/www.qianyipack.com\/wp-content\/uploads\/2021\/10\/CS13-cord-strapping-8-300x200.jpg 300w, https:\/\/www.qianyipack.com\/wp-content\/uploads\/2021\/10\/CS13-cord-strapping-8-768x512.jpg 768w\" sizes=\"(max-width: 900px) 100vw, 900px\" \/><figcaption id=\"caption-attachment-1033\" class=\"wp-caption-text\">Sangle de 13 mm 8<\/figcaption><\/figure>\n<h3>sp\u00e9cification<\/h3>\n<p class=\" translation-block\">Il r\u00e9sout le probl\u00e8me de la mauvaise tension de la courroie d'emballage P traditionnelle. Le probl\u00e8me des bandes d'acier lourdes et dures est r\u00e9solu.<br>\nLe probl\u00e8me du glissement de la courroie d'emballage pour animaux de compagnie est r\u00e9solu. Doux, pas de rayures, pas de fissures, r\u00e9sistant aux intemp\u00e9ries. Super traction et r\u00e9sistant \u00e0 l'usure. Il peut \u00e9galement \u00eatre utilis\u00e9 sans d\u00e9duction.<\/p>\n<figure id=\"attachment_1035\" aria-describedby=\"caption-attachment-1035\" style=\"width: 960px\" class=\"wp-caption alignnone\"><img decoding=\"async\" class=\"size-full wp-image-1035\" src=\"https:\/\/www.qianyipack.com\/wp-content\/uploads\/2021\/10\/13-19mm-cord-strapping-specification.jpg\" alt=\"13-19mm-cord-strapping-specification\" width=\"960\" height=\"529\" srcset=\"https:\/\/www.qianyipack.com\/wp-content\/uploads\/2021\/10\/13-19mm-cord-strapping-specification.jpg 960w, https:\/\/www.qianyipack.com\/wp-content\/uploads\/2021\/10\/13-19mm-cord-strapping-specification-800x441.jpg 800w, https:\/\/www.qianyipack.com\/wp-content\/uploads\/2021\/10\/13-19mm-cord-strapping-specification-300x165.jpg 300w, https:\/\/www.qianyipack.com\/wp-content\/uploads\/2021\/10\/13-19mm-cord-strapping-specification-768x423.jpg 768w\" sizes=\"(max-width: 960px) 100vw, 960px\" \/><figcaption id=\"caption-attachment-1035\" class=\"wp-caption-text\">Sp\u00e9cification de cerclage de cordon de 13-19 mm<\/figcaption><\/figure>\n<h3>Application<\/h3>\n<p class=\" translation-block\">Le cerclage en fibre a une bonne tension et une sangle \u00e9quivaut \u00e0 5 sangles en PP ordinaires. Il \u00e9conomise consid\u00e9rablement le temps d'emballage manuel.<br>\nIl est largement utilis\u00e9 dans l'emballage logistique, l'emballage d'\u00e9quipement m\u00e9canique et l'emballage d'accessoires d'ascenseur, avec une bonne \u00e9tanch\u00e9it\u00e9 et sans glissement. Le ruban d'emballage en fibre de 13 mm \u00e0 19 mm peut \u00eatre coll\u00e9 par thermofusible sans boucle, ce qui n'endommagera pas la surface des marchandises. Il est largement utilis\u00e9 dans les emballages \u00e9lectriques.<\/p>\n<figure id=\"attachment_1036\" aria-describedby=\"caption-attachment-1036\" style=\"width: 960px\" class=\"wp-caption alignnone\"><img decoding=\"async\" class=\"size-full wp-image-1036\" src=\"https:\/\/www.qianyipack.com\/wp-content\/uploads\/2021\/10\/Heavy-duty-strap-application.jpg\" alt=\"strapping application\" width=\"960\" height=\"540\" srcset=\"https:\/\/www.qianyipack.com\/wp-content\/uploads\/2021\/10\/Heavy-duty-strap-application.jpg 960w, https:\/\/www.qianyipack.com\/wp-content\/uploads\/2021\/10\/Heavy-duty-strap-application-800x450.jpg 800w, https:\/\/www.qianyipack.com\/wp-content\/uploads\/2021\/10\/Heavy-duty-strap-application-300x169.jpg 300w, https:\/\/www.qianyipack.com\/wp-content\/uploads\/2021\/10\/Heavy-duty-strap-application-768x432.jpg 768w\" sizes=\"(max-width: 960px) 100vw, 960px\" \/><figcaption id=\"caption-attachment-1036\" class=\"wp-caption-text\">application de cerclage<\/figcaption><\/figure>","protected":false},"excerpt":{"rendered":"<div id=\"outer-wrap\" class=\"site clr\">\n<div id=\"wrap\" class=\"clr\">\n<p>Le cerclage en corde composite doit \u00eatre recycl\u00e9 car il s'agit d'un mat\u00e9riau de cerclage protecteur de l'environnement. Les feuillards composites sont des feuillards en polyester co-extrud\u00e9s fabriqu\u00e9s \u00e0 partir de fibres textiles en polyester \u00e0 haute t\u00e9nacit\u00e9. Cette sangle est compos\u00e9e de fils simples de polyester couch\u00e9s parall\u00e8les avec du polypropyl\u00e8ne enrob\u00e9. C'est le dernier d\u00e9veloppement en mati\u00e8re de technologie d'exp\u00e9dition non m\u00e9tallique et le plus couramment utilis\u00e9.<\/p>\n<\/div>\n<\/div>","protected":false},"featured_media":1040,"template":"","meta":{"ocean_post_layout":"","ocean_both_sidebars_style":"","ocean_both_sidebars_content_width":0,"ocean_both_sidebars_sidebars_width":0,"ocean_sidebar":"0","ocean_second_sidebar":"0","ocean_disable_margins":"enable","ocean_add_body_class":"","ocean_shortcode_before_top_bar":"","ocean_shortcode_after_top_bar":"","ocean_shortcode_before_header":"","ocean_shortcode_after_header":"","ocean_has_shortcode":"","ocean_shortcode_after_title":"","ocean_shortcode_before_footer_widgets":"","ocean_shortcode_after_footer_widgets":"","ocean_shortcode_before_footer_bottom":"","ocean_shortcode_after_footer_bottom":"","ocean_display_top_bar":"default","ocean_display_header":"default","ocean_header_style":"","ocean_center_header_left_menu":"0","ocean_custom_header_template":"0","ocean_custom_logo":0,"ocean_custom_retina_logo":0,"ocean_custom_logo_max_width":0,"ocean_custom_logo_tablet_max_width":0,"ocean_custom_logo_mobile_max_width":0,"ocean_custom_logo_max_height":0,"ocean_custom_logo_tablet_max_height":0,"ocean_custom_logo_mobile_max_height":0,"ocean_header_custom_menu":"0","ocean_menu_typo_font_family":"0","ocean_menu_typo_font_subset":"","ocean_menu_typo_font_size":0,"ocean_menu_typo_font_size_tablet":0,"ocean_menu_typo_font_size_mobile":0,"ocean_menu_typo_font_size_unit":"px","ocean_menu_typo_font_weight":"","ocean_menu_typo_font_weight_tablet":"","ocean_menu_typo_font_weight_mobile":"","ocean_menu_typo_transform":"","ocean_menu_typo_transform_tablet":"","ocean_menu_typo_transform_mobile":"","ocean_menu_typo_line_height":0,"ocean_menu_typo_line_height_tablet":0,"ocean_menu_typo_line_height_mobile":0,"ocean_menu_typo_line_height_unit":"","ocean_menu_typo_spacing":0,"ocean_menu_typo_spacing_tablet":0,"ocean_menu_typo_spacing_mobile":0,"ocean_menu_typo_spacing_unit":"","ocean_menu_link_color":"","ocean_menu_link_color_hover":"","ocean_menu_link_color_active":"","ocean_menu_link_background":"","ocean_menu_link_hover_background":"","ocean_menu_link_active_background":"","ocean_menu_social_links_bg":"","ocean_menu_social_hover_links_bg":"","ocean_menu_social_links_color":"","ocean_menu_social_hover_links_color":"","ocean_disable_title":"default","ocean_disable_heading":"default","ocean_post_title":"","ocean_post_subheading":"","ocean_post_title_style":"","ocean_post_title_background_color":"","ocean_post_title_background":0,"ocean_post_title_bg_image_position":"","ocean_post_title_bg_image_attachment":"","ocean_post_title_bg_image_repeat":"","ocean_post_title_bg_image_size":"","ocean_post_title_height":0,"ocean_post_title_bg_overlay":0.5,"ocean_post_title_bg_overlay_color":"","ocean_disable_breadcrumbs":"default","ocean_breadcrumbs_color":"","ocean_breadcrumbs_separator_color":"","ocean_breadcrumbs_links_color":"","ocean_breadcrumbs_links_hover_color":"","ocean_display_footer_widgets":"default","ocean_display_footer_bottom":"default","ocean_custom_footer_template":"0","osh_disable_topbar_sticky":"default","osh_disable_header_sticky":"default","osh_sticky_header_style":"default","osh_sticky_header_effect":"","osh_custom_sticky_logo":0,"osh_custom_retina_sticky_logo":0,"osh_custom_sticky_logo_height":0,"osh_background_color":"","osh_links_color":"","osh_links_hover_color":"","osh_links_active_color":"","osh_links_bg_color":"","osh_links_hover_bg_color":"","osh_links_active_bg_color":"","osh_menu_social_links_color":"","osh_menu_social_hover_links_color":""},"product_brand":[],"product_cat":[36],"product_tag":[48,49,50],"class_list":{"0":"post-1032","1":"product","2":"type-product","3":"status-publish","4":"has-post-thumbnail","6":"product_cat-composite-cord-strap","7":"product_tag-cord-strap","8":"product_tag-packaging-strap","9":"product_tag-strapping-band","11":"entry","12":"has-media","14":"first","15":"instock","16":"featured","17":"shipping-taxable","18":"product-type-external","19":"col","20":"span_1_of_3","21":"owp-content-center","22":"owp-thumbs-layout-horizontal","23":"owp-btn-very-big","24":"owp-tabs-layout-horizontal"},"_links":{"self":[{"href":"https:\/\/www.qianyipack.com\/fr\/wp-json\/wp\/v2\/product\/1032","targetHints":{"allow":["GET"]}}],"collection":[{"href":"https:\/\/www.qianyipack.com\/fr\/wp-json\/wp\/v2\/product"}],"about":[{"href":"https:\/\/www.qianyipack.com\/fr\/wp-json\/wp\/v2\/types\/product"}],"wp:featuredmedia":[{"embeddable":true,"href":"https:\/\/www.qianyipack.com\/fr\/wp-json\/wp\/v2\/media\/1040"}],"wp:attachment":[{"href":"https:\/\/www.qianyipack.com\/fr\/wp-json\/wp\/v2\/media?parent=1032"}],"wp:term":[{"taxonomy":"product_brand","embeddable":true,"href":"https:\/\/www.qianyipack.com\/fr\/wp-json\/wp\/v2\/product_brand?post=1032"},{"taxonomy":"product_cat","embeddable":true,"href":"https:\/\/www.qianyipack.com\/fr\/wp-json\/wp\/v2\/product_cat?post=1032"},{"taxonomy":"product_tag","embeddable":true,"href":"https:\/\/www.qianyipack.com\/fr\/wp-json\/wp\/v2\/product_tag?post=1032"}],"curies":[{"name":"wp","href":"https:\/\/api.w.org\/{rel}","templated":true}]}}