{"id":1045,"date":"2021-10-14T03:27:57","date_gmt":"2021-10-14T11:27:57","guid":{"rendered":"https:\/\/www.qianyipack.com\/?post_type=product&#038;p=1045"},"modified":"2021-11-23T17:47:09","modified_gmt":"2021-11-24T01:47:09","slug":"25mm-high-tenacity-polyester-woven-strapping","status":"publish","type":"product","link":"https:\/\/www.qianyipack.com\/fr\/produit\/25mm-high-tenacity-polyester-woven-strapping","title":{"rendered":"Cerclage tiss\u00e9 en polyester haute t\u00e9nacit\u00e9 de 25 mm"},"content":{"rendered":"<p class=\" translation-block\">Peut \u00eatre imprim\u00e9 avec le nom ou le logo de votre entreprise.<br>\nLa bobine p\u00e8se 1\/4 du poids des bobines de feuillard en acier.<br>\nTaux de d\u00e9faillance r\u00e9duit par rapport au bracelet en acier.<br>\nFacilit\u00e9 d'\u00e9limination.<br>\nNe rouillera pas, ne tachera pas et n'endommagera pas le produit.<br>\nPas de bords de soc pour couper les employ\u00e9s ou les pneus.<br>\nPeut \u00eatre coup\u00e9 sous tension sans risque de blessure par recul.<br>\nA une absorption naturelle des chocs offrant la possibilit\u00e9 de se d\u00e9placer sans se casser.<br>\nLa sangle reste tendue et ne se desserre pas.<br>\nPossibilit\u00e9 de retendre la sangle et de r\u00e9utiliser la sangle.<br>\nLa sangle en polyester se r\u00e9tr\u00e9cit ou se dilate avec les charges.<\/p>\n<figure id=\"attachment_1046\" aria-describedby=\"caption-attachment-1046\" style=\"width: 960px\" class=\"wp-caption alignnone\"><img fetchpriority=\"high\" decoding=\"async\" class=\"size-full wp-image-1046\" src=\"https:\/\/www.qianyipack.com\/wp-content\/uploads\/2021\/10\/25mm-packing-woven-strap-1.jpg\" alt=\"25mm-packing-woven-strap-1\" width=\"960\" height=\"641\" srcset=\"https:\/\/www.qianyipack.com\/wp-content\/uploads\/2021\/10\/25mm-packing-woven-strap-1.jpg 960w, https:\/\/www.qianyipack.com\/wp-content\/uploads\/2021\/10\/25mm-packing-woven-strap-1-800x534.jpg 800w, https:\/\/www.qianyipack.com\/wp-content\/uploads\/2021\/10\/25mm-packing-woven-strap-1-300x200.jpg 300w, https:\/\/www.qianyipack.com\/wp-content\/uploads\/2021\/10\/25mm-packing-woven-strap-1-768x513.jpg 768w\" sizes=\"(max-width: 960px) 100vw, 960px\" \/><figcaption id=\"caption-attachment-1046\" class=\"wp-caption-text\">Sangle tiss\u00e9e d'emballage de 25 mm 1<\/figcaption><\/figure>\n<h3>Avantages<\/h3>\n<p class=\" translation-block\">1. aucun dommage aux surfaces peintes.<br>\n2. pas de corrosion.<br>\n3. manipulation facile.<br>\n4. un petit syst\u00e8me g\u00e9rable.<br>\n5. faibles co\u00fbts d'investissement.<br>\n6. aucun risque de blessure pour les exp\u00e9diteurs et le destinataire lors de l'utilisation ou de l'ouverture du cerclage.<br>\n7. r\u00e9sistance limit\u00e9e contre les lessives et les acides.<br>\n8. tampon de choc \u00e9lev\u00e9.<\/p>\n<figure id=\"attachment_1047\" aria-describedby=\"caption-attachment-1047\" style=\"width: 960px\" class=\"wp-caption alignnone\"><img decoding=\"async\" class=\"size-full wp-image-1047\" src=\"https:\/\/www.qianyipack.com\/wp-content\/uploads\/2021\/10\/woven-strapping-specification.jpg\" alt=\"woven-strapping-specification\" width=\"960\" height=\"955\" srcset=\"https:\/\/www.qianyipack.com\/wp-content\/uploads\/2021\/10\/woven-strapping-specification.jpg 960w, https:\/\/www.qianyipack.com\/wp-content\/uploads\/2021\/10\/woven-strapping-specification-100x100.jpg 100w, https:\/\/www.qianyipack.com\/wp-content\/uploads\/2021\/10\/woven-strapping-specification-800x796.jpg 800w, https:\/\/www.qianyipack.com\/wp-content\/uploads\/2021\/10\/woven-strapping-specification-300x298.jpg 300w, https:\/\/www.qianyipack.com\/wp-content\/uploads\/2021\/10\/woven-strapping-specification-150x150.jpg 150w, https:\/\/www.qianyipack.com\/wp-content\/uploads\/2021\/10\/woven-strapping-specification-768x764.jpg 768w\" sizes=\"(max-width: 960px) 100vw, 960px\" \/><figcaption id=\"caption-attachment-1047\" class=\"wp-caption-text\">sp\u00e9cification de cerclage tiss\u00e9<\/figcaption><\/figure>\n<h3>Application<\/h3>\n<p>Il a \u00e9t\u00e9 largement utilis\u00e9 dans l'acier, les tuyaux m\u00e9talliques, le bois, le papier, les fibres chimiques, le textile, le verre, les lingots d'aluminium, les appareils m\u00e9nagers et d'autres industries.<\/p>\n<figure id=\"attachment_1048\" aria-describedby=\"caption-attachment-1048\" style=\"width: 960px\" class=\"wp-caption alignnone\"><img decoding=\"async\" class=\"size-full wp-image-1048\" src=\"https:\/\/www.qianyipack.com\/wp-content\/uploads\/2021\/10\/woven-strapping-application.jpg\" alt=\"woven-strapping-application\" width=\"960\" height=\"640\" srcset=\"https:\/\/www.qianyipack.com\/wp-content\/uploads\/2021\/10\/woven-strapping-application.jpg 960w, https:\/\/www.qianyipack.com\/wp-content\/uploads\/2021\/10\/woven-strapping-application-800x533.jpg 800w, https:\/\/www.qianyipack.com\/wp-content\/uploads\/2021\/10\/woven-strapping-application-300x200.jpg 300w, https:\/\/www.qianyipack.com\/wp-content\/uploads\/2021\/10\/woven-strapping-application-768x512.jpg 768w\" sizes=\"(max-width: 960px) 100vw, 960px\" \/><figcaption id=\"caption-attachment-1048\" class=\"wp-caption-text\">application de cerclage tiss\u00e9<\/figcaption><\/figure>","protected":false},"excerpt":{"rendered":"<div id=\"outer-wrap\" class=\"site clr\">\n<div id=\"wrap\" class=\"clr\">\n<p>La sangle en cordon tiss\u00e9 en polyester a l'avantage suppl\u00e9mentaire d'un tissage crois\u00e9 qui emp\u00eache la fente, fabriqu\u00e9 \u00e0 partir du m\u00eame fil de polyester haute t\u00e9nacit\u00e9. Ce mat\u00e9riau d'arrimage tr\u00e8s souple est parfois pr\u00e9f\u00e9r\u00e9 en raison de sa texture.<\/p>\n<\/div>\n<\/div>","protected":false},"featured_media":1049,"template":"","meta":{"ocean_post_layout":"","ocean_both_sidebars_style":"","ocean_both_sidebars_content_width":0,"ocean_both_sidebars_sidebars_width":0,"ocean_sidebar":"0","ocean_second_sidebar":"0","ocean_disable_margins":"enable","ocean_add_body_class":"","ocean_shortcode_before_top_bar":"","ocean_shortcode_after_top_bar":"","ocean_shortcode_before_header":"","ocean_shortcode_after_header":"","ocean_has_shortcode":"","ocean_shortcode_after_title":"","ocean_shortcode_before_footer_widgets":"","ocean_shortcode_after_footer_widgets":"","ocean_shortcode_before_footer_bottom":"","ocean_shortcode_after_footer_bottom":"","ocean_display_top_bar":"default","ocean_display_header":"default","ocean_header_style":"","ocean_center_header_left_menu":"0","ocean_custom_header_template":"0","ocean_custom_logo":0,"ocean_custom_retina_logo":0,"ocean_custom_logo_max_width":0,"ocean_custom_logo_tablet_max_width":0,"ocean_custom_logo_mobile_max_width":0,"ocean_custom_logo_max_height":0,"ocean_custom_logo_tablet_max_height":0,"ocean_custom_logo_mobile_max_height":0,"ocean_header_custom_menu":"0","ocean_menu_typo_font_family":"0","ocean_menu_typo_font_subset":"","ocean_menu_typo_font_size":0,"ocean_menu_typo_font_size_tablet":0,"ocean_menu_typo_font_size_mobile":0,"ocean_menu_typo_font_size_unit":"px","ocean_menu_typo_font_weight":"","ocean_menu_typo_font_weight_tablet":"","ocean_menu_typo_font_weight_mobile":"","ocean_menu_typo_transform":"","ocean_menu_typo_transform_tablet":"","ocean_menu_typo_transform_mobile":"","ocean_menu_typo_line_height":0,"ocean_menu_typo_line_height_tablet":0,"ocean_menu_typo_line_height_mobile":0,"ocean_menu_typo_line_height_unit":"","ocean_menu_typo_spacing":0,"ocean_menu_typo_spacing_tablet":0,"ocean_menu_typo_spacing_mobile":0,"ocean_menu_typo_spacing_unit":"","ocean_menu_link_color":"","ocean_menu_link_color_hover":"","ocean_menu_link_color_active":"","ocean_menu_link_background":"","ocean_menu_link_hover_background":"","ocean_menu_link_active_background":"","ocean_menu_social_links_bg":"","ocean_menu_social_hover_links_bg":"","ocean_menu_social_links_color":"","ocean_menu_social_hover_links_color":"","ocean_disable_title":"default","ocean_disable_heading":"default","ocean_post_title":"","ocean_post_subheading":"","ocean_post_title_style":"","ocean_post_title_background_color":"","ocean_post_title_background":0,"ocean_post_title_bg_image_position":"","ocean_post_title_bg_image_attachment":"","ocean_post_title_bg_image_repeat":"","ocean_post_title_bg_image_size":"","ocean_post_title_height":0,"ocean_post_title_bg_overlay":0.5,"ocean_post_title_bg_overlay_color":"","ocean_disable_breadcrumbs":"default","ocean_breadcrumbs_color":"","ocean_breadcrumbs_separator_color":"","ocean_breadcrumbs_links_color":"","ocean_breadcrumbs_links_hover_color":"","ocean_display_footer_widgets":"default","ocean_display_footer_bottom":"default","ocean_custom_footer_template":"0","osh_disable_topbar_sticky":"default","osh_disable_header_sticky":"default","osh_sticky_header_style":"default","osh_sticky_header_effect":"","osh_custom_sticky_logo":0,"osh_custom_retina_sticky_logo":0,"osh_custom_sticky_logo_height":0,"osh_background_color":"","osh_links_color":"","osh_links_hover_color":"","osh_links_active_color":"","osh_links_bg_color":"","osh_links_hover_bg_color":"","osh_links_active_bg_color":"","osh_menu_social_links_color":"","osh_menu_social_hover_links_color":""},"product_brand":[],"product_cat":[38],"product_tag":[49,51,52],"class_list":{"0":"post-1045","1":"product","2":"type-product","3":"status-publish","4":"has-post-thumbnail","6":"product_cat-woven-polyester-strap","7":"product_tag-packaging-strap","8":"product_tag-polyester-woven-strap","9":"product_tag-woven-cord-strap","11":"entry","12":"has-media","14":"first","15":"instock","16":"featured","17":"shipping-taxable","18":"product-type-external","19":"col","20":"span_1_of_3","21":"owp-content-center","22":"owp-thumbs-layout-horizontal","23":"owp-btn-very-big","24":"owp-tabs-layout-horizontal"},"_links":{"self":[{"href":"https:\/\/www.qianyipack.com\/fr\/wp-json\/wp\/v2\/product\/1045","targetHints":{"allow":["GET"]}}],"collection":[{"href":"https:\/\/www.qianyipack.com\/fr\/wp-json\/wp\/v2\/product"}],"about":[{"href":"https:\/\/www.qianyipack.com\/fr\/wp-json\/wp\/v2\/types\/product"}],"wp:featuredmedia":[{"embeddable":true,"href":"https:\/\/www.qianyipack.com\/fr\/wp-json\/wp\/v2\/media\/1049"}],"wp:attachment":[{"href":"https:\/\/www.qianyipack.com\/fr\/wp-json\/wp\/v2\/media?parent=1045"}],"wp:term":[{"taxonomy":"product_brand","embeddable":true,"href":"https:\/\/www.qianyipack.com\/fr\/wp-json\/wp\/v2\/product_brand?post=1045"},{"taxonomy":"product_cat","embeddable":true,"href":"https:\/\/www.qianyipack.com\/fr\/wp-json\/wp\/v2\/product_cat?post=1045"},{"taxonomy":"product_tag","embeddable":true,"href":"https:\/\/www.qianyipack.com\/fr\/wp-json\/wp\/v2\/product_tag?post=1045"}],"curies":[{"name":"wp","href":"https:\/\/api.w.org\/{rel}","templated":true}]}}