{"id":1054,"date":"2021-10-14T03:35:07","date_gmt":"2021-10-14T11:35:07","guid":{"rendered":"https:\/\/www.qianyipack.com\/?post_type=product&#038;p=1054"},"modified":"2021-11-23T17:28:30","modified_gmt":"2021-11-24T01:28:30","slug":"25mm-metal-galvanized-wire-buckle-for-binding","status":"publish","type":"product","link":"https:\/\/www.qianyipack.com\/fr\/produit\/25mm-metal-galvanized-wire-buckle-for-binding","title":{"rendered":"Boucle de fil galvanis\u00e9 en m\u00e9tal de 25 mm pour la reliure"},"content":{"rendered":"<p class=\" translation-block\">Nouveau mat\u00e9riel. Il est forg\u00e9 avec du fil d'acier galvanis\u00e9 de haute qualit\u00e9, r\u00e9sistant \u00e0 l'usure, longue dur\u00e9e de vie et r\u00e9utilisable, ce qui am\u00e9liore consid\u00e9rablement l'efficacit\u00e9 du travail des clients et r\u00e9duit leurs co\u00fbts.<br>\nLa surface est galvanis\u00e9e. La surface de la boucle d'emballage est galvanis\u00e9e, ce qui r\u00e9siste \u00e0 la corrosion, ne pollue pas l'environnement et peut emp\u00eacher la rouille dans un certain environnement.<br>\nR\u00e9sister \u00e0 une forte tension. La ceinture d'emballage en fibre est fermement connect\u00e9e, ce qui est pratique pour l'emballage et difficile \u00e0 tomber, assurant un transport en douceur de l'emballage.<br>\nLa boucle d'emballage adopte un design en forme de M. Moulage monobloc, l'apparence est lisse et n'endommage pas l'op\u00e9rateur, et l'apparence est g\u00e9n\u00e9reuse.<\/p>\n<figure id=\"attachment_1057\" aria-describedby=\"caption-attachment-1057\" style=\"width: 960px\" class=\"wp-caption alignnone\"><img fetchpriority=\"high\" decoding=\"async\" class=\"size-full wp-image-1057\" src=\"https:\/\/www.qianyipack.com\/wp-content\/uploads\/2021\/10\/wire-strapping-buckle.jpg\" alt=\"wire-strapping-buckle\" width=\"960\" height=\"540\" srcset=\"https:\/\/www.qianyipack.com\/wp-content\/uploads\/2021\/10\/wire-strapping-buckle.jpg 960w, https:\/\/www.qianyipack.com\/wp-content\/uploads\/2021\/10\/wire-strapping-buckle-800x450.jpg 800w, https:\/\/www.qianyipack.com\/wp-content\/uploads\/2021\/10\/wire-strapping-buckle-300x169.jpg 300w, https:\/\/www.qianyipack.com\/wp-content\/uploads\/2021\/10\/wire-strapping-buckle-768x432.jpg 768w\" sizes=\"(max-width: 960px) 100vw, 960px\" \/><figcaption id=\"caption-attachment-1057\" class=\"wp-caption-text\">boucle de cerclage<\/figcaption><\/figure>\n<h3>sp\u00e9cification<\/h3>\n<p>Il est utilis\u00e9 en standard en combinaison avec une sangle en corde composite, pi\u00e8ge en polyester tiss\u00e9, disponible en largeur de 13 \u00e0 32 mm. La boucle essentiellement galvanis\u00e9e est pour la sangle composite, et la boucle phosphat\u00e9e est pour la sangle tiss\u00e9e.<\/p>\n<figure id=\"attachment_1058\" aria-describedby=\"caption-attachment-1058\" style=\"width: 960px\" class=\"wp-caption alignnone\"><img decoding=\"async\" class=\"size-full wp-image-1058\" src=\"https:\/\/www.qianyipack.com\/wp-content\/uploads\/2021\/10\/wire-strapping-buckle-specifi.jpg\" alt=\"wire-strapping-buckle-specifi\" width=\"960\" height=\"642\" srcset=\"https:\/\/www.qianyipack.com\/wp-content\/uploads\/2021\/10\/wire-strapping-buckle-specifi.jpg 960w, https:\/\/www.qianyipack.com\/wp-content\/uploads\/2021\/10\/wire-strapping-buckle-specifi-800x535.jpg 800w, https:\/\/www.qianyipack.com\/wp-content\/uploads\/2021\/10\/wire-strapping-buckle-specifi-300x201.jpg 300w, https:\/\/www.qianyipack.com\/wp-content\/uploads\/2021\/10\/wire-strapping-buckle-specifi-768x514.jpg 768w\" sizes=\"(max-width: 960px) 100vw, 960px\" \/><figcaption id=\"caption-attachment-1058\" class=\"wp-caption-text\">sp\u00e9cification de boucle de cerclage de fil<\/figcaption><\/figure>\n<h3>\u00c9tapes d'utilisation<\/h3>\n<figure id=\"attachment_1056\" aria-describedby=\"caption-attachment-1056\" style=\"width: 960px\" class=\"wp-caption alignnone\"><img decoding=\"async\" class=\"size-full wp-image-1056\" src=\"https:\/\/www.qianyipack.com\/wp-content\/uploads\/2021\/10\/STEPS-FOR-USAGE.jpg\" alt=\"steps-for-usage\" width=\"960\" height=\"640\" srcset=\"https:\/\/www.qianyipack.com\/wp-content\/uploads\/2021\/10\/STEPS-FOR-USAGE.jpg 960w, https:\/\/www.qianyipack.com\/wp-content\/uploads\/2021\/10\/STEPS-FOR-USAGE-800x533.jpg 800w, https:\/\/www.qianyipack.com\/wp-content\/uploads\/2021\/10\/STEPS-FOR-USAGE-300x200.jpg 300w, https:\/\/www.qianyipack.com\/wp-content\/uploads\/2021\/10\/STEPS-FOR-USAGE-768x512.jpg 768w\" sizes=\"(max-width: 960px) 100vw, 960px\" \/><figcaption id=\"caption-attachment-1056\" class=\"wp-caption-text\">\u00c9tapes d'utilisation<\/figcaption><\/figure>\n<h3>Application<\/h3>\n<p>Largement utilis\u00e9 dans les produits chimiques, les machines, le verre de bois, les lingots d'aluminium, l'acier, le papier, les instruments de pr\u00e9cision et d'autres industries. Il est reli\u00e9 par une boucle en acier en forme de M. Lorsque la conception est raisonnable, la connexion est non seulement ferme, mais ne tombe pas non plus et ne glisse pas sous l'\u00e9tat serr\u00e9 et ferme, ce qui am\u00e9liore consid\u00e9rablement l'efficacit\u00e9 du travail dans le processus de reliure.<\/p>\n<figure id=\"attachment_1055\" aria-describedby=\"caption-attachment-1055\" style=\"width: 960px\" class=\"wp-caption alignnone\"><img loading=\"lazy\" decoding=\"async\" class=\"size-full wp-image-1055\" src=\"https:\/\/www.qianyipack.com\/wp-content\/uploads\/2021\/10\/strapping-bucke-application.jpg\" alt=\"strapping-bucke-application\" width=\"960\" height=\"539\" srcset=\"https:\/\/www.qianyipack.com\/wp-content\/uploads\/2021\/10\/strapping-bucke-application.jpg 960w, https:\/\/www.qianyipack.com\/wp-content\/uploads\/2021\/10\/strapping-bucke-application-800x449.jpg 800w, https:\/\/www.qianyipack.com\/wp-content\/uploads\/2021\/10\/strapping-bucke-application-300x168.jpg 300w, https:\/\/www.qianyipack.com\/wp-content\/uploads\/2021\/10\/strapping-bucke-application-768x431.jpg 768w\" sizes=\"(max-width: 960px) 100vw, 960px\" \/><figcaption id=\"caption-attachment-1055\" class=\"wp-caption-text\">application de cerclage<\/figcaption><\/figure>","protected":false},"excerpt":{"rendered":"<div id=\"outer-wrap\" class=\"site clr\">\n<div id=\"wrap\" class=\"clr\">\n<div id=\"outer-wrap\" class=\"site clr\">\n<div id=\"wrap\" class=\"clr\">\n<p>Il est utilis\u00e9 en s\u00e9rie avec une ceinture en corde composite et un pi\u00e8ge tiss\u00e9 en polyester, et sa largeur varie de 13 mm \u00e0 32 mm. Fondamentalement, la boucle de ceinture galvanis\u00e9e est utilis\u00e9e pour la ceinture composite et la boucle de ceinture phosphat\u00e9e est utilis\u00e9e pour la ceinture tress\u00e9e.<\/p>\n<\/div>\n<\/div>\n<\/div>\n<\/div>","protected":false},"featured_media":1059,"template":"","meta":{"ocean_post_layout":"","ocean_both_sidebars_style":"","ocean_both_sidebars_content_width":0,"ocean_both_sidebars_sidebars_width":0,"ocean_sidebar":"0","ocean_second_sidebar":"0","ocean_disable_margins":"enable","ocean_add_body_class":"","ocean_shortcode_before_top_bar":"","ocean_shortcode_after_top_bar":"","ocean_shortcode_before_header":"","ocean_shortcode_after_header":"","ocean_has_shortcode":"","ocean_shortcode_after_title":"","ocean_shortcode_before_footer_widgets":"","ocean_shortcode_after_footer_widgets":"","ocean_shortcode_before_footer_bottom":"","ocean_shortcode_after_footer_bottom":"","ocean_display_top_bar":"default","ocean_display_header":"default","ocean_header_style":"","ocean_center_header_left_menu":"0","ocean_custom_header_template":"0","ocean_custom_logo":0,"ocean_custom_retina_logo":0,"ocean_custom_logo_max_width":0,"ocean_custom_logo_tablet_max_width":0,"ocean_custom_logo_mobile_max_width":0,"ocean_custom_logo_max_height":0,"ocean_custom_logo_tablet_max_height":0,"ocean_custom_logo_mobile_max_height":0,"ocean_header_custom_menu":"0","ocean_menu_typo_font_family":"0","ocean_menu_typo_font_subset":"","ocean_menu_typo_font_size":0,"ocean_menu_typo_font_size_tablet":0,"ocean_menu_typo_font_size_mobile":0,"ocean_menu_typo_font_size_unit":"px","ocean_menu_typo_font_weight":"","ocean_menu_typo_font_weight_tablet":"","ocean_menu_typo_font_weight_mobile":"","ocean_menu_typo_transform":"","ocean_menu_typo_transform_tablet":"","ocean_menu_typo_transform_mobile":"","ocean_menu_typo_line_height":0,"ocean_menu_typo_line_height_tablet":0,"ocean_menu_typo_line_height_mobile":0,"ocean_menu_typo_line_height_unit":"","ocean_menu_typo_spacing":0,"ocean_menu_typo_spacing_tablet":0,"ocean_menu_typo_spacing_mobile":0,"ocean_menu_typo_spacing_unit":"","ocean_menu_link_color":"","ocean_menu_link_color_hover":"","ocean_menu_link_color_active":"","ocean_menu_link_background":"","ocean_menu_link_hover_background":"","ocean_menu_link_active_background":"","ocean_menu_social_links_bg":"","ocean_menu_social_hover_links_bg":"","ocean_menu_social_links_color":"","ocean_menu_social_hover_links_color":"","ocean_disable_title":"default","ocean_disable_heading":"default","ocean_post_title":"","ocean_post_subheading":"","ocean_post_title_style":"","ocean_post_title_background_color":"","ocean_post_title_background":0,"ocean_post_title_bg_image_position":"","ocean_post_title_bg_image_attachment":"","ocean_post_title_bg_image_repeat":"","ocean_post_title_bg_image_size":"","ocean_post_title_height":0,"ocean_post_title_bg_overlay":0.5,"ocean_post_title_bg_overlay_color":"","ocean_disable_breadcrumbs":"default","ocean_breadcrumbs_color":"","ocean_breadcrumbs_separator_color":"","ocean_breadcrumbs_links_color":"","ocean_breadcrumbs_links_hover_color":"","ocean_display_footer_widgets":"default","ocean_display_footer_bottom":"default","ocean_custom_footer_template":"0","osh_disable_topbar_sticky":"default","osh_disable_header_sticky":"default","osh_sticky_header_style":"default","osh_sticky_header_effect":"","osh_custom_sticky_logo":0,"osh_custom_retina_sticky_logo":0,"osh_custom_sticky_logo_height":0,"osh_background_color":"","osh_links_color":"","osh_links_hover_color":"","osh_links_active_color":"","osh_links_bg_color":"","osh_links_hover_bg_color":"","osh_links_active_bg_color":"","osh_menu_social_links_color":"","osh_menu_social_hover_links_color":""},"product_brand":[],"product_cat":[43],"product_tag":[53,54,55],"class_list":{"0":"post-1054","1":"product","2":"type-product","3":"status-publish","4":"has-post-thumbnail","6":"product_cat-wire-strapping-buckle","7":"product_tag-metal-packaging-buckle","8":"product_tag-strapping-buckle","9":"product_tag-wire-buckle","11":"entry","12":"has-media","14":"first","15":"instock","16":"featured","17":"shipping-taxable","18":"product-type-external","19":"col","20":"span_1_of_3","21":"owp-content-center","22":"owp-thumbs-layout-horizontal","23":"owp-btn-very-big","24":"owp-tabs-layout-horizontal"},"_links":{"self":[{"href":"https:\/\/www.qianyipack.com\/fr\/wp-json\/wp\/v2\/product\/1054","targetHints":{"allow":["GET"]}}],"collection":[{"href":"https:\/\/www.qianyipack.com\/fr\/wp-json\/wp\/v2\/product"}],"about":[{"href":"https:\/\/www.qianyipack.com\/fr\/wp-json\/wp\/v2\/types\/product"}],"wp:featuredmedia":[{"embeddable":true,"href":"https:\/\/www.qianyipack.com\/fr\/wp-json\/wp\/v2\/media\/1059"}],"wp:attachment":[{"href":"https:\/\/www.qianyipack.com\/fr\/wp-json\/wp\/v2\/media?parent=1054"}],"wp:term":[{"taxonomy":"product_brand","embeddable":true,"href":"https:\/\/www.qianyipack.com\/fr\/wp-json\/wp\/v2\/product_brand?post=1054"},{"taxonomy":"product_cat","embeddable":true,"href":"https:\/\/www.qianyipack.com\/fr\/wp-json\/wp\/v2\/product_cat?post=1054"},{"taxonomy":"product_tag","embeddable":true,"href":"https:\/\/www.qianyipack.com\/fr\/wp-json\/wp\/v2\/product_tag?post=1054"}],"curies":[{"name":"wp","href":"https:\/\/api.w.org\/{rel}","templated":true}]}}