{"id":1063,"date":"2021-10-14T03:45:14","date_gmt":"2021-10-14T11:45:14","guid":{"rendered":"https:\/\/www.qianyipack.com\/?post_type=product&#038;p=1063"},"modified":"2021-11-23T17:45:54","modified_gmt":"2021-11-24T01:45:54","slug":"32mm-wholesale-heavy-duty-strap-for-cargo-binding","status":"publish","type":"product","link":"https:\/\/www.qianyipack.com\/fr\/produit\/32mm-wholesale-heavy-duty-strap-for-cargo-binding","title":{"rendered":"Sangle d'emballage flexible en fibre thermofusible de 38 mm"},"content":{"rendered":"<p class=\" translation-block\">1. Les mati\u00e8res premi\u00e8res utilis\u00e9es dans le cerclage de fibres sont toutes des mati\u00e8res premi\u00e8res de haute qualit\u00e9 soigneusement s\u00e9lectionn\u00e9es par l'acheteur. La duret\u00e9 et la couleur des particules de plastique r\u00e9pondent aux normes avant leur utilisation.<br>\n2. Avec des mati\u00e8res premi\u00e8res de qualit\u00e9 sup\u00e9rieure et une technologie de production avanc\u00e9e, les sangles de cerclage de notre usine ont une force de traction \u00e9lev\u00e9e, une adh\u00e9rence \u00e9lev\u00e9e, et la largeur et l'\u00e9paisseur des sangles sont conformes aux normes internationales.<br>\n3. Les couleurs donnent aux gens des sentiments diff\u00e9rents, les clients peuvent commander diff\u00e9rentes couleurs selon diff\u00e9rents besoins.<br>\n4. Le ruban d'emballage de notre usine est de qualit\u00e9 sup\u00e9rieure et bon march\u00e9, ce qui permet d'\u00e9conomiser les co\u00fbts d'emballage pour les clients.<\/p>\n<figure id=\"attachment_2003\" aria-describedby=\"caption-attachment-2003\" style=\"width: 960px\" class=\"wp-caption alignnone\"><img fetchpriority=\"high\" decoding=\"async\" class=\"size-full wp-image-2003\" src=\"https:\/\/www.qianyipack.com\/wp-content\/uploads\/40mm-heavy-duty-strap-5.jpg\" alt=\"40mm heavy-duty strap (5)\" width=\"960\" height=\"540\" srcset=\"https:\/\/www.qianyipack.com\/wp-content\/uploads\/40mm-heavy-duty-strap-5.jpg 960w, https:\/\/www.qianyipack.com\/wp-content\/uploads\/40mm-heavy-duty-strap-5-800x450.jpg 800w, https:\/\/www.qianyipack.com\/wp-content\/uploads\/40mm-heavy-duty-strap-5-300x169.jpg 300w, https:\/\/www.qianyipack.com\/wp-content\/uploads\/40mm-heavy-duty-strap-5-768x432.jpg 768w, https:\/\/www.qianyipack.com\/wp-content\/uploads\/40mm-heavy-duty-strap-5-18x10.jpg 18w\" sizes=\"(max-width: 960px) 100vw, 960px\" \/><figcaption id=\"caption-attachment-2003\" class=\"wp-caption-text\">Sangle robuste de 40 mm (5)<\/figcaption><\/figure>\n<h3>sp\u00e9cification<\/h3>\n<figure id=\"attachment_2005\" aria-describedby=\"caption-attachment-2005\" style=\"width: 960px\" class=\"wp-caption alignnone\"><img decoding=\"async\" class=\"size-full wp-image-2005\" src=\"https:\/\/www.qianyipack.com\/wp-content\/uploads\/40mm-woven-strapping-specification.jpg\" alt=\"40mm woven strapping specification\" width=\"960\" height=\"645\" srcset=\"https:\/\/www.qianyipack.com\/wp-content\/uploads\/40mm-woven-strapping-specification.jpg 960w, https:\/\/www.qianyipack.com\/wp-content\/uploads\/40mm-woven-strapping-specification-800x538.jpg 800w, https:\/\/www.qianyipack.com\/wp-content\/uploads\/40mm-woven-strapping-specification-300x202.jpg 300w, https:\/\/www.qianyipack.com\/wp-content\/uploads\/40mm-woven-strapping-specification-768x516.jpg 768w, https:\/\/www.qianyipack.com\/wp-content\/uploads\/40mm-woven-strapping-specification-18x12.jpg 18w\" sizes=\"(max-width: 960px) 100vw, 960px\" \/><figcaption id=\"caption-attachment-2005\" class=\"wp-caption-text\">Sp\u00e9cification de cerclage tiss\u00e9 de 40 mm<\/figcaption><\/figure>\n<h3>Application<\/h3>\n<p>La ceinture d'emballage en fibre est en polyester comme mati\u00e8re premi\u00e8re principale et raffin\u00e9e. C'est le nouveau mat\u00e9riau d'emballage international utilis\u00e9 pour remplacer les courroies en fer dans le monde. Il a une forte r\u00e9sistance \u00e0 la traction, un faible allongement, une bonne flexibilit\u00e9 et une couleur vive. , R\u00e9sistance \u00e0 haute temp\u00e9rature et autres avantages. L'emballage en ligne automatique pr\u00e9sente de nombreux avantages tels qu'une bonne convivialit\u00e9, la s\u00e9curit\u00e9 et la fiabilit\u00e9, une belle apparence, l'absence de rouille et un faible co\u00fbt d'utilisation. Elle est devenue une marque de renomm\u00e9e internationale et est privil\u00e9gi\u00e9e par les clients du monde entier. C'est le produit phare du march\u00e9. Il a \u00e9t\u00e9 largement utilis\u00e9 dans l'acier, les tuyaux m\u00e9talliques, le bois, le papier, les fibres chimiques, le textile, le verre, les lingots d'aluminium, les appareils m\u00e9nagers et d'autres industries.<\/p>\n<figure id=\"attachment_1036\" aria-describedby=\"caption-attachment-1036\" style=\"width: 960px\" class=\"wp-caption alignnone\"><img decoding=\"async\" class=\"size-full wp-image-1036\" src=\"https:\/\/www.qianyipack.com\/wp-content\/uploads\/2021\/10\/Heavy-duty-strap-application.jpg\" alt=\"strapping application\" width=\"960\" height=\"540\" srcset=\"https:\/\/www.qianyipack.com\/wp-content\/uploads\/2021\/10\/Heavy-duty-strap-application.jpg 960w, https:\/\/www.qianyipack.com\/wp-content\/uploads\/2021\/10\/Heavy-duty-strap-application-800x450.jpg 800w, https:\/\/www.qianyipack.com\/wp-content\/uploads\/2021\/10\/Heavy-duty-strap-application-300x169.jpg 300w, https:\/\/www.qianyipack.com\/wp-content\/uploads\/2021\/10\/Heavy-duty-strap-application-768x432.jpg 768w\" sizes=\"(max-width: 960px) 100vw, 960px\" \/><figcaption id=\"caption-attachment-1036\" class=\"wp-caption-text\">application de cerclage<\/figcaption><\/figure>","protected":false},"excerpt":{"rendered":"<div id=\"outer-wrap\" class=\"site clr\">\n<div id=\"wrap\" class=\"clr\">\n<div id=\"outer-wrap\" class=\"site clr\">\n<div id=\"wrap\" class=\"clr\">\n<p>Le cerclage flexible en fibre de polyester est fait de polyester \u00e0 haute r\u00e9sistance. En raison de sa r\u00e9sistance sp\u00e9ciale au rembourrage \u00e0 texture forte, il peut \u00eatre utilis\u00e9 de mani\u00e8re flexible et large dans les emballages de transport. La ceinture d'emballage flexible en fibre de polyester est synth\u00e9tis\u00e9e par plusieurs brins de fibre de polyester polym\u00e8re, qui est utilis\u00e9e pour lier et fixer les marchandises dispers\u00e9es, afin qu'elles puissent \u00eatre transport\u00e9es plus rapidement.<\/p>\n<\/div>\n<\/div>\n<\/div>\n<\/div>","protected":false},"featured_media":2096,"template":"","meta":{"ocean_post_layout":"","ocean_both_sidebars_style":"","ocean_both_sidebars_content_width":0,"ocean_both_sidebars_sidebars_width":0,"ocean_sidebar":"0","ocean_second_sidebar":"0","ocean_disable_margins":"enable","ocean_add_body_class":"","ocean_shortcode_before_top_bar":"","ocean_shortcode_after_top_bar":"","ocean_shortcode_before_header":"","ocean_shortcode_after_header":"","ocean_has_shortcode":"","ocean_shortcode_after_title":"","ocean_shortcode_before_footer_widgets":"","ocean_shortcode_after_footer_widgets":"","ocean_shortcode_before_footer_bottom":"","ocean_shortcode_after_footer_bottom":"","ocean_display_top_bar":"default","ocean_display_header":"default","ocean_header_style":"","ocean_center_header_left_menu":"0","ocean_custom_header_template":"0","ocean_custom_logo":0,"ocean_custom_retina_logo":0,"ocean_custom_logo_max_width":0,"ocean_custom_logo_tablet_max_width":0,"ocean_custom_logo_mobile_max_width":0,"ocean_custom_logo_max_height":0,"ocean_custom_logo_tablet_max_height":0,"ocean_custom_logo_mobile_max_height":0,"ocean_header_custom_menu":"0","ocean_menu_typo_font_family":"0","ocean_menu_typo_font_subset":"","ocean_menu_typo_font_size":0,"ocean_menu_typo_font_size_tablet":0,"ocean_menu_typo_font_size_mobile":0,"ocean_menu_typo_font_size_unit":"px","ocean_menu_typo_font_weight":"","ocean_menu_typo_font_weight_tablet":"","ocean_menu_typo_font_weight_mobile":"","ocean_menu_typo_transform":"","ocean_menu_typo_transform_tablet":"","ocean_menu_typo_transform_mobile":"","ocean_menu_typo_line_height":0,"ocean_menu_typo_line_height_tablet":0,"ocean_menu_typo_line_height_mobile":0,"ocean_menu_typo_line_height_unit":"","ocean_menu_typo_spacing":0,"ocean_menu_typo_spacing_tablet":0,"ocean_menu_typo_spacing_mobile":0,"ocean_menu_typo_spacing_unit":"","ocean_menu_link_color":"","ocean_menu_link_color_hover":"","ocean_menu_link_color_active":"","ocean_menu_link_background":"","ocean_menu_link_hover_background":"","ocean_menu_link_active_background":"","ocean_menu_social_links_bg":"","ocean_menu_social_hover_links_bg":"","ocean_menu_social_links_color":"","ocean_menu_social_hover_links_color":"","ocean_disable_title":"default","ocean_disable_heading":"default","ocean_post_title":"","ocean_post_subheading":"","ocean_post_title_style":"","ocean_post_title_background_color":"","ocean_post_title_background":0,"ocean_post_title_bg_image_position":"","ocean_post_title_bg_image_attachment":"","ocean_post_title_bg_image_repeat":"","ocean_post_title_bg_image_size":"","ocean_post_title_height":0,"ocean_post_title_bg_overlay":0.5,"ocean_post_title_bg_overlay_color":"","ocean_disable_breadcrumbs":"default","ocean_breadcrumbs_color":"","ocean_breadcrumbs_separator_color":"","ocean_breadcrumbs_links_color":"","ocean_breadcrumbs_links_hover_color":"","ocean_display_footer_widgets":"default","ocean_display_footer_bottom":"default","ocean_custom_footer_template":"0","osh_disable_topbar_sticky":"default","osh_disable_header_sticky":"default","osh_sticky_header_style":"default","osh_sticky_header_effect":"","osh_custom_sticky_logo":0,"osh_custom_retina_sticky_logo":0,"osh_custom_sticky_logo_height":0,"osh_background_color":"","osh_links_color":"","osh_links_hover_color":"","osh_links_active_color":"","osh_links_bg_color":"","osh_links_hover_bg_color":"","osh_links_active_bg_color":"","osh_menu_social_links_color":"","osh_menu_social_hover_links_color":""},"product_brand":[],"product_cat":[38],"product_tag":[56,48,57],"class_list":{"0":"post-1063","1":"product","2":"type-product","3":"status-publish","4":"has-post-thumbnail","6":"product_cat-woven-polyester-strap","7":"product_tag-composite-cord","8":"product_tag-cord-strap","9":"product_tag-cord-strapping","11":"entry","12":"has-media","14":"first","15":"instock","16":"shipping-taxable","17":"product-type-external","18":"col","19":"span_1_of_3","20":"owp-content-center","21":"owp-thumbs-layout-horizontal","22":"owp-btn-very-big","23":"owp-tabs-layout-horizontal"},"_links":{"self":[{"href":"https:\/\/www.qianyipack.com\/fr\/wp-json\/wp\/v2\/product\/1063","targetHints":{"allow":["GET"]}}],"collection":[{"href":"https:\/\/www.qianyipack.com\/fr\/wp-json\/wp\/v2\/product"}],"about":[{"href":"https:\/\/www.qianyipack.com\/fr\/wp-json\/wp\/v2\/types\/product"}],"wp:featuredmedia":[{"embeddable":true,"href":"https:\/\/www.qianyipack.com\/fr\/wp-json\/wp\/v2\/media\/2096"}],"wp:attachment":[{"href":"https:\/\/www.qianyipack.com\/fr\/wp-json\/wp\/v2\/media?parent=1063"}],"wp:term":[{"taxonomy":"product_brand","embeddable":true,"href":"https:\/\/www.qianyipack.com\/fr\/wp-json\/wp\/v2\/product_brand?post=1063"},{"taxonomy":"product_cat","embeddable":true,"href":"https:\/\/www.qianyipack.com\/fr\/wp-json\/wp\/v2\/product_cat?post=1063"},{"taxonomy":"product_tag","embeddable":true,"href":"https:\/\/www.qianyipack.com\/fr\/wp-json\/wp\/v2\/product_tag?post=1063"}],"curies":[{"name":"wp","href":"https:\/\/api.w.org\/{rel}","templated":true}]}}