{"id":1094,"date":"2021-10-14T17:02:10","date_gmt":"2021-10-15T01:02:10","guid":{"rendered":"https:\/\/www.qianyipack.com\/?post_type=product&#038;p=1094"},"modified":"2021-11-23T17:12:15","modified_gmt":"2021-11-24T01:12:15","slug":"manual-strapping-tensioner-tools-for-packaging-rope","status":"publish","type":"product","link":"https:\/\/www.qianyipack.com\/fr\/produit\/manual-strapping-tensioner-tools-for-packaging-rope","title":{"rendered":"Outils manuels de tendeur de cerclage pour l'emballage"},"content":{"rendered":"<p class=\" translation-block\">La conception de la structure sp\u00e9ciale de la roue de tension Qianyi adopte une m\u00e9thode de serrage rotative, qui a une grande force de serrage et une courroie plus longue. Il convient mieux \u00e0 l'emballage simple d'articles lourds et volumineux, simple et facile \u00e0 utiliser, et la machine a une bonne durabilit\u00e9. Le corps principal est fait de moulage sous pression de pr\u00e9cision en alliage d'aluminium de haute qualit\u00e9, solide et l\u00e9ger, et facile \u00e0 d\u00e9placer. Tous les autres composants sont fabriqu\u00e9s en acier de haute qualit\u00e9, avec un traitement de pr\u00e9cision \u00e0 la pointe de la technologie et tous ont subi un traitement thermique strict avec un faible taux de d\u00e9faillance.<br>\n\u00c9tapes d'utilisation<br>\n1. Pliez une extr\u00e9mit\u00e9 de la sangle sur le c\u00f4t\u00e9 gauche, ins\u00e9rez-la, puis pliez la tige de fixation gauche dans la sangle pour la serrer.<br>\n2. Tenez la ceinture d'emballage avec votre main droite autour de l'emballage, pliez le c\u00f4t\u00e9 droit de la ceinture d'emballage et ins\u00e9rez-la, puis pliez la tige de fixation droite dans la ceinture d'emballage.<br>\n3. Fixez la sangle avec la main gauche et tirez sur la sangle \u00e0 l'extr\u00e9mit\u00e9 droite avec la main droite pour serrer la sangle.<\/p>\n<figure id=\"attachment_1097\" aria-describedby=\"caption-attachment-1097\" style=\"width: 960px\" class=\"wp-caption alignnone\"><img fetchpriority=\"high\" decoding=\"async\" class=\"size-full wp-image-1097\" src=\"https:\/\/www.qianyipack.com\/wp-content\/uploads\/2021\/10\/strapping-tensioner-1.jpg\" alt=\"strapping-tensioner-1\" width=\"960\" height=\"641\" srcset=\"https:\/\/www.qianyipack.com\/wp-content\/uploads\/2021\/10\/strapping-tensioner-1.jpg 960w, https:\/\/www.qianyipack.com\/wp-content\/uploads\/2021\/10\/strapping-tensioner-1-800x534.jpg 800w, https:\/\/www.qianyipack.com\/wp-content\/uploads\/2021\/10\/strapping-tensioner-1-300x200.jpg 300w, https:\/\/www.qianyipack.com\/wp-content\/uploads\/2021\/10\/strapping-tensioner-1-768x513.jpg 768w\" sizes=\"(max-width: 960px) 100vw, 960px\" \/><figcaption id=\"caption-attachment-1097\" class=\"wp-caption-text\">tendeur de cerclage 1<\/figcaption><\/figure>\n<h3>sp\u00e9cification<\/h3>\n<p class=\" translation-block\">1. Facile \u00e0 utiliser, design intelligent et facile \u00e0 d\u00e9placer.<br>\n2. Une grande force de liaison et une conception structurelle sp\u00e9ciale peuvent facilement r\u00e9aliser le serrage et l'emballage de mat\u00e9riaux d'emballage lourds tels que l'acier et l'aluminium.<br>\n3. La machine a une grande durabilit\u00e9. Tous les corps et structures sont fabriqu\u00e9s \u00e0 partir de mat\u00e9riaux m\u00e9talliques alli\u00e9s \u00e0 haute r\u00e9sistance, avec une conception fiable et une technologie de pointe.<br>\n4. Conception s\u00fbre et sans fatigue.<\/p>\n<figure id=\"attachment_1096\" aria-describedby=\"caption-attachment-1096\" style=\"width: 750px\" class=\"wp-caption alignnone\"><img decoding=\"async\" class=\"size-full wp-image-1096\" src=\"https:\/\/www.qianyipack.com\/wp-content\/uploads\/2021\/10\/strapping-tensioner-specification.jpg\" alt=\"strapping-tensioner-specification\" width=\"750\" height=\"866\" srcset=\"https:\/\/www.qianyipack.com\/wp-content\/uploads\/2021\/10\/strapping-tensioner-specification.jpg 750w, https:\/\/www.qianyipack.com\/wp-content\/uploads\/2021\/10\/strapping-tensioner-specification-260x300.jpg 260w, https:\/\/www.qianyipack.com\/wp-content\/uploads\/2021\/10\/strapping-tensioner-specification-600x693.jpg 600w\" sizes=\"(max-width: 750px) 100vw, 750px\" \/><figcaption id=\"caption-attachment-1096\" class=\"wp-caption-text\">sp\u00e9cification du tendeur de cerclage<\/figcaption><\/figure>\n<h3>Application<\/h3>\n<p>Ce tendeur est fabriqu\u00e9 en alliage d'acier de haute qualit\u00e9 avec une technologie de production avanc\u00e9e. La structure est simple et a une bonne figure, une op\u00e9ration facile et une vie durable. Ce tendeur est applicable pour <a href=\"https:\/\/www.qianyipack.com\/en\/product-category\/pp-plastic-strap\" target=\"_blank\" rel=\"noopener\">PP<\/a>, <a href=\"https:\/\/www.qianyipack.com\/en\/product-category\/pet-polyester-strap\" target=\"_blank\" rel=\"noopener\">PET<\/a>L'emballage par cerclage CORD. Il convient pour l'emballage de caisses en bois, de cartons, de mat\u00e9riaux en pierre, de mat\u00e9riaux en bois, etc. Il est connect\u00e9 par une boucle en acier en forme de M. Lorsque la conception est raisonnable, la connexion n'est pas seulement ferme, mais ne tombe pas et ne glisse pas sous l'\u00e9tat serr\u00e9 et ferme, ce qui am\u00e9liore consid\u00e9rablement l'efficacit\u00e9 du travail dans le processus de liaison.<\/p>\n<figure id=\"attachment_1095\" aria-describedby=\"caption-attachment-1095\" style=\"width: 960px\" class=\"wp-caption alignnone\"><img decoding=\"async\" class=\"size-full wp-image-1095\" src=\"https:\/\/www.qianyipack.com\/wp-content\/uploads\/2021\/10\/Heavy-duty-strap-application-1.jpg\" alt=\"strap tensioner application\" width=\"960\" height=\"540\" srcset=\"https:\/\/www.qianyipack.com\/wp-content\/uploads\/2021\/10\/Heavy-duty-strap-application-1.jpg 960w, https:\/\/www.qianyipack.com\/wp-content\/uploads\/2021\/10\/Heavy-duty-strap-application-1-800x450.jpg 800w, https:\/\/www.qianyipack.com\/wp-content\/uploads\/2021\/10\/Heavy-duty-strap-application-1-300x169.jpg 300w, https:\/\/www.qianyipack.com\/wp-content\/uploads\/2021\/10\/Heavy-duty-strap-application-1-768x432.jpg 768w\" sizes=\"(max-width: 960px) 100vw, 960px\" \/><figcaption id=\"caption-attachment-1095\" class=\"wp-caption-text\">application de tendeur de sangle<\/figcaption><\/figure>","protected":false},"excerpt":{"rendered":"<p>Il est largement utilis\u00e9 dans l'industrie du papier, l'industrie de l'aluminium, l'acier, le bois, les emballages en bois, les fibres chimiques, la filature de coton, l'industrie chimique, les produits m\u00e9talliques et d'autres industries. Efficacit\u00e9 du travail Une bonne continuit\u00e9 de fonctionnement, le serrage, le desserrage et la coupe sont effectu\u00e9s en continu, ce qui permet d'\u00e9conomiser du temps et des efforts, de mani\u00e8re simple et rapide.<\/p>","protected":false},"featured_media":1099,"template":"","meta":{"ocean_post_layout":"","ocean_both_sidebars_style":"","ocean_both_sidebars_content_width":0,"ocean_both_sidebars_sidebars_width":0,"ocean_sidebar":"0","ocean_second_sidebar":"0","ocean_disable_margins":"enable","ocean_add_body_class":"","ocean_shortcode_before_top_bar":"","ocean_shortcode_after_top_bar":"","ocean_shortcode_before_header":"","ocean_shortcode_after_header":"","ocean_has_shortcode":"","ocean_shortcode_after_title":"","ocean_shortcode_before_footer_widgets":"","ocean_shortcode_after_footer_widgets":"","ocean_shortcode_before_footer_bottom":"","ocean_shortcode_after_footer_bottom":"","ocean_display_top_bar":"default","ocean_display_header":"default","ocean_header_style":"","ocean_center_header_left_menu":"0","ocean_custom_header_template":"0","ocean_custom_logo":0,"ocean_custom_retina_logo":0,"ocean_custom_logo_max_width":0,"ocean_custom_logo_tablet_max_width":0,"ocean_custom_logo_mobile_max_width":0,"ocean_custom_logo_max_height":0,"ocean_custom_logo_tablet_max_height":0,"ocean_custom_logo_mobile_max_height":0,"ocean_header_custom_menu":"0","ocean_menu_typo_font_family":"0","ocean_menu_typo_font_subset":"","ocean_menu_typo_font_size":0,"ocean_menu_typo_font_size_tablet":0,"ocean_menu_typo_font_size_mobile":0,"ocean_menu_typo_font_size_unit":"px","ocean_menu_typo_font_weight":"","ocean_menu_typo_font_weight_tablet":"","ocean_menu_typo_font_weight_mobile":"","ocean_menu_typo_transform":"","ocean_menu_typo_transform_tablet":"","ocean_menu_typo_transform_mobile":"","ocean_menu_typo_line_height":0,"ocean_menu_typo_line_height_tablet":0,"ocean_menu_typo_line_height_mobile":0,"ocean_menu_typo_line_height_unit":"","ocean_menu_typo_spacing":0,"ocean_menu_typo_spacing_tablet":0,"ocean_menu_typo_spacing_mobile":0,"ocean_menu_typo_spacing_unit":"","ocean_menu_link_color":"","ocean_menu_link_color_hover":"","ocean_menu_link_color_active":"","ocean_menu_link_background":"","ocean_menu_link_hover_background":"","ocean_menu_link_active_background":"","ocean_menu_social_links_bg":"","ocean_menu_social_hover_links_bg":"","ocean_menu_social_links_color":"","ocean_menu_social_hover_links_color":"","ocean_disable_title":"default","ocean_disable_heading":"default","ocean_post_title":"","ocean_post_subheading":"","ocean_post_title_style":"","ocean_post_title_background_color":"","ocean_post_title_background":0,"ocean_post_title_bg_image_position":"","ocean_post_title_bg_image_attachment":"","ocean_post_title_bg_image_repeat":"","ocean_post_title_bg_image_size":"","ocean_post_title_height":0,"ocean_post_title_bg_overlay":0.5,"ocean_post_title_bg_overlay_color":"","ocean_disable_breadcrumbs":"default","ocean_breadcrumbs_color":"","ocean_breadcrumbs_separator_color":"","ocean_breadcrumbs_links_color":"","ocean_breadcrumbs_links_hover_color":"","ocean_display_footer_widgets":"default","ocean_display_footer_bottom":"default","ocean_custom_footer_template":"0","osh_disable_topbar_sticky":"default","osh_disable_header_sticky":"default","osh_sticky_header_style":"default","osh_sticky_header_effect":"","osh_custom_sticky_logo":0,"osh_custom_retina_sticky_logo":0,"osh_custom_sticky_logo_height":0,"osh_background_color":"","osh_links_color":"","osh_links_hover_color":"","osh_links_active_color":"","osh_links_bg_color":"","osh_links_hover_bg_color":"","osh_links_active_bg_color":"","osh_menu_social_links_color":"","osh_menu_social_hover_links_color":""},"product_brand":[],"product_cat":[45],"product_tag":[61,62,63],"class_list":{"0":"post-1094","1":"product","2":"type-product","3":"status-publish","4":"has-post-thumbnail","6":"product_cat-strapping-tensioner","7":"product_tag-packing-tensioner","8":"product_tag-strapping-tensioner","9":"product_tag-strapping-tools","11":"entry","12":"has-media","14":"first","15":"instock","16":"featured","17":"shipping-taxable","18":"product-type-external","19":"col","20":"span_1_of_3","21":"owp-content-center","22":"owp-thumbs-layout-horizontal","23":"owp-btn-very-big","24":"owp-tabs-layout-horizontal"},"_links":{"self":[{"href":"https:\/\/www.qianyipack.com\/fr\/wp-json\/wp\/v2\/product\/1094","targetHints":{"allow":["GET"]}}],"collection":[{"href":"https:\/\/www.qianyipack.com\/fr\/wp-json\/wp\/v2\/product"}],"about":[{"href":"https:\/\/www.qianyipack.com\/fr\/wp-json\/wp\/v2\/types\/product"}],"wp:featuredmedia":[{"embeddable":true,"href":"https:\/\/www.qianyipack.com\/fr\/wp-json\/wp\/v2\/media\/1099"}],"wp:attachment":[{"href":"https:\/\/www.qianyipack.com\/fr\/wp-json\/wp\/v2\/media?parent=1094"}],"wp:term":[{"taxonomy":"product_brand","embeddable":true,"href":"https:\/\/www.qianyipack.com\/fr\/wp-json\/wp\/v2\/product_brand?post=1094"},{"taxonomy":"product_cat","embeddable":true,"href":"https:\/\/www.qianyipack.com\/fr\/wp-json\/wp\/v2\/product_cat?post=1094"},{"taxonomy":"product_tag","embeddable":true,"href":"https:\/\/www.qianyipack.com\/fr\/wp-json\/wp\/v2\/product_tag?post=1094"}],"curies":[{"name":"wp","href":"https:\/\/api.w.org\/{rel}","templated":true}]}}