{"id":1102,"date":"2021-10-14T17:08:21","date_gmt":"2021-10-15T01:08:21","guid":{"rendered":"https:\/\/www.qianyipack.com\/?post_type=product&#038;p=1102"},"modified":"2021-12-03T01:33:46","modified_gmt":"2021-12-03T09:33:46","slug":"pp-packaging-strap-for-automatic-packaging-machine","status":"publish","type":"product","link":"https:\/\/www.qianyipack.com\/fr\/produit\/pp-packaging-strap-for-automatic-packaging-machine","title":{"rendered":"Sangle d'emballage en PP pour machine d'emballage automatique"},"content":{"rendered":"<p class=\" translation-block\">La sangle d'emballage en PP peut \u00eatre divis\u00e9e en ruban d'emballage en PP incolore et transparent en fonction de la couleur de la surface. Sangle d'emballage en PP translucide. Sangle d'emballage en PP opaque. Sangles en PP de diff\u00e9rentes couleurs.<br>\nLa sangle d'emballage en PP peut \u00eatre divis\u00e9e en outils d'emballage\u00a0:<br>\nCeinture d'emballage en PP enti\u00e8rement automatique, qui a des exigences strictes sur la tol\u00e9rance de largeur et d'\u00e9paisseur et un petit \u00e9cart.<br>\nLes courroies d'emballage semi-automatiques en PP ont des exigences plus faibles pour les tol\u00e9rances de largeur et d'\u00e9paisseur et l'asym\u00e9trie.<br>\nLes feuillards PP pour machines de cerclage manuelles ont des exigences g\u00e9n\u00e9rales en mati\u00e8re de tol\u00e9rances de largeur et d'\u00e9paisseur et d'asym\u00e9trie.<br>\nFines sangles en PP pour boucles en plastique assorties.<br>\nLa boucle en fil est assortie \u00e0 un ruban en fibre flexible PP.<\/p>\n<figure id=\"attachment_2402\" aria-describedby=\"caption-attachment-2402\" style=\"width: 960px\" class=\"wp-caption alignnone\"><img fetchpriority=\"high\" decoding=\"async\" class=\"size-full wp-image-2402\" src=\"https:\/\/www.qianyipack.com\/wp-content\/uploads\/PP-strap-descriptions.jpg\" alt=\"PP strap descriptions\" width=\"960\" height=\"540\" srcset=\"https:\/\/www.qianyipack.com\/wp-content\/uploads\/PP-strap-descriptions.jpg 960w, https:\/\/www.qianyipack.com\/wp-content\/uploads\/PP-strap-descriptions-800x450.jpg 800w, https:\/\/www.qianyipack.com\/wp-content\/uploads\/PP-strap-descriptions-300x169.jpg 300w, https:\/\/www.qianyipack.com\/wp-content\/uploads\/PP-strap-descriptions-768x432.jpg 768w, https:\/\/www.qianyipack.com\/wp-content\/uploads\/PP-strap-descriptions-18x10.jpg 18w\" sizes=\"(max-width: 960px) 100vw, 960px\" \/><figcaption id=\"caption-attachment-2402\" class=\"wp-caption-text\">Description des sangles en PP<\/figcaption><\/figure>\n<h3>Caract\u00e9ristique<\/h3>\n<p class=\" translation-block\">Op\u00e9ration simple. Op\u00e9ration simple et pratique, utilisation l\u00e9g\u00e8re et qualit\u00e9 stable.<br>\nDirect et facile \u00e0 transmettre. Production de mati\u00e8res premi\u00e8res, t\u00e9nacit\u00e9 \u00e9lev\u00e9e, force de traction \u00e9lev\u00e9e, pas de courroie de flexion et emballage facile.<br>\nGaufrage profond. Gaufrage profond, emp\u00eache la boucle coulissante, grain clair, forme carr\u00e9e, pas facile \u00e0 casser, bonne t\u00e9nacit\u00e9.<br>\nPerformance excellente. Haute r\u00e9sistance, pas facile \u00e0 diviser, aucun dommage, aucune perforation, r\u00e9sistance \u00e0 la fatigue par flexion, faible densit\u00e9.<br>\nBonne flexibilit\u00e9. Sans le bord tranchant de la ceinture en acier, l'op\u00e9ration est simple et ne blesse pas les mains ni n'endommage les objets li\u00e9s.<br>\nHaute qualit\u00e9 et prix bas. Performances \u00e0 co\u00fbt ultra \u00e9lev\u00e9, qualit\u00e9 stable et performances \u00e0 co\u00fbt \u00e9lev\u00e9.<\/p>\n<h3>sp\u00e9cification<\/h3>\n<p class=\" translation-block\">Nom du produit: nouvelle ceinture d'emballage en r\u00e9sine polypropyl\u00e8ne PP<br>\nMat\u00e9riau du produit\u00a0: r\u00e9sine polypropyl\u00e8ne PP<br>\nCouleur du produit : transparent, translucide, jaune, rouge, vert, bleu, violet, blanc, noir<br>\nSc\u00e8ne appropri\u00e9e\u00a0: cartons, c\u00e9ramique, architecture, emballage, reliure et fixation<br>\nTaille du produit\u00a0: 12\u00a0mm de large, 0,9\u00a0mm d'\u00e9paisseur (d'autres sp\u00e9cifications peuvent \u00eatre personnalis\u00e9es)<br>\nPoids net : 10 kg, poids brut : 10,5 kg<br>\nLongueur du produit\u00a0: 1400\u00a0m<br>\nForce de rupture : environ 60 kg<\/p>\n<figure id=\"attachment_1104\" aria-describedby=\"caption-attachment-1104\" style=\"width: 800px\" class=\"wp-caption alignnone\"><img decoding=\"async\" class=\"size-full wp-image-1104\" src=\"https:\/\/www.qianyipack.com\/wp-content\/uploads\/2021\/10\/PP-specification.jpg\" alt=\"PP-strap-specification\" width=\"800\" height=\"527\" srcset=\"https:\/\/www.qianyipack.com\/wp-content\/uploads\/2021\/10\/PP-specification.jpg 800w, https:\/\/www.qianyipack.com\/wp-content\/uploads\/2021\/10\/PP-specification-300x198.jpg 300w, https:\/\/www.qianyipack.com\/wp-content\/uploads\/2021\/10\/PP-specification-768x506.jpg 768w, https:\/\/www.qianyipack.com\/wp-content\/uploads\/2021\/10\/PP-specification-600x395.jpg 600w\" sizes=\"(max-width: 800px) 100vw, 800px\" \/><figcaption id=\"caption-attachment-1104\" class=\"wp-caption-text\">Sp\u00e9cification de la sangle PP<\/figcaption><\/figure>\n<h3>Application<\/h3>\n<p>Sangles ordinaires en PP pour la reliure de cartons. Ruban PP lisse pour lier le tabac. Le groupage fait r\u00e9f\u00e9rence \u00e0 l'utilisation de PP transparent pour lier les billets. Ruban en fibre chimique PP pour le regroupement de sacs en fibre chimique. Ruban PP antistatique pour le cerclage de produits \u00e9lectroniques. Sangles robustes en PP pour attacher des objets lourds. Sangle d'emballage ignifuge en PP pour grille de mine de charbon tiss\u00e9e. Et d'autres sangles sp\u00e9ciales en PP pour diff\u00e9rentes industries.<\/p>\n<figure id=\"attachment_2403\" aria-describedby=\"caption-attachment-2403\" style=\"width: 960px\" class=\"wp-caption alignnone\"><img decoding=\"async\" class=\"size-full wp-image-2403\" src=\"https:\/\/www.qianyipack.com\/wp-content\/uploads\/PP-strap-applications-.jpg\" alt=\"PP strap applications \" width=\"960\" height=\"540\" srcset=\"https:\/\/www.qianyipack.com\/wp-content\/uploads\/PP-strap-applications-.jpg 960w, https:\/\/www.qianyipack.com\/wp-content\/uploads\/PP-strap-applications--800x450.jpg 800w, https:\/\/www.qianyipack.com\/wp-content\/uploads\/PP-strap-applications--300x169.jpg 300w, https:\/\/www.qianyipack.com\/wp-content\/uploads\/PP-strap-applications--768x432.jpg 768w, https:\/\/www.qianyipack.com\/wp-content\/uploads\/PP-strap-applications--18x10.jpg 18w\" sizes=\"(max-width: 960px) 100vw, 960px\" \/><figcaption id=\"caption-attachment-2403\" class=\"wp-caption-text\">Applications de sangle PP<\/figcaption><\/figure>","protected":false},"excerpt":{"rendered":"<p>C'est une sorte de ceinture d'emballage \u00e9cologique de qualit\u00e9 plus l\u00e9g\u00e8re produite \u00e0 partir de polypropyl\u00e8ne. Il est utilis\u00e9 pour la presse \u00e0 balles automatique, la presse \u00e0 balles semi-automatique, la presse \u00e0 balles manuelle, etc.<\/p>","protected":false},"featured_media":1109,"template":"","meta":{"ocean_post_layout":"","ocean_both_sidebars_style":"","ocean_both_sidebars_content_width":0,"ocean_both_sidebars_sidebars_width":0,"ocean_sidebar":"0","ocean_second_sidebar":"0","ocean_disable_margins":"enable","ocean_add_body_class":"","ocean_shortcode_before_top_bar":"","ocean_shortcode_after_top_bar":"","ocean_shortcode_before_header":"","ocean_shortcode_after_header":"","ocean_has_shortcode":"","ocean_shortcode_after_title":"","ocean_shortcode_before_footer_widgets":"","ocean_shortcode_after_footer_widgets":"","ocean_shortcode_before_footer_bottom":"","ocean_shortcode_after_footer_bottom":"","ocean_display_top_bar":"default","ocean_display_header":"default","ocean_header_style":"","ocean_center_header_left_menu":"0","ocean_custom_header_template":"0","ocean_custom_logo":0,"ocean_custom_retina_logo":0,"ocean_custom_logo_max_width":0,"ocean_custom_logo_tablet_max_width":0,"ocean_custom_logo_mobile_max_width":0,"ocean_custom_logo_max_height":0,"ocean_custom_logo_tablet_max_height":0,"ocean_custom_logo_mobile_max_height":0,"ocean_header_custom_menu":"0","ocean_menu_typo_font_family":"0","ocean_menu_typo_font_subset":"","ocean_menu_typo_font_size":0,"ocean_menu_typo_font_size_tablet":0,"ocean_menu_typo_font_size_mobile":0,"ocean_menu_typo_font_size_unit":"px","ocean_menu_typo_font_weight":"","ocean_menu_typo_font_weight_tablet":"","ocean_menu_typo_font_weight_mobile":"","ocean_menu_typo_transform":"","ocean_menu_typo_transform_tablet":"","ocean_menu_typo_transform_mobile":"","ocean_menu_typo_line_height":0,"ocean_menu_typo_line_height_tablet":0,"ocean_menu_typo_line_height_mobile":0,"ocean_menu_typo_line_height_unit":"","ocean_menu_typo_spacing":0,"ocean_menu_typo_spacing_tablet":0,"ocean_menu_typo_spacing_mobile":0,"ocean_menu_typo_spacing_unit":"","ocean_menu_link_color":"","ocean_menu_link_color_hover":"","ocean_menu_link_color_active":"","ocean_menu_link_background":"","ocean_menu_link_hover_background":"","ocean_menu_link_active_background":"","ocean_menu_social_links_bg":"","ocean_menu_social_hover_links_bg":"","ocean_menu_social_links_color":"","ocean_menu_social_hover_links_color":"","ocean_disable_title":"default","ocean_disable_heading":"default","ocean_post_title":"","ocean_post_subheading":"","ocean_post_title_style":"","ocean_post_title_background_color":"","ocean_post_title_background":0,"ocean_post_title_bg_image_position":"","ocean_post_title_bg_image_attachment":"","ocean_post_title_bg_image_repeat":"","ocean_post_title_bg_image_size":"","ocean_post_title_height":0,"ocean_post_title_bg_overlay":0.5,"ocean_post_title_bg_overlay_color":"","ocean_disable_breadcrumbs":"default","ocean_breadcrumbs_color":"","ocean_breadcrumbs_separator_color":"","ocean_breadcrumbs_links_color":"","ocean_breadcrumbs_links_hover_color":"","ocean_display_footer_widgets":"default","ocean_display_footer_bottom":"default","ocean_custom_footer_template":"0","osh_disable_topbar_sticky":"default","osh_disable_header_sticky":"default","osh_sticky_header_style":"default","osh_sticky_header_effect":"","osh_custom_sticky_logo":0,"osh_custom_retina_sticky_logo":0,"osh_custom_sticky_logo_height":0,"osh_background_color":"","osh_links_color":"","osh_links_hover_color":"","osh_links_active_color":"","osh_links_bg_color":"","osh_links_hover_bg_color":"","osh_links_active_bg_color":"","osh_menu_social_links_color":"","osh_menu_social_hover_links_color":""},"product_brand":[],"product_cat":[42],"product_tag":[58,49,64],"class_list":{"0":"post-1102","1":"product","2":"type-product","3":"status-publish","4":"has-post-thumbnail","6":"product_cat-pp-plastic-strap","7":"product_tag-fiber-strapping","8":"product_tag-packaging-strap","9":"product_tag-pp-strapping","11":"entry","12":"has-media","14":"first","15":"instock","16":"shipping-taxable","17":"product-type-external","18":"col","19":"span_1_of_3","20":"owp-content-center","21":"owp-thumbs-layout-horizontal","22":"owp-btn-very-big","23":"owp-tabs-layout-horizontal"},"_links":{"self":[{"href":"https:\/\/www.qianyipack.com\/fr\/wp-json\/wp\/v2\/product\/1102","targetHints":{"allow":["GET"]}}],"collection":[{"href":"https:\/\/www.qianyipack.com\/fr\/wp-json\/wp\/v2\/product"}],"about":[{"href":"https:\/\/www.qianyipack.com\/fr\/wp-json\/wp\/v2\/types\/product"}],"wp:featuredmedia":[{"embeddable":true,"href":"https:\/\/www.qianyipack.com\/fr\/wp-json\/wp\/v2\/media\/1109"}],"wp:attachment":[{"href":"https:\/\/www.qianyipack.com\/fr\/wp-json\/wp\/v2\/media?parent=1102"}],"wp:term":[{"taxonomy":"product_brand","embeddable":true,"href":"https:\/\/www.qianyipack.com\/fr\/wp-json\/wp\/v2\/product_brand?post=1102"},{"taxonomy":"product_cat","embeddable":true,"href":"https:\/\/www.qianyipack.com\/fr\/wp-json\/wp\/v2\/product_cat?post=1102"},{"taxonomy":"product_tag","embeddable":true,"href":"https:\/\/www.qianyipack.com\/fr\/wp-json\/wp\/v2\/product_tag?post=1102"}],"curies":[{"name":"wp","href":"https:\/\/api.w.org\/{rel}","templated":true}]}}