{"id":1586,"date":"2021-10-17T22:48:09","date_gmt":"2021-10-18T06:48:09","guid":{"rendered":"https:\/\/www.qianyipack.com\/?post_type=product&#038;p=1586"},"modified":"2021-11-23T01:17:58","modified_gmt":"2021-11-23T09:17:58","slug":"32mm-forged-square-metal-buckle-for-woven-strapping","status":"publish","type":"product","link":"https:\/\/www.qianyipack.com\/fr\/produit\/32mm-forged-square-metal-buckle-for-woven-strapping","title":{"rendered":"Boucle carr\u00e9e en m\u00e9tal forg\u00e9 de 32 mm pour cerclage tiss\u00e9"},"content":{"rendered":"<p class=\" translation-block\">1. Avec une r\u00e9sistance \u00e0 la traction \u00e9lev\u00e9e, il peut transporter jusqu'\u00e0 5000 kg d'objets lourds et peut prot\u00e9ger efficacement le produit contre les dommages.<br>\n2. R\u00e9sistance \u00e0 l'usure, bonne t\u00e9nacit\u00e9, r\u00e9sistance \u00e0 la corrosion, forte r\u00e9sistance aux intemp\u00e9ries, s\u00e9curit\u00e9 de transport \u00e9lev\u00e9e sous la pluie et la neige.<br>\n3. Petite taille, pas d'espace, facile \u00e0 ranger, pas de rouille.<br>\n4. Pratiques et respectueux de l'environnement, r\u00e9sistants aux collisions, les boutons en maille usag\u00e9s peuvent \u00eatre stock\u00e9s et r\u00e9utilis\u00e9s sans affecter leurs performances de r\u00e9sistance \u00e0 la pression.<br>\n5. Il a un large \u00e9ventail d'utilisations. Il peut \u00eatre utilis\u00e9 pour l'emballage et le transport de conteneurs, de machinerie lourde, de verre, de raccords de tuyauterie, de barils de p\u00e9trole, d'acier, de bois, de fabrication de papier, de produits chimiques, d'articles en m\u00e9taux pr\u00e9cieux, etc.<br>\n6. Surface uniforme, aspect lisse, faites attention \u00e0 la conception du processus de produit et \u00e0 l'exp\u00e9rience utilisateur.<\/p>\n<figure id=\"attachment_1589\" aria-describedby=\"caption-attachment-1589\" style=\"width: 958px\" class=\"wp-caption alignnone\"><img fetchpriority=\"high\" decoding=\"async\" class=\"size-full wp-image-1589\" src=\"https:\/\/www.qianyipack.com\/wp-content\/uploads\/square-buckle-using-steps.jpg\" alt=\"square buckle using steps\" width=\"958\" height=\"539\" srcset=\"https:\/\/www.qianyipack.com\/wp-content\/uploads\/square-buckle-using-steps.jpg 958w, https:\/\/www.qianyipack.com\/wp-content\/uploads\/square-buckle-using-steps-800x450.jpg 800w, https:\/\/www.qianyipack.com\/wp-content\/uploads\/square-buckle-using-steps-300x169.jpg 300w, https:\/\/www.qianyipack.com\/wp-content\/uploads\/square-buckle-using-steps-768x432.jpg 768w, https:\/\/www.qianyipack.com\/wp-content\/uploads\/square-buckle-using-steps-18x10.jpg 18w\" sizes=\"(max-width: 958px) 100vw, 958px\" \/><figcaption id=\"caption-attachment-1589\" class=\"wp-caption-text\">boucle carr\u00e9e \u00e0 l'aide d'\u00e9tapes<\/figcaption><\/figure>\n<h3>sp\u00e9cification<\/h3>\n<figure id=\"attachment_1587\" aria-describedby=\"caption-attachment-1587\" style=\"width: 960px\" class=\"wp-caption alignnone\"><img decoding=\"async\" class=\"size-full wp-image-1587\" src=\"https:\/\/www.qianyipack.com\/wp-content\/uploads\/square-buckle-specification.jpg\" alt=\"square-buckle-specification\" width=\"960\" height=\"960\" srcset=\"https:\/\/www.qianyipack.com\/wp-content\/uploads\/square-buckle-specification.jpg 960w, https:\/\/www.qianyipack.com\/wp-content\/uploads\/square-buckle-specification-300x300.jpg 300w, https:\/\/www.qianyipack.com\/wp-content\/uploads\/square-buckle-specification-100x100.jpg 100w, https:\/\/www.qianyipack.com\/wp-content\/uploads\/square-buckle-specification-800x800.jpg 800w, https:\/\/www.qianyipack.com\/wp-content\/uploads\/square-buckle-specification-150x150.jpg 150w, https:\/\/www.qianyipack.com\/wp-content\/uploads\/square-buckle-specification-768x768.jpg 768w, https:\/\/www.qianyipack.com\/wp-content\/uploads\/square-buckle-specification-12x12.jpg 12w\" sizes=\"(max-width: 960px) 100vw, 960px\" \/><figcaption id=\"caption-attachment-1587\" class=\"wp-caption-text\">sp\u00e9cification de boucle carr\u00e9e<\/figcaption><\/figure>\n<h3>Application<\/h3>\n<p>Le site <a href=\"https:\/\/www.qianyipack.com\/en\/product-tag\/binding-buckle\" target=\"_blank\" rel=\"noopener\">anneau carr\u00e9<\/a> et <a href=\"https:\/\/www.qianyipack.com\/en\/product\/\" target=\"_blank\" rel=\"noopener\">boucle d'emballage carr\u00e9e<\/a> ont une grande r\u00e9sistance \u00e0 la traction, sont pratiques et respectueux de l'environnement, et peuvent \u00eatre r\u00e9utilis\u00e9s. Elle est largement utilis\u00e9e pour l'emballage et le transport de conteneurs, de machines lourdes, de verre, de raccords de tuyauterie, de barils de p\u00e9trole, d'acier, de bois, de papier, de produits chimiques, d'articles en m\u00e9tal pr\u00e9cieux, etc. Il poss\u00e8de une forte capacit\u00e9 de charge et peut prot\u00e9ger efficacement le produit contre les dommages. Dans le m\u00eame temps, il peut \u00e9galement am\u00e9liorer l'efficacit\u00e9 du travail des employ\u00e9s de l'entreprise cliente et r\u00e9duire les co\u00fbts de cette derni\u00e8re. Il s'agit d'un nouveau mat\u00e9riau d'emballage id\u00e9al et pratique qui a \u00e9t\u00e9 bien accueilli par l'industrie.<\/p>\n<figure id=\"attachment_1588\" aria-describedby=\"caption-attachment-1588\" style=\"width: 960px\" class=\"wp-caption alignnone\"><img decoding=\"async\" class=\"size-full wp-image-1588\" src=\"https:\/\/www.qianyipack.com\/wp-content\/uploads\/square-buckle-application.jpg\" alt=\"square buckle application\" width=\"960\" height=\"540\" srcset=\"https:\/\/www.qianyipack.com\/wp-content\/uploads\/square-buckle-application.jpg 960w, https:\/\/www.qianyipack.com\/wp-content\/uploads\/square-buckle-application-800x450.jpg 800w, https:\/\/www.qianyipack.com\/wp-content\/uploads\/square-buckle-application-300x169.jpg 300w, https:\/\/www.qianyipack.com\/wp-content\/uploads\/square-buckle-application-768x432.jpg 768w, https:\/\/www.qianyipack.com\/wp-content\/uploads\/square-buckle-application-18x10.jpg 18w\" sizes=\"(max-width: 960px) 100vw, 960px\" \/><figcaption id=\"caption-attachment-1588\" class=\"wp-caption-text\">application de boucle carr\u00e9e<\/figcaption><\/figure>","protected":false},"excerpt":{"rendered":"<p>La boucle d'emballage carr\u00e9e est une sorte de boucle d'emballage \u00e0 haute r\u00e9sistance adapt\u00e9e \u00e0 la coop\u00e9ration professionnelle et aux ceintures tress\u00e9es. Il est forg\u00e9 par des machines \u00e0 grande \u00e9chelle et sa force de traction peut atteindre 3 \u00e0 10 tonnes, ce qui emp\u00eache efficacement le mouvement de marchandises lourdes pendant le transport.<\/p>","protected":false},"featured_media":1590,"template":"","meta":{"ocean_post_layout":"","ocean_both_sidebars_style":"","ocean_both_sidebars_content_width":0,"ocean_both_sidebars_sidebars_width":0,"ocean_sidebar":"0","ocean_second_sidebar":"0","ocean_disable_margins":"enable","ocean_add_body_class":"","ocean_shortcode_before_top_bar":"","ocean_shortcode_after_top_bar":"","ocean_shortcode_before_header":"","ocean_shortcode_after_header":"","ocean_has_shortcode":"","ocean_shortcode_after_title":"","ocean_shortcode_before_footer_widgets":"","ocean_shortcode_after_footer_widgets":"","ocean_shortcode_before_footer_bottom":"","ocean_shortcode_after_footer_bottom":"","ocean_display_top_bar":"default","ocean_display_header":"default","ocean_header_style":"","ocean_center_header_left_menu":"0","ocean_custom_header_template":"0","ocean_custom_logo":0,"ocean_custom_retina_logo":0,"ocean_custom_logo_max_width":0,"ocean_custom_logo_tablet_max_width":0,"ocean_custom_logo_mobile_max_width":0,"ocean_custom_logo_max_height":0,"ocean_custom_logo_tablet_max_height":0,"ocean_custom_logo_mobile_max_height":0,"ocean_header_custom_menu":"0","ocean_menu_typo_font_family":"0","ocean_menu_typo_font_subset":"","ocean_menu_typo_font_size":0,"ocean_menu_typo_font_size_tablet":0,"ocean_menu_typo_font_size_mobile":0,"ocean_menu_typo_font_size_unit":"px","ocean_menu_typo_font_weight":"","ocean_menu_typo_font_weight_tablet":"","ocean_menu_typo_font_weight_mobile":"","ocean_menu_typo_transform":"","ocean_menu_typo_transform_tablet":"","ocean_menu_typo_transform_mobile":"","ocean_menu_typo_line_height":0,"ocean_menu_typo_line_height_tablet":0,"ocean_menu_typo_line_height_mobile":0,"ocean_menu_typo_line_height_unit":"","ocean_menu_typo_spacing":0,"ocean_menu_typo_spacing_tablet":0,"ocean_menu_typo_spacing_mobile":0,"ocean_menu_typo_spacing_unit":"","ocean_menu_link_color":"","ocean_menu_link_color_hover":"","ocean_menu_link_color_active":"","ocean_menu_link_background":"","ocean_menu_link_hover_background":"","ocean_menu_link_active_background":"","ocean_menu_social_links_bg":"","ocean_menu_social_hover_links_bg":"","ocean_menu_social_links_color":"","ocean_menu_social_hover_links_color":"","ocean_disable_title":"default","ocean_disable_heading":"default","ocean_post_title":"","ocean_post_subheading":"","ocean_post_title_style":"","ocean_post_title_background_color":"","ocean_post_title_background":0,"ocean_post_title_bg_image_position":"","ocean_post_title_bg_image_attachment":"","ocean_post_title_bg_image_repeat":"","ocean_post_title_bg_image_size":"","ocean_post_title_height":0,"ocean_post_title_bg_overlay":0.5,"ocean_post_title_bg_overlay_color":"","ocean_disable_breadcrumbs":"default","ocean_breadcrumbs_color":"","ocean_breadcrumbs_separator_color":"","ocean_breadcrumbs_links_color":"","ocean_breadcrumbs_links_hover_color":"","ocean_display_footer_widgets":"default","ocean_display_footer_bottom":"default","ocean_custom_footer_template":"0","osh_disable_topbar_sticky":"default","osh_disable_header_sticky":"default","osh_sticky_header_style":"default","osh_sticky_header_effect":"","osh_custom_sticky_logo":0,"osh_custom_retina_sticky_logo":0,"osh_custom_sticky_logo_height":0,"osh_background_color":"","osh_links_color":"","osh_links_hover_color":"","osh_links_active_color":"","osh_links_bg_color":"","osh_links_hover_bg_color":"","osh_links_active_bg_color":"","osh_menu_social_links_color":"","osh_menu_social_hover_links_color":""},"product_brand":[],"product_cat":[44],"product_tag":[71,72,70],"class_list":{"0":"post-1586","1":"product","2":"type-product","3":"status-publish","4":"has-post-thumbnail","6":"product_cat-square-lashing-buckle","7":"product_tag-binding-buckle","8":"product_tag-metal-packing-buckle","9":"product_tag-packing-buckle","11":"entry","12":"has-media","14":"first","15":"instock","16":"shipping-taxable","17":"product-type-external","18":"col","19":"span_1_of_3","20":"owp-content-center","21":"owp-thumbs-layout-horizontal","22":"owp-btn-very-big","23":"owp-tabs-layout-horizontal"},"_links":{"self":[{"href":"https:\/\/www.qianyipack.com\/fr\/wp-json\/wp\/v2\/product\/1586","targetHints":{"allow":["GET"]}}],"collection":[{"href":"https:\/\/www.qianyipack.com\/fr\/wp-json\/wp\/v2\/product"}],"about":[{"href":"https:\/\/www.qianyipack.com\/fr\/wp-json\/wp\/v2\/types\/product"}],"wp:featuredmedia":[{"embeddable":true,"href":"https:\/\/www.qianyipack.com\/fr\/wp-json\/wp\/v2\/media\/1590"}],"wp:attachment":[{"href":"https:\/\/www.qianyipack.com\/fr\/wp-json\/wp\/v2\/media?parent=1586"}],"wp:term":[{"taxonomy":"product_brand","embeddable":true,"href":"https:\/\/www.qianyipack.com\/fr\/wp-json\/wp\/v2\/product_brand?post=1586"},{"taxonomy":"product_cat","embeddable":true,"href":"https:\/\/www.qianyipack.com\/fr\/wp-json\/wp\/v2\/product_cat?post=1586"},{"taxonomy":"product_tag","embeddable":true,"href":"https:\/\/www.qianyipack.com\/fr\/wp-json\/wp\/v2\/product_tag?post=1586"}],"curies":[{"name":"wp","href":"https:\/\/api.w.org\/{rel}","templated":true}]}}