{"id":1594,"date":"2021-10-17T23:01:21","date_gmt":"2021-10-18T07:01:21","guid":{"rendered":"https:\/\/www.qianyipack.com\/?post_type=product&#038;p=1594"},"modified":"2021-11-23T17:07:12","modified_gmt":"2021-11-24T01:07:12","slug":"packaging-strapping-dispenser-bracket-with-tray-trolley","status":"publish","type":"product","link":"https:\/\/www.qianyipack.com\/fr\/produit\/packaging-strapping-dispenser-bracket-with-tray-trolley","title":{"rendered":"support de distribution de cerclage d'emballage avec chariot"},"content":{"rendered":"<p>Le distributeur de cerclage est un outil auxiliaire important lors de l'utilisation du cerclage et de l'emballage. <a href=\"https:\/\/www.qianyipack.com\/en\/product-category\/strapping-tensioner\" target=\"_blank\" rel=\"noopener\">machines de cerclage<\/a>Ce produit peut \u00eatre divis\u00e9 en deux types : le type g\u00e9n\u00e9ral et le type sp\u00e9cial, selon les sp\u00e9cifications de la bande d'emballage. Ce produit peut \u00eatre divis\u00e9 en deux types : le type g\u00e9n\u00e9ral et le type sp\u00e9cial, selon les sp\u00e9cifications de la bande d'emballage. Ce produit est con\u00e7u pour \u00eatre l\u00e9ger, pratique et durable, avec une bo\u00eete \u00e0 outils sur le corps, qui peut stocker l'emballeur et les aides \u00e0 l'emballage.<\/p>\n<figure id=\"attachment_1595\" aria-describedby=\"caption-attachment-1595\" style=\"width: 960px\" class=\"wp-caption alignnone\"><img fetchpriority=\"high\" decoding=\"async\" class=\"size-full wp-image-1595\" src=\"https:\/\/www.qianyipack.com\/wp-content\/uploads\/strapping-dispenser-description.jpg\" alt=\"strapping dispenser description\" width=\"960\" height=\"540\" srcset=\"https:\/\/www.qianyipack.com\/wp-content\/uploads\/strapping-dispenser-description.jpg 960w, https:\/\/www.qianyipack.com\/wp-content\/uploads\/strapping-dispenser-description-800x450.jpg 800w, https:\/\/www.qianyipack.com\/wp-content\/uploads\/strapping-dispenser-description-300x169.jpg 300w, https:\/\/www.qianyipack.com\/wp-content\/uploads\/strapping-dispenser-description-768x432.jpg 768w, https:\/\/www.qianyipack.com\/wp-content\/uploads\/strapping-dispenser-description-18x10.jpg 18w\" sizes=\"(max-width: 960px) 100vw, 960px\" \/><figcaption id=\"caption-attachment-1595\" class=\"wp-caption-text\">description du distributeur de cerclage<\/figcaption><\/figure>\n<h3>Caract\u00e9ristique<\/h3>\n<p class=\" translation-block\">La poign\u00e9e incurv\u00e9e est solide et durable. Selon le principe d'ergonomie, la conception en arc \u00e0 deux coins de la poign\u00e9e emp\u00eache les collisions et les rayures, ce qui est convivial et garanti.<br>\nBo\u00eete \u00e0 outils de grande capacit\u00e9. \u00c9quip\u00e9 d'une bo\u00eete \u00e0 outils pour ranger les outils d'emballage et les accessoires tels que le tendeur d'emballage pour am\u00e9liorer l'efficacit\u00e9 de l'emballage et une efficacit\u00e9 de travail \u00e9lev\u00e9e.<br>\nLa roue en caoutchouc \u00e0 anneau en acier est ferme et r\u00e9sistante \u00e0 l'usure. La roue en caoutchouc antid\u00e9rapante adopte le principe du roulement \u00e0 rouleaux pour remplacer la roue en mousse \u00e0 l'ancienne, ce qui augmente la dur\u00e9e de vie. Le frein autonome a une sensibilit\u00e9 \u00e9lev\u00e9e.<br>\nSoudure d'acier. Le fuselage est soud\u00e9 par de l'acier, le point de soudure est ferme et difficile \u00e0 souder, et la dur\u00e9e de vie est longue.<br>\nLivr\u00e9 avec freins. Lorsque vous utilisez l'\u00e9lasticit\u00e9 du ressort pour tirer la ceinture sans entrave, l'enrouleur de ceinture ne bougera pas lorsqu'il est inactif.<br>\nN'importe quel noyau interne. Il peut \u00eatre install\u00e9 avec une ceinture en acier en plastique PET, une ceinture en PP, une ceinture en fibre, une ceinture tress\u00e9e, etc., avec une forte op\u00e9rabilit\u00e9.<\/p>\n<figure id=\"attachment_1596\" aria-describedby=\"caption-attachment-1596\" style=\"width: 960px\" class=\"wp-caption alignnone\"><img decoding=\"async\" class=\"size-full wp-image-1596\" src=\"https:\/\/www.qianyipack.com\/wp-content\/uploads\/strapping-dispenser-specification.jpg\" alt=\"strapping-dispenser-specification\" width=\"960\" height=\"960\" srcset=\"https:\/\/www.qianyipack.com\/wp-content\/uploads\/strapping-dispenser-specification.jpg 960w, https:\/\/www.qianyipack.com\/wp-content\/uploads\/strapping-dispenser-specification-300x300.jpg 300w, https:\/\/www.qianyipack.com\/wp-content\/uploads\/strapping-dispenser-specification-100x100.jpg 100w, https:\/\/www.qianyipack.com\/wp-content\/uploads\/strapping-dispenser-specification-800x800.jpg 800w, https:\/\/www.qianyipack.com\/wp-content\/uploads\/strapping-dispenser-specification-150x150.jpg 150w, https:\/\/www.qianyipack.com\/wp-content\/uploads\/strapping-dispenser-specification-768x768.jpg 768w, https:\/\/www.qianyipack.com\/wp-content\/uploads\/strapping-dispenser-specification-12x12.jpg 12w\" sizes=\"(max-width: 960px) 100vw, 960px\" \/><figcaption id=\"caption-attachment-1596\" class=\"wp-caption-text\">sp\u00e9cification du distributeur de cerclage<\/figcaption><\/figure>\n<h3>Application<\/h3>\n<p>Nous coop\u00e9rons principalement avec les travaux d'emballage de PP, PET, <a href=\"https:\/\/www.qianyipack.com\/en\/product-category\/woven-polyester-strap\" target=\"_blank\" rel=\"noopener\">sangles en fibre de polyester<\/a> et des sangles en acier. La bo\u00eete \u00e0 outils permet de ranger les outils et les accessoires d'emballage. Facile \u00e0 utiliser, l\u00e9ger et durable. Principalement utilis\u00e9 dans les secteurs de la pierre, des mat\u00e9riaux de construction, des machines, du bois, de l'acier, de l'\u00e9lectronique, de la logistique, de l'imprimerie et autres.<\/p>\n<figure id=\"attachment_1597\" aria-describedby=\"caption-attachment-1597\" style=\"width: 960px\" class=\"wp-caption alignnone\"><img decoding=\"async\" class=\"size-full wp-image-1597\" src=\"https:\/\/www.qianyipack.com\/wp-content\/uploads\/strapping-dispenser-description-1.jpg\" alt=\"strapping dispenser description\" width=\"960\" height=\"540\" srcset=\"https:\/\/www.qianyipack.com\/wp-content\/uploads\/strapping-dispenser-description-1.jpg 960w, https:\/\/www.qianyipack.com\/wp-content\/uploads\/strapping-dispenser-description-1-800x450.jpg 800w, https:\/\/www.qianyipack.com\/wp-content\/uploads\/strapping-dispenser-description-1-300x169.jpg 300w, https:\/\/www.qianyipack.com\/wp-content\/uploads\/strapping-dispenser-description-1-768x432.jpg 768w, https:\/\/www.qianyipack.com\/wp-content\/uploads\/strapping-dispenser-description-1-18x10.jpg 18w\" sizes=\"(max-width: 960px) 100vw, 960px\" \/><figcaption id=\"caption-attachment-1597\" class=\"wp-caption-text\">description du distributeur de cerclage<\/figcaption><\/figure>","protected":false},"excerpt":{"rendered":"<p>Fixez les sangles dans le distributeur de cerclage pour \u00e9viter efficacement que les sangles ne s'\u00e9parpillent. Lors de l'emballage, utilisez le dispositif de freinage pour contr\u00f4ler la longueur requise de la courroie d'emballage. La conception conviviale de la bo\u00eete \u00e0 outils peut g\u00e9rer de mani\u00e8re centralis\u00e9e les outils d'emballage dispers\u00e9s.<\/p>","protected":false},"featured_media":1600,"template":"","meta":{"ocean_post_layout":"","ocean_both_sidebars_style":"","ocean_both_sidebars_content_width":0,"ocean_both_sidebars_sidebars_width":0,"ocean_sidebar":"0","ocean_second_sidebar":"0","ocean_disable_margins":"enable","ocean_add_body_class":"","ocean_shortcode_before_top_bar":"","ocean_shortcode_after_top_bar":"","ocean_shortcode_before_header":"","ocean_shortcode_after_header":"","ocean_has_shortcode":"","ocean_shortcode_after_title":"","ocean_shortcode_before_footer_widgets":"","ocean_shortcode_after_footer_widgets":"","ocean_shortcode_before_footer_bottom":"","ocean_shortcode_after_footer_bottom":"","ocean_display_top_bar":"default","ocean_display_header":"default","ocean_header_style":"","ocean_center_header_left_menu":"0","ocean_custom_header_template":"0","ocean_custom_logo":0,"ocean_custom_retina_logo":0,"ocean_custom_logo_max_width":0,"ocean_custom_logo_tablet_max_width":0,"ocean_custom_logo_mobile_max_width":0,"ocean_custom_logo_max_height":0,"ocean_custom_logo_tablet_max_height":0,"ocean_custom_logo_mobile_max_height":0,"ocean_header_custom_menu":"0","ocean_menu_typo_font_family":"0","ocean_menu_typo_font_subset":"","ocean_menu_typo_font_size":0,"ocean_menu_typo_font_size_tablet":0,"ocean_menu_typo_font_size_mobile":0,"ocean_menu_typo_font_size_unit":"px","ocean_menu_typo_font_weight":"","ocean_menu_typo_font_weight_tablet":"","ocean_menu_typo_font_weight_mobile":"","ocean_menu_typo_transform":"","ocean_menu_typo_transform_tablet":"","ocean_menu_typo_transform_mobile":"","ocean_menu_typo_line_height":0,"ocean_menu_typo_line_height_tablet":0,"ocean_menu_typo_line_height_mobile":0,"ocean_menu_typo_line_height_unit":"","ocean_menu_typo_spacing":0,"ocean_menu_typo_spacing_tablet":0,"ocean_menu_typo_spacing_mobile":0,"ocean_menu_typo_spacing_unit":"","ocean_menu_link_color":"","ocean_menu_link_color_hover":"","ocean_menu_link_color_active":"","ocean_menu_link_background":"","ocean_menu_link_hover_background":"","ocean_menu_link_active_background":"","ocean_menu_social_links_bg":"","ocean_menu_social_hover_links_bg":"","ocean_menu_social_links_color":"","ocean_menu_social_hover_links_color":"","ocean_disable_title":"default","ocean_disable_heading":"default","ocean_post_title":"","ocean_post_subheading":"","ocean_post_title_style":"","ocean_post_title_background_color":"","ocean_post_title_background":0,"ocean_post_title_bg_image_position":"","ocean_post_title_bg_image_attachment":"","ocean_post_title_bg_image_repeat":"","ocean_post_title_bg_image_size":"","ocean_post_title_height":0,"ocean_post_title_bg_overlay":0.5,"ocean_post_title_bg_overlay_color":"","ocean_disable_breadcrumbs":"default","ocean_breadcrumbs_color":"","ocean_breadcrumbs_separator_color":"","ocean_breadcrumbs_links_color":"","ocean_breadcrumbs_links_hover_color":"","ocean_display_footer_widgets":"default","ocean_display_footer_bottom":"default","ocean_custom_footer_template":"0","osh_disable_topbar_sticky":"default","osh_disable_header_sticky":"default","osh_sticky_header_style":"default","osh_sticky_header_effect":"","osh_custom_sticky_logo":0,"osh_custom_retina_sticky_logo":0,"osh_custom_sticky_logo_height":0,"osh_background_color":"","osh_links_color":"","osh_links_hover_color":"","osh_links_active_color":"","osh_links_bg_color":"","osh_links_hover_bg_color":"","osh_links_active_bg_color":"","osh_menu_social_links_color":"","osh_menu_social_hover_links_color":""},"product_brand":[],"product_cat":[46],"product_tag":[74,73,75],"class_list":{"0":"post-1594","1":"product","2":"type-product","3":"status-publish","4":"has-post-thumbnail","6":"product_cat-strapping-dispenser","7":"product_tag-strapping-bracket","8":"product_tag-strapping-dispenser","9":"product_tag-strapping-tray-trolley","11":"entry","12":"has-media","14":"first","15":"instock","16":"shipping-taxable","17":"product-type-external","18":"col","19":"span_1_of_3","20":"owp-content-center","21":"owp-thumbs-layout-horizontal","22":"owp-btn-very-big","23":"owp-tabs-layout-horizontal"},"_links":{"self":[{"href":"https:\/\/www.qianyipack.com\/fr\/wp-json\/wp\/v2\/product\/1594","targetHints":{"allow":["GET"]}}],"collection":[{"href":"https:\/\/www.qianyipack.com\/fr\/wp-json\/wp\/v2\/product"}],"about":[{"href":"https:\/\/www.qianyipack.com\/fr\/wp-json\/wp\/v2\/types\/product"}],"wp:featuredmedia":[{"embeddable":true,"href":"https:\/\/www.qianyipack.com\/fr\/wp-json\/wp\/v2\/media\/1600"}],"wp:attachment":[{"href":"https:\/\/www.qianyipack.com\/fr\/wp-json\/wp\/v2\/media?parent=1594"}],"wp:term":[{"taxonomy":"product_brand","embeddable":true,"href":"https:\/\/www.qianyipack.com\/fr\/wp-json\/wp\/v2\/product_brand?post=1594"},{"taxonomy":"product_cat","embeddable":true,"href":"https:\/\/www.qianyipack.com\/fr\/wp-json\/wp\/v2\/product_cat?post=1594"},{"taxonomy":"product_tag","embeddable":true,"href":"https:\/\/www.qianyipack.com\/fr\/wp-json\/wp\/v2\/product_tag?post=1594"}],"curies":[{"name":"wp","href":"https:\/\/api.w.org\/{rel}","templated":true}]}}