{"id":1848,"date":"2021-10-25T00:08:04","date_gmt":"2021-10-25T08:08:04","guid":{"rendered":"https:\/\/www.qianyipack.com\/?post_type=product&#038;p=1848"},"modified":"2021-11-23T17:04:01","modified_gmt":"2021-11-24T01:04:01","slug":"iron-strapping-dispenser-reel-cart-for-steel-strapping","status":"publish","type":"product","link":"https:\/\/www.qianyipack.com\/fr\/produit\/iron-strapping-dispenser-reel-cart-for-steel-strapping","title":{"rendered":"Chariot de bobine de distributeur de cerclage pour le cerclage"},"content":{"rendered":"<p>Le distributeur de cerclage est de style europ\u00e9en, facile \u00e0 d\u00e9monter et \u00e0 assembler, l\u00e9ger et ferme. Le chariot de cerclage est \u00e9quip\u00e9 d'une bo\u00eete de chargement, qui peut mettre des outils de cerclage tels qu'une presse \u00e0 balles ou une boucle en acier \u00e0 l'int\u00e9rieur. Son ch\u00e2ssis est dot\u00e9 d'une fonction de frein de roue, ce qui est pratique pour une utilisation mobile et emp\u00eache la ceinture d'emballage de se disperser et de s'emm\u00ealer.<\/p>\n<figure id=\"attachment_1845\" aria-describedby=\"caption-attachment-1845\" style=\"width: 900px\" class=\"wp-caption alignnone\"><img fetchpriority=\"high\" decoding=\"async\" class=\"size-full wp-image-1845\" src=\"https:\/\/www.qianyipack.com\/wp-content\/uploads\/iron-strapping-dispenser-application-1.jpg\" alt=\"iron strapping dispenser application (1)\" width=\"900\" height=\"600\" srcset=\"https:\/\/www.qianyipack.com\/wp-content\/uploads\/iron-strapping-dispenser-application-1.jpg 900w, https:\/\/www.qianyipack.com\/wp-content\/uploads\/iron-strapping-dispenser-application-1-800x533.jpg 800w, https:\/\/www.qianyipack.com\/wp-content\/uploads\/iron-strapping-dispenser-application-1-300x200.jpg 300w, https:\/\/www.qianyipack.com\/wp-content\/uploads\/iron-strapping-dispenser-application-1-768x512.jpg 768w, https:\/\/www.qianyipack.com\/wp-content\/uploads\/iron-strapping-dispenser-application-1-18x12.jpg 18w\" sizes=\"(max-width: 900px) 100vw, 900px\" \/><figcaption id=\"caption-attachment-1845\" class=\"wp-caption-text\">application de distributeur de cerclage en fer (1)<\/figcaption><\/figure>\n<h3>Caract\u00e9ristique<\/h3>\n<p>Conception confortable. La hauteur de la <a href=\"https:\/\/www.qianyipack.com\/en\/product-category\/strapping-dispenser\" target=\"_blank\" rel=\"noopener\">distributeur de cerclage<\/a> La hauteur du corps est de 1 m\u00e8tre, ce qui correspond \u00e0 la hauteur de fonctionnement la plus confortable pour le corps humain. Le corps est inclin\u00e9 de mani\u00e8re r\u00e9guli\u00e8re, et il n'est pas facile de se fatiguer lorsqu'on le tire.<\/p>\n<p>Acier forg\u00e9 solide. Le mat\u00e9riau de la bobine de cerclage est en acier forg\u00e9 solide, durable, r\u00e9sistant et r\u00e9sistant \u00e0 l'usure. \u00c9paississez la paroi int\u00e9rieure pour obtenir une qualit\u00e9 stable.<\/p>\n<p>Surface en acier peint. La surface de la bobine de cerclage est trait\u00e9e avec une technologie de peinture au four, qui ne tombe pas facilement et ne se d\u00e9colore pas, et est r\u00e9sistante \u00e0 la rouille et \u00e0 la corrosion.<\/p>\n<p>Conception de godet de remorquage. Le corps principal est \u00e9quip\u00e9 d'un godet de dragage qui peut mettre toutes sortes d'outils, et il est plus pratique d'y mettre toutes sortes d'outils n\u00e9cessaires pour l'emballage.<\/p>\n<p>\u00c9paissir la roue. Le corps principal est \u00e9quip\u00e9 de roues industrielles, en caoutchouc solide r\u00e9sistant \u00e0 l'usure, et des roulements de haute qualit\u00e9 sont utilis\u00e9s \u00e0 l'int\u00e9rieur pour entra\u00eener les roues \u00e0 tourner, ce qui est plus durable.<\/p>\n<figure id=\"attachment_1847\" aria-describedby=\"caption-attachment-1847\" style=\"width: 900px\" class=\"wp-caption alignnone\"><img decoding=\"async\" class=\"size-full wp-image-1847\" src=\"https:\/\/www.qianyipack.com\/wp-content\/uploads\/iron-strapping-dispenser-application-3.jpg\" alt=\"iron strapping dispenser application (3)\" width=\"900\" height=\"600\" srcset=\"https:\/\/www.qianyipack.com\/wp-content\/uploads\/iron-strapping-dispenser-application-3.jpg 900w, https:\/\/www.qianyipack.com\/wp-content\/uploads\/iron-strapping-dispenser-application-3-800x533.jpg 800w, https:\/\/www.qianyipack.com\/wp-content\/uploads\/iron-strapping-dispenser-application-3-300x200.jpg 300w, https:\/\/www.qianyipack.com\/wp-content\/uploads\/iron-strapping-dispenser-application-3-768x512.jpg 768w, https:\/\/www.qianyipack.com\/wp-content\/uploads\/iron-strapping-dispenser-application-3-18x12.jpg 18w\" sizes=\"(max-width: 900px) 100vw, 900px\" \/><figcaption id=\"caption-attachment-1847\" class=\"wp-caption-text\">application de distributeur de cerclage en fer (3)<\/figcaption><\/figure>\n<h3>sp\u00e9cification<\/h3>\n<p class=\" translation-block\">Nom du produit\u00a0: distributeur de cerclage<br>\nProduits applicables: sangle de cerclage en fer\/sangle en acier<br>\nMod\u00e8le de produit : XB39<br>\nTaille du produit : 710*310*1030mm<br>\nQuantit\u00e9 de produit\u00a0: 1\u00a0ensemble\/bo\u00eete<br>\nPoids du produit\u00a0: 15\u00a0kg<br>\nEmballage du produit\u00a0: carton<br>\nCapacit\u00e9 de charge du wagon : 120kg<\/p>\n<h3>Application<\/h3>\n<p>Les distributeurs de cerclage en fer appliquent des cerclages en fer de 13 \u00e0 32 mm de large, des sangles en acier, des sangles galvanis\u00e9es, les roulements des deux c\u00f4t\u00e9s sont r\u00e9tractables et la largeur du plateau peut \u00eatre automatiquement ajust\u00e9e en fonction du diam\u00e8tre de la sangle. Le cerclage est fix\u00e9 sans sens, et le cerclage peut \u00eatre tir\u00e9 de bas en haut, de part et d'autre.<\/p>\n<figure id=\"attachment_1846\" aria-describedby=\"caption-attachment-1846\" style=\"width: 900px\" class=\"wp-caption alignnone\"><img decoding=\"async\" class=\"size-full wp-image-1846\" src=\"https:\/\/www.qianyipack.com\/wp-content\/uploads\/iron-strapping-dispenser-application-2.jpg\" alt=\"iron strapping dispenser application (2)\" width=\"900\" height=\"506\" srcset=\"https:\/\/www.qianyipack.com\/wp-content\/uploads\/iron-strapping-dispenser-application-2.jpg 900w, https:\/\/www.qianyipack.com\/wp-content\/uploads\/iron-strapping-dispenser-application-2-800x450.jpg 800w, https:\/\/www.qianyipack.com\/wp-content\/uploads\/iron-strapping-dispenser-application-2-300x169.jpg 300w, https:\/\/www.qianyipack.com\/wp-content\/uploads\/iron-strapping-dispenser-application-2-768x432.jpg 768w, https:\/\/www.qianyipack.com\/wp-content\/uploads\/iron-strapping-dispenser-application-2-18x10.jpg 18w\" sizes=\"(max-width: 900px) 100vw, 900px\" \/><figcaption id=\"caption-attachment-1846\" class=\"wp-caption-text\">application de distributeur de cerclage en fer (2)<\/figcaption><\/figure>","protected":false},"excerpt":{"rendered":"<p>Les distributeurs de cerclage en fer appliquent des cerclages en fer de 13 \u00e0 32 mm de large, des sangles en acier, des sangles galvanis\u00e9es, les roulements des deux c\u00f4t\u00e9s sont r\u00e9tractables et la largeur du plateau peut \u00eatre automatiquement ajust\u00e9e en fonction du diam\u00e8tre de la sangle. Le cerclage est fix\u00e9 sans sens, et le cerclage peut \u00eatre tir\u00e9 de bas en haut, de part et d'autre.<\/p>","protected":false},"featured_media":1843,"template":"","meta":{"ocean_post_layout":"","ocean_both_sidebars_style":"","ocean_both_sidebars_content_width":0,"ocean_both_sidebars_sidebars_width":0,"ocean_sidebar":"0","ocean_second_sidebar":"0","ocean_disable_margins":"enable","ocean_add_body_class":"","ocean_shortcode_before_top_bar":"","ocean_shortcode_after_top_bar":"","ocean_shortcode_before_header":"","ocean_shortcode_after_header":"","ocean_has_shortcode":"","ocean_shortcode_after_title":"","ocean_shortcode_before_footer_widgets":"","ocean_shortcode_after_footer_widgets":"","ocean_shortcode_before_footer_bottom":"","ocean_shortcode_after_footer_bottom":"","ocean_display_top_bar":"default","ocean_display_header":"default","ocean_header_style":"","ocean_center_header_left_menu":"0","ocean_custom_header_template":"0","ocean_custom_logo":0,"ocean_custom_retina_logo":0,"ocean_custom_logo_max_width":0,"ocean_custom_logo_tablet_max_width":0,"ocean_custom_logo_mobile_max_width":0,"ocean_custom_logo_max_height":0,"ocean_custom_logo_tablet_max_height":0,"ocean_custom_logo_mobile_max_height":0,"ocean_header_custom_menu":"0","ocean_menu_typo_font_family":"0","ocean_menu_typo_font_subset":"","ocean_menu_typo_font_size":0,"ocean_menu_typo_font_size_tablet":0,"ocean_menu_typo_font_size_mobile":0,"ocean_menu_typo_font_size_unit":"px","ocean_menu_typo_font_weight":"","ocean_menu_typo_font_weight_tablet":"","ocean_menu_typo_font_weight_mobile":"","ocean_menu_typo_transform":"","ocean_menu_typo_transform_tablet":"","ocean_menu_typo_transform_mobile":"","ocean_menu_typo_line_height":0,"ocean_menu_typo_line_height_tablet":0,"ocean_menu_typo_line_height_mobile":0,"ocean_menu_typo_line_height_unit":"","ocean_menu_typo_spacing":0,"ocean_menu_typo_spacing_tablet":0,"ocean_menu_typo_spacing_mobile":0,"ocean_menu_typo_spacing_unit":"","ocean_menu_link_color":"","ocean_menu_link_color_hover":"","ocean_menu_link_color_active":"","ocean_menu_link_background":"","ocean_menu_link_hover_background":"","ocean_menu_link_active_background":"","ocean_menu_social_links_bg":"","ocean_menu_social_hover_links_bg":"","ocean_menu_social_links_color":"","ocean_menu_social_hover_links_color":"","ocean_disable_title":"default","ocean_disable_heading":"default","ocean_post_title":"","ocean_post_subheading":"","ocean_post_title_style":"","ocean_post_title_background_color":"","ocean_post_title_background":0,"ocean_post_title_bg_image_position":"","ocean_post_title_bg_image_attachment":"","ocean_post_title_bg_image_repeat":"","ocean_post_title_bg_image_size":"","ocean_post_title_height":0,"ocean_post_title_bg_overlay":0.5,"ocean_post_title_bg_overlay_color":"","ocean_disable_breadcrumbs":"default","ocean_breadcrumbs_color":"","ocean_breadcrumbs_separator_color":"","ocean_breadcrumbs_links_color":"","ocean_breadcrumbs_links_hover_color":"","ocean_display_footer_widgets":"default","ocean_display_footer_bottom":"default","ocean_custom_footer_template":"0","osh_disable_topbar_sticky":"default","osh_disable_header_sticky":"default","osh_sticky_header_style":"default","osh_sticky_header_effect":"","osh_custom_sticky_logo":0,"osh_custom_retina_sticky_logo":0,"osh_custom_sticky_logo_height":0,"osh_background_color":"","osh_links_color":"","osh_links_hover_color":"","osh_links_active_color":"","osh_links_bg_color":"","osh_links_hover_bg_color":"","osh_links_active_bg_color":"","osh_menu_social_links_color":"","osh_menu_social_hover_links_color":""},"product_brand":[],"product_cat":[46],"product_tag":[73,80,75],"class_list":{"0":"post-1848","1":"product","2":"type-product","3":"status-publish","4":"has-post-thumbnail","6":"product_cat-strapping-dispenser","7":"product_tag-strapping-dispenser","8":"product_tag-strapping-reel-cart","9":"product_tag-strapping-tray-trolley","11":"entry","12":"has-media","14":"first","15":"instock","16":"shipping-taxable","17":"product-type-external","18":"col","19":"span_1_of_3","20":"owp-content-center","21":"owp-thumbs-layout-horizontal","22":"owp-btn-very-big","23":"owp-tabs-layout-horizontal"},"_links":{"self":[{"href":"https:\/\/www.qianyipack.com\/fr\/wp-json\/wp\/v2\/product\/1848","targetHints":{"allow":["GET"]}}],"collection":[{"href":"https:\/\/www.qianyipack.com\/fr\/wp-json\/wp\/v2\/product"}],"about":[{"href":"https:\/\/www.qianyipack.com\/fr\/wp-json\/wp\/v2\/types\/product"}],"wp:featuredmedia":[{"embeddable":true,"href":"https:\/\/www.qianyipack.com\/fr\/wp-json\/wp\/v2\/media\/1843"}],"wp:attachment":[{"href":"https:\/\/www.qianyipack.com\/fr\/wp-json\/wp\/v2\/media?parent=1848"}],"wp:term":[{"taxonomy":"product_brand","embeddable":true,"href":"https:\/\/www.qianyipack.com\/fr\/wp-json\/wp\/v2\/product_brand?post=1848"},{"taxonomy":"product_cat","embeddable":true,"href":"https:\/\/www.qianyipack.com\/fr\/wp-json\/wp\/v2\/product_cat?post=1848"},{"taxonomy":"product_tag","embeddable":true,"href":"https:\/\/www.qianyipack.com\/fr\/wp-json\/wp\/v2\/product_tag?post=1848"}],"curies":[{"name":"wp","href":"https:\/\/api.w.org\/{rel}","templated":true}]}}