{"id":2017,"date":"2021-10-27T00:30:39","date_gmt":"2021-10-27T08:30:39","guid":{"rendered":"https:\/\/www.qianyipack.com\/?post_type=product&#038;p=2017"},"modified":"2021-11-23T17:45:14","modified_gmt":"2021-11-24T01:45:14","slug":"40mm-soft-polyester-woven-heavy-duty-lashing-strap","status":"publish","type":"product","link":"https:\/\/www.qianyipack.com\/fr\/produit\/40mm-soft-polyester-woven-heavy-duty-lashing-strap","title":{"rendered":"Sangle d'arrimage robuste tiss\u00e9e en polyester souple de 40 mm"},"content":{"rendered":"<p class=\" translation-block\">Comme la sangle tiss\u00e9e robuste est r\u00e9sistante \u00e0 l'huile, \u00e0 la graisse, \u00e0 l'acide dilu\u00e9, \u00e0 l'alcali dilu\u00e9 et \u00e0 la plupart des solvants, il est utile de hisser les produits de peinture, les produits en plastique, le levage de machines-outils et le traitement de surface ou les tubes anti-corrosion et hydratants et tuyaux. Chargement, d\u00e9chargement et fixation d'objets.<br>\nLe cerclage doit \u00eatre mis au rebut dans les conditions suivantes pendant l'utilisation\u00a0:<br>\nLa sangle, y compris la housse de protection, est tr\u00e8s us\u00e9e, perfor\u00e9e, vieillissante, coup\u00e9e et d\u00e9chir\u00e9e.<br>\nLa fibre de la ceinture de cerclage porteuse est vieillissante, ramollie, moins \u00e9lastique et moins r\u00e9sistante.<br>\nLes coutures sont effiloch\u00e9es et les coutures sont effiloch\u00e9es.<br>\nLa surface de la fibre est rugueuse et facile \u00e0 d\u00e9coller.<br>\nLa fronde a un n\u0153ud mort.<br>\nPoints l\u00e2ches excessifs sur la surface de l'\u00e9lingue, corrosion de l'acide et de l'alcali, et fusion thermique ou roussissement.<\/p>\n<figure id=\"attachment_2003\" aria-describedby=\"caption-attachment-2003\" style=\"width: 960px\" class=\"wp-caption alignnone\"><img fetchpriority=\"high\" decoding=\"async\" class=\"size-full wp-image-2003\" src=\"https:\/\/www.qianyipack.com\/wp-content\/uploads\/40mm-heavy-duty-strap-5.jpg\" alt=\"40mm heavy-duty strap (5)\" width=\"960\" height=\"540\" srcset=\"https:\/\/www.qianyipack.com\/wp-content\/uploads\/40mm-heavy-duty-strap-5.jpg 960w, https:\/\/www.qianyipack.com\/wp-content\/uploads\/40mm-heavy-duty-strap-5-800x450.jpg 800w, https:\/\/www.qianyipack.com\/wp-content\/uploads\/40mm-heavy-duty-strap-5-300x169.jpg 300w, https:\/\/www.qianyipack.com\/wp-content\/uploads\/40mm-heavy-duty-strap-5-768x432.jpg 768w, https:\/\/www.qianyipack.com\/wp-content\/uploads\/40mm-heavy-duty-strap-5-18x10.jpg 18w\" sizes=\"(max-width: 960px) 100vw, 960px\" \/><figcaption id=\"caption-attachment-2003\" class=\"wp-caption-text\">Sangle robuste de 40 mm (5)<\/figcaption><\/figure>\n<h3>sp\u00e9cification<\/h3>\n<figure id=\"attachment_2005\" aria-describedby=\"caption-attachment-2005\" style=\"width: 960px\" class=\"wp-caption alignnone\"><img decoding=\"async\" class=\"size-full wp-image-2005\" src=\"https:\/\/www.qianyipack.com\/wp-content\/uploads\/40mm-woven-strapping-specification.jpg\" alt=\"40mm woven strapping specification\" width=\"960\" height=\"645\" srcset=\"https:\/\/www.qianyipack.com\/wp-content\/uploads\/40mm-woven-strapping-specification.jpg 960w, https:\/\/www.qianyipack.com\/wp-content\/uploads\/40mm-woven-strapping-specification-800x538.jpg 800w, https:\/\/www.qianyipack.com\/wp-content\/uploads\/40mm-woven-strapping-specification-300x202.jpg 300w, https:\/\/www.qianyipack.com\/wp-content\/uploads\/40mm-woven-strapping-specification-768x516.jpg 768w, https:\/\/www.qianyipack.com\/wp-content\/uploads\/40mm-woven-strapping-specification-18x12.jpg 18w\" sizes=\"(max-width: 960px) 100vw, 960px\" \/><figcaption id=\"caption-attachment-2005\" class=\"wp-caption-text\">Sp\u00e9cification de cerclage tiss\u00e9 de 40 mm<\/figcaption><\/figure>\n<h3>Caract\u00e9ristique<\/h3>\n<p class=\" translation-block\">Il est l\u00e9ger, 20% du poids d'un \u00e9pandeur de m\u00e9tal, et facile \u00e0 utiliser.<br>\nIl n'endommage pas la surface de l'objet suspendu.<br>\nIl am\u00e9liore l'efficacit\u00e9 du travail et r\u00e9duit les co\u00fbts.<br>\nIl a une bonne r\u00e9sistance \u00e0 la corrosion et \u00e0 l'usure.<br>\nIl a un large \u00e9ventail d'utilisations: utilis\u00e9 dans les ports, les produits chimiques, l'acier, les machines, le p\u00e9trole, l'\u00e9nergie \u00e9lectrique, les chemins de fer, les mines, la m\u00e9tallurgie, la construction navale, les automobiles, l'a\u00e9rospatiale, l'arm\u00e9e, l'installation et d'autres domaines industriels.<\/p>\n<h3>Avis<\/h3>\n<p class=\" translation-block\">N'utilisez pas d'\u00e9lingues endommag\u00e9es.<br>\nLors du levage, ne pas tordre ou tordre l'\u00e9lingue.<br>\nNe laissez pas l'\u00e9charpe se nouer.<br>\n\u00c9vitez de d\u00e9chirer les joints de couture ou de surcharger le travail.<br>\nLorsque vous d\u00e9placez le harnais, ne le faites pas glisser.<br>\n\u00c9vitez de saisir ou de secouer la charge.<br>\nChaque \u00e9lingue doit \u00eatre v\u00e9rifi\u00e9e avant chaque utilisation.<\/p>\n<figure id=\"attachment_2004\" aria-describedby=\"caption-attachment-2004\" style=\"width: 960px\" class=\"wp-caption alignnone\"><img decoding=\"async\" class=\"size-full wp-image-2004\" src=\"https:\/\/www.qianyipack.com\/wp-content\/uploads\/40mm-heavy-duty-strap-6.jpg\" alt=\"40mm heavy-duty strap (6)\" width=\"960\" height=\"540\" srcset=\"https:\/\/www.qianyipack.com\/wp-content\/uploads\/40mm-heavy-duty-strap-6.jpg 960w, https:\/\/www.qianyipack.com\/wp-content\/uploads\/40mm-heavy-duty-strap-6-800x450.jpg 800w, https:\/\/www.qianyipack.com\/wp-content\/uploads\/40mm-heavy-duty-strap-6-300x169.jpg 300w, https:\/\/www.qianyipack.com\/wp-content\/uploads\/40mm-heavy-duty-strap-6-768x432.jpg 768w, https:\/\/www.qianyipack.com\/wp-content\/uploads\/40mm-heavy-duty-strap-6-18x10.jpg 18w\" sizes=\"(max-width: 960px) 100vw, 960px\" \/><figcaption id=\"caption-attachment-2004\" class=\"wp-caption-text\">Sangle robuste de 40 mm (6)<\/figcaption><\/figure>","protected":false},"excerpt":{"rendered":"<div id=\"outer-wrap\" class=\"site clr\">\n<div id=\"wrap\" class=\"clr\">\n<div id=\"outer-wrap\" class=\"site clr\">\n<div id=\"wrap\" class=\"clr\">\n<p>L'arrimage robuste a les caract\u00e9ristiques d'\u00eatre l\u00e9ger, doux, \u00e0 coefficient \u00e9lev\u00e9, bonne r\u00e9sistance au pliage, longue dur\u00e9e de vie, pas de perm\u00e9abilit\u00e9 au gaz et \u00e0 la vapeur d'eau en raison de sa zone de contact large et plate, n'endommage pas l'objet suspendu, et ainsi au. Largement utilis\u00e9 dans divers domaines, rempla\u00e7ant progressivement les \u00e9lingues en c\u00e2ble d'acier.<\/p>\n<\/div>\n<\/div>\n<\/div>\n<\/div>","protected":false},"featured_media":1999,"template":"","meta":{"ocean_post_layout":"","ocean_both_sidebars_style":"","ocean_both_sidebars_content_width":0,"ocean_both_sidebars_sidebars_width":0,"ocean_sidebar":"0","ocean_second_sidebar":"0","ocean_disable_margins":"enable","ocean_add_body_class":"","ocean_shortcode_before_top_bar":"","ocean_shortcode_after_top_bar":"","ocean_shortcode_before_header":"","ocean_shortcode_after_header":"","ocean_has_shortcode":"","ocean_shortcode_after_title":"","ocean_shortcode_before_footer_widgets":"","ocean_shortcode_after_footer_widgets":"","ocean_shortcode_before_footer_bottom":"","ocean_shortcode_after_footer_bottom":"","ocean_display_top_bar":"default","ocean_display_header":"default","ocean_header_style":"","ocean_center_header_left_menu":"0","ocean_custom_header_template":"0","ocean_custom_logo":0,"ocean_custom_retina_logo":0,"ocean_custom_logo_max_width":0,"ocean_custom_logo_tablet_max_width":0,"ocean_custom_logo_mobile_max_width":0,"ocean_custom_logo_max_height":0,"ocean_custom_logo_tablet_max_height":0,"ocean_custom_logo_mobile_max_height":0,"ocean_header_custom_menu":"0","ocean_menu_typo_font_family":"0","ocean_menu_typo_font_subset":"","ocean_menu_typo_font_size":0,"ocean_menu_typo_font_size_tablet":0,"ocean_menu_typo_font_size_mobile":0,"ocean_menu_typo_font_size_unit":"px","ocean_menu_typo_font_weight":"","ocean_menu_typo_font_weight_tablet":"","ocean_menu_typo_font_weight_mobile":"","ocean_menu_typo_transform":"","ocean_menu_typo_transform_tablet":"","ocean_menu_typo_transform_mobile":"","ocean_menu_typo_line_height":0,"ocean_menu_typo_line_height_tablet":0,"ocean_menu_typo_line_height_mobile":0,"ocean_menu_typo_line_height_unit":"","ocean_menu_typo_spacing":0,"ocean_menu_typo_spacing_tablet":0,"ocean_menu_typo_spacing_mobile":0,"ocean_menu_typo_spacing_unit":"","ocean_menu_link_color":"","ocean_menu_link_color_hover":"","ocean_menu_link_color_active":"","ocean_menu_link_background":"","ocean_menu_link_hover_background":"","ocean_menu_link_active_background":"","ocean_menu_social_links_bg":"","ocean_menu_social_hover_links_bg":"","ocean_menu_social_links_color":"","ocean_menu_social_hover_links_color":"","ocean_disable_title":"default","ocean_disable_heading":"default","ocean_post_title":"","ocean_post_subheading":"","ocean_post_title_style":"","ocean_post_title_background_color":"","ocean_post_title_background":0,"ocean_post_title_bg_image_position":"","ocean_post_title_bg_image_attachment":"","ocean_post_title_bg_image_repeat":"","ocean_post_title_bg_image_size":"","ocean_post_title_height":0,"ocean_post_title_bg_overlay":0.5,"ocean_post_title_bg_overlay_color":"","ocean_disable_breadcrumbs":"default","ocean_breadcrumbs_color":"","ocean_breadcrumbs_separator_color":"","ocean_breadcrumbs_links_color":"","ocean_breadcrumbs_links_hover_color":"","ocean_display_footer_widgets":"default","ocean_display_footer_bottom":"default","ocean_custom_footer_template":"0","osh_disable_topbar_sticky":"default","osh_disable_header_sticky":"default","osh_sticky_header_style":"default","osh_sticky_header_effect":"","osh_custom_sticky_logo":0,"osh_custom_retina_sticky_logo":0,"osh_custom_sticky_logo_height":0,"osh_background_color":"","osh_links_color":"","osh_links_hover_color":"","osh_links_active_color":"","osh_links_bg_color":"","osh_links_hover_bg_color":"","osh_links_active_bg_color":"","osh_menu_social_links_color":"","osh_menu_social_hover_links_color":""},"product_brand":[],"product_cat":[38],"product_tag":[89,90,88],"class_list":{"0":"post-2017","1":"product","2":"type-product","3":"status-publish","4":"has-post-thumbnail","6":"product_cat-woven-polyester-strap","7":"product_tag-polyester-cord-strapping","8":"product_tag-woven-polyester-strapping","9":"product_tag-woven-strap","11":"entry","12":"has-media","14":"first","15":"instock","16":"shipping-taxable","17":"product-type-external","18":"col","19":"span_1_of_3","20":"owp-content-center","21":"owp-thumbs-layout-horizontal","22":"owp-btn-very-big","23":"owp-tabs-layout-horizontal"},"_links":{"self":[{"href":"https:\/\/www.qianyipack.com\/fr\/wp-json\/wp\/v2\/product\/2017","targetHints":{"allow":["GET"]}}],"collection":[{"href":"https:\/\/www.qianyipack.com\/fr\/wp-json\/wp\/v2\/product"}],"about":[{"href":"https:\/\/www.qianyipack.com\/fr\/wp-json\/wp\/v2\/types\/product"}],"wp:featuredmedia":[{"embeddable":true,"href":"https:\/\/www.qianyipack.com\/fr\/wp-json\/wp\/v2\/media\/1999"}],"wp:attachment":[{"href":"https:\/\/www.qianyipack.com\/fr\/wp-json\/wp\/v2\/media?parent=2017"}],"wp:term":[{"taxonomy":"product_brand","embeddable":true,"href":"https:\/\/www.qianyipack.com\/fr\/wp-json\/wp\/v2\/product_brand?post=2017"},{"taxonomy":"product_cat","embeddable":true,"href":"https:\/\/www.qianyipack.com\/fr\/wp-json\/wp\/v2\/product_cat?post=2017"},{"taxonomy":"product_tag","embeddable":true,"href":"https:\/\/www.qianyipack.com\/fr\/wp-json\/wp\/v2\/product_tag?post=2017"}],"curies":[{"name":"wp","href":"https:\/\/api.w.org\/{rel}","templated":true}]}}