{"id":2018,"date":"2021-10-27T00:56:20","date_gmt":"2021-10-27T08:56:20","guid":{"rendered":"https:\/\/www.qianyipack.com\/?post_type=product&#038;p=2018"},"modified":"2021-11-23T17:44:30","modified_gmt":"2021-11-24T01:44:30","slug":"9mm-polyester-woven-strapping-for-fixation-of-goods","status":"publish","type":"product","link":"https:\/\/www.qianyipack.com\/fr\/produit\/9mm-polyester-woven-strapping-for-fixation-of-goods","title":{"rendered":"Cerclage tiss\u00e9 en polyester de 9 mm pour la fixation des marchandises"},"content":{"rendered":"<p><a href=\"https:\/\/www.qianyipack.com\/en\/product-tag\/polyester-strapping\" target=\"_blank\" rel=\"noopener\">Cerclage tiss\u00e9 en polyester<\/a> pr\u00e9sente les avantages d'un poids l\u00e9ger, d'un entretien facile et d'une bonne r\u00e9sistance aux produits chimiques. Il pr\u00e9sente \u00e9galement d'excellentes caract\u00e9ristiques telles qu'un poids l\u00e9ger, une grande r\u00e9sistance, et il n'est pas facile d'endommager la surface de l'objet \u00e0 soulever. Il est de plus en plus populaire aupr\u00e8s des utilisateurs et remplace progressivement le c\u00e2ble d'acier dans de nombreux aspects.<\/p>\n<figure id=\"attachment_1996\" aria-describedby=\"caption-attachment-1996\" style=\"width: 960px\" class=\"wp-caption alignnone\"><img fetchpriority=\"high\" decoding=\"async\" class=\"size-full wp-image-1996\" src=\"https:\/\/www.qianyipack.com\/wp-content\/uploads\/9mm-woven-packaging-strap-5.jpg\" alt=\"9mm woven packaging strap (5)\" width=\"960\" height=\"640\" srcset=\"https:\/\/www.qianyipack.com\/wp-content\/uploads\/9mm-woven-packaging-strap-5.jpg 960w, https:\/\/www.qianyipack.com\/wp-content\/uploads\/9mm-woven-packaging-strap-5-800x533.jpg 800w, https:\/\/www.qianyipack.com\/wp-content\/uploads\/9mm-woven-packaging-strap-5-300x200.jpg 300w, https:\/\/www.qianyipack.com\/wp-content\/uploads\/9mm-woven-packaging-strap-5-768x512.jpg 768w, https:\/\/www.qianyipack.com\/wp-content\/uploads\/9mm-woven-packaging-strap-5-18x12.jpg 18w\" sizes=\"(max-width: 960px) 100vw, 960px\" \/><figcaption id=\"caption-attachment-1996\" class=\"wp-caption-text\">Sangle d'emballage tiss\u00e9e de 9 mm (5)<\/figcaption><\/figure>\n<h3>Caract\u00e9ristique<\/h3>\n<p class=\" translation-block\">Normes de sp\u00e9cification. Contr\u00f4ler strictement les normes de production de la ceinture de cerclage, de sorte que l'erreur soit contr\u00f4l\u00e9e dans la plage acceptable, la force est uniforme, la duret\u00e9 est \u00e9lev\u00e9e, il n'est pas facile \u00e0 d\u00e9former, la dur\u00e9e de vie est longue, la r\u00e9sistance \u00e0 la corrosion et l'usure la r\u00e9sistance est bonne.<br>\nArtisanat. La surface de la ceinture tiss\u00e9e est lisse et sans bavure, l'apparence est exquise, la finition est excellente, robuste et durable, elle n'endommage pas l'apparence de l'objet suspendu et l'entretien est solide.<br>\nMat\u00e9riaux s\u00e9lectionn\u00e9s. S\u00e9lection stricte des mat\u00e9riaux de cerclage, s\u00e9lection des mati\u00e8res premi\u00e8res couche par couche, chaque fois que les mat\u00e9riaux sont s\u00e9lectionn\u00e9s sur site, et un fil de polyester souple de haute r\u00e9sistance et de haute qualit\u00e9 est s\u00e9lectionn\u00e9, et le produit est soigneusement fabriqu\u00e9 \u00e0 partir de la source.<br>\nTissage scientifique. La sangle adopte une texture tiss\u00e9e \u00e0 haute \u00e9tanch\u00e9it\u00e9 pour donner la forme tiss\u00e9e au ralenti en polyester, \u00e9vitant une tension insuffisante caus\u00e9e par des joints multiples et un coefficient de s\u00e9curit\u00e9 \u00e9lev\u00e9.<br>\nFacile \u00e0 utiliser. La sangle est l\u00e9g\u00e8re, flexible, r\u00e9sistante au fluage, \u00e0 la fatigue, \u00e0 la friction, stable et facile \u00e0 manipuler.<br>\nRepassage \u00e0 haute temp\u00e9rature. Une fois notre ceinture tress\u00e9e tiss\u00e9e et form\u00e9e, elle doit \u00eatre repass\u00e9e avec une colle sp\u00e9ciale \u00e0 haute temp\u00e9rature pour am\u00e9liorer l'\u00e9tanch\u00e9it\u00e9 et la r\u00e9sistance au glissement de la ceinture tress\u00e9e.<\/p>\n<figure id=\"attachment_1998\" aria-describedby=\"caption-attachment-1998\" style=\"width: 960px\" class=\"wp-caption alignnone\"><img decoding=\"async\" class=\"size-full wp-image-1998\" src=\"https:\/\/www.qianyipack.com\/wp-content\/uploads\/9mm-woven-strap-specification.jpg\" alt=\"9mm woven strap specification\" width=\"960\" height=\"506\" srcset=\"https:\/\/www.qianyipack.com\/wp-content\/uploads\/9mm-woven-strap-specification.jpg 960w, https:\/\/www.qianyipack.com\/wp-content\/uploads\/9mm-woven-strap-specification-800x422.jpg 800w, https:\/\/www.qianyipack.com\/wp-content\/uploads\/9mm-woven-strap-specification-300x158.jpg 300w, https:\/\/www.qianyipack.com\/wp-content\/uploads\/9mm-woven-strap-specification-768x405.jpg 768w, https:\/\/www.qianyipack.com\/wp-content\/uploads\/9mm-woven-strap-specification-18x9.jpg 18w\" sizes=\"(max-width: 960px) 100vw, 960px\" \/><figcaption id=\"caption-attachment-1998\" class=\"wp-caption-text\">Sp\u00e9cification de sangle tiss\u00e9e de 9 mm<\/figcaption><\/figure>\n<h3>Application<\/h3>\n<p>Principalement utilis\u00e9 pour le levage des grues d'ing\u00e9nierie portuaire, des \u00e9quipements miniers m\u00e9tallurgiques, des prix nets des champs p\u00e9trolif\u00e8res, des \u00e9quipements \u00e9lectriques, des aci\u00e9ries, des champs p\u00e9trolif\u00e8res, des ports, de l'\u00e9lectrom\u00e9canique, du transport et d'autres industries.<\/p>\n<figure id=\"attachment_1997\" aria-describedby=\"caption-attachment-1997\" style=\"width: 960px\" class=\"wp-caption alignnone\"><img decoding=\"async\" class=\"size-full wp-image-1997\" src=\"https:\/\/www.qianyipack.com\/wp-content\/uploads\/9mm-woven-packaging-strap-6.jpg\" alt=\"9mm woven packaging strap (6)\" width=\"960\" height=\"540\" srcset=\"https:\/\/www.qianyipack.com\/wp-content\/uploads\/9mm-woven-packaging-strap-6.jpg 960w, https:\/\/www.qianyipack.com\/wp-content\/uploads\/9mm-woven-packaging-strap-6-800x450.jpg 800w, https:\/\/www.qianyipack.com\/wp-content\/uploads\/9mm-woven-packaging-strap-6-300x169.jpg 300w, https:\/\/www.qianyipack.com\/wp-content\/uploads\/9mm-woven-packaging-strap-6-768x432.jpg 768w, https:\/\/www.qianyipack.com\/wp-content\/uploads\/9mm-woven-packaging-strap-6-18x10.jpg 18w\" sizes=\"(max-width: 960px) 100vw, 960px\" \/><figcaption id=\"caption-attachment-1997\" class=\"wp-caption-text\">Sangle d'emballage tiss\u00e9e de 9 mm (6)<\/figcaption><\/figure>","protected":false},"excerpt":{"rendered":"<div id=\"outer-wrap\" class=\"site clr\">\n<div id=\"wrap\" class=\"clr\">\n<p>\u0627\u0644\u0633\u0637\u062d \u0627\u0644\u062e\u0627\u0631\u062c\u064a \u0644\u0644\u0631\u0628\u0637 \u062c\u064a\u062f \u0648\u0644\u0646 \u064a\u0633\u0628\u0628 \u0636\u0631\u0631\u064b\u0627 \u0644\u0644\u0623\u0634\u064a\u0627\u0621 \u0627\u0644\u0645\u0639\u0631\u0636\u0629 \u0644\u0644\u062e\u0637\u0631. \u0639\u0644\u0627\u0648\u0629 \u0639\u0644\u0649 \u0630\u0644\u0643 \u060c \u0647\u0646\u0627\u0643 \u0627\u0644\u0639\u062f\u064a\u062f \u0645\u0646 \u0637\u0631\u0642 \u0627\u0644\u062a\u0639\u0628\u0626\u0629 \u060c \u0648\u064a\u0645\u0643\u0646 \u0623\u064a\u0636\u064b\u0627 \u0627\u0633\u062a\u062e\u062f\u0627\u0645\u0647\u0627 \u0644\u0633\u062d\u0628 \u0627\u0644\u0623\u0634\u064a\u0627\u0621 \u0627\u0644\u0645\u0639\u0644\u0642\u0629. \u064a\u0645\u0643\u0646 \u0637\u0628\u0627\u0639\u062a\u0647 \u0645\u0639 \u0627\u0644\u0645\u0644\u0635\u0642\u0627\u062a \u0630\u0627\u062a \u0627\u0644\u0635\u0644\u0629 \u060c \u0648\u064a\u0633\u062a\u062e\u062f\u0645 \u0627\u0644\u0644\u0648\u0646 \u0644\u062a\u0645\u064a\u064a\u0632 \u062d\u0645\u0648\u0644\u0629 \u0627\u0644\u062d\u0645\u0648\u0644\u0629 \u060c \u062d\u062a\u0649 \u0644\u0648 \u0643\u0627\u0646 \u0627\u0644\u0634\u0631\u064a\u0637 \u0628\u0627\u0644\u064a\u0629 \u060c \u0641\u0645\u0646 \u0627\u0644\u0633\u0647\u0644 \u0627\u0644\u062a\u0639\u0631\u0641 \u0639\u0644\u064a\u0647.<\/p>\n<\/div>\n<\/div>","protected":false},"featured_media":1995,"template":"","meta":{"ocean_post_layout":"","ocean_both_sidebars_style":"","ocean_both_sidebars_content_width":0,"ocean_both_sidebars_sidebars_width":0,"ocean_sidebar":"0","ocean_second_sidebar":"0","ocean_disable_margins":"enable","ocean_add_body_class":"","ocean_shortcode_before_top_bar":"","ocean_shortcode_after_top_bar":"","ocean_shortcode_before_header":"","ocean_shortcode_after_header":"","ocean_has_shortcode":"","ocean_shortcode_after_title":"","ocean_shortcode_before_footer_widgets":"","ocean_shortcode_after_footer_widgets":"","ocean_shortcode_before_footer_bottom":"","ocean_shortcode_after_footer_bottom":"","ocean_display_top_bar":"default","ocean_display_header":"default","ocean_header_style":"","ocean_center_header_left_menu":"0","ocean_custom_header_template":"0","ocean_custom_logo":0,"ocean_custom_retina_logo":0,"ocean_custom_logo_max_width":0,"ocean_custom_logo_tablet_max_width":0,"ocean_custom_logo_mobile_max_width":0,"ocean_custom_logo_max_height":0,"ocean_custom_logo_tablet_max_height":0,"ocean_custom_logo_mobile_max_height":0,"ocean_header_custom_menu":"0","ocean_menu_typo_font_family":"0","ocean_menu_typo_font_subset":"","ocean_menu_typo_font_size":0,"ocean_menu_typo_font_size_tablet":0,"ocean_menu_typo_font_size_mobile":0,"ocean_menu_typo_font_size_unit":"px","ocean_menu_typo_font_weight":"","ocean_menu_typo_font_weight_tablet":"","ocean_menu_typo_font_weight_mobile":"","ocean_menu_typo_transform":"","ocean_menu_typo_transform_tablet":"","ocean_menu_typo_transform_mobile":"","ocean_menu_typo_line_height":0,"ocean_menu_typo_line_height_tablet":0,"ocean_menu_typo_line_height_mobile":0,"ocean_menu_typo_line_height_unit":"","ocean_menu_typo_spacing":0,"ocean_menu_typo_spacing_tablet":0,"ocean_menu_typo_spacing_mobile":0,"ocean_menu_typo_spacing_unit":"","ocean_menu_link_color":"","ocean_menu_link_color_hover":"","ocean_menu_link_color_active":"","ocean_menu_link_background":"","ocean_menu_link_hover_background":"","ocean_menu_link_active_background":"","ocean_menu_social_links_bg":"","ocean_menu_social_hover_links_bg":"","ocean_menu_social_links_color":"","ocean_menu_social_hover_links_color":"","ocean_disable_title":"default","ocean_disable_heading":"default","ocean_post_title":"","ocean_post_subheading":"","ocean_post_title_style":"","ocean_post_title_background_color":"","ocean_post_title_background":0,"ocean_post_title_bg_image_position":"","ocean_post_title_bg_image_attachment":"","ocean_post_title_bg_image_repeat":"","ocean_post_title_bg_image_size":"","ocean_post_title_height":0,"ocean_post_title_bg_overlay":0.5,"ocean_post_title_bg_overlay_color":"","ocean_disable_breadcrumbs":"default","ocean_breadcrumbs_color":"","ocean_breadcrumbs_separator_color":"","ocean_breadcrumbs_links_color":"","ocean_breadcrumbs_links_hover_color":"","ocean_display_footer_widgets":"default","ocean_display_footer_bottom":"default","ocean_custom_footer_template":"0","osh_disable_topbar_sticky":"default","osh_disable_header_sticky":"default","osh_sticky_header_style":"default","osh_sticky_header_effect":"","osh_custom_sticky_logo":0,"osh_custom_retina_sticky_logo":0,"osh_custom_sticky_logo_height":0,"osh_background_color":"","osh_links_color":"","osh_links_hover_color":"","osh_links_active_color":"","osh_links_bg_color":"","osh_links_hover_bg_color":"","osh_links_active_bg_color":"","osh_menu_social_links_color":"","osh_menu_social_hover_links_color":""},"product_brand":[],"product_cat":[38],"product_tag":[49,92,52],"class_list":{"0":"post-2018","1":"product","2":"type-product","3":"status-publish","4":"has-post-thumbnail","6":"product_cat-woven-polyester-strap","7":"product_tag-packaging-strap","8":"product_tag-polyester-strapping","9":"product_tag-woven-cord-strap","11":"entry","12":"has-media","14":"first","15":"instock","16":"shipping-taxable","17":"product-type-external","18":"col","19":"span_1_of_3","20":"owp-content-center","21":"owp-thumbs-layout-horizontal","22":"owp-btn-very-big","23":"owp-tabs-layout-horizontal"},"_links":{"self":[{"href":"https:\/\/www.qianyipack.com\/fr\/wp-json\/wp\/v2\/product\/2018","targetHints":{"allow":["GET"]}}],"collection":[{"href":"https:\/\/www.qianyipack.com\/fr\/wp-json\/wp\/v2\/product"}],"about":[{"href":"https:\/\/www.qianyipack.com\/fr\/wp-json\/wp\/v2\/types\/product"}],"wp:featuredmedia":[{"embeddable":true,"href":"https:\/\/www.qianyipack.com\/fr\/wp-json\/wp\/v2\/media\/1995"}],"wp:attachment":[{"href":"https:\/\/www.qianyipack.com\/fr\/wp-json\/wp\/v2\/media?parent=2018"}],"wp:term":[{"taxonomy":"product_brand","embeddable":true,"href":"https:\/\/www.qianyipack.com\/fr\/wp-json\/wp\/v2\/product_brand?post=2018"},{"taxonomy":"product_cat","embeddable":true,"href":"https:\/\/www.qianyipack.com\/fr\/wp-json\/wp\/v2\/product_cat?post=2018"},{"taxonomy":"product_tag","embeddable":true,"href":"https:\/\/www.qianyipack.com\/fr\/wp-json\/wp\/v2\/product_tag?post=2018"}],"curies":[{"name":"wp","href":"https:\/\/api.w.org\/{rel}","templated":true}]}}