{"id":2019,"date":"2021-10-27T01:13:03","date_gmt":"2021-10-27T09:13:03","guid":{"rendered":"https:\/\/www.qianyipack.com\/?post_type=product&#038;p=2019"},"modified":"2021-11-23T17:10:57","modified_gmt":"2021-11-24T01:10:57","slug":"9-32mm-manual-strapping-tensioner-for-strapping-band","status":"publish","type":"product","link":"https:\/\/www.qianyipack.com\/fr\/produit\/9-32mm-manual-strapping-tensioner-for-strapping-band","title":{"rendered":"Tendeur de cerclage manuel 9-32 mm pour bande de cerclage"},"content":{"rendered":"<p>En plus des tendeurs manuels, nous fournissons \u00e9galement des tendeurs de courroie en acier sans boucle, des tendeurs de courroie en acier manuels, des enrouleurs de courroie en acier manuels, des presses \u00e0 courroie en acier pneumatiques, des presses \u00e0 courroie en acier pneumatiques, des tendeurs de courroie en acier plastique manuels, des enrouleurs de courroie en acier plastique manuels, des courroies en acier, des enrouleurs de courroie en acier plastique et des enrouleurs de courroie en acier. <a href=\"https:\/\/www.qianyipack.com\/en\/product-tag\/strapping-tools\" target=\"_blank\" rel=\"noopener\">tendeur de courroie en fibre<\/a>, presse \u00e0 balles \u00e9lectriques \u00e0 bande plastique, presse \u00e0 balles \u00e9lectriques \u00e0 bande acier et autres presses \u00e0 balles ou tendeurs.<\/p>\n<figure id=\"attachment_2010\" aria-describedby=\"caption-attachment-2010\" style=\"width: 960px\" class=\"wp-caption alignnone\"><img fetchpriority=\"high\" decoding=\"async\" class=\"size-full wp-image-2010\" src=\"https:\/\/www.qianyipack.com\/wp-content\/uploads\/blue-strapping-tensioner-5.jpg\" alt=\"blue strapping tensioner (5)\" width=\"960\" height=\"640\" srcset=\"https:\/\/www.qianyipack.com\/wp-content\/uploads\/blue-strapping-tensioner-5.jpg 960w, https:\/\/www.qianyipack.com\/wp-content\/uploads\/blue-strapping-tensioner-5-800x533.jpg 800w, https:\/\/www.qianyipack.com\/wp-content\/uploads\/blue-strapping-tensioner-5-300x200.jpg 300w, https:\/\/www.qianyipack.com\/wp-content\/uploads\/blue-strapping-tensioner-5-768x512.jpg 768w, https:\/\/www.qianyipack.com\/wp-content\/uploads\/blue-strapping-tensioner-5-18x12.jpg 18w\" sizes=\"(max-width: 960px) 100vw, 960px\" \/><figcaption id=\"caption-attachment-2010\" class=\"wp-caption-text\">tendeur de feuillard bleu (5)<\/figcaption><\/figure>\n<h3>sp\u00e9cification<\/h3>\n<p class=\" translation-block\">Design ergonomique. La poign\u00e9e du tendeur est con\u00e7ue selon la m\u00e9canique humaine, ce qui augmente le confort de la prise en main et pr\u00e9vient efficacement la fatigue et prot\u00e8ge les mains.<br>\nConception de treuil. Le tendeur adopte une m\u00e9thode de serrage rotative, qui a une grande force de serrage, une longue courroie et une op\u00e9ration pratique.<br>\nConception d'engrenage antid\u00e9rapante. Le tendeur a un engrenage profond pour le maintenir fermement, et il permet de gagner du temps pour emballer le joint antid\u00e9rapant.<br>\nFaites pivoter le port de coupe. Le tendeur est \u00e9quip\u00e9 d'un couteau rotatif r\u00e9sistant \u00e0 l'usure et d'un couteau tranchant, ce qui est pratique et permet de gagner du temps.<\/p>\n<figure id=\"attachment_1096\" aria-describedby=\"caption-attachment-1096\" style=\"width: 750px\" class=\"wp-caption alignnone\"><img decoding=\"async\" class=\"size-full wp-image-1096\" src=\"https:\/\/www.qianyipack.com\/wp-content\/uploads\/2021\/10\/strapping-tensioner-specification.jpg\" alt=\"strapping-tensioner-specification\" width=\"750\" height=\"866\" srcset=\"https:\/\/www.qianyipack.com\/wp-content\/uploads\/2021\/10\/strapping-tensioner-specification.jpg 750w, https:\/\/www.qianyipack.com\/wp-content\/uploads\/2021\/10\/strapping-tensioner-specification-260x300.jpg 260w, https:\/\/www.qianyipack.com\/wp-content\/uploads\/2021\/10\/strapping-tensioner-specification-600x693.jpg 600w\" sizes=\"(max-width: 750px) 100vw, 750px\" \/><figcaption id=\"caption-attachment-1096\" class=\"wp-caption-text\">sp\u00e9cification du tendeur de cerclage<\/figcaption><\/figure>\n<h3>Utilisation des \u00e9tapes<\/h3>\n<p class=\" translation-block\">Passez la courroie d'emballage dans le tendeur et appuyez dessus.<br>\nFaites glisser la courroie d'emballage dans la rainure de coupe et la rainure du treuil.<br>\nFaites pivoter la poign\u00e9e de haut en bas pour la serrer.<br>\nMettez la boucle d'emballage sur la ceinture d'emballage.<br>\nAppuyez sur la poign\u00e9e de serrage \u00e0 la main, et la ceinture d'emballage est cloisonn\u00e9e.<br>\nContinuez \u00e0 appuyer sur la poign\u00e9e de serrage et retirez-la de la ceinture.<\/p>\n<figure id=\"attachment_2011\" aria-describedby=\"caption-attachment-2011\" style=\"width: 960px\" class=\"wp-caption alignnone\"><img decoding=\"async\" class=\"size-full wp-image-2011\" src=\"https:\/\/www.qianyipack.com\/wp-content\/uploads\/blue-strapping-tensioner-6.jpg\" alt=\"blue strapping tensioner (6)\" width=\"960\" height=\"675\" srcset=\"https:\/\/www.qianyipack.com\/wp-content\/uploads\/blue-strapping-tensioner-6.jpg 960w, https:\/\/www.qianyipack.com\/wp-content\/uploads\/blue-strapping-tensioner-6-800x563.jpg 800w, https:\/\/www.qianyipack.com\/wp-content\/uploads\/blue-strapping-tensioner-6-300x211.jpg 300w, https:\/\/www.qianyipack.com\/wp-content\/uploads\/blue-strapping-tensioner-6-768x540.jpg 768w, https:\/\/www.qianyipack.com\/wp-content\/uploads\/blue-strapping-tensioner-6-18x12.jpg 18w\" sizes=\"(max-width: 960px) 100vw, 960px\" \/><figcaption id=\"caption-attachment-2011\" class=\"wp-caption-text\">tendeur de feuillard bleu (6)<\/figcaption><\/figure>\n<h3>Application<\/h3>\n<p>Faire de l'emballage n'est plus un probl\u00e8me. Il est largement utilis\u00e9 dans l'industrie du papier, l'industrie de l'aluminium, l'acier, le bois, les fibres chimiques d'emballage de bo\u00eetes en bois, la filature de coton, l'industrie chimique, les produits m\u00e9talliques et d'autres industries.<\/p>\n<figure id=\"attachment_1095\" aria-describedby=\"caption-attachment-1095\" style=\"width: 960px\" class=\"wp-caption alignnone\"><img loading=\"lazy\" decoding=\"async\" class=\"size-full wp-image-1095\" src=\"https:\/\/www.qianyipack.com\/wp-content\/uploads\/2021\/10\/Heavy-duty-strap-application-1.jpg\" alt=\"strap tensioner application\" width=\"960\" height=\"540\" srcset=\"https:\/\/www.qianyipack.com\/wp-content\/uploads\/2021\/10\/Heavy-duty-strap-application-1.jpg 960w, https:\/\/www.qianyipack.com\/wp-content\/uploads\/2021\/10\/Heavy-duty-strap-application-1-800x450.jpg 800w, https:\/\/www.qianyipack.com\/wp-content\/uploads\/2021\/10\/Heavy-duty-strap-application-1-300x169.jpg 300w, https:\/\/www.qianyipack.com\/wp-content\/uploads\/2021\/10\/Heavy-duty-strap-application-1-768x432.jpg 768w\" sizes=\"(max-width: 960px) 100vw, 960px\" \/><figcaption id=\"caption-attachment-1095\" class=\"wp-caption-text\">application de tendeur de sangle<\/figcaption><\/figure>","protected":false},"excerpt":{"rendered":"<p>Ce tendeur de sangle manuel convient aux sangles en fibres composites et aux sangles tiss\u00e9es en polyester d'une largeur de 9 \u00e0 32 mm. Lorsqu'il est utilis\u00e9, il peut \u00eatre utilis\u00e9 avec une machine de verrouillage de boucle, une boucle de sangle en fil de fer (boucle de retour) ou avec la boucle d'emballage carr\u00e9e. Et le tendeur est livr\u00e9 avec un couteau rotatif, ce qui est pratique \u00e0 utiliser.<\/p>","protected":false},"featured_media":2009,"template":"","meta":{"ocean_post_layout":"","ocean_both_sidebars_style":"","ocean_both_sidebars_content_width":0,"ocean_both_sidebars_sidebars_width":0,"ocean_sidebar":"0","ocean_second_sidebar":"0","ocean_disable_margins":"enable","ocean_add_body_class":"","ocean_shortcode_before_top_bar":"","ocean_shortcode_after_top_bar":"","ocean_shortcode_before_header":"","ocean_shortcode_after_header":"","ocean_has_shortcode":"","ocean_shortcode_after_title":"","ocean_shortcode_before_footer_widgets":"","ocean_shortcode_after_footer_widgets":"","ocean_shortcode_before_footer_bottom":"","ocean_shortcode_after_footer_bottom":"","ocean_display_top_bar":"default","ocean_display_header":"default","ocean_header_style":"","ocean_center_header_left_menu":"0","ocean_custom_header_template":"0","ocean_custom_logo":0,"ocean_custom_retina_logo":0,"ocean_custom_logo_max_width":0,"ocean_custom_logo_tablet_max_width":0,"ocean_custom_logo_mobile_max_width":0,"ocean_custom_logo_max_height":0,"ocean_custom_logo_tablet_max_height":0,"ocean_custom_logo_mobile_max_height":0,"ocean_header_custom_menu":"0","ocean_menu_typo_font_family":"0","ocean_menu_typo_font_subset":"","ocean_menu_typo_font_size":0,"ocean_menu_typo_font_size_tablet":0,"ocean_menu_typo_font_size_mobile":0,"ocean_menu_typo_font_size_unit":"px","ocean_menu_typo_font_weight":"","ocean_menu_typo_font_weight_tablet":"","ocean_menu_typo_font_weight_mobile":"","ocean_menu_typo_transform":"","ocean_menu_typo_transform_tablet":"","ocean_menu_typo_transform_mobile":"","ocean_menu_typo_line_height":0,"ocean_menu_typo_line_height_tablet":0,"ocean_menu_typo_line_height_mobile":0,"ocean_menu_typo_line_height_unit":"","ocean_menu_typo_spacing":0,"ocean_menu_typo_spacing_tablet":0,"ocean_menu_typo_spacing_mobile":0,"ocean_menu_typo_spacing_unit":"","ocean_menu_link_color":"","ocean_menu_link_color_hover":"","ocean_menu_link_color_active":"","ocean_menu_link_background":"","ocean_menu_link_hover_background":"","ocean_menu_link_active_background":"","ocean_menu_social_links_bg":"","ocean_menu_social_hover_links_bg":"","ocean_menu_social_links_color":"","ocean_menu_social_hover_links_color":"","ocean_disable_title":"default","ocean_disable_heading":"default","ocean_post_title":"","ocean_post_subheading":"","ocean_post_title_style":"","ocean_post_title_background_color":"","ocean_post_title_background":0,"ocean_post_title_bg_image_position":"","ocean_post_title_bg_image_attachment":"","ocean_post_title_bg_image_repeat":"","ocean_post_title_bg_image_size":"","ocean_post_title_height":0,"ocean_post_title_bg_overlay":0.5,"ocean_post_title_bg_overlay_color":"","ocean_disable_breadcrumbs":"default","ocean_breadcrumbs_color":"","ocean_breadcrumbs_separator_color":"","ocean_breadcrumbs_links_color":"","ocean_breadcrumbs_links_hover_color":"","ocean_display_footer_widgets":"default","ocean_display_footer_bottom":"default","ocean_custom_footer_template":"0","osh_disable_topbar_sticky":"default","osh_disable_header_sticky":"default","osh_sticky_header_style":"default","osh_sticky_header_effect":"","osh_custom_sticky_logo":0,"osh_custom_retina_sticky_logo":0,"osh_custom_sticky_logo_height":0,"osh_background_color":"","osh_links_color":"","osh_links_hover_color":"","osh_links_active_color":"","osh_links_bg_color":"","osh_links_hover_bg_color":"","osh_links_active_bg_color":"","osh_menu_social_links_color":"","osh_menu_social_hover_links_color":""},"product_brand":[],"product_cat":[45],"product_tag":[94,93,63],"class_list":{"0":"post-2019","1":"product","2":"type-product","3":"status-publish","4":"has-post-thumbnail","6":"product_cat-strapping-tensioner","7":"product_tag-pet-strapping-tensioner","8":"product_tag-steel-strapping-tool","9":"product_tag-strapping-tools","11":"entry","12":"has-media","14":"first","15":"instock","16":"shipping-taxable","17":"product-type-external","18":"col","19":"span_1_of_3","20":"owp-content-center","21":"owp-thumbs-layout-horizontal","22":"owp-btn-very-big","23":"owp-tabs-layout-horizontal"},"_links":{"self":[{"href":"https:\/\/www.qianyipack.com\/fr\/wp-json\/wp\/v2\/product\/2019","targetHints":{"allow":["GET"]}}],"collection":[{"href":"https:\/\/www.qianyipack.com\/fr\/wp-json\/wp\/v2\/product"}],"about":[{"href":"https:\/\/www.qianyipack.com\/fr\/wp-json\/wp\/v2\/types\/product"}],"wp:featuredmedia":[{"embeddable":true,"href":"https:\/\/www.qianyipack.com\/fr\/wp-json\/wp\/v2\/media\/2009"}],"wp:attachment":[{"href":"https:\/\/www.qianyipack.com\/fr\/wp-json\/wp\/v2\/media?parent=2019"}],"wp:term":[{"taxonomy":"product_brand","embeddable":true,"href":"https:\/\/www.qianyipack.com\/fr\/wp-json\/wp\/v2\/product_brand?post=2019"},{"taxonomy":"product_cat","embeddable":true,"href":"https:\/\/www.qianyipack.com\/fr\/wp-json\/wp\/v2\/product_cat?post=2019"},{"taxonomy":"product_tag","embeddable":true,"href":"https:\/\/www.qianyipack.com\/fr\/wp-json\/wp\/v2\/product_tag?post=2019"}],"curies":[{"name":"wp","href":"https:\/\/api.w.org\/{rel}","templated":true}]}}