{"id":2020,"date":"2021-10-27T01:20:08","date_gmt":"2021-10-27T09:20:08","guid":{"rendered":"https:\/\/www.qianyipack.com\/?post_type=product&#038;p=2020"},"modified":"2021-11-23T17:01:33","modified_gmt":"2021-11-24T01:01:33","slug":"pp-pet-woven-packaging-strapping-dispenser-reeling-car","status":"publish","type":"product","link":"https:\/\/www.qianyipack.com\/fr\/produit\/pp-pet-woven-packaging-strapping-dispenser-reeling-car","title":{"rendered":"Chariot d\u00e9vidoir de cerclage d'emballage en PET tiss\u00e9"},"content":{"rendered":"<p>Le distributeur de cerclage est un outil auxiliaire important lors de l'utilisation de l'appareil. <a href=\"https:\/\/www.qianyipack.com\/en\/products\" target=\"_blank\" rel=\"noopener\">cerclage<\/a> et les machines de cerclage, rendant l'environnement d'emballage d\u00e9sordonn\u00e9 standardis\u00e9 et ordonn\u00e9. Ce produit peut \u00eatre divis\u00e9 en type g\u00e9n\u00e9ral et type sp\u00e9cial selon les sp\u00e9cifications de la bande d'emballage. Ce produit est con\u00e7u pour \u00eatre l\u00e9ger, pratique et durable, avec une bo\u00eete \u00e0 outils sur le corps, qui peut stocker l'emballeur et les aides \u00e0 l'emballage.<\/p>\n<figure id=\"attachment_2016\" aria-describedby=\"caption-attachment-2016\" style=\"width: 960px\" class=\"wp-caption alignnone\"><img fetchpriority=\"high\" decoding=\"async\" class=\"size-full wp-image-2016\" src=\"https:\/\/www.qianyipack.com\/wp-content\/uploads\/red-strapping-dispenser-5.jpg\" alt=\"red strapping dispenser (5)\" width=\"960\" height=\"640\" srcset=\"https:\/\/www.qianyipack.com\/wp-content\/uploads\/red-strapping-dispenser-5.jpg 960w, https:\/\/www.qianyipack.com\/wp-content\/uploads\/red-strapping-dispenser-5-800x533.jpg 800w, https:\/\/www.qianyipack.com\/wp-content\/uploads\/red-strapping-dispenser-5-300x200.jpg 300w, https:\/\/www.qianyipack.com\/wp-content\/uploads\/red-strapping-dispenser-5-768x512.jpg 768w, https:\/\/www.qianyipack.com\/wp-content\/uploads\/red-strapping-dispenser-5-18x12.jpg 18w\" sizes=\"(max-width: 960px) 100vw, 960px\" \/><figcaption id=\"caption-attachment-2016\" class=\"wp-caption-text\">d\u00e9vidoir de feuillard rouge (5)<\/figcaption><\/figure>\n<h3>Caract\u00e9ristique<\/h3>\n<p class=\" translation-block\">Il est con\u00e7u dans un style europ\u00e9en, facile \u00e0 d\u00e9monter et \u00e0 assembler, l\u00e9ger et ferme.<br>\nIl est tr\u00e8s mobile, ferme, peu encombrant et facile \u00e0 utiliser.<br>\nSa conception de bo\u00eete \u00e0 outils rend l'environnement d'emballage plus standardis\u00e9 et plus propre.<br>\nIl est \u00e9quip\u00e9 d'une bo\u00eete \u00e0 outils humanis\u00e9e de grande capacit\u00e9 et la machine d'emballage du client peut \u00eatre plac\u00e9e dans la bo\u00eete \u00e0 outils, ce qui am\u00e9liore l'efficacit\u00e9 de l'emballage et un confort \u00e9lev\u00e9.<br>\nIl a des roues en caoutchouc r\u00e9sistantes \u00e0 l'usure et antid\u00e9rapantes et adopte le principe des roulements \u00e0 rouleaux pour remplacer les anciennes roues en mousse et augmenter la dur\u00e9e de vie.<br>\nIl a un ch\u00e2ssis \u00e0 roues, avec un dispositif de frein de roue, une sensibilit\u00e9 \u00e9lev\u00e9e, s'arr\u00eate lorsque vous voulez vous arr\u00eater et contr\u00f4le efficacement la longueur de la sangle.<\/p>\n<figure id=\"attachment_1596\" aria-describedby=\"caption-attachment-1596\" style=\"width: 960px\" class=\"wp-caption alignnone\"><img decoding=\"async\" class=\"size-full wp-image-1596\" src=\"https:\/\/www.qianyipack.com\/wp-content\/uploads\/strapping-dispenser-specification.jpg\" alt=\"strapping-dispenser-specification\" width=\"960\" height=\"960\" srcset=\"https:\/\/www.qianyipack.com\/wp-content\/uploads\/strapping-dispenser-specification.jpg 960w, https:\/\/www.qianyipack.com\/wp-content\/uploads\/strapping-dispenser-specification-300x300.jpg 300w, https:\/\/www.qianyipack.com\/wp-content\/uploads\/strapping-dispenser-specification-100x100.jpg 100w, https:\/\/www.qianyipack.com\/wp-content\/uploads\/strapping-dispenser-specification-800x800.jpg 800w, https:\/\/www.qianyipack.com\/wp-content\/uploads\/strapping-dispenser-specification-150x150.jpg 150w, https:\/\/www.qianyipack.com\/wp-content\/uploads\/strapping-dispenser-specification-768x768.jpg 768w, https:\/\/www.qianyipack.com\/wp-content\/uploads\/strapping-dispenser-specification-12x12.jpg 12w\" sizes=\"(max-width: 960px) 100vw, 960px\" \/><figcaption id=\"caption-attachment-1596\" class=\"wp-caption-text\">sp\u00e9cification du distributeur de cerclage<\/figcaption><\/figure>\n<h3>Application<\/h3>\n<p class=\" translation-block\">\u00c0 proprement parler, ce distributeur de cerclage est principalement con\u00e7u par les utilisateurs de cerclage PP, cerclage PET, cerclage en fibre composite et cerclage tiss\u00e9 en polyester. Les disques du chariot d'enroulement conviennent \u00e0 l'emballage de sangles d'une largeur de bande de 9 \u00e0 50 mm et \u00e0 diverses bandes de cerclage d'un diam\u00e8tre int\u00e9rieur de cylindres de papier de 200 mm. Les couvercles sup\u00e9rieur et inf\u00e9rieur sont press\u00e9s et fix\u00e9s.<br>\nGr\u00e2ce \u00e0 l'utilisation r\u00e9guli\u00e8re par les utilisateurs de notre voiture d'enroulement, quelqu'un prend cette voiture pour installer des cerclages en polypropyl\u00e8ne, des cerclages en polyester, des cerclages en fibres composites, des cerclages tiss\u00e9s en polyester, car tant que le diam\u00e8tre int\u00e9rieur de leur tube en papier r\u00e9pond aux exigences de diam\u00e8tre du disque du chariot d'enroulement .<\/p>\n<figure id=\"attachment_1846\" aria-describedby=\"caption-attachment-1846\" style=\"width: 900px\" class=\"wp-caption alignnone\"><img decoding=\"async\" class=\"size-full wp-image-1846\" src=\"https:\/\/www.qianyipack.com\/wp-content\/uploads\/iron-strapping-dispenser-application-2.jpg\" alt=\"iron strapping dispenser application (2)\" width=\"900\" height=\"506\" srcset=\"https:\/\/www.qianyipack.com\/wp-content\/uploads\/iron-strapping-dispenser-application-2.jpg 900w, https:\/\/www.qianyipack.com\/wp-content\/uploads\/iron-strapping-dispenser-application-2-800x450.jpg 800w, https:\/\/www.qianyipack.com\/wp-content\/uploads\/iron-strapping-dispenser-application-2-300x169.jpg 300w, https:\/\/www.qianyipack.com\/wp-content\/uploads\/iron-strapping-dispenser-application-2-768x432.jpg 768w, https:\/\/www.qianyipack.com\/wp-content\/uploads\/iron-strapping-dispenser-application-2-18x10.jpg 18w\" sizes=\"(max-width: 900px) 100vw, 900px\" \/><figcaption id=\"caption-attachment-1846\" class=\"wp-caption-text\">application de distributeur de cerclage en fer (2)<\/figcaption><\/figure>","protected":false},"excerpt":{"rendered":"<p>Fixez la courroie d'emballage dans la voiture d'enroulement pour emp\u00eacher efficacement l'\u00e9parpillement de la courroie d'emballage. Lors de l'emballage, utilisez le dispositif de freinage pour contr\u00f4ler la longueur requise de la courroie d'emballage. La conception conviviale de la bo\u00eete \u00e0 outils peut g\u00e9rer de mani\u00e8re centralis\u00e9e les outils d'emballage dispers\u00e9s.<\/p>","protected":false},"featured_media":2013,"template":"","meta":{"ocean_post_layout":"","ocean_both_sidebars_style":"","ocean_both_sidebars_content_width":0,"ocean_both_sidebars_sidebars_width":0,"ocean_sidebar":"0","ocean_second_sidebar":"0","ocean_disable_margins":"enable","ocean_add_body_class":"","ocean_shortcode_before_top_bar":"","ocean_shortcode_after_top_bar":"","ocean_shortcode_before_header":"","ocean_shortcode_after_header":"","ocean_has_shortcode":"","ocean_shortcode_after_title":"","ocean_shortcode_before_footer_widgets":"","ocean_shortcode_after_footer_widgets":"","ocean_shortcode_before_footer_bottom":"","ocean_shortcode_after_footer_bottom":"","ocean_display_top_bar":"default","ocean_display_header":"default","ocean_header_style":"","ocean_center_header_left_menu":"0","ocean_custom_header_template":"0","ocean_custom_logo":0,"ocean_custom_retina_logo":0,"ocean_custom_logo_max_width":0,"ocean_custom_logo_tablet_max_width":0,"ocean_custom_logo_mobile_max_width":0,"ocean_custom_logo_max_height":0,"ocean_custom_logo_tablet_max_height":0,"ocean_custom_logo_mobile_max_height":0,"ocean_header_custom_menu":"0","ocean_menu_typo_font_family":"0","ocean_menu_typo_font_subset":"","ocean_menu_typo_font_size":0,"ocean_menu_typo_font_size_tablet":0,"ocean_menu_typo_font_size_mobile":0,"ocean_menu_typo_font_size_unit":"px","ocean_menu_typo_font_weight":"","ocean_menu_typo_font_weight_tablet":"","ocean_menu_typo_font_weight_mobile":"","ocean_menu_typo_transform":"","ocean_menu_typo_transform_tablet":"","ocean_menu_typo_transform_mobile":"","ocean_menu_typo_line_height":0,"ocean_menu_typo_line_height_tablet":0,"ocean_menu_typo_line_height_mobile":0,"ocean_menu_typo_line_height_unit":"","ocean_menu_typo_spacing":0,"ocean_menu_typo_spacing_tablet":0,"ocean_menu_typo_spacing_mobile":0,"ocean_menu_typo_spacing_unit":"","ocean_menu_link_color":"","ocean_menu_link_color_hover":"","ocean_menu_link_color_active":"","ocean_menu_link_background":"","ocean_menu_link_hover_background":"","ocean_menu_link_active_background":"","ocean_menu_social_links_bg":"","ocean_menu_social_hover_links_bg":"","ocean_menu_social_links_color":"","ocean_menu_social_hover_links_color":"","ocean_disable_title":"default","ocean_disable_heading":"default","ocean_post_title":"","ocean_post_subheading":"","ocean_post_title_style":"","ocean_post_title_background_color":"","ocean_post_title_background":0,"ocean_post_title_bg_image_position":"","ocean_post_title_bg_image_attachment":"","ocean_post_title_bg_image_repeat":"","ocean_post_title_bg_image_size":"","ocean_post_title_height":0,"ocean_post_title_bg_overlay":0.5,"ocean_post_title_bg_overlay_color":"","ocean_disable_breadcrumbs":"default","ocean_breadcrumbs_color":"","ocean_breadcrumbs_separator_color":"","ocean_breadcrumbs_links_color":"","ocean_breadcrumbs_links_hover_color":"","ocean_display_footer_widgets":"default","ocean_display_footer_bottom":"default","ocean_custom_footer_template":"0","osh_disable_topbar_sticky":"default","osh_disable_header_sticky":"default","osh_sticky_header_style":"default","osh_sticky_header_effect":"","osh_custom_sticky_logo":0,"osh_custom_retina_sticky_logo":0,"osh_custom_sticky_logo_height":0,"osh_background_color":"","osh_links_color":"","osh_links_hover_color":"","osh_links_active_color":"","osh_links_bg_color":"","osh_links_hover_bg_color":"","osh_links_active_bg_color":"","osh_menu_social_links_color":"","osh_menu_social_hover_links_color":""},"product_brand":[],"product_cat":[46],"product_tag":[95,73,75],"class_list":{"0":"post-2020","1":"product","2":"type-product","3":"status-publish","4":"has-post-thumbnail","6":"product_cat-strapping-dispenser","7":"product_tag-reeling-car","8":"product_tag-strapping-dispenser","9":"product_tag-strapping-tray-trolley","11":"entry","12":"has-media","14":"first","15":"instock","16":"shipping-taxable","17":"product-type-external","18":"col","19":"span_1_of_3","20":"owp-content-center","21":"owp-thumbs-layout-horizontal","22":"owp-btn-very-big","23":"owp-tabs-layout-horizontal"},"_links":{"self":[{"href":"https:\/\/www.qianyipack.com\/fr\/wp-json\/wp\/v2\/product\/2020","targetHints":{"allow":["GET"]}}],"collection":[{"href":"https:\/\/www.qianyipack.com\/fr\/wp-json\/wp\/v2\/product"}],"about":[{"href":"https:\/\/www.qianyipack.com\/fr\/wp-json\/wp\/v2\/types\/product"}],"wp:featuredmedia":[{"embeddable":true,"href":"https:\/\/www.qianyipack.com\/fr\/wp-json\/wp\/v2\/media\/2013"}],"wp:attachment":[{"href":"https:\/\/www.qianyipack.com\/fr\/wp-json\/wp\/v2\/media?parent=2020"}],"wp:term":[{"taxonomy":"product_brand","embeddable":true,"href":"https:\/\/www.qianyipack.com\/fr\/wp-json\/wp\/v2\/product_brand?post=2020"},{"taxonomy":"product_cat","embeddable":true,"href":"https:\/\/www.qianyipack.com\/fr\/wp-json\/wp\/v2\/product_cat?post=2020"},{"taxonomy":"product_tag","embeddable":true,"href":"https:\/\/www.qianyipack.com\/fr\/wp-json\/wp\/v2\/product_tag?post=2020"}],"curies":[{"name":"wp","href":"https:\/\/api.w.org\/{rel}","templated":true}]}}