{"id":2061,"date":"2021-10-28T18:11:07","date_gmt":"2021-10-29T02:11:07","guid":{"rendered":"https:\/\/www.qianyipack.com\/?post_type=product&#038;p=2061"},"modified":"2021-11-23T17:27:33","modified_gmt":"2021-11-24T01:27:33","slug":"13mm-steel-wire-buckle-for-polyester-packing-strap","status":"publish","type":"product","link":"https:\/\/www.qianyipack.com\/fr\/produit\/13mm-steel-wire-buckle-for-polyester-packing-strap","title":{"rendered":"Boucle de fil d'acier de 13 mm pour sangle d'emballage"},"content":{"rendered":"<p class=\" translation-block\">Haute r\u00e9sistance. La boucle d'emballage est une boucle d'emballage \u00e0 haute r\u00e9sistance qui est faite d'acier de haute qualit\u00e9 \u00e0 travers une machine \u00e0 cintrer avec un pliage unique. Il a de fortes performances de traction, une forte r\u00e9sistance \u00e0 la traction et un type r\u00e9sistant au feu.<br>\nfort et robuste. Le produit ne tombe pas facilement pendant l'utilisation, est solide et durable et peut \u00eatre utilis\u00e9 avec diverses sangles d'emballage.<br>\nLa surface est galvanis\u00e9e. La boucle d'emballage a subi un traitement de surface galvanis\u00e9, la galvanisation tout acier est belle et atmosph\u00e9rique, ce qui peut emp\u00eacher la boucle d'emballage de rouiller dans un environnement humide.<br>\nDiverses sp\u00e9cifications. La boucle d'emballage est en fibre d'acier et propose une vari\u00e9t\u00e9 de sp\u00e9cifications, ce qui est pratique \u00e0 utiliser.<br>\nFacile \u00e0 couper. Il est l\u00e9ger et doux, n'a pas besoin de gants pour travailler, et lorsqu'il est coup\u00e9, il ne rebondira pas, blessant les travailleurs des transports<\/p>\n<figure id=\"attachment_2050\" aria-describedby=\"caption-attachment-2050\" style=\"width: 960px\" class=\"wp-caption alignnone\"><img fetchpriority=\"high\" decoding=\"async\" class=\"size-full wp-image-2050\" src=\"https:\/\/www.qianyipack.com\/wp-content\/uploads\/Galvanized-wire-buckle-13mm-6.jpg\" alt=\"Galvanized wire buckle 13mm (6)\" width=\"960\" height=\"540\" srcset=\"https:\/\/www.qianyipack.com\/wp-content\/uploads\/Galvanized-wire-buckle-13mm-6.jpg 960w, https:\/\/www.qianyipack.com\/wp-content\/uploads\/Galvanized-wire-buckle-13mm-6-800x450.jpg 800w, https:\/\/www.qianyipack.com\/wp-content\/uploads\/Galvanized-wire-buckle-13mm-6-300x169.jpg 300w, https:\/\/www.qianyipack.com\/wp-content\/uploads\/Galvanized-wire-buckle-13mm-6-768x432.jpg 768w, https:\/\/www.qianyipack.com\/wp-content\/uploads\/Galvanized-wire-buckle-13mm-6-18x10.jpg 18w\" sizes=\"(max-width: 960px) 100vw, 960px\" \/><figcaption id=\"caption-attachment-2050\" class=\"wp-caption-text\">Boucle fil galvanis\u00e9 13mm (6)<\/figcaption><\/figure>\n<figure id=\"attachment_1057\" aria-describedby=\"caption-attachment-1057\" style=\"width: 960px\" class=\"wp-caption alignnone\"><img decoding=\"async\" class=\"size-full wp-image-1057\" src=\"https:\/\/www.qianyipack.com\/wp-content\/uploads\/2021\/10\/wire-strapping-buckle.jpg\" alt=\"wire-strapping-buckle\" width=\"960\" height=\"540\" srcset=\"https:\/\/www.qianyipack.com\/wp-content\/uploads\/2021\/10\/wire-strapping-buckle.jpg 960w, https:\/\/www.qianyipack.com\/wp-content\/uploads\/2021\/10\/wire-strapping-buckle-800x450.jpg 800w, https:\/\/www.qianyipack.com\/wp-content\/uploads\/2021\/10\/wire-strapping-buckle-300x169.jpg 300w, https:\/\/www.qianyipack.com\/wp-content\/uploads\/2021\/10\/wire-strapping-buckle-768x432.jpg 768w\" sizes=\"(max-width: 960px) 100vw, 960px\" \/><figcaption id=\"caption-attachment-1057\" class=\"wp-caption-text\">boucle de cerclage<\/figcaption><\/figure>\n<h3>sp\u00e9cification<\/h3>\n<p>Il est utilis\u00e9 en standard en combinaison avec une sangle en corde composite, pi\u00e8ge en polyester tiss\u00e9, disponible en largeur de 13 \u00e0 32 mm. La boucle essentiellement galvanis\u00e9e est pour la sangle composite, et la boucle phosphat\u00e9e est pour la sangle tiss\u00e9e.<\/p>\n<figure id=\"attachment_1058\" aria-describedby=\"caption-attachment-1058\" style=\"width: 960px\" class=\"wp-caption alignnone\"><img decoding=\"async\" class=\"size-full wp-image-1058\" src=\"https:\/\/www.qianyipack.com\/wp-content\/uploads\/2021\/10\/wire-strapping-buckle-specifi.jpg\" alt=\"wire-strapping-buckle-specifi\" width=\"960\" height=\"642\" srcset=\"https:\/\/www.qianyipack.com\/wp-content\/uploads\/2021\/10\/wire-strapping-buckle-specifi.jpg 960w, https:\/\/www.qianyipack.com\/wp-content\/uploads\/2021\/10\/wire-strapping-buckle-specifi-800x535.jpg 800w, https:\/\/www.qianyipack.com\/wp-content\/uploads\/2021\/10\/wire-strapping-buckle-specifi-300x201.jpg 300w, https:\/\/www.qianyipack.com\/wp-content\/uploads\/2021\/10\/wire-strapping-buckle-specifi-768x514.jpg 768w\" sizes=\"(max-width: 960px) 100vw, 960px\" \/><figcaption id=\"caption-attachment-1058\" class=\"wp-caption-text\">sp\u00e9cification de boucle de cerclage de fil<\/figcaption><\/figure>\n<h3>\u00c9tapes d'utilisation<\/h3>\n<figure id=\"attachment_1056\" aria-describedby=\"caption-attachment-1056\" style=\"width: 960px\" class=\"wp-caption alignnone\"><img loading=\"lazy\" decoding=\"async\" class=\"size-full wp-image-1056\" src=\"https:\/\/www.qianyipack.com\/wp-content\/uploads\/2021\/10\/STEPS-FOR-USAGE.jpg\" alt=\"steps-for-usage\" width=\"960\" height=\"640\" srcset=\"https:\/\/www.qianyipack.com\/wp-content\/uploads\/2021\/10\/STEPS-FOR-USAGE.jpg 960w, https:\/\/www.qianyipack.com\/wp-content\/uploads\/2021\/10\/STEPS-FOR-USAGE-800x533.jpg 800w, https:\/\/www.qianyipack.com\/wp-content\/uploads\/2021\/10\/STEPS-FOR-USAGE-300x200.jpg 300w, https:\/\/www.qianyipack.com\/wp-content\/uploads\/2021\/10\/STEPS-FOR-USAGE-768x512.jpg 768w\" sizes=\"(max-width: 960px) 100vw, 960px\" \/><figcaption id=\"caption-attachment-1056\" class=\"wp-caption-text\">\u00c9tapes d'utilisation<\/figcaption><\/figure>\n<h3>Application<\/h3>\n<p>Il est largement utilis\u00e9 dans l'emballage de conteneurs, de grosses machines, de verre, de raccords de tuyauterie, de barils de p\u00e9trole, d'acier, de bois, de fabrication de papier, d'industrie chimique et d'autres industries, ce qui am\u00e9liore consid\u00e9rablement l'efficacit\u00e9 du travail de l'entreprise cliente et \u00e9conomise les co\u00fbts du client. entreprise.<\/p>\n<figure id=\"attachment_2060\" aria-describedby=\"caption-attachment-2060\" style=\"width: 960px\" class=\"wp-caption alignnone\"><img loading=\"lazy\" decoding=\"async\" class=\"size-full wp-image-2060\" src=\"https:\/\/www.qianyipack.com\/wp-content\/uploads\/wire-buckle-application.jpg\" alt=\"wire buckle application\" width=\"960\" height=\"674\" srcset=\"https:\/\/www.qianyipack.com\/wp-content\/uploads\/wire-buckle-application.jpg 960w, https:\/\/www.qianyipack.com\/wp-content\/uploads\/wire-buckle-application-800x562.jpg 800w, https:\/\/www.qianyipack.com\/wp-content\/uploads\/wire-buckle-application-300x211.jpg 300w, https:\/\/www.qianyipack.com\/wp-content\/uploads\/wire-buckle-application-768x539.jpg 768w, https:\/\/www.qianyipack.com\/wp-content\/uploads\/wire-buckle-application-18x12.jpg 18w\" sizes=\"(max-width: 960px) 100vw, 960px\" \/><figcaption id=\"caption-attachment-2060\" class=\"wp-caption-text\">application de boucle de fil<\/figcaption><\/figure>","protected":false},"excerpt":{"rendered":"<div id=\"outer-wrap\" class=\"site clr\">\n<div id=\"wrap\" class=\"clr\">\n<div id=\"outer-wrap\" class=\"site clr\">\n<div id=\"wrap\" class=\"clr\">\n<p>La boucle d'emballage en fil d'acier est \u00e9galement appel\u00e9e boucle d'emballage en fil m\u00e9tallique ou boucle d'emballage de type anneau \u00e0 utiliser avec la ceinture d'emballage en fibre PET ou la sangle d'emballage flexible (sp\u00e9cification: 16\/19\/25\/32), qui est utilis\u00e9e pour connecter la sangle d'emballage pendant le processus d'emballage.<\/p>\n<\/div>\n<\/div>\n<\/div>\n<\/div>","protected":false},"featured_media":2062,"template":"","meta":{"ocean_post_layout":"","ocean_both_sidebars_style":"","ocean_both_sidebars_content_width":0,"ocean_both_sidebars_sidebars_width":0,"ocean_sidebar":"0","ocean_second_sidebar":"0","ocean_disable_margins":"enable","ocean_add_body_class":"","ocean_shortcode_before_top_bar":"","ocean_shortcode_after_top_bar":"","ocean_shortcode_before_header":"","ocean_shortcode_after_header":"","ocean_has_shortcode":"","ocean_shortcode_after_title":"","ocean_shortcode_before_footer_widgets":"","ocean_shortcode_after_footer_widgets":"","ocean_shortcode_before_footer_bottom":"","ocean_shortcode_after_footer_bottom":"","ocean_display_top_bar":"default","ocean_display_header":"default","ocean_header_style":"","ocean_center_header_left_menu":"0","ocean_custom_header_template":"0","ocean_custom_logo":0,"ocean_custom_retina_logo":0,"ocean_custom_logo_max_width":0,"ocean_custom_logo_tablet_max_width":0,"ocean_custom_logo_mobile_max_width":0,"ocean_custom_logo_max_height":0,"ocean_custom_logo_tablet_max_height":0,"ocean_custom_logo_mobile_max_height":0,"ocean_header_custom_menu":"0","ocean_menu_typo_font_family":"0","ocean_menu_typo_font_subset":"","ocean_menu_typo_font_size":0,"ocean_menu_typo_font_size_tablet":0,"ocean_menu_typo_font_size_mobile":0,"ocean_menu_typo_font_size_unit":"px","ocean_menu_typo_font_weight":"","ocean_menu_typo_font_weight_tablet":"","ocean_menu_typo_font_weight_mobile":"","ocean_menu_typo_transform":"","ocean_menu_typo_transform_tablet":"","ocean_menu_typo_transform_mobile":"","ocean_menu_typo_line_height":0,"ocean_menu_typo_line_height_tablet":0,"ocean_menu_typo_line_height_mobile":0,"ocean_menu_typo_line_height_unit":"","ocean_menu_typo_spacing":0,"ocean_menu_typo_spacing_tablet":0,"ocean_menu_typo_spacing_mobile":0,"ocean_menu_typo_spacing_unit":"","ocean_menu_link_color":"","ocean_menu_link_color_hover":"","ocean_menu_link_color_active":"","ocean_menu_link_background":"","ocean_menu_link_hover_background":"","ocean_menu_link_active_background":"","ocean_menu_social_links_bg":"","ocean_menu_social_hover_links_bg":"","ocean_menu_social_links_color":"","ocean_menu_social_hover_links_color":"","ocean_disable_title":"default","ocean_disable_heading":"default","ocean_post_title":"","ocean_post_subheading":"","ocean_post_title_style":"","ocean_post_title_background_color":"","ocean_post_title_background":0,"ocean_post_title_bg_image_position":"","ocean_post_title_bg_image_attachment":"","ocean_post_title_bg_image_repeat":"","ocean_post_title_bg_image_size":"","ocean_post_title_height":0,"ocean_post_title_bg_overlay":0.5,"ocean_post_title_bg_overlay_color":"","ocean_disable_breadcrumbs":"default","ocean_breadcrumbs_color":"","ocean_breadcrumbs_separator_color":"","ocean_breadcrumbs_links_color":"","ocean_breadcrumbs_links_hover_color":"","ocean_display_footer_widgets":"default","ocean_display_footer_bottom":"default","ocean_custom_footer_template":"0","osh_disable_topbar_sticky":"default","osh_disable_header_sticky":"default","osh_sticky_header_style":"default","osh_sticky_header_effect":"","osh_custom_sticky_logo":0,"osh_custom_retina_sticky_logo":0,"osh_custom_sticky_logo_height":0,"osh_background_color":"","osh_links_color":"","osh_links_hover_color":"","osh_links_active_color":"","osh_links_bg_color":"","osh_links_hover_bg_color":"","osh_links_active_bg_color":"","osh_menu_social_links_color":"","osh_menu_social_hover_links_color":""},"product_brand":[],"product_cat":[43],"product_tag":[70,54,55],"class_list":{"0":"post-2061","1":"product","2":"type-product","3":"status-publish","4":"has-post-thumbnail","6":"product_cat-wire-strapping-buckle","7":"product_tag-packing-buckle","8":"product_tag-strapping-buckle","9":"product_tag-wire-buckle","11":"entry","12":"has-media","14":"first","15":"instock","16":"shipping-taxable","17":"product-type-external","18":"col","19":"span_1_of_3","20":"owp-content-center","21":"owp-thumbs-layout-horizontal","22":"owp-btn-very-big","23":"owp-tabs-layout-horizontal"},"_links":{"self":[{"href":"https:\/\/www.qianyipack.com\/fr\/wp-json\/wp\/v2\/product\/2061","targetHints":{"allow":["GET"]}}],"collection":[{"href":"https:\/\/www.qianyipack.com\/fr\/wp-json\/wp\/v2\/product"}],"about":[{"href":"https:\/\/www.qianyipack.com\/fr\/wp-json\/wp\/v2\/types\/product"}],"wp:featuredmedia":[{"embeddable":true,"href":"https:\/\/www.qianyipack.com\/fr\/wp-json\/wp\/v2\/media\/2062"}],"wp:attachment":[{"href":"https:\/\/www.qianyipack.com\/fr\/wp-json\/wp\/v2\/media?parent=2061"}],"wp:term":[{"taxonomy":"product_brand","embeddable":true,"href":"https:\/\/www.qianyipack.com\/fr\/wp-json\/wp\/v2\/product_brand?post=2061"},{"taxonomy":"product_cat","embeddable":true,"href":"https:\/\/www.qianyipack.com\/fr\/wp-json\/wp\/v2\/product_cat?post=2061"},{"taxonomy":"product_tag","embeddable":true,"href":"https:\/\/www.qianyipack.com\/fr\/wp-json\/wp\/v2\/product_tag?post=2061"}],"curies":[{"name":"wp","href":"https:\/\/api.w.org\/{rel}","templated":true}]}}