{"id":2066,"date":"2021-10-28T18:29:40","date_gmt":"2021-10-29T02:29:40","guid":{"rendered":"https:\/\/www.qianyipack.com\/?post_type=product&#038;p=2066"},"modified":"2021-11-23T17:25:38","modified_gmt":"2021-11-24T01:25:38","slug":"16mm-wholesale-galvanized-steel-wire-strapping-buckle","status":"publish","type":"product","link":"https:\/\/www.qianyipack.com\/fr\/produit\/16mm-wholesale-galvanized-steel-wire-strapping-buckle","title":{"rendered":"Boucle de cerclage en fil d'acier galvanis\u00e9 de 16 mm"},"content":{"rendered":"<p class=\" translation-block\">La boucle de cerclage est en acier m\u00e9tallique de haute qualit\u00e9, la couleur est brillante et transparente, et chaque lot est un nouveau lot, qui a subi une production standardis\u00e9e stricte et peut m\u00eame \u00eatre r\u00e9utilis\u00e9.<br>\nLa force de traction de la boucle de fil peut atteindre des tonnes, et la cargaison du conteneur est emball\u00e9e avec une grande cargaison et une cargaison lourde. Soyez assur\u00e9 pendant le transport, afin que chaque lot de cargaison puisse arriver en toute s\u00e9curit\u00e9.<br>\nLa boucle de cerclage peut \u00eatre utilis\u00e9e pour le cerclage de gros objets, tels que des lingots d'aluminium, du bois, de l'acier et de la pierre.<br>\nIl peut \u00e9galement \u00eatre utilis\u00e9 pour : le regroupement d'objets volumineux sur des camions \u00e0 plateau ou des palettes, des conteneurs logistiques, etc.<br>\nLa boucle supporte une grande force de traction. Selon le diam\u00e8tre de son fil d'acier, il a \u00e9t\u00e9 d\u00e9termin\u00e9 que la boucle supporte une force de traction allant de 400 \u00e0 3000 kg.<\/p>\n<figure id=\"attachment_2032\" aria-describedby=\"caption-attachment-2032\" style=\"width: 960px\" class=\"wp-caption alignnone\"><img fetchpriority=\"high\" decoding=\"async\" class=\"size-full wp-image-2032\" src=\"https:\/\/www.qianyipack.com\/wp-content\/uploads\/Galvanized-packaging-buckle-16mm-6.jpg\" alt=\"Galvanized packaging buckle 16mm (6)\" width=\"960\" height=\"540\" srcset=\"https:\/\/www.qianyipack.com\/wp-content\/uploads\/Galvanized-packaging-buckle-16mm-6.jpg 960w, https:\/\/www.qianyipack.com\/wp-content\/uploads\/Galvanized-packaging-buckle-16mm-6-800x450.jpg 800w, https:\/\/www.qianyipack.com\/wp-content\/uploads\/Galvanized-packaging-buckle-16mm-6-300x169.jpg 300w, https:\/\/www.qianyipack.com\/wp-content\/uploads\/Galvanized-packaging-buckle-16mm-6-768x432.jpg 768w, https:\/\/www.qianyipack.com\/wp-content\/uploads\/Galvanized-packaging-buckle-16mm-6-18x10.jpg 18w\" sizes=\"(max-width: 960px) 100vw, 960px\" \/><figcaption id=\"caption-attachment-2032\" class=\"wp-caption-text\">Boucle d'emballage galvanis\u00e9e 16mm (6)<\/figcaption><\/figure>\n<figure id=\"attachment_1057\" aria-describedby=\"caption-attachment-1057\" style=\"width: 960px\" class=\"wp-caption alignnone\"><img decoding=\"async\" class=\"size-full wp-image-1057\" src=\"https:\/\/www.qianyipack.com\/wp-content\/uploads\/2021\/10\/wire-strapping-buckle.jpg\" alt=\"wire-strapping-buckle\" width=\"960\" height=\"540\" srcset=\"https:\/\/www.qianyipack.com\/wp-content\/uploads\/2021\/10\/wire-strapping-buckle.jpg 960w, https:\/\/www.qianyipack.com\/wp-content\/uploads\/2021\/10\/wire-strapping-buckle-800x450.jpg 800w, https:\/\/www.qianyipack.com\/wp-content\/uploads\/2021\/10\/wire-strapping-buckle-300x169.jpg 300w, https:\/\/www.qianyipack.com\/wp-content\/uploads\/2021\/10\/wire-strapping-buckle-768x432.jpg 768w\" sizes=\"(max-width: 960px) 100vw, 960px\" \/><figcaption id=\"caption-attachment-1057\" class=\"wp-caption-text\">boucle de cerclage<\/figcaption><\/figure>\n<h3>sp\u00e9cification<\/h3>\n<p>Il est utilis\u00e9 en standard en combinaison avec une sangle en corde composite, pi\u00e8ge en polyester tiss\u00e9, disponible en largeur de 13 \u00e0 32 mm. La boucle essentiellement galvanis\u00e9e est pour la sangle composite, et la boucle phosphat\u00e9e est pour la sangle tiss\u00e9e.<\/p>\n<figure id=\"attachment_1058\" aria-describedby=\"caption-attachment-1058\" style=\"width: 960px\" class=\"wp-caption alignnone\"><img decoding=\"async\" class=\"size-full wp-image-1058\" src=\"https:\/\/www.qianyipack.com\/wp-content\/uploads\/2021\/10\/wire-strapping-buckle-specifi.jpg\" alt=\"wire-strapping-buckle-specifi\" width=\"960\" height=\"642\" srcset=\"https:\/\/www.qianyipack.com\/wp-content\/uploads\/2021\/10\/wire-strapping-buckle-specifi.jpg 960w, https:\/\/www.qianyipack.com\/wp-content\/uploads\/2021\/10\/wire-strapping-buckle-specifi-800x535.jpg 800w, https:\/\/www.qianyipack.com\/wp-content\/uploads\/2021\/10\/wire-strapping-buckle-specifi-300x201.jpg 300w, https:\/\/www.qianyipack.com\/wp-content\/uploads\/2021\/10\/wire-strapping-buckle-specifi-768x514.jpg 768w\" sizes=\"(max-width: 960px) 100vw, 960px\" \/><figcaption id=\"caption-attachment-1058\" class=\"wp-caption-text\">sp\u00e9cification de boucle de cerclage de fil<\/figcaption><\/figure>\n<h3>\u00c9tapes d'utilisation<\/h3>\n<figure id=\"attachment_1056\" aria-describedby=\"caption-attachment-1056\" style=\"width: 960px\" class=\"wp-caption alignnone\"><img loading=\"lazy\" decoding=\"async\" class=\"size-full wp-image-1056\" src=\"https:\/\/www.qianyipack.com\/wp-content\/uploads\/2021\/10\/STEPS-FOR-USAGE.jpg\" alt=\"steps-for-usage\" width=\"960\" height=\"640\" srcset=\"https:\/\/www.qianyipack.com\/wp-content\/uploads\/2021\/10\/STEPS-FOR-USAGE.jpg 960w, https:\/\/www.qianyipack.com\/wp-content\/uploads\/2021\/10\/STEPS-FOR-USAGE-800x533.jpg 800w, https:\/\/www.qianyipack.com\/wp-content\/uploads\/2021\/10\/STEPS-FOR-USAGE-300x200.jpg 300w, https:\/\/www.qianyipack.com\/wp-content\/uploads\/2021\/10\/STEPS-FOR-USAGE-768x512.jpg 768w\" sizes=\"(max-width: 960px) 100vw, 960px\" \/><figcaption id=\"caption-attachment-1056\" class=\"wp-caption-text\">\u00c9tapes d'utilisation<\/figcaption><\/figure>\n<h3>Production<\/h3>\n<p>La boucle d'emballage en fil d'acier est produite par la machine de formage de boucle d'emballage de notre usine. La machine est facile \u00e0 utiliser, pratique \u00e0 entretenir, s\u00fbre et rapide \u00e0 utiliser, et peut s'adapter \u00e0 divers environnements de travail difficiles. Il est principalement utilis\u00e9 pour la fabrication dans l'industrie du mat\u00e9riel, l'industrie du jouet, l'industrie de la papeterie, l'industrie de l'habillement, l'industrie de l'\u00e9clairage, l'industrie de la bijouterie, l'industrie \u00e9lectronique et d'autres appareils \u00e9lectriques Produits de fil utilis\u00e9s dans des industries telles que les produits et l'artisanat.<\/p>\n<figure id=\"attachment_2067\" aria-describedby=\"caption-attachment-2067\" style=\"width: 900px\" class=\"wp-caption alignnone\"><img loading=\"lazy\" decoding=\"async\" class=\"size-full wp-image-2067\" src=\"https:\/\/www.qianyipack.com\/wp-content\/uploads\/Hydraulic-strapping-buckle-machine2.jpg\" alt=\"Hydraulic strapping buckle machine(2)\" width=\"900\" height=\"600\" srcset=\"https:\/\/www.qianyipack.com\/wp-content\/uploads\/Hydraulic-strapping-buckle-machine2.jpg 900w, https:\/\/www.qianyipack.com\/wp-content\/uploads\/Hydraulic-strapping-buckle-machine2-800x533.jpg 800w, https:\/\/www.qianyipack.com\/wp-content\/uploads\/Hydraulic-strapping-buckle-machine2-300x200.jpg 300w, https:\/\/www.qianyipack.com\/wp-content\/uploads\/Hydraulic-strapping-buckle-machine2-768x512.jpg 768w, https:\/\/www.qianyipack.com\/wp-content\/uploads\/Hydraulic-strapping-buckle-machine2-18x12.jpg 18w\" sizes=\"(max-width: 900px) 100vw, 900px\" \/><figcaption id=\"caption-attachment-2067\" class=\"wp-caption-text\">Machine hydraulique \u00e0 boucle de cerclage(2)<\/figcaption><\/figure>","protected":false},"excerpt":{"rendered":"<div id=\"outer-wrap\" class=\"site clr\">\n<div id=\"wrap\" class=\"clr\">\n<div id=\"outer-wrap\" class=\"site clr\">\n<div id=\"wrap\" class=\"clr\">\n<p>Dans l'utilisation de cerclage en fibre flexible, la connexion a toujours \u00e9t\u00e9 au centre de notre attention, nous utiliserons donc un cerclage en fil d'acier pour la connexion. En particulier, sa tension au niveau des genoux est tr\u00e8s importante pour l'effet d'utilisation du cerclage, nous devons donc en savoir plus \u00e0 ce sujet.<\/p>\n<\/div>\n<\/div>\n<\/div>\n<\/div>","protected":false},"featured_media":2030,"template":"","meta":{"ocean_post_layout":"","ocean_both_sidebars_style":"","ocean_both_sidebars_content_width":0,"ocean_both_sidebars_sidebars_width":0,"ocean_sidebar":"0","ocean_second_sidebar":"0","ocean_disable_margins":"enable","ocean_add_body_class":"","ocean_shortcode_before_top_bar":"","ocean_shortcode_after_top_bar":"","ocean_shortcode_before_header":"","ocean_shortcode_after_header":"","ocean_has_shortcode":"","ocean_shortcode_after_title":"","ocean_shortcode_before_footer_widgets":"","ocean_shortcode_after_footer_widgets":"","ocean_shortcode_before_footer_bottom":"","ocean_shortcode_after_footer_bottom":"","ocean_display_top_bar":"default","ocean_display_header":"default","ocean_header_style":"","ocean_center_header_left_menu":"0","ocean_custom_header_template":"0","ocean_custom_logo":0,"ocean_custom_retina_logo":0,"ocean_custom_logo_max_width":0,"ocean_custom_logo_tablet_max_width":0,"ocean_custom_logo_mobile_max_width":0,"ocean_custom_logo_max_height":0,"ocean_custom_logo_tablet_max_height":0,"ocean_custom_logo_mobile_max_height":0,"ocean_header_custom_menu":"0","ocean_menu_typo_font_family":"0","ocean_menu_typo_font_subset":"","ocean_menu_typo_font_size":0,"ocean_menu_typo_font_size_tablet":0,"ocean_menu_typo_font_size_mobile":0,"ocean_menu_typo_font_size_unit":"px","ocean_menu_typo_font_weight":"","ocean_menu_typo_font_weight_tablet":"","ocean_menu_typo_font_weight_mobile":"","ocean_menu_typo_transform":"","ocean_menu_typo_transform_tablet":"","ocean_menu_typo_transform_mobile":"","ocean_menu_typo_line_height":0,"ocean_menu_typo_line_height_tablet":0,"ocean_menu_typo_line_height_mobile":0,"ocean_menu_typo_line_height_unit":"","ocean_menu_typo_spacing":0,"ocean_menu_typo_spacing_tablet":0,"ocean_menu_typo_spacing_mobile":0,"ocean_menu_typo_spacing_unit":"","ocean_menu_link_color":"","ocean_menu_link_color_hover":"","ocean_menu_link_color_active":"","ocean_menu_link_background":"","ocean_menu_link_hover_background":"","ocean_menu_link_active_background":"","ocean_menu_social_links_bg":"","ocean_menu_social_hover_links_bg":"","ocean_menu_social_links_color":"","ocean_menu_social_hover_links_color":"","ocean_disable_title":"default","ocean_disable_heading":"default","ocean_post_title":"","ocean_post_subheading":"","ocean_post_title_style":"","ocean_post_title_background_color":"","ocean_post_title_background":0,"ocean_post_title_bg_image_position":"","ocean_post_title_bg_image_attachment":"","ocean_post_title_bg_image_repeat":"","ocean_post_title_bg_image_size":"","ocean_post_title_height":0,"ocean_post_title_bg_overlay":0.5,"ocean_post_title_bg_overlay_color":"","ocean_disable_breadcrumbs":"default","ocean_breadcrumbs_color":"","ocean_breadcrumbs_separator_color":"","ocean_breadcrumbs_links_color":"","ocean_breadcrumbs_links_hover_color":"","ocean_display_footer_widgets":"default","ocean_display_footer_bottom":"default","ocean_custom_footer_template":"0","osh_disable_topbar_sticky":"default","osh_disable_header_sticky":"default","osh_sticky_header_style":"default","osh_sticky_header_effect":"","osh_custom_sticky_logo":0,"osh_custom_retina_sticky_logo":0,"osh_custom_sticky_logo_height":0,"osh_background_color":"","osh_links_color":"","osh_links_hover_color":"","osh_links_active_color":"","osh_links_bg_color":"","osh_links_hover_bg_color":"","osh_links_active_bg_color":"","osh_menu_social_links_color":"","osh_menu_social_hover_links_color":""},"product_brand":[],"product_cat":[43],"product_tag":[53,96,54],"class_list":{"0":"post-2066","1":"product","2":"type-product","3":"status-publish","4":"has-post-thumbnail","6":"product_cat-wire-strapping-buckle","7":"product_tag-metal-packaging-buckle","8":"product_tag-steel-wire-packing-buckle","9":"product_tag-strapping-buckle","11":"entry","12":"has-media","14":"first","15":"instock","16":"shipping-taxable","17":"product-type-external","18":"col","19":"span_1_of_3","20":"owp-content-center","21":"owp-thumbs-layout-horizontal","22":"owp-btn-very-big","23":"owp-tabs-layout-horizontal"},"_links":{"self":[{"href":"https:\/\/www.qianyipack.com\/fr\/wp-json\/wp\/v2\/product\/2066","targetHints":{"allow":["GET"]}}],"collection":[{"href":"https:\/\/www.qianyipack.com\/fr\/wp-json\/wp\/v2\/product"}],"about":[{"href":"https:\/\/www.qianyipack.com\/fr\/wp-json\/wp\/v2\/types\/product"}],"wp:featuredmedia":[{"embeddable":true,"href":"https:\/\/www.qianyipack.com\/fr\/wp-json\/wp\/v2\/media\/2030"}],"wp:attachment":[{"href":"https:\/\/www.qianyipack.com\/fr\/wp-json\/wp\/v2\/media?parent=2066"}],"wp:term":[{"taxonomy":"product_brand","embeddable":true,"href":"https:\/\/www.qianyipack.com\/fr\/wp-json\/wp\/v2\/product_brand?post=2066"},{"taxonomy":"product_cat","embeddable":true,"href":"https:\/\/www.qianyipack.com\/fr\/wp-json\/wp\/v2\/product_cat?post=2066"},{"taxonomy":"product_tag","embeddable":true,"href":"https:\/\/www.qianyipack.com\/fr\/wp-json\/wp\/v2\/product_tag?post=2066"}],"curies":[{"name":"wp","href":"https:\/\/api.w.org\/{rel}","templated":true}]}}