{"id":2130,"date":"2021-10-31T23:42:33","date_gmt":"2021-11-01T07:42:33","guid":{"rendered":"https:\/\/www.qianyipack.com\/?post_type=product&#038;p=2130"},"modified":"2021-11-23T17:14:55","modified_gmt":"2021-11-24T01:14:55","slug":"25mm-wire-strapping-buckle-use-with-woven-strapping","status":"publish","type":"product","link":"https:\/\/www.qianyipack.com\/fr\/produit\/25mm-wire-strapping-buckle-use-with-woven-strapping","title":{"rendered":"Utilisation de la boucle de cerclage en fil de 25 mm avec cerclage"},"content":{"rendered":"<p class=\" translation-block\">La boucle d'emballage en fil d'acier de phosphatation est constitu\u00e9e de nouveaux mat\u00e9riaux et est form\u00e9e \u00e0 la fois par une machine \u00e0 cintrer. La surface est lisse et peut r\u00e9sister \u00e0 une tension plus forte.<br>\nLes bords arrondis de la boucle d'emballage en fil d'acier sont s\u00fbrs \u00e0 utiliser, sans angles vifs, garantissant la s\u00e9curit\u00e9 des op\u00e9rateurs de construction.<br>\nLa boucle d'emballage a un processus de phosphatation de surface, qui a une forte r\u00e9sistance \u00e0 la corrosion et une longue dur\u00e9e de vie.<br>\nLa boucle d'emballage a une haute r\u00e9sistance. La fonction de la boucle d'emballage est de connecter la ceinture d'emballage. C'est une m\u00e9thode de connexion ferme et peut \u00eatre resserr\u00e9e \u00e0 plusieurs reprises. Dans certaines applications, la boucle d'emballage peut \u00eatre r\u00e9utilis\u00e9e, la haute r\u00e9sistance de la boucle d'emballage est donc tr\u00e8s importante.<br>\nLe cerclage en fibre peut r\u00e9sister aux changements de diverses conditions m\u00e9t\u00e9orologiques, peut fonctionner normalement \u00e0 30 , a une bonne r\u00e9sistance \u00e0 la corrosion et peut \u00e9galement fonctionner dans l'eau de mer sans contaminer vos produits.<\/p>\n<figure id=\"attachment_2115\" aria-describedby=\"caption-attachment-2115\" style=\"width: 960px\" class=\"wp-caption alignnone\"><img fetchpriority=\"high\" decoding=\"async\" class=\"size-full wp-image-2115\" src=\"https:\/\/www.qianyipack.com\/wp-content\/uploads\/25mm-phosphated-buckle-5.jpg\" alt=\"25mm phosphated buckle (5)\" width=\"960\" height=\"540\" srcset=\"https:\/\/www.qianyipack.com\/wp-content\/uploads\/25mm-phosphated-buckle-5.jpg 960w, https:\/\/www.qianyipack.com\/wp-content\/uploads\/25mm-phosphated-buckle-5-800x450.jpg 800w, https:\/\/www.qianyipack.com\/wp-content\/uploads\/25mm-phosphated-buckle-5-300x169.jpg 300w, https:\/\/www.qianyipack.com\/wp-content\/uploads\/25mm-phosphated-buckle-5-768x432.jpg 768w, https:\/\/www.qianyipack.com\/wp-content\/uploads\/25mm-phosphated-buckle-5-18x10.jpg 18w\" sizes=\"(max-width: 960px) 100vw, 960px\" \/><figcaption id=\"caption-attachment-2115\" class=\"wp-caption-text\">Boucle phosphat\u00e9e 25 mm (5)<\/figcaption><\/figure>\n<figure id=\"attachment_1057\" aria-describedby=\"caption-attachment-1057\" style=\"width: 960px\" class=\"wp-caption alignnone\"><img decoding=\"async\" class=\"size-full wp-image-1057\" src=\"https:\/\/www.qianyipack.com\/wp-content\/uploads\/2021\/10\/wire-strapping-buckle.jpg\" alt=\"wire-strapping-buckle\" width=\"960\" height=\"540\" srcset=\"https:\/\/www.qianyipack.com\/wp-content\/uploads\/2021\/10\/wire-strapping-buckle.jpg 960w, https:\/\/www.qianyipack.com\/wp-content\/uploads\/2021\/10\/wire-strapping-buckle-800x450.jpg 800w, https:\/\/www.qianyipack.com\/wp-content\/uploads\/2021\/10\/wire-strapping-buckle-300x169.jpg 300w, https:\/\/www.qianyipack.com\/wp-content\/uploads\/2021\/10\/wire-strapping-buckle-768x432.jpg 768w\" sizes=\"(max-width: 960px) 100vw, 960px\" \/><figcaption id=\"caption-attachment-1057\" class=\"wp-caption-text\">boucle de cerclage<\/figcaption><\/figure>\n<h3>sp\u00e9cification<\/h3>\n<p>Il est utilis\u00e9 en standard en combinaison avec le composite <a href=\"https:\/\/www.qianyipack.com\/en\/product\/\" target=\"_blank\" rel=\"noopener\">sangle de cordon<\/a>Il s'agit d'un pi\u00e8ge tiss\u00e9 en polyester, disponible dans une largeur de 13 \u00e0 32 mm. Fondamentalement, la boucle galvanis\u00e9e est destin\u00e9e \u00e0 la sangle composite, et <a href=\"https:\/\/www.qianyipack.com\/en\/product-category\/wire-strapping-buckle\" target=\"_blank\" rel=\"noopener\">boucle phosphat\u00e9e<\/a> est pour la sangle tiss\u00e9e.<\/p>\n<figure id=\"attachment_1058\" aria-describedby=\"caption-attachment-1058\" style=\"width: 960px\" class=\"wp-caption alignnone\"><img decoding=\"async\" class=\"size-full wp-image-1058\" src=\"https:\/\/www.qianyipack.com\/wp-content\/uploads\/2021\/10\/wire-strapping-buckle-specifi.jpg\" alt=\"wire-strapping-buckle-specifi\" width=\"960\" height=\"642\" srcset=\"https:\/\/www.qianyipack.com\/wp-content\/uploads\/2021\/10\/wire-strapping-buckle-specifi.jpg 960w, https:\/\/www.qianyipack.com\/wp-content\/uploads\/2021\/10\/wire-strapping-buckle-specifi-800x535.jpg 800w, https:\/\/www.qianyipack.com\/wp-content\/uploads\/2021\/10\/wire-strapping-buckle-specifi-300x201.jpg 300w, https:\/\/www.qianyipack.com\/wp-content\/uploads\/2021\/10\/wire-strapping-buckle-specifi-768x514.jpg 768w\" sizes=\"(max-width: 960px) 100vw, 960px\" \/><figcaption id=\"caption-attachment-1058\" class=\"wp-caption-text\">sp\u00e9cification de boucle de cerclage de fil<\/figcaption><\/figure>\n<h3>\u00c9tapes d'utilisation<\/h3>\n<figure id=\"attachment_1056\" aria-describedby=\"caption-attachment-1056\" style=\"width: 960px\" class=\"wp-caption alignnone\"><img loading=\"lazy\" decoding=\"async\" class=\"size-full wp-image-1056\" src=\"https:\/\/www.qianyipack.com\/wp-content\/uploads\/2021\/10\/STEPS-FOR-USAGE.jpg\" alt=\"steps-for-usage\" width=\"960\" height=\"640\" srcset=\"https:\/\/www.qianyipack.com\/wp-content\/uploads\/2021\/10\/STEPS-FOR-USAGE.jpg 960w, https:\/\/www.qianyipack.com\/wp-content\/uploads\/2021\/10\/STEPS-FOR-USAGE-800x533.jpg 800w, https:\/\/www.qianyipack.com\/wp-content\/uploads\/2021\/10\/STEPS-FOR-USAGE-300x200.jpg 300w, https:\/\/www.qianyipack.com\/wp-content\/uploads\/2021\/10\/STEPS-FOR-USAGE-768x512.jpg 768w\" sizes=\"(max-width: 960px) 100vw, 960px\" \/><figcaption id=\"caption-attachment-1056\" class=\"wp-caption-text\">\u00c9tapes d'utilisation<\/figcaption><\/figure>\n<h3>Application<\/h3>\n<p>Nos produits sont divis\u00e9s en sacs gonflables tiss\u00e9s en PP, sacs gonflables en papier kraft, sangles composites, sangles tiss\u00e9es, sangles de levage lourdes, boucles de mat\u00e9riel lourd, boucles de sangle m\u00e9tallique, s\u00e9ries de protection de conteneur, coins de protection et outils auxiliaires\u00a0: tels que les syst\u00e8mes de gonflage des sacs gonflables, Tendeur de courroie d'emballage, voiture de courroie et ainsi de suite. Nous appliquons strictement le syst\u00e8me de gestion de la qualit\u00e9 1SO9001, \u00e9tablissons des normes de test strictes pour toutes les mati\u00e8res premi\u00e8res et produits finis afin de garantir une haute qualit\u00e9, et impl\u00e9mentons progressivement une production automatis\u00e9e pour am\u00e9liorer l'efficacit\u00e9 de la production et r\u00e9duire les co\u00fbts.<\/p>\n<figure id=\"attachment_2122\" aria-describedby=\"caption-attachment-2122\" style=\"width: 960px\" class=\"wp-caption alignnone\"><img loading=\"lazy\" decoding=\"async\" class=\"size-full wp-image-2122\" src=\"https:\/\/www.qianyipack.com\/wp-content\/uploads\/strap-buckle-application-2.jpg\" alt=\"strap buckle application (2)\" width=\"960\" height=\"672\" srcset=\"https:\/\/www.qianyipack.com\/wp-content\/uploads\/strap-buckle-application-2.jpg 960w, https:\/\/www.qianyipack.com\/wp-content\/uploads\/strap-buckle-application-2-800x560.jpg 800w, https:\/\/www.qianyipack.com\/wp-content\/uploads\/strap-buckle-application-2-300x210.jpg 300w, https:\/\/www.qianyipack.com\/wp-content\/uploads\/strap-buckle-application-2-768x538.jpg 768w, https:\/\/www.qianyipack.com\/wp-content\/uploads\/strap-buckle-application-2-18x12.jpg 18w\" sizes=\"(max-width: 960px) 100vw, 960px\" \/><figcaption id=\"caption-attachment-2122\" class=\"wp-caption-text\">application de boucle de sangle (2)<\/figcaption><\/figure>","protected":false},"excerpt":{"rendered":"<div id=\"outer-wrap\" class=\"site clr\">\n<div id=\"wrap\" class=\"clr\">\n<div id=\"outer-wrap\" class=\"site clr\">\n<div id=\"wrap\" class=\"clr\">\n<p>La boucle d'emballage est un petit objet utilis\u00e9 pour attacher la ceinture d'emballage lors du processus d'emballage. Il pr\u00e9sente les avantages de la simplicit\u00e9, de la l\u00e9g\u00e8ret\u00e9 et de bonnes performances de fixation. Les boucles d'emballage pr\u00e9c\u00e9dentes \u00e9taient en t\u00f4le de fer. Ce type de boucle d'emballage a un fonctionnement et une pollution complexes, il a donc \u00e9t\u00e9 progressivement \u00e9limin\u00e9.<\/p>\n<\/div>\n<\/div>\n<\/div>\n<\/div>","protected":false},"featured_media":2114,"template":"","meta":{"ocean_post_layout":"","ocean_both_sidebars_style":"","ocean_both_sidebars_content_width":0,"ocean_both_sidebars_sidebars_width":0,"ocean_sidebar":"0","ocean_second_sidebar":"0","ocean_disable_margins":"enable","ocean_add_body_class":"","ocean_shortcode_before_top_bar":"","ocean_shortcode_after_top_bar":"","ocean_shortcode_before_header":"","ocean_shortcode_after_header":"","ocean_has_shortcode":"","ocean_shortcode_after_title":"","ocean_shortcode_before_footer_widgets":"","ocean_shortcode_after_footer_widgets":"","ocean_shortcode_before_footer_bottom":"","ocean_shortcode_after_footer_bottom":"","ocean_display_top_bar":"default","ocean_display_header":"default","ocean_header_style":"","ocean_center_header_left_menu":"0","ocean_custom_header_template":"0","ocean_custom_logo":0,"ocean_custom_retina_logo":0,"ocean_custom_logo_max_width":0,"ocean_custom_logo_tablet_max_width":0,"ocean_custom_logo_mobile_max_width":0,"ocean_custom_logo_max_height":0,"ocean_custom_logo_tablet_max_height":0,"ocean_custom_logo_mobile_max_height":0,"ocean_header_custom_menu":"0","ocean_menu_typo_font_family":"0","ocean_menu_typo_font_subset":"","ocean_menu_typo_font_size":0,"ocean_menu_typo_font_size_tablet":0,"ocean_menu_typo_font_size_mobile":0,"ocean_menu_typo_font_size_unit":"px","ocean_menu_typo_font_weight":"","ocean_menu_typo_font_weight_tablet":"","ocean_menu_typo_font_weight_mobile":"","ocean_menu_typo_transform":"","ocean_menu_typo_transform_tablet":"","ocean_menu_typo_transform_mobile":"","ocean_menu_typo_line_height":0,"ocean_menu_typo_line_height_tablet":0,"ocean_menu_typo_line_height_mobile":0,"ocean_menu_typo_line_height_unit":"","ocean_menu_typo_spacing":0,"ocean_menu_typo_spacing_tablet":0,"ocean_menu_typo_spacing_mobile":0,"ocean_menu_typo_spacing_unit":"","ocean_menu_link_color":"","ocean_menu_link_color_hover":"","ocean_menu_link_color_active":"","ocean_menu_link_background":"","ocean_menu_link_hover_background":"","ocean_menu_link_active_background":"","ocean_menu_social_links_bg":"","ocean_menu_social_hover_links_bg":"","ocean_menu_social_links_color":"","ocean_menu_social_hover_links_color":"","ocean_disable_title":"default","ocean_disable_heading":"default","ocean_post_title":"","ocean_post_subheading":"","ocean_post_title_style":"","ocean_post_title_background_color":"","ocean_post_title_background":0,"ocean_post_title_bg_image_position":"","ocean_post_title_bg_image_attachment":"","ocean_post_title_bg_image_repeat":"","ocean_post_title_bg_image_size":"","ocean_post_title_height":0,"ocean_post_title_bg_overlay":0.5,"ocean_post_title_bg_overlay_color":"","ocean_disable_breadcrumbs":"default","ocean_breadcrumbs_color":"","ocean_breadcrumbs_separator_color":"","ocean_breadcrumbs_links_color":"","ocean_breadcrumbs_links_hover_color":"","ocean_display_footer_widgets":"default","ocean_display_footer_bottom":"default","ocean_custom_footer_template":"0","osh_disable_topbar_sticky":"default","osh_disable_header_sticky":"default","osh_sticky_header_style":"default","osh_sticky_header_effect":"","osh_custom_sticky_logo":0,"osh_custom_retina_sticky_logo":0,"osh_custom_sticky_logo_height":0,"osh_background_color":"","osh_links_color":"","osh_links_hover_color":"","osh_links_active_color":"","osh_links_bg_color":"","osh_links_hover_bg_color":"","osh_links_active_bg_color":"","osh_menu_social_links_color":"","osh_menu_social_hover_links_color":""},"product_brand":[],"product_cat":[43],"product_tag":[108,107,109],"class_list":{"0":"post-2130","1":"product","2":"type-product","3":"status-publish","4":"has-post-thumbnail","6":"product_cat-wire-strapping-buckle","7":"product_tag-packing-strap-buckle","8":"product_tag-phosphate-wire-buckle","9":"product_tag-wire-strapping-buckles","11":"entry","12":"has-media","14":"first","15":"instock","16":"shipping-taxable","17":"product-type-external","18":"col","19":"span_1_of_3","20":"owp-content-center","21":"owp-thumbs-layout-horizontal","22":"owp-btn-very-big","23":"owp-tabs-layout-horizontal"},"_links":{"self":[{"href":"https:\/\/www.qianyipack.com\/fr\/wp-json\/wp\/v2\/product\/2130","targetHints":{"allow":["GET"]}}],"collection":[{"href":"https:\/\/www.qianyipack.com\/fr\/wp-json\/wp\/v2\/product"}],"about":[{"href":"https:\/\/www.qianyipack.com\/fr\/wp-json\/wp\/v2\/types\/product"}],"wp:featuredmedia":[{"embeddable":true,"href":"https:\/\/www.qianyipack.com\/fr\/wp-json\/wp\/v2\/media\/2114"}],"wp:attachment":[{"href":"https:\/\/www.qianyipack.com\/fr\/wp-json\/wp\/v2\/media?parent=2130"}],"wp:term":[{"taxonomy":"product_brand","embeddable":true,"href":"https:\/\/www.qianyipack.com\/fr\/wp-json\/wp\/v2\/product_brand?post=2130"},{"taxonomy":"product_cat","embeddable":true,"href":"https:\/\/www.qianyipack.com\/fr\/wp-json\/wp\/v2\/product_cat?post=2130"},{"taxonomy":"product_tag","embeddable":true,"href":"https:\/\/www.qianyipack.com\/fr\/wp-json\/wp\/v2\/product_tag?post=2130"}],"curies":[{"name":"wp","href":"https:\/\/api.w.org\/{rel}","templated":true}]}}