{"id":2131,"date":"2021-10-31T23:57:58","date_gmt":"2021-11-01T07:57:58","guid":{"rendered":"https:\/\/www.qianyipack.com\/?post_type=product&#038;p=2131"},"modified":"2021-11-23T17:13:52","modified_gmt":"2021-11-24T01:13:52","slug":"32mm-heavy-duty-strapping-buckles-with-phosphating","status":"publish","type":"product","link":"https:\/\/www.qianyipack.com\/fr\/produit\/32mm-heavy-duty-strapping-buckles-with-phosphating","title":{"rendered":"Boucles de cerclage robustes de 32 mm avec phosphatation"},"content":{"rendered":"<p class=\" translation-block\">La materia prima de la hebilla de empaque de fosfato es acero de alta calidad con alta resistencia al desgaste, alta resistencia a la compresi\u00f3n, buena tenacidad y buena estabilidad. Esta es el arma m\u00e1gica de nuestra hebilla de empaque para ganar mercado. <br>\nLos diversos tipos y especificaciones de hebillas de embalaje pueden satisfacer los diferentes requisitos de los clientes. Por ejemplo, el tama\u00f1o del bot\u00f3n, el di\u00e1metro del alambre de acero y la tecnolog\u00eda de tratamiento de superficies se pueden personalizar de acuerdo con las necesidades del cliente. <br>\nLa funci\u00f3n de la hebilla de embalaje es conectar la correa de embalaje y apretar la correa de embalaje, y esta funci\u00f3n depende de si el material general del bot\u00f3n es s\u00f3lido y si el dise\u00f1o y la mano de obra son lo suficientemente buenos. <br>\nPara hebillas de embalaje de tama\u00f1o est\u00e1ndar, tenemos un gran inventario, por lo que podemos suministrarlas a tiempo, y somos un fabricante de hebillas de embalaje con una l\u00ednea de producci\u00f3n, por lo que cuanto m\u00e1s, mejor para los productos personalizados.<\/p>\n<figure id=\"attachment_2126\" aria-describedby=\"caption-attachment-2126\" style=\"width: 960px\" class=\"wp-caption alignnone\"><img fetchpriority=\"high\" decoding=\"async\" class=\"size-full wp-image-2126\" src=\"https:\/\/www.qianyipack.com\/wp-content\/uploads\/25mm-phosphated-buckle-8.jpg\" alt=\"25mm phosphated buckle (8)\" width=\"960\" height=\"640\" srcset=\"https:\/\/www.qianyipack.com\/wp-content\/uploads\/25mm-phosphated-buckle-8.jpg 960w, https:\/\/www.qianyipack.com\/wp-content\/uploads\/25mm-phosphated-buckle-8-800x533.jpg 800w, https:\/\/www.qianyipack.com\/wp-content\/uploads\/25mm-phosphated-buckle-8-300x200.jpg 300w, https:\/\/www.qianyipack.com\/wp-content\/uploads\/25mm-phosphated-buckle-8-768x512.jpg 768w, https:\/\/www.qianyipack.com\/wp-content\/uploads\/25mm-phosphated-buckle-8-18x12.jpg 18w\" sizes=\"(max-width: 960px) 100vw, 960px\" \/><figcaption id=\"caption-attachment-2126\" class=\"wp-caption-text\">Boucle phosphat\u00e9e 25mm (8)<\/figcaption><\/figure>\n<figure id=\"attachment_1057\" aria-describedby=\"caption-attachment-1057\" style=\"width: 960px\" class=\"wp-caption alignnone\"><img decoding=\"async\" class=\"size-full wp-image-1057\" src=\"https:\/\/www.qianyipack.com\/wp-content\/uploads\/2021\/10\/wire-strapping-buckle.jpg\" alt=\"wire-strapping-buckle\" width=\"960\" height=\"540\" srcset=\"https:\/\/www.qianyipack.com\/wp-content\/uploads\/2021\/10\/wire-strapping-buckle.jpg 960w, https:\/\/www.qianyipack.com\/wp-content\/uploads\/2021\/10\/wire-strapping-buckle-800x450.jpg 800w, https:\/\/www.qianyipack.com\/wp-content\/uploads\/2021\/10\/wire-strapping-buckle-300x169.jpg 300w, https:\/\/www.qianyipack.com\/wp-content\/uploads\/2021\/10\/wire-strapping-buckle-768x432.jpg 768w\" sizes=\"(max-width: 960px) 100vw, 960px\" \/><figcaption id=\"caption-attachment-1057\" class=\"wp-caption-text\">boucle de cerclage<\/figcaption><\/figure>\n<h3>sp\u00e9cification<\/h3>\n<p>Avec la diversification croissante de la demande des consommateurs, il existe de plus en plus de vari\u00e9t\u00e9s de boutons d'emballage. Les clients passent beaucoup de temps \u00e0 s\u00e9lectionner des boutons, ce qui augmente le co\u00fbt d'achat. \u00c0 cette fin, afin de nous adapter \u00e0 l'\u00e9volution du temps, nous avons introduit une m\u00e9thode de production personnalis\u00e9e dans notre gestion de production.<\/p>\n<figure id=\"attachment_1058\" aria-describedby=\"caption-attachment-1058\" style=\"width: 960px\" class=\"wp-caption alignnone\"><img decoding=\"async\" class=\"size-full wp-image-1058\" src=\"https:\/\/www.qianyipack.com\/wp-content\/uploads\/2021\/10\/wire-strapping-buckle-specifi.jpg\" alt=\"wire-strapping-buckle-specifi\" width=\"960\" height=\"642\" srcset=\"https:\/\/www.qianyipack.com\/wp-content\/uploads\/2021\/10\/wire-strapping-buckle-specifi.jpg 960w, https:\/\/www.qianyipack.com\/wp-content\/uploads\/2021\/10\/wire-strapping-buckle-specifi-800x535.jpg 800w, https:\/\/www.qianyipack.com\/wp-content\/uploads\/2021\/10\/wire-strapping-buckle-specifi-300x201.jpg 300w, https:\/\/www.qianyipack.com\/wp-content\/uploads\/2021\/10\/wire-strapping-buckle-specifi-768x514.jpg 768w\" sizes=\"(max-width: 960px) 100vw, 960px\" \/><figcaption id=\"caption-attachment-1058\" class=\"wp-caption-text\">sp\u00e9cification de boucle de cerclage de fil<\/figcaption><\/figure>\n<h3>\u00c9tapes d'utilisation<\/h3>\n<figure id=\"attachment_1056\" aria-describedby=\"caption-attachment-1056\" style=\"width: 960px\" class=\"wp-caption alignnone\"><img loading=\"lazy\" decoding=\"async\" class=\"size-full wp-image-1056\" src=\"https:\/\/www.qianyipack.com\/wp-content\/uploads\/2021\/10\/STEPS-FOR-USAGE.jpg\" alt=\"steps-for-usage\" width=\"960\" height=\"640\" srcset=\"https:\/\/www.qianyipack.com\/wp-content\/uploads\/2021\/10\/STEPS-FOR-USAGE.jpg 960w, https:\/\/www.qianyipack.com\/wp-content\/uploads\/2021\/10\/STEPS-FOR-USAGE-800x533.jpg 800w, https:\/\/www.qianyipack.com\/wp-content\/uploads\/2021\/10\/STEPS-FOR-USAGE-300x200.jpg 300w, https:\/\/www.qianyipack.com\/wp-content\/uploads\/2021\/10\/STEPS-FOR-USAGE-768x512.jpg 768w\" sizes=\"(max-width: 960px) 100vw, 960px\" \/><figcaption id=\"caption-attachment-1056\" class=\"wp-caption-text\">\u00c9tapes d'utilisation<\/figcaption><\/figure>\n<h3>Application<\/h3>\n<p>Nos produits comprennent des sangles en fibre de polyester, des sangles tiss\u00e9es en fibre de polyester, des boucles de sangle en fil d'acier, des boucles de sangle forg\u00e9es, des tendeurs \u00e0 cliquet, des sangles en acier en plastique PET et d'autres produits, qui sont largement utilis\u00e9s dans les entreprises industrielles et mini\u00e8res, les chemins de fer, l'aviation, la navigation et les autoroutes . Le transport ou toute combinaison de transport est pratique, efficace et respectueux de l'environnement.<\/p>\n<figure id=\"attachment_2060\" aria-describedby=\"caption-attachment-2060\" style=\"width: 960px\" class=\"wp-caption alignnone\"><img loading=\"lazy\" decoding=\"async\" class=\"size-full wp-image-2060\" src=\"https:\/\/www.qianyipack.com\/wp-content\/uploads\/wire-buckle-application.jpg\" alt=\"wire buckle application\" width=\"960\" height=\"674\" srcset=\"https:\/\/www.qianyipack.com\/wp-content\/uploads\/wire-buckle-application.jpg 960w, https:\/\/www.qianyipack.com\/wp-content\/uploads\/wire-buckle-application-800x562.jpg 800w, https:\/\/www.qianyipack.com\/wp-content\/uploads\/wire-buckle-application-300x211.jpg 300w, https:\/\/www.qianyipack.com\/wp-content\/uploads\/wire-buckle-application-768x539.jpg 768w, https:\/\/www.qianyipack.com\/wp-content\/uploads\/wire-buckle-application-18x12.jpg 18w\" sizes=\"(max-width: 960px) 100vw, 960px\" \/><figcaption id=\"caption-attachment-2060\" class=\"wp-caption-text\">application de boucle de fil<\/figcaption><\/figure>","protected":false},"excerpt":{"rendered":"<div id=\"outer-wrap\" class=\"site clr\">\n<div id=\"wrap\" class=\"clr\">\n<div id=\"outer-wrap\" class=\"site clr\">\n<div id=\"wrap\" class=\"clr\">\n<p>Qianyi produit et vend en gros une ceinture d'emballage, un emballeur, une boucle d'emballage, une ceinture d'emballage en PP, une ceinture en acier en plastique pour animaux de compagnie, une ceinture d'emballage en t\u00f4le de fer, une ceinture d'emballage en fibre et une ceinture tress\u00e9e en polyester. Les produits se vendent bien sur le march\u00e9 de la consommation et jouissent d'une position \u00e9lev\u00e9e parmi les consommateurs.<\/p>\n<\/div>\n<\/div>\n<\/div>\n<\/div>","protected":false},"featured_media":2118,"template":"","meta":{"ocean_post_layout":"","ocean_both_sidebars_style":"","ocean_both_sidebars_content_width":0,"ocean_both_sidebars_sidebars_width":0,"ocean_sidebar":"0","ocean_second_sidebar":"0","ocean_disable_margins":"enable","ocean_add_body_class":"","ocean_shortcode_before_top_bar":"","ocean_shortcode_after_top_bar":"","ocean_shortcode_before_header":"","ocean_shortcode_after_header":"","ocean_has_shortcode":"","ocean_shortcode_after_title":"","ocean_shortcode_before_footer_widgets":"","ocean_shortcode_after_footer_widgets":"","ocean_shortcode_before_footer_bottom":"","ocean_shortcode_after_footer_bottom":"","ocean_display_top_bar":"default","ocean_display_header":"default","ocean_header_style":"","ocean_center_header_left_menu":"0","ocean_custom_header_template":"0","ocean_custom_logo":0,"ocean_custom_retina_logo":0,"ocean_custom_logo_max_width":0,"ocean_custom_logo_tablet_max_width":0,"ocean_custom_logo_mobile_max_width":0,"ocean_custom_logo_max_height":0,"ocean_custom_logo_tablet_max_height":0,"ocean_custom_logo_mobile_max_height":0,"ocean_header_custom_menu":"0","ocean_menu_typo_font_family":"0","ocean_menu_typo_font_subset":"","ocean_menu_typo_font_size":0,"ocean_menu_typo_font_size_tablet":0,"ocean_menu_typo_font_size_mobile":0,"ocean_menu_typo_font_size_unit":"px","ocean_menu_typo_font_weight":"","ocean_menu_typo_font_weight_tablet":"","ocean_menu_typo_font_weight_mobile":"","ocean_menu_typo_transform":"","ocean_menu_typo_transform_tablet":"","ocean_menu_typo_transform_mobile":"","ocean_menu_typo_line_height":0,"ocean_menu_typo_line_height_tablet":0,"ocean_menu_typo_line_height_mobile":0,"ocean_menu_typo_line_height_unit":"","ocean_menu_typo_spacing":0,"ocean_menu_typo_spacing_tablet":0,"ocean_menu_typo_spacing_mobile":0,"ocean_menu_typo_spacing_unit":"","ocean_menu_link_color":"","ocean_menu_link_color_hover":"","ocean_menu_link_color_active":"","ocean_menu_link_background":"","ocean_menu_link_hover_background":"","ocean_menu_link_active_background":"","ocean_menu_social_links_bg":"","ocean_menu_social_hover_links_bg":"","ocean_menu_social_links_color":"","ocean_menu_social_hover_links_color":"","ocean_disable_title":"default","ocean_disable_heading":"default","ocean_post_title":"","ocean_post_subheading":"","ocean_post_title_style":"","ocean_post_title_background_color":"","ocean_post_title_background":0,"ocean_post_title_bg_image_position":"","ocean_post_title_bg_image_attachment":"","ocean_post_title_bg_image_repeat":"","ocean_post_title_bg_image_size":"","ocean_post_title_height":0,"ocean_post_title_bg_overlay":0.5,"ocean_post_title_bg_overlay_color":"","ocean_disable_breadcrumbs":"default","ocean_breadcrumbs_color":"","ocean_breadcrumbs_separator_color":"","ocean_breadcrumbs_links_color":"","ocean_breadcrumbs_links_hover_color":"","ocean_display_footer_widgets":"default","ocean_display_footer_bottom":"default","ocean_custom_footer_template":"0","osh_disable_topbar_sticky":"default","osh_disable_header_sticky":"default","osh_sticky_header_style":"default","osh_sticky_header_effect":"","osh_custom_sticky_logo":0,"osh_custom_retina_sticky_logo":0,"osh_custom_sticky_logo_height":0,"osh_background_color":"","osh_links_color":"","osh_links_hover_color":"","osh_links_active_color":"","osh_links_bg_color":"","osh_links_hover_bg_color":"","osh_links_active_bg_color":"","osh_menu_social_links_color":"","osh_menu_social_hover_links_color":""},"product_brand":[],"product_cat":[43],"product_tag":[110,54,55],"class_list":{"0":"post-2131","1":"product","2":"type-product","3":"status-publish","4":"has-post-thumbnail","6":"product_cat-wire-strapping-buckle","7":"product_tag-metal-buuckle","8":"product_tag-strapping-buckle","9":"product_tag-wire-buckle","11":"entry","12":"has-media","14":"first","15":"instock","16":"shipping-taxable","17":"product-type-external","18":"col","19":"span_1_of_3","20":"owp-content-center","21":"owp-thumbs-layout-horizontal","22":"owp-btn-very-big","23":"owp-tabs-layout-horizontal"},"_links":{"self":[{"href":"https:\/\/www.qianyipack.com\/fr\/wp-json\/wp\/v2\/product\/2131","targetHints":{"allow":["GET"]}}],"collection":[{"href":"https:\/\/www.qianyipack.com\/fr\/wp-json\/wp\/v2\/product"}],"about":[{"href":"https:\/\/www.qianyipack.com\/fr\/wp-json\/wp\/v2\/types\/product"}],"wp:featuredmedia":[{"embeddable":true,"href":"https:\/\/www.qianyipack.com\/fr\/wp-json\/wp\/v2\/media\/2118"}],"wp:attachment":[{"href":"https:\/\/www.qianyipack.com\/fr\/wp-json\/wp\/v2\/media?parent=2131"}],"wp:term":[{"taxonomy":"product_brand","embeddable":true,"href":"https:\/\/www.qianyipack.com\/fr\/wp-json\/wp\/v2\/product_brand?post=2131"},{"taxonomy":"product_cat","embeddable":true,"href":"https:\/\/www.qianyipack.com\/fr\/wp-json\/wp\/v2\/product_cat?post=2131"},{"taxonomy":"product_tag","embeddable":true,"href":"https:\/\/www.qianyipack.com\/fr\/wp-json\/wp\/v2\/product_tag?post=2131"}],"curies":[{"name":"wp","href":"https:\/\/api.w.org\/{rel}","templated":true}]}}