{"id":2135,"date":"2021-11-05T00:23:21","date_gmt":"2021-11-05T08:23:21","guid":{"rendered":"https:\/\/www.qianyipack.com\/?post_type=product&#038;p=2135"},"modified":"2021-11-23T16:59:51","modified_gmt":"2021-11-24T00:59:51","slug":"steel-strapping-dispenser-for-pp-pet-packaging-strapping","status":"publish","type":"product","link":"https:\/\/www.qianyipack.com\/fr\/produit\/steel-strapping-dispenser-for-pp-pet-packaging-strapping","title":{"rendered":"Distributeur de cerclage pour cerclage d'emballage PP\/PET"},"content":{"rendered":"<p><a href=\"https:\/\/www.qianyipack.com\/\" target=\"_blank\" rel=\"noopener\">Qianyi<\/a> packaging products Co., Ltd. est sp\u00e9cialis\u00e9e dans la production de toutes sortes d'accessoires d'emballage tels que les courroies d'emballage, les outils d'emballage et les mat\u00e9riaux d'emballage, notamment les courroies d'emballage en PP, les courroies d'emballage en PET, les boucles en fil d'acier, les boucles carr\u00e9es, les tendeurs de cerclage d'emballage, le chariot de cerclage d'emballage, etc. Nous continuons \u00e0 lancer des solutions d'emballage innovantes sur le plan scientifique et technologique afin de r\u00e9duire le co\u00fbt des mat\u00e9riaux d'emballage et d'am\u00e9liorer l'image du produit pour les clients, ce qui est propice \u00e0 la comp\u00e9titivit\u00e9 du march\u00e9.<\/p>\n<figure id=\"attachment_2137\" aria-describedby=\"caption-attachment-2137\" style=\"width: 960px\" class=\"wp-caption alignnone\"><img fetchpriority=\"high\" decoding=\"async\" class=\"size-full wp-image-2137\" src=\"https:\/\/www.qianyipack.com\/wp-content\/uploads\/banding-dispenser-description.jpg\" alt=\"banding dispenser description\" width=\"960\" height=\"452\" srcset=\"https:\/\/www.qianyipack.com\/wp-content\/uploads\/banding-dispenser-description.jpg 960w, https:\/\/www.qianyipack.com\/wp-content\/uploads\/banding-dispenser-description-800x377.jpg 800w, https:\/\/www.qianyipack.com\/wp-content\/uploads\/banding-dispenser-description-300x141.jpg 300w, https:\/\/www.qianyipack.com\/wp-content\/uploads\/banding-dispenser-description-768x362.jpg 768w, https:\/\/www.qianyipack.com\/wp-content\/uploads\/banding-dispenser-description-18x8.jpg 18w\" sizes=\"(max-width: 960px) 100vw, 960px\" \/><figcaption id=\"caption-attachment-2137\" class=\"wp-caption-text\">description du distributeur de bandes<\/figcaption><\/figure>\n<h3>Caract\u00e9ristique<\/h3>\n<p class=\" translation-block\">Corps intelligent. Le d\u00e9vidoir de cerclage permet de d\u00e9placer le corps \u00e0 volont\u00e9 lors de l'emballage. L'application flexible est pratique pour l'emballage. Lors de l'utilisation de la bande d'emballage, elle est pratique et \u00e9conomique, ce qui favorise la propret\u00e9 du chantier.<br>\nPoign\u00e9e de forme incurv\u00e9e. Le chariot de cerclage est fabriqu\u00e9 selon l'ergonomie, la hauteur du corps est confortable pour que les mains ordinaires tiennent la voiture. La conception incurv\u00e9e de la poign\u00e9e avec la roue rend la prise en main confortable et \u00e9vite efficacement le risque de blessure \u00e0 la main.<br>\nRouleau en caoutchouc. Rouleau en caoutchouc, haute \u00e9lasticit\u00e9, poids important, pas besoin de s'inqui\u00e9ter de la d\u00e9formation, longue dur\u00e9e de vie.<br>\nLa bo\u00eete \u00e0 outils. Le corps du distributeur de cerclage est \u00e9quip\u00e9 d'une bo\u00eete \u00e0 outils permettant de ranger toutes sortes d'outils d'emballage pour faciliter le travail.<br>\n\u00c9crou avec poign\u00e9e. Son plateau est dot\u00e9 d'un \u00e9crou fixe, d'une poign\u00e9e int\u00e9gr\u00e9e, facile \u00e0 d\u00e9monter.<\/p>\n<figure id=\"attachment_2138\" aria-describedby=\"caption-attachment-2138\" style=\"width: 960px\" class=\"wp-caption alignnone\"><img decoding=\"async\" class=\"size-full wp-image-2138\" src=\"https:\/\/www.qianyipack.com\/wp-content\/uploads\/strap-dispenser-application.jpg\" alt=\"strap dispenser application\" width=\"960\" height=\"458\" srcset=\"https:\/\/www.qianyipack.com\/wp-content\/uploads\/strap-dispenser-application.jpg 960w, https:\/\/www.qianyipack.com\/wp-content\/uploads\/strap-dispenser-application-800x382.jpg 800w, https:\/\/www.qianyipack.com\/wp-content\/uploads\/strap-dispenser-application-300x143.jpg 300w, https:\/\/www.qianyipack.com\/wp-content\/uploads\/strap-dispenser-application-768x366.jpg 768w, https:\/\/www.qianyipack.com\/wp-content\/uploads\/strap-dispenser-application-18x9.jpg 18w\" sizes=\"(max-width: 960px) 100vw, 960px\" \/><figcaption id=\"caption-attachment-2138\" class=\"wp-caption-text\">application du distributeur de sangles<\/figcaption><\/figure>\n<h3>sp\u00e9cification<\/h3>\n<p class=\" translation-block\">Nom du produit\u00a0: grand distributeur de cerclage crois\u00e9 avec m\u00e9canisme de retournement<br>\nDimension du distributeur de cerclage : 550x400x1050mm<br>\nDimension de la bo\u00eete \u00e0 outils : 370x200x100mm<br>\nPoids du chariot de cerclage : 15kg \/ 17kg<br>\nObjets applicables: sangle en acier en plastique \/ sangle d'emballage en PP \/ sangle d'emballage en PET<br>\nSp\u00e9cification de la courroie tournante: diam\u00e8tre int\u00e9rieur de la sangle d'emballage de 200-400mm<br>\nCharge du distributeur : 80kg<br>\nAvantages : roue en caoutchouc r\u00e9sistant \u00e0 l'usure, frein interne<\/p>\n<h3>Application<\/h3>\n<p>Coop\u00e9rer principalement avec le travail d'emballage de PP, PET, feuillards en fibre de polyester et feuillards en acier. Avec bo\u00eete \u00e0 outils, peut stocker des outils d'emballage et des accessoires. Facile \u00e0 utiliser, l\u00e9ger et durable. Principalement utilis\u00e9 dans la pierre, les mat\u00e9riaux de construction, les machines, le bois, l'acier, l'\u00e9lectronique, la logistique, l'impression et d'autres industries.<\/p>\n<figure id=\"attachment_1846\" aria-describedby=\"caption-attachment-1846\" style=\"width: 900px\" class=\"wp-caption alignnone\"><img decoding=\"async\" class=\"size-full wp-image-1846\" src=\"https:\/\/www.qianyipack.com\/wp-content\/uploads\/iron-strapping-dispenser-application-2.jpg\" alt=\"iron strapping dispenser application (2)\" width=\"900\" height=\"506\" srcset=\"https:\/\/www.qianyipack.com\/wp-content\/uploads\/iron-strapping-dispenser-application-2.jpg 900w, https:\/\/www.qianyipack.com\/wp-content\/uploads\/iron-strapping-dispenser-application-2-800x450.jpg 800w, https:\/\/www.qianyipack.com\/wp-content\/uploads\/iron-strapping-dispenser-application-2-300x169.jpg 300w, https:\/\/www.qianyipack.com\/wp-content\/uploads\/iron-strapping-dispenser-application-2-768x432.jpg 768w, https:\/\/www.qianyipack.com\/wp-content\/uploads\/iron-strapping-dispenser-application-2-18x10.jpg 18w\" sizes=\"(max-width: 900px) 100vw, 900px\" \/><figcaption id=\"caption-attachment-1846\" class=\"wp-caption-text\">application de distributeur de cerclage en fer (2)<\/figcaption><\/figure>","protected":false},"excerpt":{"rendered":"<p>Le distributeur de cerclage est un outil auxiliaire important lors de l'utilisation d'un emballeur portable, ce qui rend l'environnement d'emballage d\u00e9sordonn\u00e9 normalis\u00e9 et ordonn\u00e9. Ce chariot de cerclage peut \u00eatre divis\u00e9 en type g\u00e9n\u00e9ral et type sp\u00e9cial selon les sp\u00e9cifications du cerclage d'emballage.<\/p>","protected":false},"featured_media":2141,"template":"","meta":{"ocean_post_layout":"","ocean_both_sidebars_style":"","ocean_both_sidebars_content_width":0,"ocean_both_sidebars_sidebars_width":0,"ocean_sidebar":"0","ocean_second_sidebar":"0","ocean_disable_margins":"enable","ocean_add_body_class":"","ocean_shortcode_before_top_bar":"","ocean_shortcode_after_top_bar":"","ocean_shortcode_before_header":"","ocean_shortcode_after_header":"","ocean_has_shortcode":"","ocean_shortcode_after_title":"","ocean_shortcode_before_footer_widgets":"","ocean_shortcode_after_footer_widgets":"","ocean_shortcode_before_footer_bottom":"","ocean_shortcode_after_footer_bottom":"","ocean_display_top_bar":"default","ocean_display_header":"default","ocean_header_style":"","ocean_center_header_left_menu":"0","ocean_custom_header_template":"0","ocean_custom_logo":0,"ocean_custom_retina_logo":0,"ocean_custom_logo_max_width":0,"ocean_custom_logo_tablet_max_width":0,"ocean_custom_logo_mobile_max_width":0,"ocean_custom_logo_max_height":0,"ocean_custom_logo_tablet_max_height":0,"ocean_custom_logo_mobile_max_height":0,"ocean_header_custom_menu":"0","ocean_menu_typo_font_family":"0","ocean_menu_typo_font_subset":"","ocean_menu_typo_font_size":0,"ocean_menu_typo_font_size_tablet":0,"ocean_menu_typo_font_size_mobile":0,"ocean_menu_typo_font_size_unit":"px","ocean_menu_typo_font_weight":"","ocean_menu_typo_font_weight_tablet":"","ocean_menu_typo_font_weight_mobile":"","ocean_menu_typo_transform":"","ocean_menu_typo_transform_tablet":"","ocean_menu_typo_transform_mobile":"","ocean_menu_typo_line_height":0,"ocean_menu_typo_line_height_tablet":0,"ocean_menu_typo_line_height_mobile":0,"ocean_menu_typo_line_height_unit":"","ocean_menu_typo_spacing":0,"ocean_menu_typo_spacing_tablet":0,"ocean_menu_typo_spacing_mobile":0,"ocean_menu_typo_spacing_unit":"","ocean_menu_link_color":"","ocean_menu_link_color_hover":"","ocean_menu_link_color_active":"","ocean_menu_link_background":"","ocean_menu_link_hover_background":"","ocean_menu_link_active_background":"","ocean_menu_social_links_bg":"","ocean_menu_social_hover_links_bg":"","ocean_menu_social_links_color":"","ocean_menu_social_hover_links_color":"","ocean_disable_title":"default","ocean_disable_heading":"default","ocean_post_title":"","ocean_post_subheading":"","ocean_post_title_style":"","ocean_post_title_background_color":"","ocean_post_title_background":0,"ocean_post_title_bg_image_position":"","ocean_post_title_bg_image_attachment":"","ocean_post_title_bg_image_repeat":"","ocean_post_title_bg_image_size":"","ocean_post_title_height":0,"ocean_post_title_bg_overlay":0.5,"ocean_post_title_bg_overlay_color":"","ocean_disable_breadcrumbs":"default","ocean_breadcrumbs_color":"","ocean_breadcrumbs_separator_color":"","ocean_breadcrumbs_links_color":"","ocean_breadcrumbs_links_hover_color":"","ocean_display_footer_widgets":"default","ocean_display_footer_bottom":"default","ocean_custom_footer_template":"0","osh_disable_topbar_sticky":"default","osh_disable_header_sticky":"default","osh_sticky_header_style":"default","osh_sticky_header_effect":"","osh_custom_sticky_logo":0,"osh_custom_retina_sticky_logo":0,"osh_custom_sticky_logo_height":0,"osh_background_color":"","osh_links_color":"","osh_links_hover_color":"","osh_links_active_color":"","osh_links_bg_color":"","osh_links_hover_bg_color":"","osh_links_active_bg_color":"","osh_menu_social_links_color":"","osh_menu_social_hover_links_color":""},"product_brand":[],"product_cat":[46],"product_tag":[113,73,111],"class_list":{"0":"post-2135","1":"product","2":"type-product","3":"status-publish","4":"has-post-thumbnail","6":"product_cat-strapping-dispenser","7":"product_tag-pet-strap-dispenser","8":"product_tag-strapping-dispenser","9":"product_tag-strapping-dispenser-cart","11":"entry","12":"has-media","14":"first","15":"instock","16":"shipping-taxable","17":"product-type-external","18":"col","19":"span_1_of_3","20":"owp-content-center","21":"owp-thumbs-layout-horizontal","22":"owp-btn-very-big","23":"owp-tabs-layout-horizontal"},"_links":{"self":[{"href":"https:\/\/www.qianyipack.com\/fr\/wp-json\/wp\/v2\/product\/2135","targetHints":{"allow":["GET"]}}],"collection":[{"href":"https:\/\/www.qianyipack.com\/fr\/wp-json\/wp\/v2\/product"}],"about":[{"href":"https:\/\/www.qianyipack.com\/fr\/wp-json\/wp\/v2\/types\/product"}],"wp:featuredmedia":[{"embeddable":true,"href":"https:\/\/www.qianyipack.com\/fr\/wp-json\/wp\/v2\/media\/2141"}],"wp:attachment":[{"href":"https:\/\/www.qianyipack.com\/fr\/wp-json\/wp\/v2\/media?parent=2135"}],"wp:term":[{"taxonomy":"product_brand","embeddable":true,"href":"https:\/\/www.qianyipack.com\/fr\/wp-json\/wp\/v2\/product_brand?post=2135"},{"taxonomy":"product_cat","embeddable":true,"href":"https:\/\/www.qianyipack.com\/fr\/wp-json\/wp\/v2\/product_cat?post=2135"},{"taxonomy":"product_tag","embeddable":true,"href":"https:\/\/www.qianyipack.com\/fr\/wp-json\/wp\/v2\/product_tag?post=2135"}],"curies":[{"name":"wp","href":"https:\/\/api.w.org\/{rel}","templated":true}]}}