{"id":2145,"date":"2021-11-07T17:59:24","date_gmt":"2021-11-08T01:59:24","guid":{"rendered":"https:\/\/www.qianyipack.com\/?post_type=product&#038;p=2145"},"modified":"2021-11-23T01:02:00","modified_gmt":"2021-11-23T09:02:00","slug":"25mm-heavy-duty-flexible-strapping-band-for-logistics","status":"publish","type":"product","link":"https:\/\/www.qianyipack.com\/fr\/produit\/25mm-heavy-duty-flexible-strapping-band-for-logistics","title":{"rendered":"Bande de cerclage robuste de 25mm pour la logistique"},"content":{"rendered":"<p class=\" translation-block\">Mat\u00e9riaux de haute qualit\u00e9. Notre cerclage en fibre composite flexible est fait de polyester \u00e0 haute r\u00e9sistance, qui est plus solide, plus doux, plus durable et a une plus large gamme d'applications que le cerclage traditionnel.<br>\nR\u00e9sistant \u00e0 la flexion et pas facile \u00e0 d\u00e9former. La sangle en polyester composite a de bonnes performances de pliage et n'est pas facile \u00e0 d\u00e9former. Il peut \u00eatre utilis\u00e9 avec des boucles en acier.<br>\nBonne r\u00e9sistance aux chocs. Le cerclage en fibre a une bonne r\u00e9sistance aux chocs et n'est pas facile \u00e0 casser, ce qui peut assurer le transport en douceur de vos produits.<br>\nBonne r\u00e9sistance \u00e0 la corrosion. La sangle en fil de polyester a une bonne r\u00e9sistance \u00e0 la corrosion, est imperm\u00e9able et r\u00e9sistante \u00e0 l'humidit\u00e9, et il n'y a aucun risque de rouiller la sangle en acier et de contaminer les objets attach\u00e9s.<br>\nBonne couverture et \u00e9tanch\u00e9it\u00e9 de l'emballage. L'emballage se dilatera et se contractera apr\u00e8s un transport longue distance, et le ruban d'emballage en fibre peut \u00e9galement maintenir une bonne tension sur l'objet emball\u00e9.<\/p>\n<figure id=\"attachment_2147\" aria-describedby=\"caption-attachment-2147\" style=\"width: 960px\" class=\"wp-caption alignnone\"><img fetchpriority=\"high\" decoding=\"async\" class=\"size-full wp-image-2147\" src=\"https:\/\/www.qianyipack.com\/wp-content\/uploads\/25mm-packing-strap-description.jpg\" alt=\"25mm packing strap description\" width=\"960\" height=\"540\" srcset=\"https:\/\/www.qianyipack.com\/wp-content\/uploads\/25mm-packing-strap-description.jpg 960w, https:\/\/www.qianyipack.com\/wp-content\/uploads\/25mm-packing-strap-description-800x450.jpg 800w, https:\/\/www.qianyipack.com\/wp-content\/uploads\/25mm-packing-strap-description-300x169.jpg 300w, https:\/\/www.qianyipack.com\/wp-content\/uploads\/25mm-packing-strap-description-768x432.jpg 768w, https:\/\/www.qianyipack.com\/wp-content\/uploads\/25mm-packing-strap-description-18x10.jpg 18w\" sizes=\"(max-width: 960px) 100vw, 960px\" \/><figcaption id=\"caption-attachment-2147\" class=\"wp-caption-text\">Description de la sangle d'emballage de 25 mm<\/figcaption><\/figure>\n<h3>sp\u00e9cification<\/h3>\n<figure id=\"attachment_1572\" aria-describedby=\"caption-attachment-1572\" style=\"width: 960px\" class=\"wp-caption alignnone\"><img decoding=\"async\" class=\"size-full wp-image-1572\" src=\"https:\/\/www.qianyipack.com\/wp-content\/uploads\/32mm-cord-strap-specification.jpg\" alt=\"32mm-cord-strap-specification\" width=\"960\" height=\"407\" srcset=\"https:\/\/www.qianyipack.com\/wp-content\/uploads\/32mm-cord-strap-specification.jpg 960w, https:\/\/www.qianyipack.com\/wp-content\/uploads\/32mm-cord-strap-specification-800x339.jpg 800w, https:\/\/www.qianyipack.com\/wp-content\/uploads\/32mm-cord-strap-specification-300x127.jpg 300w, https:\/\/www.qianyipack.com\/wp-content\/uploads\/32mm-cord-strap-specification-768x326.jpg 768w, https:\/\/www.qianyipack.com\/wp-content\/uploads\/32mm-cord-strap-specification-18x8.jpg 18w\" sizes=\"(max-width: 960px) 100vw, 960px\" \/><figcaption id=\"caption-attachment-1572\" class=\"wp-caption-text\">Sp\u00e9cification de la sangle de cordon de 32 mm<\/figcaption><\/figure>\n<h3>Application<\/h3>\n<p>QIANYI produit principalement des sangles en PP, des sangles, des sangles en acier, des produits d'emballage en plastique, des sangles en mat\u00e9riau pur, des sangles en acier en plastique, des sangles en fer, des sangles de couleur, <a href=\"https:\/\/www.qianyipack.com\/en\/about\" target=\"_blank\" rel=\"noopener\">sangles manuelles<\/a>La soci\u00e9t\u00e9 dispose d'un entrep\u00f4t moderne de plus de 10 000 m\u00e8tres carr\u00e9s et d'un r\u00e9seau de distribution de plus de 10 000 m\u00e8tres carr\u00e9s.<\/p>\n<figure id=\"attachment_2146\" aria-describedby=\"caption-attachment-2146\" style=\"width: 960px\" class=\"wp-caption alignnone\"><img decoding=\"async\" class=\"size-full wp-image-2146\" src=\"https:\/\/www.qianyipack.com\/wp-content\/uploads\/25mm-strapping-application.jpg\" alt=\"25mm strapping application\" width=\"960\" height=\"519\" srcset=\"https:\/\/www.qianyipack.com\/wp-content\/uploads\/25mm-strapping-application.jpg 960w, https:\/\/www.qianyipack.com\/wp-content\/uploads\/25mm-strapping-application-800x433.jpg 800w, https:\/\/www.qianyipack.com\/wp-content\/uploads\/25mm-strapping-application-300x162.jpg 300w, https:\/\/www.qianyipack.com\/wp-content\/uploads\/25mm-strapping-application-768x415.jpg 768w, https:\/\/www.qianyipack.com\/wp-content\/uploads\/25mm-strapping-application-18x10.jpg 18w\" sizes=\"(max-width: 960px) 100vw, 960px\" \/><figcaption id=\"caption-attachment-2146\" class=\"wp-caption-text\">Application de cerclage de 25 mm<\/figcaption><\/figure>","protected":false},"excerpt":{"rendered":"<p>La ceinture de cerclage adopte une machine d'essai de tension de ceinture en fibre de qualit\u00e9 professionnelle pour tester strictement chaque param\u00e8tre afin de s'assurer que chaque ceinture en fibre atteint un niveau de haute qualit\u00e9. Y compris le test de r\u00e9sistance \u00e0 la traction, le test de r\u00e9sistance \u00e0 la traction, le test de r\u00e9sistance \u00e0 la d\u00e9chirure, le test de r\u00e9sistance \u00e0 la d\u00e9chirure par flexion.<\/p>","protected":false},"featured_media":2150,"template":"","meta":{"ocean_post_layout":"","ocean_both_sidebars_style":"","ocean_both_sidebars_content_width":0,"ocean_both_sidebars_sidebars_width":0,"ocean_sidebar":"0","ocean_second_sidebar":"0","ocean_disable_margins":"enable","ocean_add_body_class":"","ocean_shortcode_before_top_bar":"","ocean_shortcode_after_top_bar":"","ocean_shortcode_before_header":"","ocean_shortcode_after_header":"","ocean_has_shortcode":"","ocean_shortcode_after_title":"","ocean_shortcode_before_footer_widgets":"","ocean_shortcode_after_footer_widgets":"","ocean_shortcode_before_footer_bottom":"","ocean_shortcode_after_footer_bottom":"","ocean_display_top_bar":"default","ocean_display_header":"default","ocean_header_style":"","ocean_center_header_left_menu":"0","ocean_custom_header_template":"0","ocean_custom_logo":0,"ocean_custom_retina_logo":0,"ocean_custom_logo_max_width":0,"ocean_custom_logo_tablet_max_width":0,"ocean_custom_logo_mobile_max_width":0,"ocean_custom_logo_max_height":0,"ocean_custom_logo_tablet_max_height":0,"ocean_custom_logo_mobile_max_height":0,"ocean_header_custom_menu":"0","ocean_menu_typo_font_family":"0","ocean_menu_typo_font_subset":"","ocean_menu_typo_font_size":0,"ocean_menu_typo_font_size_tablet":0,"ocean_menu_typo_font_size_mobile":0,"ocean_menu_typo_font_size_unit":"px","ocean_menu_typo_font_weight":"","ocean_menu_typo_font_weight_tablet":"","ocean_menu_typo_font_weight_mobile":"","ocean_menu_typo_transform":"","ocean_menu_typo_transform_tablet":"","ocean_menu_typo_transform_mobile":"","ocean_menu_typo_line_height":0,"ocean_menu_typo_line_height_tablet":0,"ocean_menu_typo_line_height_mobile":0,"ocean_menu_typo_line_height_unit":"","ocean_menu_typo_spacing":0,"ocean_menu_typo_spacing_tablet":0,"ocean_menu_typo_spacing_mobile":0,"ocean_menu_typo_spacing_unit":"","ocean_menu_link_color":"","ocean_menu_link_color_hover":"","ocean_menu_link_color_active":"","ocean_menu_link_background":"","ocean_menu_link_hover_background":"","ocean_menu_link_active_background":"","ocean_menu_social_links_bg":"","ocean_menu_social_hover_links_bg":"","ocean_menu_social_links_color":"","ocean_menu_social_hover_links_color":"","ocean_disable_title":"default","ocean_disable_heading":"default","ocean_post_title":"","ocean_post_subheading":"","ocean_post_title_style":"","ocean_post_title_background_color":"","ocean_post_title_background":0,"ocean_post_title_bg_image_position":"","ocean_post_title_bg_image_attachment":"","ocean_post_title_bg_image_repeat":"","ocean_post_title_bg_image_size":"","ocean_post_title_height":0,"ocean_post_title_bg_overlay":0.5,"ocean_post_title_bg_overlay_color":"","ocean_disable_breadcrumbs":"default","ocean_breadcrumbs_color":"","ocean_breadcrumbs_separator_color":"","ocean_breadcrumbs_links_color":"","ocean_breadcrumbs_links_hover_color":"","ocean_display_footer_widgets":"default","ocean_display_footer_bottom":"default","ocean_custom_footer_template":"0","osh_disable_topbar_sticky":"default","osh_disable_header_sticky":"default","osh_sticky_header_style":"default","osh_sticky_header_effect":"","osh_custom_sticky_logo":0,"osh_custom_retina_sticky_logo":0,"osh_custom_sticky_logo_height":0,"osh_background_color":"","osh_links_color":"","osh_links_hover_color":"","osh_links_active_color":"","osh_links_bg_color":"","osh_links_hover_bg_color":"","osh_links_active_bg_color":"","osh_menu_social_links_color":"","osh_menu_social_hover_links_color":""},"product_brand":[],"product_cat":[36],"product_tag":[114,115,50],"class_list":{"0":"post-2145","1":"product","2":"type-product","3":"status-publish","4":"has-post-thumbnail","6":"product_cat-composite-cord-strap","7":"product_tag-composite-cord-strapping","8":"product_tag-lashing-straps","9":"product_tag-strapping-band","11":"entry","12":"has-media","14":"first","15":"instock","16":"shipping-taxable","17":"product-type-external","18":"col","19":"span_1_of_3","20":"owp-content-center","21":"owp-thumbs-layout-horizontal","22":"owp-btn-very-big","23":"owp-tabs-layout-horizontal"},"_links":{"self":[{"href":"https:\/\/www.qianyipack.com\/fr\/wp-json\/wp\/v2\/product\/2145","targetHints":{"allow":["GET"]}}],"collection":[{"href":"https:\/\/www.qianyipack.com\/fr\/wp-json\/wp\/v2\/product"}],"about":[{"href":"https:\/\/www.qianyipack.com\/fr\/wp-json\/wp\/v2\/types\/product"}],"wp:featuredmedia":[{"embeddable":true,"href":"https:\/\/www.qianyipack.com\/fr\/wp-json\/wp\/v2\/media\/2150"}],"wp:attachment":[{"href":"https:\/\/www.qianyipack.com\/fr\/wp-json\/wp\/v2\/media?parent=2145"}],"wp:term":[{"taxonomy":"product_brand","embeddable":true,"href":"https:\/\/www.qianyipack.com\/fr\/wp-json\/wp\/v2\/product_brand?post=2145"},{"taxonomy":"product_cat","embeddable":true,"href":"https:\/\/www.qianyipack.com\/fr\/wp-json\/wp\/v2\/product_cat?post=2145"},{"taxonomy":"product_tag","embeddable":true,"href":"https:\/\/www.qianyipack.com\/fr\/wp-json\/wp\/v2\/product_tag?post=2145"}],"curies":[{"name":"wp","href":"https:\/\/api.w.org\/{rel}","templated":true}]}}