{"id":2158,"date":"2021-11-08T00:29:33","date_gmt":"2021-11-08T08:29:33","guid":{"rendered":"https:\/\/www.qianyipack.com\/?post_type=product&#038;p=2158"},"modified":"2021-11-23T17:41:16","modified_gmt":"2021-11-24T01:41:16","slug":"13mm-flexible-fiber-packing-woven-polyester-strapping","status":"publish","type":"product","link":"https:\/\/www.qianyipack.com\/fr\/produit\/13mm-flexible-fiber-packing-woven-polyester-strapping","title":{"rendered":"Cerclage en polyester tiss\u00e9 d'emballage flexible de 13 mm"},"content":{"rendered":"<p class=\" translation-block\">Compar\u00e9e \u00e0 d'autres sangles de cerclage, notre ceinture de cerclage tiss\u00e9e est plus rentable, moins co\u00fbteuse et plus efficace.<br>\nTant qu'il y a une sangle de cerclage, une boucle d'emballage et un tendeur, l'op\u00e9ration d'emballage peut \u00eatre effectu\u00e9e facilement et commod\u00e9ment.<br>\nCertains produits peuvent \u00eatre \u00e9quip\u00e9s de sacs d'emballage, ce qui est moins cher \u00e0 transporter.<br>\nLes sangles tress\u00e9es en polyester peuvent remplacer les syst\u00e8mes \u00e0 cliquet co\u00fbteux et les lourdes lattes de bois, les c\u00e2bles en acier, les ceintures en acier et les c\u00e2bles en acier qui sont encombrants et faciles \u00e0 blesser.<br>\nLes sangles tiss\u00e9es peuvent \u00eatre utilis\u00e9es avec d'autres produits de s\u00e9curit\u00e9 pour le transport, tels que les sacs gonflables.<br>\nLes sangles tress\u00e9es de haute qualit\u00e9 peuvent \u00eatre r\u00e9utilis\u00e9es et peuvent \u00eatre retendues au profit de l'emballage pour ajuster la meilleure tension.<br>\nLes produits ont pass\u00e9 diverses certifications de qualit\u00e9 europ\u00e9ennes et normes test\u00e9es, telles que SGS, CE, etc.<br>\nUne vari\u00e9t\u00e9 de sp\u00e9cifications et de sangles tress\u00e9es \u00e0 r\u00e9sistance \u00e0 la traction peuvent \u00eatre s\u00e9lectionn\u00e9es.<br>\nLa largeur de la sangle tress\u00e9e peut \u00eatre s\u00e9lectionn\u00e9e entre 32 mm et 50 mm, et les sangles avec des exigences particuli\u00e8res peuvent \u00eatre personnalis\u00e9es.<\/p>\n<figure id=\"attachment_2159\" aria-describedby=\"caption-attachment-2159\" style=\"width: 960px\" class=\"wp-caption alignnone\"><img fetchpriority=\"high\" decoding=\"async\" class=\"size-full wp-image-2159\" src=\"https:\/\/www.qianyipack.com\/wp-content\/uploads\/13mm-strapping-description.jpg\" alt=\"13mm strapping description\" width=\"960\" height=\"640\" srcset=\"https:\/\/www.qianyipack.com\/wp-content\/uploads\/13mm-strapping-description.jpg 960w, https:\/\/www.qianyipack.com\/wp-content\/uploads\/13mm-strapping-description-800x533.jpg 800w, https:\/\/www.qianyipack.com\/wp-content\/uploads\/13mm-strapping-description-300x200.jpg 300w, https:\/\/www.qianyipack.com\/wp-content\/uploads\/13mm-strapping-description-768x512.jpg 768w, https:\/\/www.qianyipack.com\/wp-content\/uploads\/13mm-strapping-description-18x12.jpg 18w\" sizes=\"(max-width: 960px) 100vw, 960px\" \/><figcaption id=\"caption-attachment-2159\" class=\"wp-caption-text\">Description du cerclage de 13 mm<\/figcaption><\/figure>\n<h3>Avantages<\/h3>\n<p class=\" translation-block\">Nous avons six avantages majeurs, vous pouvez acheter en toute confiance. La vari\u00e9t\u00e9 est compl\u00e8te. Tous mes consommables d'emballage peuvent \u00eatre achet\u00e9s, un guichet unique.<br>\nGarantie d'inspection de qualit\u00e9. Nos sangles d'emballage tress\u00e9es, boucles d'emballage en fil d'acier et autres outils d'emballage ont pass\u00e9 diverses certifications et ont divers rapports de test.<br>\nSpot en gros. Nous sommes un fabricant de sangles d'emballage, offrant aux clients des prix de gros de premi\u00e8re main. Personnalisation de masse. L'usine prend en charge des lots de sangles d'emballage personnalis\u00e9es de diverses sp\u00e9cifications.<br>\nLivraison \u00e9clair. Toutes sortes de sangles d'emballage sont enti\u00e8rement stock\u00e9es et exp\u00e9di\u00e9es dans les 24 heures. Service client professionnel. Nous avons une \u00e9quipe professionnelle, un service client exp\u00e9riment\u00e9 avant-vente et apr\u00e8s-vente, pour r\u00e9pondre \u00e0 toutes vos questions sur les ceintures d'emballage.<\/p>\n<figure id=\"attachment_1047\" aria-describedby=\"caption-attachment-1047\" style=\"width: 960px\" class=\"wp-caption alignnone\"><img decoding=\"async\" class=\"size-full wp-image-1047\" src=\"https:\/\/www.qianyipack.com\/wp-content\/uploads\/2021\/10\/woven-strapping-specification.jpg\" alt=\"woven-strapping-specification\" width=\"960\" height=\"955\" srcset=\"https:\/\/www.qianyipack.com\/wp-content\/uploads\/2021\/10\/woven-strapping-specification.jpg 960w, https:\/\/www.qianyipack.com\/wp-content\/uploads\/2021\/10\/woven-strapping-specification-100x100.jpg 100w, https:\/\/www.qianyipack.com\/wp-content\/uploads\/2021\/10\/woven-strapping-specification-800x796.jpg 800w, https:\/\/www.qianyipack.com\/wp-content\/uploads\/2021\/10\/woven-strapping-specification-300x298.jpg 300w, https:\/\/www.qianyipack.com\/wp-content\/uploads\/2021\/10\/woven-strapping-specification-150x150.jpg 150w, https:\/\/www.qianyipack.com\/wp-content\/uploads\/2021\/10\/woven-strapping-specification-768x764.jpg 768w\" sizes=\"(max-width: 960px) 100vw, 960px\" \/><figcaption id=\"caption-attachment-1047\" class=\"wp-caption-text\">sp\u00e9cification de cerclage tiss\u00e9<\/figcaption><\/figure>\n<h3>Application<\/h3>\n<p>Il a \u00e9t\u00e9 largement utilis\u00e9 dans l'acier, les tuyaux m\u00e9talliques, le bois, le papier, les fibres chimiques, le textile, le verre, les lingots d'aluminium, les appareils m\u00e9nagers et d'autres industries.<\/p>\n<figure id=\"attachment_2160\" aria-describedby=\"caption-attachment-2160\" style=\"width: 946px\" class=\"wp-caption alignnone\"><img decoding=\"async\" class=\"size-full wp-image-2160\" src=\"https:\/\/www.qianyipack.com\/wp-content\/uploads\/13mm-strapping-application.jpg\" alt=\"13mm strapping application\" width=\"946\" height=\"631\" srcset=\"https:\/\/www.qianyipack.com\/wp-content\/uploads\/13mm-strapping-application.jpg 946w, https:\/\/www.qianyipack.com\/wp-content\/uploads\/13mm-strapping-application-800x534.jpg 800w, https:\/\/www.qianyipack.com\/wp-content\/uploads\/13mm-strapping-application-300x200.jpg 300w, https:\/\/www.qianyipack.com\/wp-content\/uploads\/13mm-strapping-application-768x512.jpg 768w, https:\/\/www.qianyipack.com\/wp-content\/uploads\/13mm-strapping-application-18x12.jpg 18w\" sizes=\"(max-width: 946px) 100vw, 946px\" \/><figcaption id=\"caption-attachment-2160\" class=\"wp-caption-text\">Application de cerclage de 13 mm<\/figcaption><\/figure>","protected":false},"excerpt":{"rendered":"<div id=\"outer-wrap\" class=\"site clr\">\n<div id=\"wrap\" class=\"clr\">\n<p>Les sangles d'emballage en fibres tiss\u00e9es de Qianyi sont produites selon les sp\u00e9cifications standard. Les sangles d'emballage sont solides, belles et durables. Le filament de polyester constituant la sangle d'emballage tress\u00e9e est une fibre flexible, avec une \u00e9paisseur, une propret\u00e9, une r\u00e9sistance \u00e0 l'usure et une r\u00e9sistance aux chocs uniformes.<\/p>\n<\/div>\n<\/div>","protected":false},"featured_media":2164,"template":"","meta":{"ocean_post_layout":"","ocean_both_sidebars_style":"","ocean_both_sidebars_content_width":0,"ocean_both_sidebars_sidebars_width":0,"ocean_sidebar":"0","ocean_second_sidebar":"0","ocean_disable_margins":"enable","ocean_add_body_class":"","ocean_shortcode_before_top_bar":"","ocean_shortcode_after_top_bar":"","ocean_shortcode_before_header":"","ocean_shortcode_after_header":"","ocean_has_shortcode":"","ocean_shortcode_after_title":"","ocean_shortcode_before_footer_widgets":"","ocean_shortcode_after_footer_widgets":"","ocean_shortcode_before_footer_bottom":"","ocean_shortcode_after_footer_bottom":"","ocean_display_top_bar":"default","ocean_display_header":"default","ocean_header_style":"","ocean_center_header_left_menu":"0","ocean_custom_header_template":"0","ocean_custom_logo":0,"ocean_custom_retina_logo":0,"ocean_custom_logo_max_width":0,"ocean_custom_logo_tablet_max_width":0,"ocean_custom_logo_mobile_max_width":0,"ocean_custom_logo_max_height":0,"ocean_custom_logo_tablet_max_height":0,"ocean_custom_logo_mobile_max_height":0,"ocean_header_custom_menu":"0","ocean_menu_typo_font_family":"0","ocean_menu_typo_font_subset":"","ocean_menu_typo_font_size":0,"ocean_menu_typo_font_size_tablet":0,"ocean_menu_typo_font_size_mobile":0,"ocean_menu_typo_font_size_unit":"px","ocean_menu_typo_font_weight":"","ocean_menu_typo_font_weight_tablet":"","ocean_menu_typo_font_weight_mobile":"","ocean_menu_typo_transform":"","ocean_menu_typo_transform_tablet":"","ocean_menu_typo_transform_mobile":"","ocean_menu_typo_line_height":0,"ocean_menu_typo_line_height_tablet":0,"ocean_menu_typo_line_height_mobile":0,"ocean_menu_typo_line_height_unit":"","ocean_menu_typo_spacing":0,"ocean_menu_typo_spacing_tablet":0,"ocean_menu_typo_spacing_mobile":0,"ocean_menu_typo_spacing_unit":"","ocean_menu_link_color":"","ocean_menu_link_color_hover":"","ocean_menu_link_color_active":"","ocean_menu_link_background":"","ocean_menu_link_hover_background":"","ocean_menu_link_active_background":"","ocean_menu_social_links_bg":"","ocean_menu_social_hover_links_bg":"","ocean_menu_social_links_color":"","ocean_menu_social_hover_links_color":"","ocean_disable_title":"default","ocean_disable_heading":"default","ocean_post_title":"","ocean_post_subheading":"","ocean_post_title_style":"","ocean_post_title_background_color":"","ocean_post_title_background":0,"ocean_post_title_bg_image_position":"","ocean_post_title_bg_image_attachment":"","ocean_post_title_bg_image_repeat":"","ocean_post_title_bg_image_size":"","ocean_post_title_height":0,"ocean_post_title_bg_overlay":0.5,"ocean_post_title_bg_overlay_color":"","ocean_disable_breadcrumbs":"default","ocean_breadcrumbs_color":"","ocean_breadcrumbs_separator_color":"","ocean_breadcrumbs_links_color":"","ocean_breadcrumbs_links_hover_color":"","ocean_display_footer_widgets":"default","ocean_display_footer_bottom":"default","ocean_custom_footer_template":"0","osh_disable_topbar_sticky":"default","osh_disable_header_sticky":"default","osh_sticky_header_style":"default","osh_sticky_header_effect":"","osh_custom_sticky_logo":0,"osh_custom_retina_sticky_logo":0,"osh_custom_sticky_logo_height":0,"osh_background_color":"","osh_links_color":"","osh_links_hover_color":"","osh_links_active_color":"","osh_links_bg_color":"","osh_links_hover_bg_color":"","osh_links_active_bg_color":"","osh_menu_social_links_color":"","osh_menu_social_hover_links_color":""},"product_brand":[],"product_cat":[38],"product_tag":[116,92,117],"class_list":{"0":"post-2158","1":"product","2":"type-product","3":"status-publish","4":"has-post-thumbnail","6":"product_cat-woven-polyester-strap","7":"product_tag-pet-strapping","8":"product_tag-polyester-strapping","9":"product_tag-woven-strapping","11":"entry","12":"has-media","14":"first","15":"instock","16":"shipping-taxable","17":"product-type-external","18":"col","19":"span_1_of_3","20":"owp-content-center","21":"owp-thumbs-layout-horizontal","22":"owp-btn-very-big","23":"owp-tabs-layout-horizontal"},"_links":{"self":[{"href":"https:\/\/www.qianyipack.com\/fr\/wp-json\/wp\/v2\/product\/2158","targetHints":{"allow":["GET"]}}],"collection":[{"href":"https:\/\/www.qianyipack.com\/fr\/wp-json\/wp\/v2\/product"}],"about":[{"href":"https:\/\/www.qianyipack.com\/fr\/wp-json\/wp\/v2\/types\/product"}],"wp:featuredmedia":[{"embeddable":true,"href":"https:\/\/www.qianyipack.com\/fr\/wp-json\/wp\/v2\/media\/2164"}],"wp:attachment":[{"href":"https:\/\/www.qianyipack.com\/fr\/wp-json\/wp\/v2\/media?parent=2158"}],"wp:term":[{"taxonomy":"product_brand","embeddable":true,"href":"https:\/\/www.qianyipack.com\/fr\/wp-json\/wp\/v2\/product_brand?post=2158"},{"taxonomy":"product_cat","embeddable":true,"href":"https:\/\/www.qianyipack.com\/fr\/wp-json\/wp\/v2\/product_cat?post=2158"},{"taxonomy":"product_tag","embeddable":true,"href":"https:\/\/www.qianyipack.com\/fr\/wp-json\/wp\/v2\/product_tag?post=2158"}],"curies":[{"name":"wp","href":"https:\/\/api.w.org\/{rel}","templated":true}]}}