{"id":2274,"date":"2021-11-10T21:49:21","date_gmt":"2021-11-11T05:49:21","guid":{"rendered":"https:\/\/www.qianyipack.com\/?post_type=product&#038;p=2274"},"modified":"2021-11-23T01:04:12","modified_gmt":"2021-11-23T09:04:12","slug":"16mm-toughness-manual-strapping-custom-wholesale","status":"publish","type":"product","link":"https:\/\/www.qianyipack.com\/fr\/produit\/16mm-toughness-manual-strapping-custom-wholesale","title":{"rendered":"Commerce de gros de 16mm de t\u00e9nacit\u00e9 li\u00e9e \u00e0 la main"},"content":{"rendered":"<p class=\" translation-block\">La sangle est tr\u00e8s r\u00e9sistante mais flexible et n'endommagera pas la cargaison elle-m\u00eame ni la surface.<br>\nLa sangle composite est en polyester, non corrosif, pratique et s\u00fbr \u00e0 utiliser.<br>\nLe cerclage en fibre composite est de bonne qualit\u00e9 et \u00e0 bas prix, et le prix est \u00e9lev\u00e9.<br>\nLa mati\u00e8re premi\u00e8re de la sangle est un compos\u00e9 de haut poids mol\u00e9culaire, elle peut donc r\u00e9sister \u00e0 un certain degr\u00e9 d'amorti.<br>\nLa sangle a une haute r\u00e9sistance et une capacit\u00e9 de r\u00e9cup\u00e9ration \u00e9lastique, et le rebond ne fait pas mal \u00e0 l'op\u00e9rateur.<br>\nLa largeur de la bande d'emballage peut \u00eatre s\u00e9lectionn\u00e9e de 9 mm \u00e0 32 mm, et d'autres tailles peuvent \u00e9galement \u00eatre personnalis\u00e9es.<br>\nLe cerclage d'emballage peut supporter une tension lin\u00e9aire de 200daN \u00e0 1500daN, et il peut \u00e9galement \u00eatre personnalis\u00e9 selon les besoins.<\/p>\n<figure id=\"attachment_2273\" aria-describedby=\"caption-attachment-2273\" style=\"width: 960px\" class=\"wp-caption alignnone\"><img fetchpriority=\"high\" decoding=\"async\" class=\"size-full wp-image-2273\" src=\"https:\/\/www.qianyipack.com\/wp-content\/uploads\/fiber-packing-stap-size.jpg\" alt=\"fiber packing stap size\" width=\"960\" height=\"540\" srcset=\"https:\/\/www.qianyipack.com\/wp-content\/uploads\/fiber-packing-stap-size.jpg 960w, https:\/\/www.qianyipack.com\/wp-content\/uploads\/fiber-packing-stap-size-800x450.jpg 800w, https:\/\/www.qianyipack.com\/wp-content\/uploads\/fiber-packing-stap-size-300x169.jpg 300w, https:\/\/www.qianyipack.com\/wp-content\/uploads\/fiber-packing-stap-size-768x432.jpg 768w, https:\/\/www.qianyipack.com\/wp-content\/uploads\/fiber-packing-stap-size-18x10.jpg 18w\" sizes=\"(max-width: 960px) 100vw, 960px\" \/><figcaption id=\"caption-attachment-2273\" class=\"wp-caption-text\">taille de la sangle d'emballage en fibre<\/figcaption><\/figure>\n<h3>sp\u00e9cification<\/h3>\n<figure id=\"attachment_1035\" aria-describedby=\"caption-attachment-1035\" style=\"width: 960px\" class=\"wp-caption alignnone\"><img decoding=\"async\" class=\"size-full wp-image-1035\" src=\"https:\/\/www.qianyipack.com\/wp-content\/uploads\/2021\/10\/13-19mm-cord-strapping-specification.jpg\" alt=\"13 19mm cord strapping specification\" width=\"960\" height=\"529\" srcset=\"https:\/\/www.qianyipack.com\/wp-content\/uploads\/2021\/10\/13-19mm-cord-strapping-specification.jpg 960w, https:\/\/www.qianyipack.com\/wp-content\/uploads\/2021\/10\/13-19mm-cord-strapping-specification-800x441.jpg 800w, https:\/\/www.qianyipack.com\/wp-content\/uploads\/2021\/10\/13-19mm-cord-strapping-specification-300x165.jpg 300w, https:\/\/www.qianyipack.com\/wp-content\/uploads\/2021\/10\/13-19mm-cord-strapping-specification-768x423.jpg 768w\" sizes=\"(max-width: 960px) 100vw, 960px\" \/><figcaption id=\"caption-attachment-1035\" class=\"wp-caption-text\">13 sp\u00e9cifications de cerclage de cordon de 19 mm<\/figcaption><\/figure>\n<h3>Application<\/h3>\n<p>La sangle de cerclage souple en fibre composite manuelle est principalement constitu\u00e9e d'un m\u00e9lange de polypropyl\u00e8ne et de polyester. Il a une bonne plasticit\u00e9, une forte force de traction \u00e0 la rupture, une r\u00e9sistance \u00e0 la fatigue par flexion, une faible densit\u00e9, de bonnes performances d'impact en traction et une utilisation pratique. Il a \u00e9t\u00e9 largement utilis\u00e9 dans divers domaines.<\/p>\n<figure id=\"attachment_2272\" aria-describedby=\"caption-attachment-2272\" style=\"width: 944px\" class=\"wp-caption alignnone\"><img decoding=\"async\" class=\"size-full wp-image-2272\" src=\"https:\/\/www.qianyipack.com\/wp-content\/uploads\/fiber-packing-stap-application.jpg\" alt=\"fiber packing stap application\" width=\"944\" height=\"629\" srcset=\"https:\/\/www.qianyipack.com\/wp-content\/uploads\/fiber-packing-stap-application.jpg 944w, https:\/\/www.qianyipack.com\/wp-content\/uploads\/fiber-packing-stap-application-800x533.jpg 800w, https:\/\/www.qianyipack.com\/wp-content\/uploads\/fiber-packing-stap-application-300x200.jpg 300w, https:\/\/www.qianyipack.com\/wp-content\/uploads\/fiber-packing-stap-application-768x512.jpg 768w, https:\/\/www.qianyipack.com\/wp-content\/uploads\/fiber-packing-stap-application-18x12.jpg 18w\" sizes=\"(max-width: 944px) 100vw, 944px\" \/><figcaption id=\"caption-attachment-2272\" class=\"wp-caption-text\">application d'agrafes d'emballage en fibre<\/figcaption><\/figure>","protected":false},"excerpt":{"rendered":"<p>La sangle de cerclage en fibre composite est faite de fibre de polyester polym\u00e8re, qui pr\u00e9sente des performances stables, une bonne flexibilit\u00e9 et une bonne r\u00e9sistance \u00e0 la pression, et remplace la m\u00e9thode traditionnelle de cerclage en acier. Le cerclage a des lignes claires, peut jouer un r\u00f4le de lien antid\u00e9rapant, \u00e9troitement enroul\u00e9, solide et peut \u00eatre resserr\u00e9 \u00e0 plusieurs reprises.<\/p>","protected":false},"featured_media":2269,"template":"","meta":{"ocean_post_layout":"","ocean_both_sidebars_style":"","ocean_both_sidebars_content_width":0,"ocean_both_sidebars_sidebars_width":0,"ocean_sidebar":"0","ocean_second_sidebar":"0","ocean_disable_margins":"enable","ocean_add_body_class":"","ocean_shortcode_before_top_bar":"","ocean_shortcode_after_top_bar":"","ocean_shortcode_before_header":"","ocean_shortcode_after_header":"","ocean_has_shortcode":"","ocean_shortcode_after_title":"","ocean_shortcode_before_footer_widgets":"","ocean_shortcode_after_footer_widgets":"","ocean_shortcode_before_footer_bottom":"","ocean_shortcode_after_footer_bottom":"","ocean_display_top_bar":"default","ocean_display_header":"default","ocean_header_style":"","ocean_center_header_left_menu":"0","ocean_custom_header_template":"0","ocean_custom_logo":0,"ocean_custom_retina_logo":0,"ocean_custom_logo_max_width":0,"ocean_custom_logo_tablet_max_width":0,"ocean_custom_logo_mobile_max_width":0,"ocean_custom_logo_max_height":0,"ocean_custom_logo_tablet_max_height":0,"ocean_custom_logo_mobile_max_height":0,"ocean_header_custom_menu":"0","ocean_menu_typo_font_family":"0","ocean_menu_typo_font_subset":"","ocean_menu_typo_font_size":0,"ocean_menu_typo_font_size_tablet":0,"ocean_menu_typo_font_size_mobile":0,"ocean_menu_typo_font_size_unit":"px","ocean_menu_typo_font_weight":"","ocean_menu_typo_font_weight_tablet":"","ocean_menu_typo_font_weight_mobile":"","ocean_menu_typo_transform":"","ocean_menu_typo_transform_tablet":"","ocean_menu_typo_transform_mobile":"","ocean_menu_typo_line_height":0,"ocean_menu_typo_line_height_tablet":0,"ocean_menu_typo_line_height_mobile":0,"ocean_menu_typo_line_height_unit":"","ocean_menu_typo_spacing":0,"ocean_menu_typo_spacing_tablet":0,"ocean_menu_typo_spacing_mobile":0,"ocean_menu_typo_spacing_unit":"","ocean_menu_link_color":"","ocean_menu_link_color_hover":"","ocean_menu_link_color_active":"","ocean_menu_link_background":"","ocean_menu_link_hover_background":"","ocean_menu_link_active_background":"","ocean_menu_social_links_bg":"","ocean_menu_social_hover_links_bg":"","ocean_menu_social_links_color":"","ocean_menu_social_hover_links_color":"","ocean_disable_title":"default","ocean_disable_heading":"default","ocean_post_title":"","ocean_post_subheading":"","ocean_post_title_style":"","ocean_post_title_background_color":"","ocean_post_title_background":0,"ocean_post_title_bg_image_position":"","ocean_post_title_bg_image_attachment":"","ocean_post_title_bg_image_repeat":"","ocean_post_title_bg_image_size":"","ocean_post_title_height":0,"ocean_post_title_bg_overlay":0.5,"ocean_post_title_bg_overlay_color":"","ocean_disable_breadcrumbs":"default","ocean_breadcrumbs_color":"","ocean_breadcrumbs_separator_color":"","ocean_breadcrumbs_links_color":"","ocean_breadcrumbs_links_hover_color":"","ocean_display_footer_widgets":"default","ocean_display_footer_bottom":"default","ocean_custom_footer_template":"0","osh_disable_topbar_sticky":"default","osh_disable_header_sticky":"default","osh_sticky_header_style":"default","osh_sticky_header_effect":"","osh_custom_sticky_logo":0,"osh_custom_retina_sticky_logo":0,"osh_custom_sticky_logo_height":0,"osh_background_color":"","osh_links_color":"","osh_links_hover_color":"","osh_links_active_color":"","osh_links_bg_color":"","osh_links_hover_bg_color":"","osh_links_active_bg_color":"","osh_menu_social_links_color":"","osh_menu_social_hover_links_color":""},"product_brand":[],"product_cat":[36],"product_tag":[89,121,50],"class_list":{"0":"post-2274","1":"product","2":"type-product","3":"status-publish","4":"has-post-thumbnail","6":"product_cat-composite-cord-strap","7":"product_tag-polyester-cord-strapping","8":"product_tag-polyester-packaging","9":"product_tag-strapping-band","11":"entry","12":"has-media","14":"first","15":"instock","16":"shipping-taxable","17":"product-type-external","18":"col","19":"span_1_of_3","20":"owp-content-center","21":"owp-thumbs-layout-horizontal","22":"owp-btn-very-big","23":"owp-tabs-layout-horizontal"},"_links":{"self":[{"href":"https:\/\/www.qianyipack.com\/fr\/wp-json\/wp\/v2\/product\/2274","targetHints":{"allow":["GET"]}}],"collection":[{"href":"https:\/\/www.qianyipack.com\/fr\/wp-json\/wp\/v2\/product"}],"about":[{"href":"https:\/\/www.qianyipack.com\/fr\/wp-json\/wp\/v2\/types\/product"}],"wp:featuredmedia":[{"embeddable":true,"href":"https:\/\/www.qianyipack.com\/fr\/wp-json\/wp\/v2\/media\/2269"}],"wp:attachment":[{"href":"https:\/\/www.qianyipack.com\/fr\/wp-json\/wp\/v2\/media?parent=2274"}],"wp:term":[{"taxonomy":"product_brand","embeddable":true,"href":"https:\/\/www.qianyipack.com\/fr\/wp-json\/wp\/v2\/product_brand?post=2274"},{"taxonomy":"product_cat","embeddable":true,"href":"https:\/\/www.qianyipack.com\/fr\/wp-json\/wp\/v2\/product_cat?post=2274"},{"taxonomy":"product_tag","embeddable":true,"href":"https:\/\/www.qianyipack.com\/fr\/wp-json\/wp\/v2\/product_tag?post=2274"}],"curies":[{"name":"wp","href":"https:\/\/api.w.org\/{rel}","templated":true}]}}