{"id":2288,"date":"2021-11-15T00:10:15","date_gmt":"2021-11-15T08:10:15","guid":{"rendered":"https:\/\/www.qianyipack.com\/?post_type=product&#038;p=2288"},"modified":"2021-11-23T17:36:07","modified_gmt":"2021-11-24T01:36:07","slug":"19mm-woven-polyester-strapping-for-cargo-protection","status":"publish","type":"product","link":"https:\/\/www.qianyipack.com\/fr\/produit\/19mm-woven-polyester-strapping-for-cargo-protection","title":{"rendered":"Cerclage en polyester tiss\u00e9 de 19mm pour le fret"},"content":{"rendered":"<p class=\" translation-block\">Comment identifier le cerclage tiss\u00e9 ?<br>\nLe cerclage de corde de mati\u00e8res premi\u00e8res pures est ferme et les c\u00f4t\u00e9s sont relativement lisses sans bavures. Une telle sangle de cordon fonctionnera tr\u00e8s facilement sur le chemin de la machine \u00e0 emballer ou du tendeur, n'est pas sujette \u00e0 des probl\u00e8mes et a une efficacit\u00e9 de travail \u00e9lev\u00e9e.<br>\nMesurez la longueur. \u00c9tant donn\u00e9 que le mat\u00e9riau en polyester pur n'est pas m\u00e9lang\u00e9 avec d'autres mat\u00e9riaux, il est particuli\u00e8rement \u00e9lastique. Chaque rouleau de cerclage en polyester tiss\u00e9 peut \u00eatre \u00e9tir\u00e9 tr\u00e8s longtemps, de sorte qu'un tel cerclage peut g\u00e9n\u00e9ralement atteindre 3000 m\u00e8tres\/rouleau. Le cerclage de mat\u00e9riaux recycl\u00e9s a une mauvaise ductilit\u00e9, il ne peut donc pas \u00eatre trop long.<br>\nPorteur. Pour la m\u00eame raison que ci-dessus, le cerclage en polyester tiss\u00e9 de mat\u00e9riau pur peut \u00eatre \u00e9tir\u00e9 tr\u00e8s longtemps pendant le processus de production, de sorte que le poids peut \u00eatre tr\u00e8s l\u00e9ger. Le mat\u00e9riau recycl\u00e9 d\u00e9termine que le cerclage d'emballage fabriqu\u00e9 \u00e0 partir de celui-ci sera tr\u00e8s lourd.<\/p>\n<figure id=\"attachment_2283\" aria-describedby=\"caption-attachment-2283\" style=\"width: 960px\" class=\"wp-caption alignnone\"><img fetchpriority=\"high\" decoding=\"async\" class=\"size-full wp-image-2283\" src=\"https:\/\/www.qianyipack.com\/wp-content\/uploads\/16mm-banding-strapping-6.jpg\" alt=\"16mm banding strapping (6)\" width=\"960\" height=\"540\" srcset=\"https:\/\/www.qianyipack.com\/wp-content\/uploads\/16mm-banding-strapping-6.jpg 960w, https:\/\/www.qianyipack.com\/wp-content\/uploads\/16mm-banding-strapping-6-800x450.jpg 800w, https:\/\/www.qianyipack.com\/wp-content\/uploads\/16mm-banding-strapping-6-300x169.jpg 300w, https:\/\/www.qianyipack.com\/wp-content\/uploads\/16mm-banding-strapping-6-768x432.jpg 768w, https:\/\/www.qianyipack.com\/wp-content\/uploads\/16mm-banding-strapping-6-18x10.jpg 18w\" sizes=\"(max-width: 960px) 100vw, 960px\" \/><figcaption id=\"caption-attachment-2283\" class=\"wp-caption-text\">Cerclage de cerclage 16 mm (6)<\/figcaption><\/figure>\n<h3>Avantages<\/h3>\n<p class=\" translation-block\">Assurance qualit\u00e9. Nous sommes une usine exp\u00e9riment\u00e9e et nos cerclages en polyester tiss\u00e9 sont export\u00e9s vers des pays du monde entier, y compris l'Union europ\u00e9enne. Les cerclages en polyester tiss\u00e9 ont des rapports de test pertinents et ont pass\u00e9 les certifications pertinentes.<br>\nDes performances de co\u00fbt \u00e9lev\u00e9es. Tous les cerclages tiss\u00e9s en poly sont directement fournis par notre usine. Les cerclages en poly tiss\u00e9 sont de haute qualit\u00e9 et stables sans liens interm\u00e9diaires, ils sont donc rentables et fournissent aux entreprises des cerclages tiss\u00e9s de haute qualit\u00e9, peu co\u00fbteux et pratiques.<br>\nGarantie apr\u00e8s-vente. Nous avons un service apr\u00e8s-vente professionnel et convivial pour r\u00e9soudre vos probl\u00e8mes de cerclage de cordon tiss\u00e9 \u00e0 temps. L'\u00e9quipe professionnelle vous propose un programme de s\u00e9curit\u00e9 de transport et d'emballage \u00e0 guichet unique, vous permettant d'\u00e9conomiser de la main-d'\u0153uvre et des ressources mat\u00e9rielles.<\/p>\n<figure id=\"attachment_1047\" aria-describedby=\"caption-attachment-1047\" style=\"width: 960px\" class=\"wp-caption alignnone\"><img decoding=\"async\" class=\"size-full wp-image-1047\" src=\"https:\/\/www.qianyipack.com\/wp-content\/uploads\/2021\/10\/woven-strapping-specification.jpg\" alt=\"woven-strapping-specification\" width=\"960\" height=\"955\" srcset=\"https:\/\/www.qianyipack.com\/wp-content\/uploads\/2021\/10\/woven-strapping-specification.jpg 960w, https:\/\/www.qianyipack.com\/wp-content\/uploads\/2021\/10\/woven-strapping-specification-100x100.jpg 100w, https:\/\/www.qianyipack.com\/wp-content\/uploads\/2021\/10\/woven-strapping-specification-800x796.jpg 800w, https:\/\/www.qianyipack.com\/wp-content\/uploads\/2021\/10\/woven-strapping-specification-300x298.jpg 300w, https:\/\/www.qianyipack.com\/wp-content\/uploads\/2021\/10\/woven-strapping-specification-150x150.jpg 150w, https:\/\/www.qianyipack.com\/wp-content\/uploads\/2021\/10\/woven-strapping-specification-768x764.jpg 768w\" sizes=\"(max-width: 960px) 100vw, 960px\" \/><figcaption id=\"caption-attachment-1047\" class=\"wp-caption-text\">sp\u00e9cification de cerclage tiss\u00e9<\/figcaption><\/figure>\n<h3>Application<\/h3>\n<p>Champ d'application : le cerclage en poly tiss\u00e9 est principalement utilis\u00e9 pour fixer et serrer les marchandises sur les camions, les cargos, les conteneurs, les remorques et les trains, et pour absorber l'impact g\u00e9n\u00e9r\u00e9 pendant le transport. Par cons\u00e9quent, le cerclage tiss\u00e9 peut remplacer le syst\u00e8me \u00e0 cliquet et les patins en bois. Ou supports en bois, c\u00e2bles en acier, cha\u00eenes, etc.<\/p>\n<figure id=\"attachment_2289\" aria-describedby=\"caption-attachment-2289\" style=\"width: 960px\" class=\"wp-caption alignnone\"><img decoding=\"async\" class=\"size-full wp-image-2289\" src=\"https:\/\/www.qianyipack.com\/wp-content\/uploads\/19mm-woven-strap-application.jpg\" alt=\"19mm woven strap application\" width=\"960\" height=\"540\" srcset=\"https:\/\/www.qianyipack.com\/wp-content\/uploads\/19mm-woven-strap-application.jpg 960w, https:\/\/www.qianyipack.com\/wp-content\/uploads\/19mm-woven-strap-application-800x450.jpg 800w, https:\/\/www.qianyipack.com\/wp-content\/uploads\/19mm-woven-strap-application-300x169.jpg 300w, https:\/\/www.qianyipack.com\/wp-content\/uploads\/19mm-woven-strap-application-768x432.jpg 768w, https:\/\/www.qianyipack.com\/wp-content\/uploads\/19mm-woven-strap-application-18x10.jpg 18w\" sizes=\"(max-width: 960px) 100vw, 960px\" \/><figcaption id=\"caption-attachment-2289\" class=\"wp-caption-text\">Application de sangle tiss\u00e9e de 19 mm<\/figcaption><\/figure>","protected":false},"excerpt":{"rendered":"<p>Cette sangle de cerclage est faite de fil de polyester haute r\u00e9sistance tiss\u00e9 et coll\u00e9. Il n'est pas facile \u00e0 desserrer, est pratique et rapide \u00e0 utiliser et a une large gamme d'applications. Il est recommand\u00e9 d'utiliser notre boucle d'emballage en fil d'acier phosphat\u00e9 ou galvanis\u00e9.<\/p>","protected":false},"featured_media":2291,"template":"","meta":{"ocean_post_layout":"","ocean_both_sidebars_style":"","ocean_both_sidebars_content_width":0,"ocean_both_sidebars_sidebars_width":0,"ocean_sidebar":"0","ocean_second_sidebar":"0","ocean_disable_margins":"enable","ocean_add_body_class":"","ocean_shortcode_before_top_bar":"","ocean_shortcode_after_top_bar":"","ocean_shortcode_before_header":"","ocean_shortcode_after_header":"","ocean_has_shortcode":"","ocean_shortcode_after_title":"","ocean_shortcode_before_footer_widgets":"","ocean_shortcode_after_footer_widgets":"","ocean_shortcode_before_footer_bottom":"","ocean_shortcode_after_footer_bottom":"","ocean_display_top_bar":"default","ocean_display_header":"default","ocean_header_style":"","ocean_center_header_left_menu":"0","ocean_custom_header_template":"0","ocean_custom_logo":0,"ocean_custom_retina_logo":0,"ocean_custom_logo_max_width":0,"ocean_custom_logo_tablet_max_width":0,"ocean_custom_logo_mobile_max_width":0,"ocean_custom_logo_max_height":0,"ocean_custom_logo_tablet_max_height":0,"ocean_custom_logo_mobile_max_height":0,"ocean_header_custom_menu":"0","ocean_menu_typo_font_family":"0","ocean_menu_typo_font_subset":"","ocean_menu_typo_font_size":0,"ocean_menu_typo_font_size_tablet":0,"ocean_menu_typo_font_size_mobile":0,"ocean_menu_typo_font_size_unit":"px","ocean_menu_typo_font_weight":"","ocean_menu_typo_font_weight_tablet":"","ocean_menu_typo_font_weight_mobile":"","ocean_menu_typo_transform":"","ocean_menu_typo_transform_tablet":"","ocean_menu_typo_transform_mobile":"","ocean_menu_typo_line_height":0,"ocean_menu_typo_line_height_tablet":0,"ocean_menu_typo_line_height_mobile":0,"ocean_menu_typo_line_height_unit":"","ocean_menu_typo_spacing":0,"ocean_menu_typo_spacing_tablet":0,"ocean_menu_typo_spacing_mobile":0,"ocean_menu_typo_spacing_unit":"","ocean_menu_link_color":"","ocean_menu_link_color_hover":"","ocean_menu_link_color_active":"","ocean_menu_link_background":"","ocean_menu_link_hover_background":"","ocean_menu_link_active_background":"","ocean_menu_social_links_bg":"","ocean_menu_social_hover_links_bg":"","ocean_menu_social_links_color":"","ocean_menu_social_hover_links_color":"","ocean_disable_title":"default","ocean_disable_heading":"default","ocean_post_title":"","ocean_post_subheading":"","ocean_post_title_style":"","ocean_post_title_background_color":"","ocean_post_title_background":0,"ocean_post_title_bg_image_position":"","ocean_post_title_bg_image_attachment":"","ocean_post_title_bg_image_repeat":"","ocean_post_title_bg_image_size":"","ocean_post_title_height":0,"ocean_post_title_bg_overlay":0.5,"ocean_post_title_bg_overlay_color":"","ocean_disable_breadcrumbs":"default","ocean_breadcrumbs_color":"","ocean_breadcrumbs_separator_color":"","ocean_breadcrumbs_links_color":"","ocean_breadcrumbs_links_hover_color":"","ocean_display_footer_widgets":"default","ocean_display_footer_bottom":"default","ocean_custom_footer_template":"0","osh_disable_topbar_sticky":"default","osh_disable_header_sticky":"default","osh_sticky_header_style":"default","osh_sticky_header_effect":"","osh_custom_sticky_logo":0,"osh_custom_retina_sticky_logo":0,"osh_custom_sticky_logo_height":0,"osh_background_color":"","osh_links_color":"","osh_links_hover_color":"","osh_links_active_color":"","osh_links_bg_color":"","osh_links_hover_bg_color":"","osh_links_active_bg_color":"","osh_menu_social_links_color":"","osh_menu_social_hover_links_color":""},"product_brand":[],"product_cat":[38],"product_tag":[122,92,90],"class_list":{"0":"post-2288","1":"product","2":"type-product","3":"status-publish","4":"has-post-thumbnail","6":"product_cat-woven-polyester-strap","7":"product_tag-container-strap","8":"product_tag-polyester-strapping","9":"product_tag-woven-polyester-strapping","11":"entry","12":"has-media","14":"first","15":"instock","16":"shipping-taxable","17":"product-type-external","18":"col","19":"span_1_of_3","20":"owp-content-center","21":"owp-thumbs-layout-horizontal","22":"owp-btn-very-big","23":"owp-tabs-layout-horizontal"},"_links":{"self":[{"href":"https:\/\/www.qianyipack.com\/fr\/wp-json\/wp\/v2\/product\/2288","targetHints":{"allow":["GET"]}}],"collection":[{"href":"https:\/\/www.qianyipack.com\/fr\/wp-json\/wp\/v2\/product"}],"about":[{"href":"https:\/\/www.qianyipack.com\/fr\/wp-json\/wp\/v2\/types\/product"}],"wp:featuredmedia":[{"embeddable":true,"href":"https:\/\/www.qianyipack.com\/fr\/wp-json\/wp\/v2\/media\/2291"}],"wp:attachment":[{"href":"https:\/\/www.qianyipack.com\/fr\/wp-json\/wp\/v2\/media?parent=2288"}],"wp:term":[{"taxonomy":"product_brand","embeddable":true,"href":"https:\/\/www.qianyipack.com\/fr\/wp-json\/wp\/v2\/product_brand?post=2288"},{"taxonomy":"product_cat","embeddable":true,"href":"https:\/\/www.qianyipack.com\/fr\/wp-json\/wp\/v2\/product_cat?post=2288"},{"taxonomy":"product_tag","embeddable":true,"href":"https:\/\/www.qianyipack.com\/fr\/wp-json\/wp\/v2\/product_tag?post=2288"}],"curies":[{"name":"wp","href":"https:\/\/api.w.org\/{rel}","templated":true}]}}