{"id":2295,"date":"2021-11-15T22:47:12","date_gmt":"2021-11-16T06:47:12","guid":{"rendered":"https:\/\/www.qianyipack.com\/?post_type=product&#038;p=2295"},"modified":"2021-11-23T17:34:49","modified_gmt":"2021-11-24T01:34:49","slug":"38mm-heavy-duty-polyester-cord-strapping-for-container","status":"publish","type":"product","link":"https:\/\/www.qianyipack.com\/fr\/produit\/38mm-heavy-duty-polyester-cord-strapping-for-container","title":{"rendered":"Cerclage de cordon en polyester de 38mm pour conteneur"},"content":{"rendered":"<p class=\" translation-block\">Dans l'\u00e9tat standard, la reprise d'humidit\u00e9 des feuillards tiss\u00e9s en polyester est de 0,4%, ce qui est inf\u00e9rieur \u00e0 1% ~ 2% de fibre acrylique et 4% de nylon. En raison de son hygroscopicit\u00e9, sa r\u00e9sistance \u00e0 l'\u00e9tat humide diminue moins et sa r\u00e9sistance est relativement stable.<br>\nLes feuillards en polyester tiss\u00e9 ont une mauvaise conductivit\u00e9 en raison de leur faible absorption d'humidit\u00e9. La constante di\u00e9lectrique dans la plage de -100~+160\u2103 est de 3,0 \u00e0 3,8. C'est un excellent isolant et convient \u00e0 l'emballage d'une plus large gamme de produits.<br>\nLa r\u00e9sistance \u00e0 sec du cerclage en polyester tiss\u00e9 est de 4 \u00e0 7 cN\/dex, et sa r\u00e9sistance \u00e0 l'abrasion est la deuxi\u00e8me seulement apr\u00e8s le nylon, et il a une r\u00e9sistance et une r\u00e9sistance \u00e0 l'abrasion plus \u00e9lev\u00e9es que les autres fibres synth\u00e9tiques.<br>\nL'\u00e9lasticit\u00e9 de la ceinture tiss\u00e9e en polyester est proche de celle de la laine. Lorsqu'il est \u00e9tir\u00e9 de 5%, il peut presque \u00eatre restaur\u00e9 une fois la charge retir\u00e9e, de sorte que la r\u00e9sistance au froissement du tissu en polyester est sup\u00e9rieure \u00e0 celle des autres tissus en fibres.<br>\nLe feuillard en polyester tiss\u00e9 est stable aux acides organiques et pr\u00e9sente une forte r\u00e9sistance aux solvants organiques. Dans le m\u00eame temps, le bracelet en polyester tiss\u00e9 est r\u00e9sistant aux micro-organismes, n'est pas affect\u00e9 par les mites, les moisissures, etc., n'a pas besoin d'\u00eatre anti-mites et est moins affect\u00e9 par les micro-organismes lors de l'utilisation.<\/p>\n<figure id=\"attachment_2296\" aria-describedby=\"caption-attachment-2296\" style=\"width: 960px\" class=\"wp-caption alignnone\"><img fetchpriority=\"high\" decoding=\"async\" class=\"size-full wp-image-2296\" src=\"https:\/\/www.qianyipack.com\/wp-content\/uploads\/woven-lashing-TUV-test.jpg\" alt=\"woven lashing TUV test\" width=\"960\" height=\"730\" srcset=\"https:\/\/www.qianyipack.com\/wp-content\/uploads\/woven-lashing-TUV-test.jpg 960w, https:\/\/www.qianyipack.com\/wp-content\/uploads\/woven-lashing-TUV-test-800x608.jpg 800w, https:\/\/www.qianyipack.com\/wp-content\/uploads\/woven-lashing-TUV-test-300x228.jpg 300w, https:\/\/www.qianyipack.com\/wp-content\/uploads\/woven-lashing-TUV-test-768x584.jpg 768w, https:\/\/www.qianyipack.com\/wp-content\/uploads\/woven-lashing-TUV-test-16x12.jpg 16w\" sizes=\"(max-width: 960px) 100vw, 960px\" \/><figcaption id=\"caption-attachment-2296\" class=\"wp-caption-text\">test TUV d'arrimage tiss\u00e9<\/figcaption><\/figure>\n<h3>sp\u00e9cification<\/h3>\n<figure id=\"attachment_2005\" aria-describedby=\"caption-attachment-2005\" style=\"width: 960px\" class=\"wp-caption alignnone\"><img decoding=\"async\" class=\"size-full wp-image-2005\" src=\"https:\/\/www.qianyipack.com\/wp-content\/uploads\/40mm-woven-strapping-specification.jpg\" alt=\"40mm woven strapping specification\" width=\"960\" height=\"645\" srcset=\"https:\/\/www.qianyipack.com\/wp-content\/uploads\/40mm-woven-strapping-specification.jpg 960w, https:\/\/www.qianyipack.com\/wp-content\/uploads\/40mm-woven-strapping-specification-800x538.jpg 800w, https:\/\/www.qianyipack.com\/wp-content\/uploads\/40mm-woven-strapping-specification-300x202.jpg 300w, https:\/\/www.qianyipack.com\/wp-content\/uploads\/40mm-woven-strapping-specification-768x516.jpg 768w, https:\/\/www.qianyipack.com\/wp-content\/uploads\/40mm-woven-strapping-specification-18x12.jpg 18w\" sizes=\"(max-width: 960px) 100vw, 960px\" \/><figcaption id=\"caption-attachment-2005\" class=\"wp-caption-text\">Sp\u00e9cification de cerclage tiss\u00e9 de 40 mm<\/figcaption><\/figure>\n<h3>Caract\u00e9ristique<\/h3>\n<p class=\" translation-block\">Haute r\u00e9sistance \u00e0 la traction et manipulation facile.<br>\nCertifi\u00e9 par TUV, Convient \u00e0 tous les transporteurs.<br>\nCombinable avec d'autres syst\u00e8mes de s\u00e9curisation de la cargaison - par ex. sacs de calage.<br>\nCerclage \u00e0 sens unique pour la fixation (arrimage) sur les appartements, les rails et dans les conteneurs.<br>\nAucun risque de blessure pour les exp\u00e9diteurs et les destinataires lors de l'utilisation ou de l'ouverture du cerclage.<br>\nAlternative aux sangles \u00e0 cliquet co\u00fbteuses et aux fils de reliure encombrants.<\/p>\n<figure id=\"attachment_2297\" aria-describedby=\"caption-attachment-2297\" style=\"width: 960px\" class=\"wp-caption alignnone\"><img decoding=\"async\" class=\"size-full wp-image-2297\" src=\"https:\/\/www.qianyipack.com\/wp-content\/uploads\/38mm-woven-lashing-application.jpg\" alt=\"38mm woven lashing application\" width=\"960\" height=\"540\" srcset=\"https:\/\/www.qianyipack.com\/wp-content\/uploads\/38mm-woven-lashing-application.jpg 960w, https:\/\/www.qianyipack.com\/wp-content\/uploads\/38mm-woven-lashing-application-800x450.jpg 800w, https:\/\/www.qianyipack.com\/wp-content\/uploads\/38mm-woven-lashing-application-300x169.jpg 300w, https:\/\/www.qianyipack.com\/wp-content\/uploads\/38mm-woven-lashing-application-768x432.jpg 768w, https:\/\/www.qianyipack.com\/wp-content\/uploads\/38mm-woven-lashing-application-18x10.jpg 18w\" sizes=\"(max-width: 960px) 100vw, 960px\" \/><figcaption id=\"caption-attachment-2297\" class=\"wp-caption-text\">Application d'arrimage tiss\u00e9 de 38 mm<\/figcaption><\/figure>","protected":false},"excerpt":{"rendered":"<div id=\"outer-wrap\" class=\"site clr\">\n<div id=\"wrap\" class=\"clr\">\n<div id=\"outer-wrap\" class=\"site clr\">\n<div id=\"wrap\" class=\"clr\">\n<p>Le cerclage de fixation de cargaison \u00e0 sens unique en polyester tiss\u00e9 a une r\u00e9sistance \u00e0 la traction \u00e9lev\u00e9e de 2000 \u00e0 7500 daN. Pour cette raison, l'arrimage est l'alternative aux sangles multidirectionnelles co\u00fbteuses, aux caisses en bois complexes, aux fils de liaison volumineux et aux cerclages en acier \u00e0 ar\u00eates vives.<\/p>\n<\/div>\n<\/div>\n<\/div>\n<\/div>","protected":false},"featured_media":2298,"template":"","meta":{"ocean_post_layout":"","ocean_both_sidebars_style":"","ocean_both_sidebars_content_width":0,"ocean_both_sidebars_sidebars_width":0,"ocean_sidebar":"0","ocean_second_sidebar":"0","ocean_disable_margins":"enable","ocean_add_body_class":"","ocean_shortcode_before_top_bar":"","ocean_shortcode_after_top_bar":"","ocean_shortcode_before_header":"","ocean_shortcode_after_header":"","ocean_has_shortcode":"","ocean_shortcode_after_title":"","ocean_shortcode_before_footer_widgets":"","ocean_shortcode_after_footer_widgets":"","ocean_shortcode_before_footer_bottom":"","ocean_shortcode_after_footer_bottom":"","ocean_display_top_bar":"default","ocean_display_header":"default","ocean_header_style":"","ocean_center_header_left_menu":"0","ocean_custom_header_template":"0","ocean_custom_logo":0,"ocean_custom_retina_logo":0,"ocean_custom_logo_max_width":0,"ocean_custom_logo_tablet_max_width":0,"ocean_custom_logo_mobile_max_width":0,"ocean_custom_logo_max_height":0,"ocean_custom_logo_tablet_max_height":0,"ocean_custom_logo_mobile_max_height":0,"ocean_header_custom_menu":"0","ocean_menu_typo_font_family":"0","ocean_menu_typo_font_subset":"","ocean_menu_typo_font_size":0,"ocean_menu_typo_font_size_tablet":0,"ocean_menu_typo_font_size_mobile":0,"ocean_menu_typo_font_size_unit":"px","ocean_menu_typo_font_weight":"","ocean_menu_typo_font_weight_tablet":"","ocean_menu_typo_font_weight_mobile":"","ocean_menu_typo_transform":"","ocean_menu_typo_transform_tablet":"","ocean_menu_typo_transform_mobile":"","ocean_menu_typo_line_height":0,"ocean_menu_typo_line_height_tablet":0,"ocean_menu_typo_line_height_mobile":0,"ocean_menu_typo_line_height_unit":"","ocean_menu_typo_spacing":0,"ocean_menu_typo_spacing_tablet":0,"ocean_menu_typo_spacing_mobile":0,"ocean_menu_typo_spacing_unit":"","ocean_menu_link_color":"","ocean_menu_link_color_hover":"","ocean_menu_link_color_active":"","ocean_menu_link_background":"","ocean_menu_link_hover_background":"","ocean_menu_link_active_background":"","ocean_menu_social_links_bg":"","ocean_menu_social_hover_links_bg":"","ocean_menu_social_links_color":"","ocean_menu_social_hover_links_color":"","ocean_disable_title":"default","ocean_disable_heading":"default","ocean_post_title":"","ocean_post_subheading":"","ocean_post_title_style":"","ocean_post_title_background_color":"","ocean_post_title_background":0,"ocean_post_title_bg_image_position":"","ocean_post_title_bg_image_attachment":"","ocean_post_title_bg_image_repeat":"","ocean_post_title_bg_image_size":"","ocean_post_title_height":0,"ocean_post_title_bg_overlay":0.5,"ocean_post_title_bg_overlay_color":"","ocean_disable_breadcrumbs":"default","ocean_breadcrumbs_color":"","ocean_breadcrumbs_separator_color":"","ocean_breadcrumbs_links_color":"","ocean_breadcrumbs_links_hover_color":"","ocean_display_footer_widgets":"default","ocean_display_footer_bottom":"default","ocean_custom_footer_template":"0","osh_disable_topbar_sticky":"default","osh_disable_header_sticky":"default","osh_sticky_header_style":"default","osh_sticky_header_effect":"","osh_custom_sticky_logo":0,"osh_custom_retina_sticky_logo":0,"osh_custom_sticky_logo_height":0,"osh_background_color":"","osh_links_color":"","osh_links_hover_color":"","osh_links_active_color":"","osh_links_bg_color":"","osh_links_hover_bg_color":"","osh_links_active_bg_color":"","osh_menu_social_links_color":"","osh_menu_social_hover_links_color":""},"product_brand":[],"product_cat":[38],"product_tag":[124,125,123],"class_list":{"0":"post-2295","1":"product","2":"type-product","3":"status-publish","4":"has-post-thumbnail","6":"product_cat-woven-polyester-strap","7":"product_tag-cargo-lashing","8":"product_tag-lashing-band","9":"product_tag-poly-woven-strapping","11":"entry","12":"has-media","14":"first","15":"instock","16":"shipping-taxable","17":"product-type-external","18":"col","19":"span_1_of_3","20":"owp-content-center","21":"owp-thumbs-layout-horizontal","22":"owp-btn-very-big","23":"owp-tabs-layout-horizontal"},"_links":{"self":[{"href":"https:\/\/www.qianyipack.com\/fr\/wp-json\/wp\/v2\/product\/2295","targetHints":{"allow":["GET"]}}],"collection":[{"href":"https:\/\/www.qianyipack.com\/fr\/wp-json\/wp\/v2\/product"}],"about":[{"href":"https:\/\/www.qianyipack.com\/fr\/wp-json\/wp\/v2\/types\/product"}],"wp:featuredmedia":[{"embeddable":true,"href":"https:\/\/www.qianyipack.com\/fr\/wp-json\/wp\/v2\/media\/2298"}],"wp:attachment":[{"href":"https:\/\/www.qianyipack.com\/fr\/wp-json\/wp\/v2\/media?parent=2295"}],"wp:term":[{"taxonomy":"product_brand","embeddable":true,"href":"https:\/\/www.qianyipack.com\/fr\/wp-json\/wp\/v2\/product_brand?post=2295"},{"taxonomy":"product_cat","embeddable":true,"href":"https:\/\/www.qianyipack.com\/fr\/wp-json\/wp\/v2\/product_cat?post=2295"},{"taxonomy":"product_tag","embeddable":true,"href":"https:\/\/www.qianyipack.com\/fr\/wp-json\/wp\/v2\/product_tag?post=2295"}],"curies":[{"name":"wp","href":"https:\/\/api.w.org\/{rel}","templated":true}]}}