{"id":2312,"date":"2021-11-18T18:25:28","date_gmt":"2021-11-19T02:25:28","guid":{"rendered":"https:\/\/www.qianyipack.com\/?post_type=product&#038;p=2312"},"modified":"2021-11-23T17:08:49","modified_gmt":"2021-11-24T01:08:49","slug":"19mm-manual-steel-banding-strap-tensioner-clamp","status":"publish","type":"product","link":"https:\/\/www.qianyipack.com\/fr\/produit\/19mm-manual-steel-banding-strap-tensioner-clamp","title":{"rendered":"Tendeur et pince manuels de sangle en acier de 19mm"},"content":{"rendered":"<p>Champ d'application : <a href=\"https:\/\/www.qianyipack.com\/en\/product\/19mm-metal-stainless-heavy-duty-steel-strapping-roll\" target=\"_blank\" rel=\"noopener\">cerclage en acier<\/a> avec une largeur de 12-16mm et une \u00e9paisseur de 0,3mm-0,6mm. Caract\u00e9ristiques de performance : le tendeur de bande en acier est fabriqu\u00e9 en acier de haute qualit\u00e9, technologie avanc\u00e9e, fabrication m\u00e9ticuleuse, belle apparence, facile \u00e0 utiliser, durable, solide dans l'emballage, et utilis\u00e9 pour toutes sortes d'emballages et de fardeaux.<\/p>\n<figure id=\"attachment_2317\" aria-describedby=\"caption-attachment-2317\" style=\"width: 960px\" class=\"wp-caption alignnone\"><img fetchpriority=\"high\" decoding=\"async\" class=\"size-full wp-image-2317\" src=\"https:\/\/www.qianyipack.com\/wp-content\/uploads\/Steel-strap-tensioner-application.jpg\" alt=\"Steel strap tensioner application\" width=\"960\" height=\"675\" srcset=\"https:\/\/www.qianyipack.com\/wp-content\/uploads\/Steel-strap-tensioner-application.jpg 960w, https:\/\/www.qianyipack.com\/wp-content\/uploads\/Steel-strap-tensioner-application-800x563.jpg 800w, https:\/\/www.qianyipack.com\/wp-content\/uploads\/Steel-strap-tensioner-application-300x211.jpg 300w, https:\/\/www.qianyipack.com\/wp-content\/uploads\/Steel-strap-tensioner-application-768x540.jpg 768w, https:\/\/www.qianyipack.com\/wp-content\/uploads\/Steel-strap-tensioner-application-18x12.jpg 18w\" sizes=\"(max-width: 960px) 100vw, 960px\" \/><figcaption id=\"caption-attachment-2317\" class=\"wp-caption-text\">Application de tendeur de sangle en acier<\/figcaption><\/figure>\n<h3>Caract\u00e9ristique<\/h3>\n<p class=\" translation-block\">Le bracelet en acier est fabriqu\u00e9 en acier r\u00e9sistant au feu de haute qualit\u00e9 et est fix\u00e9 par le principe du triangle, ce qui rend la rotation de la m\u00e2choire plus flexible et les pi\u00e8ces vuln\u00e9rables sont faciles \u00e0 remplacer.<br>\nLe tendeur de cerclage en acier a un taux de durabilit\u00e9 \u00e9lev\u00e9 et chaque composant est compos\u00e9 de mat\u00e9riaux en alliage \u00e0 haute r\u00e9sistance et trait\u00e9 par un processus sp\u00e9cial.<br>\nLa poign\u00e9e du tendeur adopte une conception ergonomique pour \u00e9viter le glissement et l'usure par d\u00e9formation, et la prise en main est confortable et la main est confortable.<br>\nLa pince \u00e0 fermoir a des dents \u00e9paissies, ce qui rend la morsure plus forte, durable et plus facile \u00e0 emballer.<br>\nLa force de serrage du tendeur est importante et il est facile d'emballer divers objets lourds tels que l'acier, les lingots d'aluminium, le bois et les produits m\u00e9talliques.<\/p>\n<h3>Maintenance<\/h3>\n<p class=\" translation-block\">1. Le tendeur de cerclage en acier est fabriqu\u00e9 selon le principe m\u00e9canique, si l'utilisateur l'entretient correctement, il peut consid\u00e9rablement prolonger la dur\u00e9e de vie.<br>\n2. Le tendeur de cerclage doit \u00eatre maintenu propre et lubrifi\u00e9 fr\u00e9quemment.<br>\n3. V\u00e9rifiez r\u00e9guli\u00e8rement le degr\u00e9 d'usure du rouleau presseur et des dents fixes du tendeur.<br>\n4. La sangle en acier utilis\u00e9e pour l'emballage doit \u00eatre dans le champ d'application du tendeur en acier. Certaines pinces \u00e0 serrage ont des blocs de r\u00e9glage, qui peuvent \u00eatre s\u00e9lectionn\u00e9s par eux-m\u00eames.<br>\n5. Une fois la sangle en acier serr\u00e9e, lors du retrait du tendeur, poussez d'abord la poign\u00e9e du cliquet sup\u00e9rieur, ne serrez pas la poign\u00e9e et le corps principal en premier, afin de ne pas endommager le rouleau de pression.<\/p>\n<h3>Application<\/h3>\n<p>Faire de l'emballage n'est plus un probl\u00e8me. Il est largement utilis\u00e9 dans l'industrie du papier, l'industrie de l'aluminium, l'acier, le bois, les fibres chimiques d'emballage de bo\u00eetes en bois, la filature de coton, l'industrie chimique, les produits m\u00e9talliques et d'autres industries.<\/p>\n<figure id=\"attachment_2318\" aria-describedby=\"caption-attachment-2318\" style=\"width: 960px\" class=\"wp-caption alignnone\"><img decoding=\"async\" class=\"size-full wp-image-2318\" src=\"https:\/\/www.qianyipack.com\/wp-content\/uploads\/steel-strapping-application.jpg\" alt=\"steel strapping application\" width=\"960\" height=\"540\" srcset=\"https:\/\/www.qianyipack.com\/wp-content\/uploads\/steel-strapping-application.jpg 960w, https:\/\/www.qianyipack.com\/wp-content\/uploads\/steel-strapping-application-800x450.jpg 800w, https:\/\/www.qianyipack.com\/wp-content\/uploads\/steel-strapping-application-300x169.jpg 300w, https:\/\/www.qianyipack.com\/wp-content\/uploads\/steel-strapping-application-768x432.jpg 768w, https:\/\/www.qianyipack.com\/wp-content\/uploads\/steel-strapping-application-18x10.jpg 18w\" sizes=\"(max-width: 960px) 100vw, 960px\" \/><figcaption id=\"caption-attachment-2318\" class=\"wp-caption-text\">application de cerclage en acier<\/figcaption><\/figure>","protected":false},"excerpt":{"rendered":"<p>Le kit tendeur de cerclage en acier est con\u00e7u avec une structure sp\u00e9ciale, qui convient \u00e0 l'emballage simple d'articles lourds et volumineux, simple et facile \u00e0 utiliser, et r\u00e9alise facilement le serrage et l'emballage d'acier, de lingots d'aluminium et d'emballages lourds.<\/p>","protected":false},"featured_media":2316,"template":"","meta":{"ocean_post_layout":"","ocean_both_sidebars_style":"","ocean_both_sidebars_content_width":0,"ocean_both_sidebars_sidebars_width":0,"ocean_sidebar":"0","ocean_second_sidebar":"0","ocean_disable_margins":"enable","ocean_add_body_class":"","ocean_shortcode_before_top_bar":"","ocean_shortcode_after_top_bar":"","ocean_shortcode_before_header":"","ocean_shortcode_after_header":"","ocean_has_shortcode":"","ocean_shortcode_after_title":"","ocean_shortcode_before_footer_widgets":"","ocean_shortcode_after_footer_widgets":"","ocean_shortcode_before_footer_bottom":"","ocean_shortcode_after_footer_bottom":"","ocean_display_top_bar":"default","ocean_display_header":"default","ocean_header_style":"","ocean_center_header_left_menu":"0","ocean_custom_header_template":"0","ocean_custom_logo":0,"ocean_custom_retina_logo":0,"ocean_custom_logo_max_width":0,"ocean_custom_logo_tablet_max_width":0,"ocean_custom_logo_mobile_max_width":0,"ocean_custom_logo_max_height":0,"ocean_custom_logo_tablet_max_height":0,"ocean_custom_logo_mobile_max_height":0,"ocean_header_custom_menu":"0","ocean_menu_typo_font_family":"0","ocean_menu_typo_font_subset":"","ocean_menu_typo_font_size":0,"ocean_menu_typo_font_size_tablet":0,"ocean_menu_typo_font_size_mobile":0,"ocean_menu_typo_font_size_unit":"px","ocean_menu_typo_font_weight":"","ocean_menu_typo_font_weight_tablet":"","ocean_menu_typo_font_weight_mobile":"","ocean_menu_typo_transform":"","ocean_menu_typo_transform_tablet":"","ocean_menu_typo_transform_mobile":"","ocean_menu_typo_line_height":0,"ocean_menu_typo_line_height_tablet":0,"ocean_menu_typo_line_height_mobile":0,"ocean_menu_typo_line_height_unit":"","ocean_menu_typo_spacing":0,"ocean_menu_typo_spacing_tablet":0,"ocean_menu_typo_spacing_mobile":0,"ocean_menu_typo_spacing_unit":"","ocean_menu_link_color":"","ocean_menu_link_color_hover":"","ocean_menu_link_color_active":"","ocean_menu_link_background":"","ocean_menu_link_hover_background":"","ocean_menu_link_active_background":"","ocean_menu_social_links_bg":"","ocean_menu_social_hover_links_bg":"","ocean_menu_social_links_color":"","ocean_menu_social_hover_links_color":"","ocean_disable_title":"default","ocean_disable_heading":"default","ocean_post_title":"","ocean_post_subheading":"","ocean_post_title_style":"","ocean_post_title_background_color":"","ocean_post_title_background":0,"ocean_post_title_bg_image_position":"","ocean_post_title_bg_image_attachment":"","ocean_post_title_bg_image_repeat":"","ocean_post_title_bg_image_size":"","ocean_post_title_height":0,"ocean_post_title_bg_overlay":0.5,"ocean_post_title_bg_overlay_color":"","ocean_disable_breadcrumbs":"default","ocean_breadcrumbs_color":"","ocean_breadcrumbs_separator_color":"","ocean_breadcrumbs_links_color":"","ocean_breadcrumbs_links_hover_color":"","ocean_display_footer_widgets":"default","ocean_display_footer_bottom":"default","ocean_custom_footer_template":"0","osh_disable_topbar_sticky":"default","osh_disable_header_sticky":"default","osh_sticky_header_style":"default","osh_sticky_header_effect":"","osh_custom_sticky_logo":0,"osh_custom_retina_sticky_logo":0,"osh_custom_sticky_logo_height":0,"osh_background_color":"","osh_links_color":"","osh_links_hover_color":"","osh_links_active_color":"","osh_links_bg_color":"","osh_links_hover_bg_color":"","osh_links_active_bg_color":"","osh_menu_social_links_color":"","osh_menu_social_hover_links_color":""},"product_brand":[],"product_cat":[45],"product_tag":[129,131,130],"class_list":{"0":"post-2312","1":"product","2":"type-product","3":"status-publish","4":"has-post-thumbnail","6":"product_cat-strapping-tensioner","7":"product_tag-packaging-tools","8":"product_tag-steel-strap-tensioner","9":"product_tag-strapping-tensioners","11":"entry","12":"has-media","14":"first","15":"instock","16":"shipping-taxable","17":"product-type-external","18":"col","19":"span_1_of_3","20":"owp-content-center","21":"owp-thumbs-layout-horizontal","22":"owp-btn-very-big","23":"owp-tabs-layout-horizontal"},"_links":{"self":[{"href":"https:\/\/www.qianyipack.com\/fr\/wp-json\/wp\/v2\/product\/2312","targetHints":{"allow":["GET"]}}],"collection":[{"href":"https:\/\/www.qianyipack.com\/fr\/wp-json\/wp\/v2\/product"}],"about":[{"href":"https:\/\/www.qianyipack.com\/fr\/wp-json\/wp\/v2\/types\/product"}],"wp:featuredmedia":[{"embeddable":true,"href":"https:\/\/www.qianyipack.com\/fr\/wp-json\/wp\/v2\/media\/2316"}],"wp:attachment":[{"href":"https:\/\/www.qianyipack.com\/fr\/wp-json\/wp\/v2\/media?parent=2312"}],"wp:term":[{"taxonomy":"product_brand","embeddable":true,"href":"https:\/\/www.qianyipack.com\/fr\/wp-json\/wp\/v2\/product_brand?post=2312"},{"taxonomy":"product_cat","embeddable":true,"href":"https:\/\/www.qianyipack.com\/fr\/wp-json\/wp\/v2\/product_cat?post=2312"},{"taxonomy":"product_tag","embeddable":true,"href":"https:\/\/www.qianyipack.com\/fr\/wp-json\/wp\/v2\/product_tag?post=2312"}],"curies":[{"name":"wp","href":"https:\/\/api.w.org\/{rel}","templated":true}]}}