{"id":2320,"date":"2021-11-20T01:05:59","date_gmt":"2021-11-20T09:05:59","guid":{"rendered":"https:\/\/www.qianyipack.com\/?post_type=product&#038;p=2320"},"modified":"2021-11-23T16:42:57","modified_gmt":"2021-11-24T00:42:57","slug":"19mm-metal-stainless-heavy-duty-steel-strapping-roll","status":"publish","type":"product","link":"https:\/\/www.qianyipack.com\/fr\/produit\/19mm-metal-stainless-heavy-duty-steel-strapping-roll","title":{"rendered":"Rouleau de cerclage en acier robuste en m\u00e9tal de 19mm"},"content":{"rendered":"<p class=\" translation-block\">La bande de cerclage en acier est trait\u00e9e par le processus d'\u00e9tirage de barres en acier doux, qui pr\u00e9sente les caract\u00e9ristiques d'une grande capacit\u00e9 portante et d'une densit\u00e9 \u00e9lev\u00e9e.<br>\nLe bord de la bande de cerclage en acier est lisse et n'a pas de bords ni de coins pour \u00e9viter de rayer et d'endommager l'emballage pendant l'emballage.<br>\nLa bande de cerclage en acier a des propri\u00e9t\u00e9s anti-corrosion, de fortes r\u00e9sistances \u00e0 la traction, un type r\u00e9sistant au feu, etc. La ceinture en acier produite est belle, \u00e9conomique et durable.<br>\nLa disposition de la sangle de cerclage en acier est plate, la ceinture en acier bleue est de couleur vive et la surface est lubrifi\u00e9e avec de l'huile et de la rouille, ce qui r\u00e9duit la r\u00e9sistance au frottement lors de l'emballage, de sorte que la ceinture en acier est bien serr\u00e9e.<\/p>\n<figure id=\"attachment_2325\" aria-describedby=\"caption-attachment-2325\" style=\"width: 960px\" class=\"wp-caption alignnone\"><img fetchpriority=\"high\" decoding=\"async\" class=\"size-full wp-image-2325\" src=\"https:\/\/www.qianyipack.com\/wp-content\/uploads\/19mm-steel-strapping-5.jpg\" alt=\"19mm steel strapping (5)\" width=\"960\" height=\"639\" srcset=\"https:\/\/www.qianyipack.com\/wp-content\/uploads\/19mm-steel-strapping-5.jpg 960w, https:\/\/www.qianyipack.com\/wp-content\/uploads\/19mm-steel-strapping-5-800x533.jpg 800w, https:\/\/www.qianyipack.com\/wp-content\/uploads\/19mm-steel-strapping-5-300x200.jpg 300w, https:\/\/www.qianyipack.com\/wp-content\/uploads\/19mm-steel-strapping-5-768x511.jpg 768w, https:\/\/www.qianyipack.com\/wp-content\/uploads\/19mm-steel-strapping-5-18x12.jpg 18w\" sizes=\"(max-width: 960px) 100vw, 960px\" \/><figcaption id=\"caption-attachment-2325\" class=\"wp-caption-text\">Feuillard acier 19mm (5)<\/figcaption><\/figure>\n<h3>sp\u00e9cification<\/h3>\n<figure id=\"attachment_2327\" aria-describedby=\"caption-attachment-2327\" style=\"width: 906px\" class=\"wp-caption alignnone\"><img decoding=\"async\" class=\"size-full wp-image-2327\" src=\"https:\/\/www.qianyipack.com\/wp-content\/uploads\/steel-strapping-specification.jpg\" alt=\"steel strapping specification\" width=\"906\" height=\"431\" srcset=\"https:\/\/www.qianyipack.com\/wp-content\/uploads\/steel-strapping-specification.jpg 906w, https:\/\/www.qianyipack.com\/wp-content\/uploads\/steel-strapping-specification-800x381.jpg 800w, https:\/\/www.qianyipack.com\/wp-content\/uploads\/steel-strapping-specification-300x143.jpg 300w, https:\/\/www.qianyipack.com\/wp-content\/uploads\/steel-strapping-specification-768x365.jpg 768w, https:\/\/www.qianyipack.com\/wp-content\/uploads\/steel-strapping-specification-18x9.jpg 18w\" sizes=\"(max-width: 906px) 100vw, 906px\" \/><figcaption id=\"caption-attachment-2327\" class=\"wp-caption-text\">sp\u00e9cification de cerclage en acier<\/figcaption><\/figure>\n<h3>Caract\u00e9ristique<\/h3>\n<p>La surface de la <a href=\"https:\/\/www.qianyipack.com\/en\/product-tag\/steel-strapping\" target=\"_blank\" rel=\"noopener\">bracelet en acier<\/a> est oxyd\u00e9e pour \u00e9viter la rouille et la corrosion, et r\u00e9sister \u00e0 la chaleur et au froid. La surface du cerclage m\u00e9tallique est lubrifi\u00e9e pour r\u00e9duire la r\u00e9sistance au frottement entre le cerclage m\u00e9tallique et l'objet emball\u00e9, de sorte que l'emballage est plus ferme. Le bord du cerclage m\u00e9tallique est lisse et ne pr\u00e9sente pas d'ar\u00eates ni de coins, afin d'\u00e9viter de rayer la main et l'objet emball\u00e9.<\/p>\n<figure id=\"attachment_2326\" aria-describedby=\"caption-attachment-2326\" style=\"width: 960px\" class=\"wp-caption alignnone\"><img decoding=\"async\" class=\"size-full wp-image-2326\" src=\"https:\/\/www.qianyipack.com\/wp-content\/uploads\/steel-strapping-application-1.jpg\" alt=\"steel strapping application\" width=\"960\" height=\"540\" srcset=\"https:\/\/www.qianyipack.com\/wp-content\/uploads\/steel-strapping-application-1.jpg 960w, https:\/\/www.qianyipack.com\/wp-content\/uploads\/steel-strapping-application-1-800x450.jpg 800w, https:\/\/www.qianyipack.com\/wp-content\/uploads\/steel-strapping-application-1-300x169.jpg 300w, https:\/\/www.qianyipack.com\/wp-content\/uploads\/steel-strapping-application-1-768x432.jpg 768w, https:\/\/www.qianyipack.com\/wp-content\/uploads\/steel-strapping-application-1-18x10.jpg 18w\" sizes=\"(max-width: 960px) 100vw, 960px\" \/><figcaption id=\"caption-attachment-2326\" class=\"wp-caption-text\">application de cerclage en acier<\/figcaption><\/figure>","protected":false},"excerpt":{"rendered":"<div id=\"outer-wrap\" class=\"site clr\">\n<div id=\"wrap\" class=\"clr\">\n<div id=\"outer-wrap\" class=\"site clr\">\n<div id=\"wrap\" class=\"clr\">\n<p>Le cerclage en acier a une bonne r\u00e9sistance, une forte r\u00e9sistance chimique, un poids l\u00e9ger et une douceur. Il est principalement utilis\u00e9 pour l'emballage de fret \u00e0 grande \u00e9chelle dans l'acier, le bois, le papier, les fibres chimiques et d'autres industries. Le cerclage en acier peut \u00eatre connect\u00e9 par une boucle m\u00e9tallique sp\u00e9ciale ou une connexion sans boucle sans boucle d'emballage.<\/p>\n<\/div>\n<\/div>\n<\/div>\n<\/div>","protected":false},"featured_media":2321,"template":"","meta":{"ocean_post_layout":"","ocean_both_sidebars_style":"","ocean_both_sidebars_content_width":0,"ocean_both_sidebars_sidebars_width":0,"ocean_sidebar":"0","ocean_second_sidebar":"0","ocean_disable_margins":"enable","ocean_add_body_class":"","ocean_shortcode_before_top_bar":"","ocean_shortcode_after_top_bar":"","ocean_shortcode_before_header":"","ocean_shortcode_after_header":"","ocean_has_shortcode":"","ocean_shortcode_after_title":"","ocean_shortcode_before_footer_widgets":"","ocean_shortcode_after_footer_widgets":"","ocean_shortcode_before_footer_bottom":"","ocean_shortcode_after_footer_bottom":"","ocean_display_top_bar":"default","ocean_display_header":"default","ocean_header_style":"","ocean_center_header_left_menu":"0","ocean_custom_header_template":"0","ocean_custom_logo":0,"ocean_custom_retina_logo":0,"ocean_custom_logo_max_width":0,"ocean_custom_logo_tablet_max_width":0,"ocean_custom_logo_mobile_max_width":0,"ocean_custom_logo_max_height":0,"ocean_custom_logo_tablet_max_height":0,"ocean_custom_logo_mobile_max_height":0,"ocean_header_custom_menu":"0","ocean_menu_typo_font_family":"0","ocean_menu_typo_font_subset":"","ocean_menu_typo_font_size":0,"ocean_menu_typo_font_size_tablet":0,"ocean_menu_typo_font_size_mobile":0,"ocean_menu_typo_font_size_unit":"px","ocean_menu_typo_font_weight":"","ocean_menu_typo_font_weight_tablet":"","ocean_menu_typo_font_weight_mobile":"","ocean_menu_typo_transform":"","ocean_menu_typo_transform_tablet":"","ocean_menu_typo_transform_mobile":"","ocean_menu_typo_line_height":0,"ocean_menu_typo_line_height_tablet":0,"ocean_menu_typo_line_height_mobile":0,"ocean_menu_typo_line_height_unit":"","ocean_menu_typo_spacing":0,"ocean_menu_typo_spacing_tablet":0,"ocean_menu_typo_spacing_mobile":0,"ocean_menu_typo_spacing_unit":"","ocean_menu_link_color":"","ocean_menu_link_color_hover":"","ocean_menu_link_color_active":"","ocean_menu_link_background":"","ocean_menu_link_hover_background":"","ocean_menu_link_active_background":"","ocean_menu_social_links_bg":"","ocean_menu_social_hover_links_bg":"","ocean_menu_social_links_color":"","ocean_menu_social_hover_links_color":"","ocean_disable_title":"default","ocean_disable_heading":"default","ocean_post_title":"","ocean_post_subheading":"","ocean_post_title_style":"","ocean_post_title_background_color":"","ocean_post_title_background":0,"ocean_post_title_bg_image_position":"","ocean_post_title_bg_image_attachment":"","ocean_post_title_bg_image_repeat":"","ocean_post_title_bg_image_size":"","ocean_post_title_height":0,"ocean_post_title_bg_overlay":0.5,"ocean_post_title_bg_overlay_color":"","ocean_disable_breadcrumbs":"default","ocean_breadcrumbs_color":"","ocean_breadcrumbs_separator_color":"","ocean_breadcrumbs_links_color":"","ocean_breadcrumbs_links_hover_color":"","ocean_display_footer_widgets":"default","ocean_display_footer_bottom":"default","ocean_custom_footer_template":"0","osh_disable_topbar_sticky":"default","osh_disable_header_sticky":"default","osh_sticky_header_style":"default","osh_sticky_header_effect":"","osh_custom_sticky_logo":0,"osh_custom_retina_sticky_logo":0,"osh_custom_sticky_logo_height":0,"osh_background_color":"","osh_links_color":"","osh_links_hover_color":"","osh_links_active_color":"","osh_links_bg_color":"","osh_links_hover_bg_color":"","osh_links_active_bg_color":"","osh_menu_social_links_color":"","osh_menu_social_hover_links_color":""},"product_brand":[],"product_cat":[47],"product_tag":[134,133,132],"class_list":{"0":"post-2320","1":"product","2":"type-product","3":"status-publish","4":"has-post-thumbnail","6":"product_cat-packaging-accessories","7":"product_tag-heavy-duty-steel-strapping","8":"product_tag-steel-banding-strap","9":"product_tag-steel-strapping","11":"entry","12":"has-media","14":"first","15":"instock","16":"shipping-taxable","17":"product-type-external","18":"col","19":"span_1_of_3","20":"owp-content-center","21":"owp-thumbs-layout-horizontal","22":"owp-btn-very-big","23":"owp-tabs-layout-horizontal"},"_links":{"self":[{"href":"https:\/\/www.qianyipack.com\/fr\/wp-json\/wp\/v2\/product\/2320","targetHints":{"allow":["GET"]}}],"collection":[{"href":"https:\/\/www.qianyipack.com\/fr\/wp-json\/wp\/v2\/product"}],"about":[{"href":"https:\/\/www.qianyipack.com\/fr\/wp-json\/wp\/v2\/types\/product"}],"wp:featuredmedia":[{"embeddable":true,"href":"https:\/\/www.qianyipack.com\/fr\/wp-json\/wp\/v2\/media\/2321"}],"wp:attachment":[{"href":"https:\/\/www.qianyipack.com\/fr\/wp-json\/wp\/v2\/media?parent=2320"}],"wp:term":[{"taxonomy":"product_brand","embeddable":true,"href":"https:\/\/www.qianyipack.com\/fr\/wp-json\/wp\/v2\/product_brand?post=2320"},{"taxonomy":"product_cat","embeddable":true,"href":"https:\/\/www.qianyipack.com\/fr\/wp-json\/wp\/v2\/product_cat?post=2320"},{"taxonomy":"product_tag","embeddable":true,"href":"https:\/\/www.qianyipack.com\/fr\/wp-json\/wp\/v2\/product_tag?post=2320"}],"curies":[{"name":"wp","href":"https:\/\/api.w.org\/{rel}","templated":true}]}}